{"id":1160,"date":"2026-03-25T07:33:37","date_gmt":"2026-03-25T07:33:37","guid":{"rendered":"https:\/\/www.packtests.com\/?post_type=product&#038;p=1160"},"modified":"2026-03-26T05:21:25","modified_gmt":"2026-03-26T05:21:25","slug":"gross-leak-bubble-tester","status":"publish","type":"product","link":"https:\/\/www.packtests.com\/cs\/product\/gross-leak-bubble-tester\/","title":{"rendered":"GLT-01 Hrub\u00fd bublinkov\u00fd tester net\u011bsnost\u00ed"},"content":{"rendered":"<p>V obalov\u00e9m pr\u016fmyslu je zaji\u0161t\u011bn\u00ed neporu\u0161enosti obalov\u00e9ho materi\u00e1lu z\u00e1sadn\u00ed pro ochranu v\u00fdrobk\u016f b\u011bhem p\u0159epravy a skladov\u00e1n\u00ed. Na str\u00e1nk\u00e1ch <strong>hrub\u00fd bublinkov\u00fd tester net\u011bsnost\u00ed<\/strong> je z\u00e1kladn\u00edm n\u00e1strojem, kter\u00fd se pou\u017e\u00edv\u00e1 k identifikaci v\u00fdznamn\u00fdch net\u011bsnost\u00ed v obalech a zaji\u0161\u0165uje vzduchot\u011bsnost pot\u0159ebnou k ochran\u011b obsahu, jako jsou potraviny, l\u00e9\u010diva a zdravotnick\u00e9 prost\u0159edky. Tento \u010dl\u00e1nek p\u0159in\u00e1\u0161\u00ed podrobn\u00fd pohled na. <strong>hrub\u00fd bublinkov\u00fd tester net\u011bsnost\u00ed<\/strong>, jeho \u00faloha v <strong>hrub\u00e1 detekce \u00fanik\u016f<\/strong>, a jeho aplikace v <strong>testov\u00e1n\u00ed bal\u00ed\u010dk\u016f<\/strong>. Probereme tak\u00e9 p\u0159\u00edslu\u0161n\u00e9 normy, jako jsou <strong>ASTM F2096<\/strong> kter\u00e9 pom\u00e1haj\u00ed p\u0159i hodnocen\u00ed \u00fa\u010dinnosti obalov\u00fdch materi\u00e1l\u016f.<\/p>\n\n\n\n<h2 class=\"wp-block-heading\"><strong>Co je hrub\u00fd bublinkov\u00fd tester net\u011bsnost\u00ed?<\/strong><\/h2>\n\n\n\n<p>A <strong>hrub\u00fd bublinkov\u00fd tester net\u011bsnost\u00ed<\/strong> je za\u0159\u00edzen\u00ed, kter\u00e9 se pou\u017e\u00edv\u00e1 ke zji\u0161\u0165ov\u00e1n\u00ed velk\u00fdch net\u011bsnost\u00ed v obalech, obvykle p\u016fsoben\u00edm vnit\u0159n\u00edho tlaku a pozorov\u00e1n\u00edm tvorby bublin. Tato metoda spo\u010d\u00edv\u00e1 v pono\u0159en\u00ed obalu do roztoku, do kter\u00e9ho je pod tlakem vpu\u0161t\u011bn vzduch. Pokud je obal poru\u0161en, dojde k \u00faniku vzduchu a vzniku viditeln\u00fdch bublin, kter\u00e9 indikuj\u00ed m\u00edsta poruchy.<\/p>\n\n\n\n<p>Tato zku\u0161ebn\u00ed metoda je \u00fa\u010dinn\u00e1 p\u0159i zji\u0161\u0165ov\u00e1n\u00ed net\u011bsnost\u00ed v obou p\u0159\u00edpadech. <strong>tuh\u00e9 a pru\u017en\u00e9 obaly<\/strong>, \u010d\u00edm\u017e se zajist\u00ed, \u017ee kontejnery pod tlakem zachovaj\u00ed svou celistvost. Je \u0161iroce pou\u017e\u00edv\u00e1n v pr\u016fmyslov\u00fdch odv\u011btv\u00edch, jako jsou farmaceutick\u00fd, potravin\u00e1\u0159sk\u00fd a l\u00e9ka\u0159sk\u00fd pr\u016fmysl, kde jsou vzduchot\u011bsn\u00e9 uz\u00e1v\u011bry rozhoduj\u00edc\u00ed pro zaji\u0161t\u011bn\u00ed bezpe\u010dnosti a kvality v\u00fdrobk\u016f.<\/p>\n\n\n\n<h2 class=\"wp-block-heading\"><strong>Porozum\u011bn\u00ed zkou\u0161ce t\u011bsnosti pono\u0159en\u00edm do bubliny<\/strong><\/h2>\n\n\n\n<p>Na str\u00e1nk\u00e1ch <strong>bublinkov\u00fd ponorn\u00fd test t\u011bsnosti<\/strong> je b\u011b\u017enou metodou pou\u017e\u00edvanou ke zji\u0161t\u011bn\u00ed hrub\u00fdch net\u011bsnost\u00ed obal\u016f. P\u0159i t\u00e9to zkou\u0161ce se obal pono\u0159\u00ed do vody nebo jin\u00e9ho vhodn\u00e9ho roztoku a tlakem se vytvo\u0159\u00ed vnit\u0159n\u00ed tlak v obalu. Pokud m\u00e1 obal n\u011bjak\u00e9 net\u011bsnosti, unik\u00e1 t\u011bmito vadami vzduch a vytv\u00e1\u0159\u00ed bubliny, kter\u00e9 lze snadno pozorovat. Bublinky indikuj\u00ed p\u0159\u00edtomnost m\u00edsta poruchy, jako je d\u00edrka, trhlina nebo nespr\u00e1vn\u00e9 ut\u011bsn\u011bn\u00ed.<\/p>\n\n\n\n<p>Tato zku\u0161ebn\u00ed metoda je up\u0159ednost\u0148ov\u00e1na, proto\u017ee je velmi citliv\u00e1 na net\u011bsnosti o velikosti a\u017e 250 mikron\u016f v z\u00e1vislosti na pou\u017eit\u00e9m tlaku. Na adrese <strong>bublinkov\u00fd ponorn\u00fd test t\u011bsnosti<\/strong> je spolehliv\u00fd zp\u016fsob, jak zkontrolovat celkovou kvalitu a bezpe\u010dnost obalov\u00fdch materi\u00e1l\u016f p\u0159ed jejich pou\u017eit\u00edm pro citliv\u00e9 v\u00fdrobky.<\/p>\n\n\n\n<h2 class=\"wp-block-heading\"><strong>ASTM F2096: Standardn\u00ed zku\u0161ebn\u00ed metoda pro zji\u0161\u0165ov\u00e1n\u00ed hrub\u00fdch \u00fanik\u016f<\/strong><\/h2>\n\n\n\n<p><strong>ASTM F2096<\/strong> je standardn\u00ed zku\u0161ebn\u00ed metoda pro detekci <strong>hrub\u00e9 \u00faniky<\/strong> v obalech pomoc\u00ed zkou\u0161ky vnit\u0159n\u00edho tlaku v bublin\u00e1ch. Tato norma popisuje postup pro identifikaci velk\u00fdch net\u011bsnost\u00ed v pevn\u00fdch a pru\u017en\u00fdch obalov\u00fdch materi\u00e1lech. Zkou\u0161ka se prov\u00e1d\u00ed p\u016fsoben\u00edm p\u0159edem stanoven\u00e9ho tlaku na obal, kter\u00fd je pono\u0159en do vody. Pokud jsou p\u0159\u00edtomny n\u011bjak\u00e9 net\u011bsnosti, pozoruje se nep\u0159etr\u017eit\u00fd proud bublin.<\/p>\n\n\n\n<p>Na str\u00e1nk\u00e1ch <strong>ASTM F2096<\/strong> Norma rovn\u011b\u017e definuje citlivost testu, kter\u00fd s pravd\u011bpodobnost\u00ed 81% dok\u00e1\u017ee odhalit net\u011bsnosti o velikosti a\u017e 250 mikron\u016f. To z n\u011bj \u010din\u00ed z\u00e1kladn\u00ed n\u00e1stroj pro zaji\u0161t\u011bn\u00ed integrity obal\u016f, zejm\u00e9na v pr\u016fmyslov\u00fdch odv\u011btv\u00edch, kde je d\u016fle\u017eit\u00e9 udr\u017eovat steriln\u00ed prost\u0159ed\u00ed nebo prost\u0159ed\u00ed bez kontaminace.<\/p>\n\n\n\n<h2 class=\"wp-block-heading\"><strong>\u00daloha testeru hrub\u00e9 net\u011bsnosti p\u0159i testov\u00e1n\u00ed obal\u016f<\/strong><\/h2>\n\n\n\n<p>Pou\u017eit\u00ed <strong>hrub\u00fd tester t\u011bsnosti pro testov\u00e1n\u00ed obal\u016f<\/strong> je nezbytn\u00e9 zajistit, aby obalov\u00e9 materi\u00e1ly odolaly n\u00e1ro\u010dn\u00fdm podm\u00ednk\u00e1m p\u0159epravy a skladov\u00e1n\u00ed. Tato metoda pom\u00e1h\u00e1 identifikovat slab\u00e1 m\u00edsta obalu, jako jsou nap\u0159.:<\/p>\n\n\n\n<ul class=\"wp-block-list\">\n<li><strong>D\u00edry po d\u00edrk\u00e1ch<\/strong><\/li>\n\n\n\n<li><strong>Trhliny<\/strong><\/li>\n\n\n\n<li><strong>Nespr\u00e1vn\u00e9 t\u011bsn\u011bn\u00ed<\/strong><\/li>\n<\/ul>\n\n\n\n<p>Pomoc\u00ed <strong>hrub\u00fd bublinkov\u00fd tester net\u011bsnost\u00ed<\/strong>, mohou v\u00fdrobci tyto probl\u00e9my v\u010das odhalit a p\u0159edej\u00edt tak n\u00e1kladn\u00fdm poruch\u00e1m, sta\u017een\u00ed v\u00fdrobk\u016f z trhu nebo jejich po\u0161kozen\u00ed. Schopnost odhalit tyto net\u011bsnosti je\u0161t\u011b p\u0159ed odesl\u00e1n\u00edm obalu zaji\u0161\u0165uje, \u017ee v\u00fdrobky jsou bezpe\u010dn\u00e9 a spl\u0148uj\u00ed z\u00e1konn\u00e9 normy.<\/p>\n\n\n\n<h2 class=\"wp-block-heading\"><strong>V\u00fdhody pou\u017e\u00edv\u00e1n\u00ed hrub\u00e9ho testeru t\u011bsnosti<\/strong><\/h2>\n\n\n\n<ol class=\"wp-block-list\">\n<li><strong>P\u0159esn\u00e1 detekce \u00faniku<\/strong>: Na <strong>hrub\u00fd bublinkov\u00fd tester net\u011bsnost\u00ed<\/strong> zaji\u0161\u0165uje identifikaci i t\u011bch nejmen\u0161\u00edch net\u011bsnost\u00ed, co\u017e p\u0159isp\u00edv\u00e1 ke zlep\u0161en\u00ed celkov\u00e9 kvality balen\u00ed.<\/li>\n\n\n\n<li><strong>N\u00e1kladov\u00e1 efektivita<\/strong>: V\u010dasn\u00fdm odhalen\u00edm z\u00e1vad na obalech se v\u00fdrobci mohou vyhnout n\u00e1klad\u016fm na vr\u00e1cen\u00ed zbo\u017e\u00ed, po\u0161kozen\u00e9mu zbo\u017e\u00ed a sankc\u00edm ze strany regula\u010dn\u00edch org\u00e1n\u016f.<\/li>\n\n\n\n<li><strong>Vylep\u0161en\u00fd v\u00fdkon balen\u00ed<\/strong>: Pravideln\u00e9 testov\u00e1n\u00ed zaji\u0161\u0165uje, \u017ee obalov\u00e9 materi\u00e1ly si pod tlakem zachovaj\u00ed svou integritu, a sni\u017euje tak riziko \u00faniku b\u011bhem p\u0159epravy.<\/li>\n\n\n\n<li><strong>Soulad s normami<\/strong>: Dodr\u017eov\u00e1n\u00ed <strong>ASTM F2096<\/strong> a podobn\u00fdch norem zaji\u0161\u0165uje soulad s pr\u016fmyslov\u00fdmi p\u0159edpisy a zvy\u0161uje bezpe\u010dnost balen\u00e9ho v\u00fdrobku.<\/li>\n<\/ol>\n\n\n\n<p><\/p>\n\n\n\n<p>Pro podniky, kter\u00e9 cht\u011bj\u00ed zlep\u0161it kvalitu obal\u016f, je investice do <strong>hrub\u00fd tester t\u011bsnosti pro testov\u00e1n\u00ed obal\u016f<\/strong> je chytr\u00e9 rozhodnut\u00ed. Pom\u00e1h\u00e1 nejen zajistit bezpe\u010dnost balen\u00ed, ale tak\u00e9 p\u0159isp\u00edv\u00e1 k dodr\u017eov\u00e1n\u00ed p\u0159edpis\u016f a k \u00faspo\u0159e n\u00e1klad\u016f. Ve spole\u010dnosti Cell Instruments nab\u00edz\u00edme vysoce kvalitn\u00ed <strong>hrub\u00e9 testery t\u011bsnosti<\/strong> navr\u017een\u00e9 tak, aby spl\u0148ovaly p\u0159\u00edsn\u00e9 po\u017eadavky na testov\u00e1n\u00ed obal\u016f.<\/p>\n\n\n\n<p><\/p>","protected":false},"excerpt":{"rendered":"<p>In packaging industries, ensuring the integrity of the packaging material is crucial for product protection during transit and storage. The gross leak bubble tester is an essential tool used to identify significant leaks in packaging, ensuring the airtightness required to protect contents like food, pharmaceuticals, and medical devices. This article provides an in-depth look into [&hellip;]<\/p>","protected":false},"featured_media":1161,"parent":0,"template":"","meta":{"_acf_changed":true},"product-category":[60],"class_list":["post-1160","product","type-product","status-publish","has-post-thumbnail","hentry","product-category-pressurization"],"acf":[],"_links":{"self":[{"href":"https:\/\/www.packtests.com\/cs\/wp-json\/wp\/v2\/product\/1160","targetHints":{"allow":["GET"]}}],"collection":[{"href":"https:\/\/www.packtests.com\/cs\/wp-json\/wp\/v2\/product"}],"about":[{"href":"https:\/\/www.packtests.com\/cs\/wp-json\/wp\/v2\/types\/product"}],"wp:featuredmedia":[{"embeddable":true,"href":"https:\/\/www.packtests.com\/cs\/wp-json\/wp\/v2\/media\/1161"}],"wp:attachment":[{"href":"https:\/\/www.packtests.com\/cs\/wp-json\/wp\/v2\/media?parent=1160"}],"wp:term":[{"taxonomy":"product-category","embeddable":true,"href":"https:\/\/www.packtests.com\/cs\/wp-json\/wp\/v2\/product-category?post=1160"}],"curies":[{"name":"wp","href":"https:\/\/api.w.org\/{rel}","templated":true}]}}