{"id":1138,"date":"2026-03-20T07:37:21","date_gmt":"2026-03-20T07:37:21","guid":{"rendered":"https:\/\/www.packtests.com\/?post_type=product&#038;p=1138"},"modified":"2026-03-26T05:10:23","modified_gmt":"2026-03-26T05:10:23","slug":"plastic-tensile-strength-tester","status":"publish","type":"product","link":"https:\/\/www.packtests.com\/da\/product\/plastic-tensile-strength-tester\/","title":{"rendered":"TST-01 Tr\u00e6kstyrketester til plast"},"content":{"rendered":"<p><br>A <strong>Tr\u00e6kstyrketester til plast<\/strong> er afg\u00f8rende for at evaluere plastens mekaniske egenskaber, is\u00e6r deres evne til at modst\u00e5 tr\u00e6kkr\u00e6fter. Tr\u00e6kpr\u00f8vning giver v\u00e6rdifulde data om plastmaterialers styrke, forl\u00e6ngelse og elasticitetsmodul, hvilket sikrer deres egnethed til forskellige industrielle anvendelser. I denne artikel vil vi udforske betydningen af tr\u00e6kpr\u00f8vning. <strong>Tr\u00e6kstyrketester til plast<\/strong>, med fokus p\u00e5 <strong>ASTM D882<\/strong>, <strong>ISO 527<\/strong>, og <strong>Forl\u00e6ngelse tr\u00e6ktest<\/strong> for at bestemme materialets ydeevne under stress.<\/p>\n\n\n\n<h2 class=\"wp-block-heading\">Rollen som tr\u00e6kstyrketester til plast<\/h2>\n\n\n\n<p>Den <strong>Tr\u00e6kstyrketester til plast<\/strong> m\u00e5ler, hvordan plastmaterialer opf\u00f8rer sig under tr\u00e6k, hvilket giver vigtige oplysninger til valg af materialer til specifikke anvendelser. Ved at p\u00e5f\u00f8re en kontrolleret kraft p\u00e5 en plastpr\u00f8ve evaluerer testeren dens tr\u00e6kstyrke, forl\u00e6ngelse og elasticitetsmodul. Disse parametre er afg\u00f8rende for at bestemme materialets evne til at modst\u00e5 stress uden at g\u00e5 i stykker, hvilket er s\u00e6rligt vigtigt for materialer, der bruges i emballage, bilindustrien og andre industrier, hvor holdbarhed er afg\u00f8rende.<\/p>\n\n\n\n<h2 class=\"wp-block-heading\">Forst\u00e5else af ASTM D882 for tr\u00e6kstyrkeegenskaber for tynde plastfolier<\/h2>\n\n\n\n<p><strong>ASTM D882<\/strong> er en standardtestmetode, der bruges til at evaluere tr\u00e6kegenskaberne for tynde plastfolier. Denne metode indeb\u00e6rer m\u00e5ling af kraft og forl\u00e6ngelse under testning af plastpr\u00f8ver under tr\u00e6k. Resultaterne fra <strong>ASTM D882<\/strong> hj\u00e6lper producenter med at bestemme egenskaber som tr\u00e6kstyrke, brudforl\u00e6ngelse og elasticitetsmodul. Disse egenskaber er afg\u00f8rende for karakterisering og specifikation af materialer, der bruges i forskellige produkter.<\/p>\n\n\n\n<ul class=\"wp-block-list\">\n<li><strong>Tr\u00e6kstyrke<\/strong>: Angiver, hvor stor kraft materialet kan modst\u00e5, f\u00f8r det g\u00e5r i stykker.<\/li>\n\n\n\n<li><strong>Forl\u00e6ngelse<\/strong>: M\u00e5ler, hvor meget materialet kan str\u00e6kke sig, f\u00f8r det n\u00e5r sit bristepunkt.<\/li>\n\n\n\n<li><strong>Elasticitetsmodul<\/strong>: Giver indsigt i materialets stivhed.<\/li>\n<\/ul>\n\n\n\n<p><strong>ASTM D882<\/strong> bruges i vid udstr\u00e6kning i industrier, hvor tynde plastfilm er afg\u00f8rende, f.eks. i emballagematerialer, fleksibel elektronik og andre anvendelser, hvor fleksibilitet og holdbarhed er afg\u00f8rende.<\/p>\n\n\n\n<h2 class=\"wp-block-heading\">ISO 527: Bestemmelse af tr\u00e6kstyrkeegenskaber for plast<\/h2>\n\n\n\n<p><strong>ISO 527<\/strong>, specifikt <strong>ISO 527-1:2019<\/strong>, er den internationale standard for bestemmelse af tr\u00e6kstyrkeegenskaber for plast. Denne standard definerer de generelle principper for test af tr\u00e6kopf\u00f8rsel af forskellige plastmaterialer, herunder termoplast, h\u00e6rdeplast og plastkompositter. Testen involverer p\u00e5f\u00f8ring af en tr\u00e6kstyrke p\u00e5 pr\u00f8ven og registrering af kraftforl\u00e6ngelseskurven, som derefter bruges til at beregne tr\u00e6kstyrke, brudforl\u00e6ngelse og andre tr\u00e6kegenskaber.<\/p>\n\n\n\n<p><strong>ISO 527<\/strong> kan anvendes til en lang r\u00e6kke plastmaterialer, herunder:<\/p>\n\n\n\n<ul class=\"wp-block-list\">\n<li><strong>Stiv og halvstiv termoplast<\/strong><\/li>\n\n\n\n<li><strong>Termoh\u00e6rdende plast<\/strong><\/li>\n\n\n\n<li><strong>Plastkompositter<\/strong><\/li>\n\n\n\n<li><strong>Fiberforst\u00e6rket plast<\/strong><\/li>\n<\/ul>\n\n\n\n<p>Standarden giver ogs\u00e5 vejledning i forberedelse af pr\u00f8ver og m\u00e5ling af resultater, hvilket sikrer ensartede og reproducerbare testbetingelser p\u00e5 tv\u00e6rs af forskellige materialer og testudstyr.<\/p>\n\n\n\n<h2 class=\"wp-block-heading\">Tr\u00e6kforl\u00e6ngelsestesten: M\u00e5ling af str\u00e6k f\u00f8r brud<\/h2>\n\n\n\n<p>Den <strong>Forl\u00e6ngelse tr\u00e6ktest<\/strong> er en vigtig del af tr\u00e6kpr\u00f8vning, is\u00e6r til evaluering af plastmaterialers duktilitet. Denne test m\u00e5ler, hvor meget et materiale str\u00e6kkes, f\u00f8r det g\u00e5r i stykker, hvilket er afg\u00f8rende for at bestemme dets fleksibilitet og evne til at absorbere stress. Materialer med h\u00f8jere forl\u00e6ngelse er typisk mere fleksible og kan modst\u00e5 st\u00f8rre deformation, f\u00f8r de g\u00e5r i stykker, hvilket g\u00f8r dem velegnede til anvendelser, hvor fleksibilitet er p\u00e5kr\u00e6vet.<\/p>\n\n\n\n<p>Forl\u00e6ngelse udtrykkes som en procentdel af materialets oprindelige l\u00e6ngde, og det giver v\u00e6rdifuld indsigt i materialets evne til at modst\u00e5 str\u00e6k uden at g\u00e5 i stykker. Plast, der bruges til f.eks. emballagefilm eller bilkomponenter, har gavn af en balance mellem <strong>Tr\u00e6kstyrke<\/strong> og <strong>Forl\u00e6ngelse<\/strong> for at sikre, at de bevarer deres integritet og samtidig er fleksible.<\/p>\n\n\n\n<h2 class=\"wp-block-heading\">Fordele ved plasttr\u00e6kstyrketesteren til materialeanalyse<\/h2>\n\n\n\n<p>Brug af en <strong>Tr\u00e6kstyrketester til plast<\/strong> giver flere fordele for producenter og materialeforskere:<\/p>\n\n\n\n<ol class=\"wp-block-list\">\n<li><strong>N\u00f8jagtighed og pr\u00e6cision<\/strong>: Testeren giver p\u00e5lidelige, gentagelige resultater, der giver mulighed for pr\u00e6cis m\u00e5ling af tr\u00e6kstyrke, forl\u00e6ngelse og elasticitetsmodul.<\/li>\n\n\n\n<li><strong>Sammenligning af materialer<\/strong>: Det g\u00f8r det muligt at sammenligne forskellige plastmaterialer under identiske testforhold, hvilket hj\u00e6lper producenterne med at v\u00e6lge det bedst egnede materiale til specifikke anvendelser.<\/li>\n\n\n\n<li><strong>Kvalitetskontrol<\/strong>: Ved at bruge en tr\u00e6ktester kan producenterne sikre, at deres plastprodukter opfylder de n\u00f8dvendige specifikationer for styrke, fleksibilitet og holdbarhed.<\/li>\n\n\n\n<li><strong>Overholdelse af standarder<\/strong>: Testeren sikrer, at resultaterne er i overensstemmelse med <strong>ASTM D882<\/strong> og <strong>ISO 527<\/strong> standarder og leverer data, der er anerkendt globalt i forskellige brancher.<\/li>\n<\/ol>\n\n\n\n<h2 class=\"wp-block-heading\">Hvorfor v\u00e6lge Cell Instruments\u2019 tr\u00e6ktestere?<\/h2>\n\n\n\n<p>Cell Instruments leverer state-of-the-art <strong>Tr\u00e6kpr\u00f8vemaskiner<\/strong> designet til pr\u00e6cis og effektiv tr\u00e6kpr\u00f8vning af plast. Vores <strong>Tr\u00e6kstyrketestere til plast<\/strong> er udstyret med avancerede funktioner, der sikrer h\u00f8j pr\u00e6cision og repeterbarhed, hvilket g\u00f8r dem ideelle til laboratorier, forskning og udvikling samt kvalitetskontrol.<\/p>\n\n\n\n<ul class=\"wp-block-list\">\n<li><strong>H\u00f8j pr\u00e6cision<\/strong>: Vores testere giver pr\u00e6cise m\u00e5linger af kraft, forl\u00e6ngelse og tr\u00e6kstyrke.<\/li>\n\n\n\n<li><strong>Alsidighed<\/strong>: Velegnet til test af en lang r\u00e6kke materialer, herunder plast, kompositter og elastomerer.<\/li>\n\n\n\n<li><strong>Overholdelse af standarder<\/strong>: Vores testere opfylder globale standarder som f.eks. <strong>ASTM D882<\/strong> og <strong>ISO 527<\/strong>, Det sikrer, at dine testprocedurer er i overensstemmelse med branchens krav.<\/li>\n<\/ul>\n\n\n\n<h2 class=\"wp-block-heading\">Konklusion<\/h2>\n\n\n\n<p>Den <strong>Tr\u00e6kstyrketester til plast<\/strong> er et uundv\u00e6rligt v\u00e6rkt\u00f8j til evaluering af plastmaterialers mekaniske egenskaber. Ved at overholde <strong>ASTM D882<\/strong> og <strong>ISO 527<\/strong>, kan producenterne f\u00e5 n\u00f8jagtige og ensartede data om plastens tr\u00e6kstyrke, forl\u00e6ngelse og elasticitetsmodul. Disse egenskaber er afg\u00f8rende for at bestemme materialets ydeevne i forskellige anvendelser, fra emballagefilm til bilkomponenter.<\/p>\n\n\n\n<p>Cell Instruments leverer h\u00f8j kvalitet <strong>Tr\u00e6kpr\u00f8vemaskiner<\/strong> der hj\u00e6lper dig med at sikre holdbarheden og p\u00e5lideligheden af dine plastmaterialer. Uanset om du udvikler nye produkter eller sikrer kvalitetskontrol, leverer vores testere de data, du har brug for til at tr\u00e6ffe informerede beslutninger og opfylde industristandarder.<\/p>","protected":false},"excerpt":{"rendered":"<p>En tr\u00e6kstyrketester til plast er afg\u00f8rende for evalueringen af plastens mekaniske egenskaber, is\u00e6r deres evne til at modst\u00e5 tr\u00e6kstyrker. Tr\u00e6kpr\u00f8vning giver v\u00e6rdifulde data om plastmaterialers styrke, forl\u00e6ngelse og elasticitetsmodul, hvilket sikrer deres egnethed til forskellige industrielle anvendelser. I denne artikel vil vi udforske betydningen af plast [...]<\/p>","protected":false},"featured_media":1154,"parent":0,"template":"","meta":{"_acf_changed":true},"product-category":[56],"class_list":["post-1138","product","type-product","status-publish","has-post-thumbnail","hentry","product-category-plastic-tensile-strength-test"],"acf":[],"_links":{"self":[{"href":"https:\/\/www.packtests.com\/da\/wp-json\/wp\/v2\/product\/1138","targetHints":{"allow":["GET"]}}],"collection":[{"href":"https:\/\/www.packtests.com\/da\/wp-json\/wp\/v2\/product"}],"about":[{"href":"https:\/\/www.packtests.com\/da\/wp-json\/wp\/v2\/types\/product"}],"wp:featuredmedia":[{"embeddable":true,"href":"https:\/\/www.packtests.com\/da\/wp-json\/wp\/v2\/media\/1154"}],"wp:attachment":[{"href":"https:\/\/www.packtests.com\/da\/wp-json\/wp\/v2\/media?parent=1138"}],"wp:term":[{"taxonomy":"product-category","embeddable":true,"href":"https:\/\/www.packtests.com\/da\/wp-json\/wp\/v2\/product-category?post=1138"}],"curies":[{"name":"wp","href":"https:\/\/api.w.org\/{rel}","templated":true}]}}