{"id":1143,"date":"2026-03-25T03:02:25","date_gmt":"2026-03-25T03:02:25","guid":{"rendered":"https:\/\/www.packtests.com\/?post_type=product&#038;p=1143"},"modified":"2026-03-26T05:17:07","modified_gmt":"2026-03-26T05:17:07","slug":"leak-tester-for-packaging","status":"publish","type":"product","link":"https:\/\/www.packtests.com\/da\/product\/leak-tester-for-packaging\/","title":{"rendered":"LT-l\u00e6ktester til emballage"},"content":{"rendered":"<p>At sikre emballagens integritet er afg\u00f8rende i forskellige brancher, is\u00e6r n\u00e5r det drejer sig om at opretholde produkternes sikkerhed og kvalitet. A <strong>l\u00e6kagetester til emballage<\/strong> er et vigtigt v\u00e6rkt\u00f8j, der bruges til at opdage l\u00e6kager i emballagebeholdere, s\u00e5som flasker, krukker og andre stive eller fleksible beholdere. Blandt de forskellige typer af l\u00e6kagetestmetoder er <strong>Vakuum-l\u00e6kagetester<\/strong> skiller sig ud som en p\u00e5lidelig og meget anvendt teknik. Denne artikel vil fokusere p\u00e5 <strong>Vakuum-l\u00e6kagetester<\/strong>, dens anvendelse i emballagetestning og de relevante <strong>ASTM-standarder<\/strong> som f.eks. <strong>ASTM D4991<\/strong> og <strong>ASTM D3078<\/strong>.<\/p>\n\n\n\n<h2 class=\"wp-block-heading\">Betydningen af l\u00e6kagetest i emballage<\/h2>\n\n\n\n<p>L\u00e6kagetest er en vigtig proces for kvalitetssikring af emballage. Den sikrer, at produkter, is\u00e6r dem, der er f\u00f8lsomme over for milj\u00f8faktorer som fugt eller luft, er forseglet korrekt under transport og opbevaring. Uanset om du har at g\u00f8re med l\u00e6gemidler, f\u00f8devareemballage eller farlige materialer, er en p\u00e5lidelig <strong>l\u00e6kagetester til emballage<\/strong> er afg\u00f8rende for at sikre, at din emballage lever op til de n\u00f8dvendige pr\u00e6stationsstandarder.<\/p>\n\n\n\n<p>Ut\u00e6theder i emballagen kan f\u00f8re til forurening, \u00f8del\u00e6ggelse eller endda farlige situationer, n\u00e5r man transporterer farlige materialer. Ved at bruge en <strong>Vakuum-l\u00e6kagetester<\/strong>, kan producenterne opdage selv de mindste l\u00e6kager og sikre produktets sikkerhed og integritet.<\/p>\n\n\n\n<h2 class=\"wp-block-heading\">Vakuum-l\u00e6kagetester: S\u00e5dan fungerer den<\/h2>\n\n\n\n<p>Den <strong>Vakuum-l\u00e6kagetester<\/strong> er et specifikt v\u00e6rkt\u00f8j, der er designet til at teste integriteten af stive beholdere. Processen indeb\u00e6rer, at beholderen uds\u00e6ttes for vakuum for at identificere l\u00e6kager ved at observere de luftbobler eller den v\u00e6ske, der slipper ud af emballagen. Denne metode er meget udbredt p\u00e5 grund af dens pr\u00e6cision og evne til at opdage sm\u00e5 defekter i emballagematerialer.<\/p>\n\n\n\n<p>En af de vigtigste fordele ved <strong>Vakuum-l\u00e6kagetester<\/strong> er dens evne til at teste beholdere uden at \u00e6ndre deres struktur eller lukninger. Testen udf\u00f8res under differenstryk, hvilket g\u00f8r den velegnet til emballage til luft- og v\u00e6sketransport. De mest anvendte standarder for l\u00e6kagetestning i vakuum er <strong>ASTM D4991<\/strong> og <strong>ASTM D3078<\/strong>.<\/p>\n\n\n\n<h2 class=\"wp-block-heading\">ASTM D4991: Standard testmetode til vakuumt\u00e6thedspr\u00f8vning af stive beholdere<\/h2>\n\n\n\n<p><strong>ASTM D4991<\/strong> beskriver standardtestmetoden for l\u00e6kagetestning af tomme, stive beholdere ved hj\u00e6lp af en vakuummetode. Denne standard er is\u00e6r nyttig til test af beholdere, der er beregnet til transport af farlige v\u00e6sker, som f.eks. dem, der er reguleret af <strong>FN's anbefalinger om transport af farligt gods (UN TDG)<\/strong> og den <strong>Organisationen for International Civil Luftfart (ICAO)<\/strong>.<\/p>\n\n\n\n<h3 class=\"wp-block-heading\">Vigtige aspekter af ASTM D4991:<\/h3>\n\n\n\n<ul class=\"wp-block-list\">\n<li><strong>Testprocedure<\/strong>: Beholderen neds\u00e6nkes i en ethylenglykol-vand-opl\u00f8sning, og der p\u00e5f\u00f8res et vakuum for at skabe et differenstryk p\u00e5 ca. <strong>95 kPa (13,8 psi)<\/strong>.<\/li>\n\n\n\n<li><strong>Opsporing af l\u00e6kager<\/strong>: Beholderen observeres for udsivende luftbobler under trykaflastning eller for v\u00e6ske inde i beholderen efter trykaflastning.<\/li>\n\n\n\n<li><strong>Testede containere<\/strong>: Stive beholdere, inklusive deres lukninger, der bruges til transport af farlige materialer eller v\u00e6sker, testes i henhold til denne metode.<\/li>\n<\/ul>\n\n\n\n<p>Denne standard hj\u00e6lper med at bestemme det punkt, hvor l\u00e6kagen begynder, hvilket giver vigtige oplysninger til forbedring af emballagedesigns for at forhindre l\u00e6kager.<\/p>\n\n\n\n<h2 class=\"wp-block-heading\">ASTM D3078: Standard testmetode til vakuumt\u00e6thedspr\u00f8vning af fleksible emballager<\/h2>\n\n\n\n<p><strong>ASTM D3078<\/strong> er standardtestmetoden til l\u00e6kagetestning af fleksible pakker i vakuum. I mods\u00e6tning til <strong>ASTM D4991<\/strong>, som fokuserer p\u00e5 stive beholdere, <strong>ASTM D3078<\/strong> g\u00e6lder for fleksibel emballage som f.eks. poser eller poser.<\/p>\n\n\n\n<h3 class=\"wp-block-heading\">Vigtige aspekter af ASTM D3078:<\/h3>\n\n\n\n<ul class=\"wp-block-list\">\n<li><strong>Test af vakuum<\/strong>: Pakken uds\u00e6ttes for vakuum for at simulere de forhold, som den kan opleve under transport eller opbevaring.<\/li>\n\n\n\n<li><strong>Opsporing af l\u00e6kager<\/strong>: Som med <strong>ASTM D4991<\/strong>, En eventuel l\u00e6kage opdages ved at observere luftbobler eller v\u00e6ske inde i pakken, n\u00e5r den er sat under tryk igen.<\/li>\n<\/ul>\n\n\n\n<p>Denne standard bruges ofte i industrier som f\u00f8devare- og medicinalindustrien, hvor emballagefleksibilitet og forebyggelse af l\u00e6kage er afg\u00f8rende for at opretholde produktkvaliteten.<\/p>\n\n\n\n<h2 class=\"wp-block-heading\">Fordele ved at bruge en l\u00e6kagetester til emballage<\/h2>\n\n\n\n<p>Brug af en <strong>l\u00e6kagetester til emballage<\/strong> giver mange fordele for producenterne:<\/p>\n\n\n\n<ol class=\"wp-block-list\">\n<li><strong>Forbedret produktintegritet<\/strong>: L\u00e6kagetest sikrer, at produkterne forbliver sikre under transport og opbevaring, s\u00e5 de ikke forurenes eller \u00f8del\u00e6gges.<\/li>\n\n\n\n<li><strong>Overholdelse af industristandarder<\/strong>: Ved at overholde standarder som <strong>ASTM D4991<\/strong> og <strong>ASTM D3078<\/strong>, sikrer producenterne, at deres emballage opfylder de n\u00f8dvendige sikkerheds- og kvalitetsstandarder for forskellige industrier.<\/li>\n\n\n\n<li><strong>Omkostningseffektiv<\/strong>: Opdagelse af l\u00e6kager tidligt i produktionsprocessen kan hj\u00e6lpe med at reducere spild og undg\u00e5 dyre tilbagekaldelser eller omarbejdning af produkter.<\/li>\n\n\n\n<li><strong>Forbedret kundetilfredshed<\/strong>: Korrekt l\u00e6kagetestning sikrer, at kunderne modtager produkter i optimal stand, hvilket f\u00f8rer til \u00f8get tillid og tilfredshed.<\/li>\n<\/ol>\n\n\n\n<h2 class=\"wp-block-heading\">Hvorfor v\u00e6lge Cell Instruments l\u00e6kagetestere?<\/h2>\n\n\n\n<p>P\u00e5 <strong>Cell Instruments<\/strong>, er vi specialiserede i at levere h\u00f8j kvalitet <strong>L\u00e6kagetestere til emballage<\/strong> der er designet til at opfylde de strenge krav i forskellige industrier. Vores <strong>Vakuum-l\u00e6kagetestere<\/strong> overholder ASTM-standarder, herunder <strong>ASTM D4991<\/strong> og <strong>ASTM D3078<\/strong>, Det sikrer, at din emballages integritet testes pr\u00e6cist og p\u00e5lideligt.<\/p>\n\n\n\n<p>Vores <strong>L\u00e6kagetestere<\/strong> er nemme at bruge, giver pr\u00e6cise resultater og er bygget til at h\u00e5ndtere en bred vifte af emballagetyper, fra stive beholdere til fleksible emballager. Uanset om du tester f\u00f8devareemballage, l\u00e6gemidler eller beholdere til farlige materialer, tilbyder vores instrumenter den holdbarhed og n\u00f8jagtighed, du har brug for til effektiv kvalitetskontrol.<\/p>\n\n\n\n<h2 class=\"wp-block-heading\">Konklusion: Sikring af emballagekvalitet med l\u00e6kagetestere<\/h2>\n\n\n\n<p>I emballageverdenen er det afg\u00f8rende for produktsikkerheden, kvaliteten og overholdelsen af branchens regler at sikre, at beholderne er intakte. Den <strong>l\u00e6kagetester til emballage<\/strong> spiller en afg\u00f8rende rolle i at identificere l\u00e6kager, der kan kompromittere et produkts integritet under transport eller opbevaring.<\/p>\n\n\n\n<p>Ved at bruge <strong>Vakuum-l\u00e6kagetestere<\/strong> og overholde standarder som <strong>ASTM D4991<\/strong> og <strong>ASTM D3078<\/strong>, kan producenterne sikre, at deres emballage opfylder de n\u00f8dvendige krav til l\u00e6kagesikkerhed. P\u00e5 <strong>Cell Instruments<\/strong>, Vi leverer p\u00e5lidelige l\u00e6kagetestl\u00f8sninger, der hj\u00e6lper dig med at opretholde de h\u00f8jeste standarder for kvalitet og sikkerhed i dine emballageprocesser.<\/p>\n\n\n\n<p>For mere information om vores <strong>L\u00e6kagetestere til emballage<\/strong>, Kontakt os i dag, og s\u00f8rg for, at dine produkter lever op til branchens bedste standarder.<\/p>\n\n\n\n<p><\/p>","protected":false},"excerpt":{"rendered":"<p>Ensuring the integrity of packaging is crucial in various industries, especially when it comes to maintaining the safety and quality of products. A leak tester for packaging is an essential tool used to detect leaks in packaging containers, such as bottles, jars, and other rigid or flexible containers. Among the different types of leak testing [&hellip;]<\/p>","protected":false},"featured_media":1148,"parent":0,"template":"","meta":{"_acf_changed":true},"product-category":[59],"class_list":["post-1143","product","type-product","status-publish","has-post-thumbnail","hentry","product-category-bubble-emission-test"],"acf":[],"_links":{"self":[{"href":"https:\/\/www.packtests.com\/da\/wp-json\/wp\/v2\/product\/1143","targetHints":{"allow":["GET"]}}],"collection":[{"href":"https:\/\/www.packtests.com\/da\/wp-json\/wp\/v2\/product"}],"about":[{"href":"https:\/\/www.packtests.com\/da\/wp-json\/wp\/v2\/types\/product"}],"wp:featuredmedia":[{"embeddable":true,"href":"https:\/\/www.packtests.com\/da\/wp-json\/wp\/v2\/media\/1148"}],"wp:attachment":[{"href":"https:\/\/www.packtests.com\/da\/wp-json\/wp\/v2\/media?parent=1143"}],"wp:term":[{"taxonomy":"product-category","embeddable":true,"href":"https:\/\/www.packtests.com\/da\/wp-json\/wp\/v2\/product-category?post=1143"}],"curies":[{"name":"wp","href":"https:\/\/api.w.org\/{rel}","templated":true}]}}