{"id":1160,"date":"2026-03-25T07:33:37","date_gmt":"2026-03-25T07:33:37","guid":{"rendered":"https:\/\/www.packtests.com\/?post_type=product&#038;p=1160"},"modified":"2026-03-26T05:21:25","modified_gmt":"2026-03-26T05:21:25","slug":"gross-leak-bubble-tester","status":"publish","type":"product","link":"https:\/\/www.packtests.com\/da\/product\/gross-leak-bubble-tester\/","title":{"rendered":"GLT-01 Bruttol\u00e6kage-bobletester"},"content":{"rendered":"<p>I emballageindustrien er det afg\u00f8rende at sikre emballagematerialets integritet for at beskytte produktet under transport og opbevaring. Den <strong>Bruttol\u00e6kage-bobletester<\/strong> er et vigtigt v\u00e6rkt\u00f8j, der bruges til at identificere v\u00e6sentlige l\u00e6kager i emballage og sikre den luftt\u00e6thed, der er n\u00f8dvendig for at beskytte indhold som f\u00f8devarer, l\u00e6gemidler og medicinsk udstyr. Denne artikel giver et dybdeg\u00e5ende indblik i <strong>Bruttol\u00e6kage-bobletester<\/strong>, dens rolle i <strong>grov l\u00e6kages\u00f8gning<\/strong>, og dens anvendelser i <strong>Test af pakker<\/strong>. Vi vil ogs\u00e5 diskutere relevante standarder som <strong>ASTM F2096<\/strong> der hj\u00e6lper med at evaluere effektiviteten af emballagematerialer.<\/p>\n\n\n\n<h2 class=\"wp-block-heading\"><strong>Hvad er en bruttol\u00e6kage-bobletester?<\/strong><\/h2>\n\n\n\n<p>A <strong>Bruttol\u00e6kage-bobletester<\/strong> er en anordning, der bruges til at opdage st\u00f8rre l\u00e6kager i emballage, typisk ved at p\u00e5f\u00f8re et indre tryk og observere dannelsen af bobler. Denne metode indeb\u00e6rer, at emballagen neds\u00e6nkes i en opl\u00f8sning, hvor der tilf\u00f8res luft under tryk. Hvis emballagen er beskadiget, vil den l\u00e6kke luft og producere synlige bobler, der indikerer omr\u00e5der med fejl.<\/p>\n\n\n\n<p>Denne testmetode er effektiv til at opdage l\u00e6kager i b\u00e5de <strong>Stiv og fleksibel emballage<\/strong>, Det sikrer, at beholdere bevarer deres integritet under tryk. Det bruges i vid udstr\u00e6kning i brancher som l\u00e6gemidler, f\u00f8devarer og medicinsk emballage, hvor luftt\u00e6tte forseglinger er afg\u00f8rende for at sikre produktsikkerhed og -kvalitet.<\/p>\n\n\n\n<h2 class=\"wp-block-heading\"><strong>Forst\u00e5else af l\u00e6kagetest ved neds\u00e6nkning i bobler<\/strong><\/h2>\n\n\n\n<p>Den <strong>l\u00e6kagetest ved neds\u00e6nkning i bobler<\/strong> er en almindelig metode til at opdage grove l\u00e6kager i emballage. Under denne test neds\u00e6nkes en emballage i vand eller en anden egnet opl\u00f8sning, og der s\u00e6ttes tryk p\u00e5 for at skabe et indre tryk i emballagen. Hvis der er ut\u00e6theder i emballagen, vil luft slippe ud gennem disse defekter og danne bobler, som er lette at se. Boblerne indikerer tilstedev\u00e6relsen af et fejlpunkt, f.eks. et n\u00e5lehul, en revne eller en forkert forsegling.<\/p>\n\n\n\n<p>Denne testmetode foretr\u00e6kkes, fordi den er meget f\u00f8lsom over for l\u00e6kager, der er s\u00e5 sm\u00e5 som 250 mikrometer, afh\u00e6ngigt af det anvendte tryk. Den <strong>l\u00e6kagetest ved neds\u00e6nkning i bobler<\/strong> er en p\u00e5lidelig m\u00e5de at kontrollere den overordnede kvalitet og sikkerhed af emballagematerialer, f\u00f8r de bruges til at indeholde f\u00f8lsomme produkter.<\/p>\n\n\n\n<h2 class=\"wp-block-heading\"><strong>ASTM F2096: Standard testmetode til detektering af bruttol\u00e6kager<\/strong><\/h2>\n\n\n\n<p><strong>ASTM F2096<\/strong> er standardtestmetoden til at opdage <strong>store l\u00e6kager<\/strong> i emballage ved hj\u00e6lp af den interne trykbobletest. Denne standard beskriver proceduren for identifikation af store l\u00e6kager i stive og fleksible emballagematerialer. Testen udf\u00f8res ved at p\u00e5f\u00f8re et forudbestemt tryk p\u00e5 emballagen, som neds\u00e6nkes i vand. Hvis der er l\u00e6kager, vil man se en kontinuerlig str\u00f8m af bobler.<\/p>\n\n\n\n<p>Den <strong>ASTM F2096<\/strong> Standarden definerer ogs\u00e5 testf\u00f8lsomheden, som kan opdage l\u00e6kager helt ned til 250 mikrometer med en 81%-sandsynlighed. Det g\u00f8r den til et vigtigt v\u00e6rkt\u00f8j til at sikre emballagens integritet, is\u00e6r i industrier, hvor det er afg\u00f8rende at opretholde sterile eller kontamineringsfrie milj\u00f8er.<\/p>\n\n\n\n<h2 class=\"wp-block-heading\"><strong>Bruttol\u00e6kagetesterens rolle i pakketestning<\/strong><\/h2>\n\n\n\n<p>Brug af en <strong>Bruttol\u00e6kagetester til test af emballage<\/strong> er afg\u00f8rende for at sikre, at emballagematerialerne er i stand til at modst\u00e5 strabadserne under transport og opbevaring. Denne metode hj\u00e6lper med at identificere svage punkter i emballagen, f.eks:<\/p>\n\n\n\n<ul class=\"wp-block-list\">\n<li><strong>N\u00e5lehuller<\/strong><\/li>\n\n\n\n<li><strong>Spr\u00e6kker<\/strong><\/li>\n\n\n\n<li><strong>Forkerte t\u00e6tninger<\/strong><\/li>\n<\/ul>\n\n\n\n<p>Ved at bruge <strong>Bruttol\u00e6kage-bobletester<\/strong>, Hvis producenterne opdager disse problemer tidligt, kan de forhindre dyre produktfejl, tilbagekaldelser eller skader. Evnen til at opdage disse l\u00e6kager, f\u00f8r emballagen sendes, sikrer, at produkterne er sikre og opfylder de lovm\u00e6ssige standarder.<\/p>\n\n\n\n<h2 class=\"wp-block-heading\"><strong>Fordele ved at bruge en bruttol\u00e6kagetester<\/strong><\/h2>\n\n\n\n<ol class=\"wp-block-list\">\n<li><strong>Pr\u00e6cis registrering af l\u00e6kager<\/strong>: Den <strong>Bruttol\u00e6kage-bobletester<\/strong> sikrer, at selv de mindste l\u00e6kager identificeres, hvilket er med til at forbedre den overordnede kvalitet af emballagen.<\/li>\n\n\n\n<li><strong>Omkostningseffektivitet<\/strong>: Ved at opdage emballagefejl tidligt kan producenterne undg\u00e5 omkostninger til returnering, beskadigede varer og lovm\u00e6ssige sanktioner.<\/li>\n\n\n\n<li><strong>Forbedret emballageydelse<\/strong>: Regelm\u00e6ssig testning sikrer, at emballagematerialerne bevarer deres integritet under tryk, hvilket reducerer risikoen for l\u00e6kager under transport.<\/li>\n\n\n\n<li><strong>Overholdelse af standarder<\/strong>: Overholdelse af <strong>ASTM F2096<\/strong> og lignende standarder sikrer overholdelse af branchens regler og forbedrer det emballerede produkts sikkerhed.<\/li>\n<\/ol>\n\n\n\n<p><\/p>\n\n\n\n<p>For virksomheder, der \u00f8nsker at forbedre emballagekvaliteten, er det en god id\u00e9 at investere i en <strong>Bruttol\u00e6kagetester til test af emballage<\/strong> er en smart beslutning. Det hj\u00e6lper ikke kun med at sikre emballagesikkerhed, men bidrager ogs\u00e5 til overholdelse af lovgivningen og omkostningsbesparelser. Hos Cell Instruments tilbyder vi h\u00f8jkvalitets <strong>Bruttol\u00e6kagetestere<\/strong> designet til at opfylde de strenge krav til emballagetest.<\/p>\n\n\n\n<p><\/p>","protected":false},"excerpt":{"rendered":"<p>In packaging industries, ensuring the integrity of the packaging material is crucial for product protection during transit and storage. The gross leak bubble tester is an essential tool used to identify significant leaks in packaging, ensuring the airtightness required to protect contents like food, pharmaceuticals, and medical devices. This article provides an in-depth look into [&hellip;]<\/p>","protected":false},"featured_media":1161,"parent":0,"template":"","meta":{"_acf_changed":true},"product-category":[60],"class_list":["post-1160","product","type-product","status-publish","has-post-thumbnail","hentry","product-category-pressurization"],"acf":[],"_links":{"self":[{"href":"https:\/\/www.packtests.com\/da\/wp-json\/wp\/v2\/product\/1160","targetHints":{"allow":["GET"]}}],"collection":[{"href":"https:\/\/www.packtests.com\/da\/wp-json\/wp\/v2\/product"}],"about":[{"href":"https:\/\/www.packtests.com\/da\/wp-json\/wp\/v2\/types\/product"}],"wp:featuredmedia":[{"embeddable":true,"href":"https:\/\/www.packtests.com\/da\/wp-json\/wp\/v2\/media\/1161"}],"wp:attachment":[{"href":"https:\/\/www.packtests.com\/da\/wp-json\/wp\/v2\/media?parent=1160"}],"wp:term":[{"taxonomy":"product-category","embeddable":true,"href":"https:\/\/www.packtests.com\/da\/wp-json\/wp\/v2\/product-category?post=1160"}],"curies":[{"name":"wp","href":"https:\/\/api.w.org\/{rel}","templated":true}]}}