{"id":1171,"date":"2026-03-26T02:24:39","date_gmt":"2026-03-26T02:24:39","guid":{"rendered":"https:\/\/www.packtests.com\/?post_type=product&#038;p=1171"},"modified":"2026-03-26T05:19:53","modified_gmt":"2026-03-26T05:19:53","slug":"pouch-burst-tester","status":"publish","type":"product","link":"https:\/\/www.packtests.com\/da\/product\/pouch-burst-tester\/","title":{"rendered":"LSST-01 Pouch Burst Tester"},"content":{"rendered":"<p>I emballageindustrien er det afg\u00f8rende at sikre en emballages integritet og styrke, is\u00e6r i brancher som f\u00f8devarer, l\u00e6gemidler og medicinsk udstyr. En af de mest p\u00e5lidelige metoder til at evaluere emballagens holdbarhed er <strong>Posespr\u00e6ngningstester<\/strong>. Denne enhed er designet til at teste fleksible pakkers spr\u00e6ngstyrke og sikre, at de kan modst\u00e5 det tryk, de kan blive udsat for under transport og opbevaring.<\/p>\n\n\n\n<p>Denne artikel vil udforske <strong>Posespr\u00e6ngningstester<\/strong>, dens betydning for kvalitetskontrol af emballage, og hvordan den overholder standarder som <strong>ASTM F1140<\/strong>. Derudover vil vi diskutere relevansen af <strong>ASTM F2054<\/strong>, <strong>Spr\u00e6ngpr\u00f8vning af pakker<\/strong>, og <strong>Test af trykfald<\/strong> til at bestemme pakkens ydeevne.<\/p>\n\n\n\n<h2 class=\"wp-block-heading\"><strong>Hvad er en Pouch Burst Tester?<\/strong><\/h2>\n\n\n\n<p>A <strong>Posespr\u00e6ngningstester<\/strong> er et apparat, der bruges til at bestemme spr\u00e6ngstyrken af fleksible pakker, herunder poser. Dette opn\u00e5s ved at s\u00e6tte emballagen under internt tryk, indtil den bryder sammen. Testeren er designet til at simulere virkelige forhold, som f.eks. tryk\u00e6ndringer under forsendelse eller sterilisering, for at evaluere pakkens evne til at modst\u00e5 brud.<\/p>\n\n\n\n<p>Testeren fungerer ved at l\u00e6gge et kontrolleret indre tryk p\u00e5 pakken, indtil den spr\u00e6nger. Fejlpunktet er typisk ved pakkens forsegling eller svage punkter i materialet. Testeren m\u00e5ler det tryk, hvormed pakken brister, og giver vigtige data om pakkens holdbarhed og integritet.<\/p>\n\n\n\n<h2 class=\"wp-block-heading\"><strong>ASTM F1140: Test af modstandsdygtighed over for internt tryk<\/strong><\/h2>\n\n\n\n<p><strong>ASTM F1140<\/strong> skitserer standardtestmetoder til evaluering af modstandsdygtigheden over for internt tryk i ubegr\u00e6nsede pakker. Standarden omfatter flere testmetoder, der vurderer en paknings modstandsdygtighed over for indvendigt tryk:<\/p>\n\n\n\n<ul class=\"wp-block-list\">\n<li><strong>Testmetode A (spr\u00e6ngningstest):<\/strong> Denne metode s\u00e6tter pakken under tryk, indtil den spr\u00e6nger, og m\u00e5ler det maksimale tryk ved bruddet.<\/li>\n\n\n\n<li><strong>Testmetode B (krybetest):<\/strong> Denne metode p\u00e5f\u00f8rer et bestemt tryk p\u00e5 pakken og opretholder det i et bestemt tidsrum for at afg\u00f8re, om pakken kan modst\u00e5 trykket uden at svigte.<\/li>\n\n\n\n<li><strong>Testmetode C (krybning til brud):<\/strong> Denne metode forts\u00e6tter med at s\u00e6tte pakken under tryk, indtil den spr\u00e6nger, og registrerer den tid, det tager, f\u00f8r fejlen opst\u00e5r.<\/li>\n<\/ul>\n\n\n\n<p>Disse tests er med til at sikre, at emballagen kan h\u00e5ndtere trykforskelle, der kan opst\u00e5 under sterilisering eller transport. De giver ogs\u00e5 v\u00e6rdifulde data til bestemmelse af emballagematerialers egnethed til specifikke produkter.<\/p>\n\n\n\n<h2 class=\"wp-block-heading\"><strong>Vigtigheden af burst-test for pakker<\/strong><\/h2>\n\n\n\n<p><strong>Burst-test<\/strong> er et afg\u00f8rende skridt i kvalitetskontrollen af emballager. Den simulerer ekstreme forhold, som en pakke kan blive udsat for i l\u00f8bet af sin livscyklus. Det omfatter trykforskelle for\u00e5rsaget af eksterne faktorer som f.eks. \u00e6ndringer i h\u00f8jde eller temperatur og interne faktorer som f.eks. pakkens indhold.<\/p>\n\n\n\n<p>Ved at bruge <strong>Posespr\u00e6ngningstester<\/strong>, Ved at teste emballagen kan producenterne sikre, at den kan modst\u00e5 disse belastninger uden at g\u00e5 p\u00e5 kompromis med produktets integritet. Spr\u00e6ngningstest er afg\u00f8rende for at kontrollere, at de t\u00e6tninger og materialer, der bruges i emballagen, kan klare det tryk, de vil blive udsat for under opbevaring, transport og h\u00e5ndtering.<\/p>\n\n\n\n<h2 class=\"wp-block-heading\"><strong>ASTM F2054: Spr\u00e6ngningstest for fleksible pakningsforseglinger<\/strong><\/h2>\n\n\n\n<p>En anden vigtig standard for burst-test er <strong>ASTM F2054<\/strong>, som fokuserer p\u00e5 test af fleksible pakkeforseglinger ved hj\u00e6lp af internt lufttryk i fastholdelsesplader. Denne metode er is\u00e6r nyttig til test af fleksible pakker som poser og tasker, hvor bruddet typisk sker i forseglingsomr\u00e5det.<\/p>\n\n\n\n<p>I l\u00f8bet af <strong>ASTM F2054<\/strong> Ved testning s\u00e6ttes pakken under tryk, indtil forseglingen svigter. Testen kan udf\u00f8res med enten \u00e5ben eller lukket emballage, afh\u00e6ngigt af emballagetype og testkrav. Det prim\u00e6re form\u00e5l med denne test er at evaluere forseglingsbrudstyrken, som er afg\u00f8rende for at opretholde pakkens integritet og forhindre l\u00e6kager eller kontaminering.<\/p>\n\n\n\n<h2 class=\"wp-block-heading\"><strong>Test af trykfald: Opdag l\u00e6kager uden at spr\u00e6nge pakken<\/strong><\/h2>\n\n\n\n<p>Ud over burst-test er <strong>Test af trykfald<\/strong> er en anden v\u00e6rdifuld metode til at teste pakkens integritet. Denne ikke-destruktive test m\u00e5ler \u00e6ndringen i trykket inde i en pakke over tid. Et trykfald indikerer, at der er en l\u00e6kage i pakken.<\/p>\n\n\n\n<p>Den <strong>Test af trykfald<\/strong> er is\u00e6r nyttig til at opdage sm\u00e5 l\u00e6kager, som m\u00e5ske ikke er synlige med det blotte \u00f8je. I mods\u00e6tning til spr\u00e6ngningstest, som f\u00e5r emballagen til at briste, giver trykfaldstesten producenterne mulighed for at opdage l\u00e6kager uden at beskadige emballagen, hvilket g\u00f8r den til en ideel metode til test af f\u00f8lsomme produkter.<\/p>\n\n\n\n<h2 class=\"wp-block-heading\"><strong>Hvorfor bruge en Pouch Burst Tester?<\/strong><\/h2>\n\n\n\n<p>Den <strong>Posespr\u00e6ngningstester<\/strong> giver flere fordele for producenter, der \u00f8nsker at sikre integriteten af deres emballage:<\/p>\n\n\n\n<ol class=\"wp-block-list\">\n<li><strong>N\u00f8jagtig m\u00e5ling af tryk:<\/strong> Testeren giver pr\u00e6cise m\u00e5linger af det tryk, som pakken bryder sammen ved, og hj\u00e6lper producenterne med at bestemme styrken af deres emballagematerialer og forseglinger.<\/li>\n\n\n\n<li><strong>Simulation i den virkelige verden:<\/strong> Ved at uds\u00e6tte pakken for et stigende indre tryk simulerer testeren de forhold, som pakken vil m\u00f8de under transport, og sikrer, at den kan modst\u00e5 belastninger i den virkelige verden.<\/li>\n\n\n\n<li><strong>Hurtig og effektiv testning:<\/strong> Posespr\u00e6ngningstesteren er designet til hurtig og effektiv testning, s\u00e5 producenterne kan evaluere et stort antal pakker p\u00e5 kort tid.<\/li>\n\n\n\n<li><strong>Overholdelse af industristandarder:<\/strong> Testeren er i fuld overensstemmelse med <strong>ASTM F1140<\/strong> og <strong>ASTM F2054<\/strong>, Det sikrer, at producenterne lever op til branchens standarder for emballageydelse.<\/li>\n<\/ol>\n\n\n\n<p><strong>Konklusion<\/strong><\/p>\n\n\n\n<p>Den <strong>Posespr\u00e6ngningstester<\/strong> er et vigtigt v\u00e6rkt\u00f8j til evaluering af fleksible pakningers spr\u00e6ngstyrke og integritet. Ved at bruge spr\u00e6ngningstest og trykfaldstest i overensstemmelse med standarder som <strong>ASTM F1140<\/strong> og <strong>ASTM F2054<\/strong>, kan producenterne sikre, at deres emballagematerialer yder tilstr\u00e6kkelig beskyttelse af produkterne indeni.<\/p>\n\n\n\n<p>For virksomheder i brancher som f\u00f8devarer, l\u00e6gemidler og medicinsk udstyr er det vigtigt at investere i en <strong>Posespr\u00e6ngningstester<\/strong> er et vigtigt skridt til at opretholde emballage af h\u00f8j kvalitet, der kan modst\u00e5 presset i forsyningsk\u00e6den. Hos Cell Instruments tilbyder vi h\u00f8jtydende testl\u00f8sninger, der opfylder emballageindustriens forskellige behov.<\/p>","protected":false},"excerpt":{"rendered":"<p>In the packaging industry, ensuring the integrity and strength of a package is crucial, especially for industries like food, pharmaceuticals, and medical devices. One of the most reliable methods for evaluating package durability is the pouch burst tester. This device is designed to test the burst strength of flexible packages, ensuring that they can withstand [&hellip;]<\/p>","protected":false},"featured_media":1172,"parent":0,"template":"","meta":{"_acf_changed":true},"product-category":[62],"class_list":["post-1171","product","type-product","status-publish","has-post-thumbnail","hentry","product-category-pressure-decay-test"],"acf":[],"_links":{"self":[{"href":"https:\/\/www.packtests.com\/da\/wp-json\/wp\/v2\/product\/1171","targetHints":{"allow":["GET"]}}],"collection":[{"href":"https:\/\/www.packtests.com\/da\/wp-json\/wp\/v2\/product"}],"about":[{"href":"https:\/\/www.packtests.com\/da\/wp-json\/wp\/v2\/types\/product"}],"wp:featuredmedia":[{"embeddable":true,"href":"https:\/\/www.packtests.com\/da\/wp-json\/wp\/v2\/media\/1172"}],"wp:attachment":[{"href":"https:\/\/www.packtests.com\/da\/wp-json\/wp\/v2\/media?parent=1171"}],"wp:term":[{"taxonomy":"product-category","embeddable":true,"href":"https:\/\/www.packtests.com\/da\/wp-json\/wp\/v2\/product-category?post=1171"}],"curies":[{"name":"wp","href":"https:\/\/api.w.org\/{rel}","templated":true}]}}