{"id":1143,"date":"2026-03-25T03:02:25","date_gmt":"2026-03-25T03:02:25","guid":{"rendered":"https:\/\/www.packtests.com\/?post_type=product&#038;p=1143"},"modified":"2026-03-26T05:17:07","modified_gmt":"2026-03-26T05:17:07","slug":"leak-tester-for-packaging","status":"publish","type":"product","link":"https:\/\/www.packtests.com\/de\/product\/leak-tester-for-packaging\/","title":{"rendered":"LT-Dichtheitspr\u00fcfger\u00e4t f\u00fcr Verpackungen"},"content":{"rendered":"<p>Die Gew\u00e4hrleistung der Unversehrtheit von Verpackungen ist in verschiedenen Branchen von entscheidender Bedeutung, insbesondere wenn es darum geht, die Sicherheit und Qualit\u00e4t von Produkten zu erhalten. A <strong>Dichtheitspr\u00fcfger\u00e4t f\u00fcr Verpackungen<\/strong> ist ein wichtiges Hilfsmittel, um undichte Stellen in Verpackungsbeh\u00e4ltern wie Flaschen, Gl\u00e4sern und anderen starren oder flexiblen Beh\u00e4ltern zu erkennen. Unter den verschiedenen Arten der Dichtheitspr\u00fcfung sind die <strong>Vakuum-Lecktestger\u00e4t<\/strong> ist eine zuverl\u00e4ssige und weit verbreitete Technik. Dieser Artikel konzentriert sich auf die <strong>Vakuum-Lecktestger\u00e4t<\/strong>, seine Anwendung bei der Verpackungspr\u00fcfung und die einschl\u00e4gigen <strong>ASTM-Normen<\/strong> wie zum Beispiel <strong>ASTM D4991<\/strong> und <strong>ASTM D3078<\/strong>.<\/p>\n\n\n\n<h2 class=\"wp-block-heading\">Die Bedeutung von Dichtheitspr\u00fcfungen bei Verpackungen<\/h2>\n\n\n\n<p>Die Dichtheitspr\u00fcfung ist ein wichtiges Verfahren zur Qualit\u00e4tssicherung bei Verpackungen. Sie stellt sicher, dass Produkte, insbesondere solche, die empfindlich auf Umwelteinfl\u00fcsse wie Feuchtigkeit oder Luft reagieren, w\u00e4hrend des Transports und der Lagerung ordnungsgem\u00e4\u00df versiegelt sind. Ganz gleich, ob Sie mit Arzneimitteln, Lebensmittelverpackungen oder Gefahrstoffen zu tun haben, eine zuverl\u00e4ssige <strong>Dichtheitspr\u00fcfger\u00e4t f\u00fcr Verpackungen<\/strong> ist unerl\u00e4sslich, um sicherzustellen, dass Ihre Verpackungen die erforderlichen Leistungsstandards erf\u00fcllen.<\/p>\n\n\n\n<p>Leckagen in Verpackungen k\u00f6nnen zu Verunreinigungen, Verderb oder sogar zu gef\u00e4hrlichen Situationen beim Transport von Gefahrgut f\u00fchren. Durch die Verwendung einer <strong>Vakuum-Lecktestger\u00e4t<\/strong>, k\u00f6nnen die Hersteller selbst kleinste Lecks erkennen und die Sicherheit und Unversehrtheit des Produkts gew\u00e4hrleisten.<\/p>\n\n\n\n<h2 class=\"wp-block-heading\">Vakuum-Leck-Tester: Wie es funktioniert<\/h2>\n\n\n\n<p>Die <strong>Vakuum-Lecktestger\u00e4t<\/strong> ist ein spezielles Instrument zur Pr\u00fcfung der Unversehrtheit von starren Beh\u00e4ltern. Bei diesem Verfahren wird der Beh\u00e4lter einem Vakuum ausgesetzt, um durch Beobachtung der aus der Verpackung austretenden Luftblasen oder Fl\u00fcssigkeit undichte Stellen festzustellen. Diese Methode ist aufgrund ihrer Pr\u00e4zision und ihrer F\u00e4higkeit, kleinste M\u00e4ngel in Verpackungsmaterialien zu erkennen, weit verbreitet.<\/p>\n\n\n\n<p>Einer der wichtigsten Vorteile des <strong>Vakuum-Lecktestger\u00e4t<\/strong> ist die M\u00f6glichkeit, Beh\u00e4lter zu pr\u00fcfen, ohne ihre Struktur oder Verschl\u00fcsse zu ver\u00e4ndern. Die Pr\u00fcfung erfolgt unter Differenzdruckbedingungen und ist daher f\u00fcr Luft- und Fl\u00fcssigkeitstransportverpackungen geeignet. Die am h\u00e4ufigsten verwendeten Normen f\u00fcr die Vakuumdichtheitspr\u00fcfung sind <strong>ASTM D4991<\/strong> und <strong>ASTM D3078<\/strong>.<\/p>\n\n\n\n<h2 class=\"wp-block-heading\">ASTM D4991: Standardpr\u00fcfverfahren f\u00fcr die Vakuumdichtheitspr\u00fcfung von starren Beh\u00e4ltern<\/h2>\n\n\n\n<p><strong>ASTM D4991<\/strong> beschreibt das Standardpr\u00fcfverfahren f\u00fcr die Dichtheitspr\u00fcfung von leeren starren Beh\u00e4ltern mit Hilfe eines Vakuumverfahrens. Diese Norm ist besonders n\u00fctzlich f\u00fcr die Pr\u00fcfung von Beh\u00e4ltern, die f\u00fcr den Transport von gef\u00e4hrlichen Fl\u00fcssigkeiten bestimmt sind, wie z. B. Beh\u00e4lter, die durch die <strong>Empfehlungen der Vereinten Nationen f\u00fcr den Transport gef\u00e4hrlicher G\u00fcter (UN TDG)<\/strong> und die <strong>Internationale Zivilluftfahrt-Organisation (ICAO)<\/strong>.<\/p>\n\n\n\n<h3 class=\"wp-block-heading\">Hauptaspekte der ASTM D4991:<\/h3>\n\n\n\n<ul class=\"wp-block-list\">\n<li><strong>Testverfahren<\/strong>: Der Beh\u00e4lter wird in eine Ethylenglykol-Wasser-L\u00f6sung getaucht, und es wird ein Vakuum angelegt, um einen Differenzdruck von etwa <strong>95 kPa (13,8 psi)<\/strong>.<\/li>\n\n\n\n<li><strong>Lecksuche<\/strong>: Der Beh\u00e4lter wird auf entweichende Luftblasen w\u00e4hrend der Druckentlastung oder auf Fl\u00fcssigkeit im Inneren des Beh\u00e4lters nach erneuter Druckbeaufschlagung beobachtet.<\/li>\n\n\n\n<li><strong>Getestete Container<\/strong>: Starre Beh\u00e4lter, einschlie\u00dflich ihrer Verschl\u00fcsse, die f\u00fcr den Transport von gef\u00e4hrlichen Stoffen oder Fl\u00fcssigkeiten verwendet werden, werden nach dieser Methode gepr\u00fcft.<\/li>\n<\/ul>\n\n\n\n<p>Diese Norm hilft bei der Bestimmung des Punktes, an dem die Leckage beginnt, und liefert damit wichtige Informationen f\u00fcr die Verbesserung von Verpackungsdesigns zur Vermeidung von Leckagen.<\/p>\n\n\n\n<h2 class=\"wp-block-heading\">ASTM D3078: Standardtestmethode f\u00fcr die Vakuumdichtheitspr\u00fcfung von flexiblen Verpackungen<\/h2>\n\n\n\n<p><strong>ASTM D3078<\/strong> ist die Standardpr\u00fcfmethode f\u00fcr die Vakuumdichtheitspr\u00fcfung von flexiblen Verpackungen. Anders als <strong>ASTM D4991<\/strong>, die sich auf starre Beh\u00e4lter konzentriert, <strong>ASTM D3078<\/strong> gilt f\u00fcr flexible Verpackungen wie Beutel oder S\u00e4cke.<\/p>\n\n\n\n<h3 class=\"wp-block-heading\">Hauptaspekte der ASTM D3078:<\/h3>\n\n\n\n<ul class=\"wp-block-list\">\n<li><strong>Vakuumpr\u00fcfung<\/strong>: Die Verpackung wird einem Vakuum ausgesetzt, um die Bedingungen zu simulieren, denen sie w\u00e4hrend des Transports oder der Lagerung ausgesetzt sein k\u00f6nnte.<\/li>\n\n\n\n<li><strong>Lecksuche<\/strong>: Wie bei <strong>ASTM D4991<\/strong>, Ein Leck wird durch die Beobachtung von Luftblasen oder Fl\u00fcssigkeit im Inneren der Verpackung nach der erneuten Druckbeaufschlagung festgestellt.<\/li>\n<\/ul>\n\n\n\n<p>Diese Norm wird h\u00e4ufig in Branchen wie der Lebensmittel- und Pharmaindustrie verwendet, wo die Flexibilit\u00e4t der Verpackung und die Vermeidung von Leckagen f\u00fcr die Aufrechterhaltung der Produktqualit\u00e4t entscheidend sind.<\/p>\n\n\n\n<h2 class=\"wp-block-heading\">Vorteile des Einsatzes eines Lecktesters f\u00fcr Verpackungen<\/h2>\n\n\n\n<p>Mit einer <strong>Dichtheitspr\u00fcfger\u00e4t f\u00fcr Verpackungen<\/strong> bietet zahlreiche Vorteile f\u00fcr die Hersteller:<\/p>\n\n\n\n<ol class=\"wp-block-list\">\n<li><strong>Verbesserte Produktintegrit\u00e4t<\/strong>: Die Dichtheitspr\u00fcfung gew\u00e4hrleistet, dass die Produkte w\u00e4hrend des Transports und der Lagerung sicher sind und nicht verunreinigt oder verdorben werden.<\/li>\n\n\n\n<li><strong>Einhaltung von Industriestandards<\/strong>: Durch das Einhalten von Standards wie <strong>ASTM D4991<\/strong> und <strong>ASTM D3078<\/strong>, Die Hersteller stellen sicher, dass ihre Verpackungen die erforderlichen Sicherheits- und Qualit\u00e4tsstandards f\u00fcr verschiedene Branchen erf\u00fcllen.<\/li>\n\n\n\n<li><strong>Kosteng\u00fcnstig<\/strong>: Die fr\u00fchzeitige Erkennung von Leckagen im Produktionsprozess kann dazu beitragen, Abfall zu reduzieren und kostspielige R\u00fcckrufe oder Produktnachbesserungen zu vermeiden.<\/li>\n\n\n\n<li><strong>Verbesserte Kundenzufriedenheit<\/strong>: Eine ordnungsgem\u00e4\u00dfe Dichtheitspr\u00fcfung gew\u00e4hrleistet, dass die Kunden die Produkte in optimalem Zustand erhalten, was zu mehr Vertrauen und Zufriedenheit f\u00fchrt.<\/li>\n<\/ol>\n\n\n\n<h2 class=\"wp-block-heading\">Warum sollten Sie sich f\u00fcr Cell Instruments-Dichtheitspr\u00fcfger\u00e4te entscheiden?<\/h2>\n\n\n\n<p>Unter <strong>Cell Instruments<\/strong>, sind wir spezialisiert auf die Bereitstellung hochwertiger <strong>Dichtheitspr\u00fcfger\u00e4te f\u00fcr Verpackungen<\/strong> die f\u00fcr die strengen Anforderungen der verschiedenen Branchen konzipiert sind. Unser <strong>Vakuum-Dichtheitspr\u00fcfger\u00e4te<\/strong> den ASTM-Normen entsprechen, einschlie\u00dflich <strong>ASTM D4991<\/strong> und <strong>ASTM D3078<\/strong>, Dadurch wird sichergestellt, dass die Unversehrtheit Ihrer Verpackung genau und zuverl\u00e4ssig gepr\u00fcft wird.<\/p>\n\n\n\n<p>Unser <strong>Dichtheitspr\u00fcfer<\/strong> sind einfach zu bedienen, liefern pr\u00e4zise Ergebnisse und sind f\u00fcr eine Vielzahl von Verpackungsarten ausgelegt, von starren Beh\u00e4ltern bis hin zu flexiblen Verpackungen. Ganz gleich, ob Sie Lebensmittelverpackungen, Arzneimittel oder Gefahrgutbeh\u00e4lter pr\u00fcfen, unsere Ger\u00e4te bieten die Haltbarkeit und Genauigkeit, die Sie f\u00fcr eine effektive Qualit\u00e4tskontrolle ben\u00f6tigen.<\/p>\n\n\n\n<h2 class=\"wp-block-heading\">Schlussfolgerung: Sicherstellung der Verpackungsqualit\u00e4t mit Dichtigkeitspr\u00fcfger\u00e4ten<\/h2>\n\n\n\n<p>In der Welt der Verpackung ist die Gew\u00e4hrleistung der Unversehrtheit von Beh\u00e4ltern f\u00fcr die Produktsicherheit, die Qualit\u00e4t und die Einhaltung von Branchenvorschriften von entscheidender Bedeutung. Die <strong>Dichtheitspr\u00fcfger\u00e4t f\u00fcr Verpackungen<\/strong> spielt eine entscheidende Rolle bei der Erkennung von Lecks, die die Integrit\u00e4t eines Produkts w\u00e4hrend des Transports oder der Lagerung gef\u00e4hrden k\u00f6nnten.<\/p>\n\n\n\n<p>Durch die Verwendung von <strong>Vakuum-Dichtheitspr\u00fcfger\u00e4te<\/strong> und die Einhaltung von Standards wie <strong>ASTM D4991<\/strong> und <strong>ASTM D3078<\/strong>, k\u00f6nnen Hersteller sicherstellen, dass ihre Verpackungen die erforderlichen Anforderungen an die Dichtigkeit erf\u00fcllen. Unter <strong>Cell Instruments<\/strong>, Wir bieten zuverl\u00e4ssige L\u00f6sungen f\u00fcr die Dichtheitspr\u00fcfung, damit Sie die h\u00f6chsten Qualit\u00e4ts- und Sicherheitsstandards in Ihren Verpackungsprozessen einhalten k\u00f6nnen.<\/p>\n\n\n\n<p>F\u00fcr weitere Informationen \u00fcber unsere <strong>Dichtheitspr\u00fcfger\u00e4te f\u00fcr Verpackungen<\/strong>, Nehmen Sie noch heute Kontakt mit uns auf und stellen Sie sicher, dass Ihre Produkte den besten Standards der Branche entsprechen.<\/p>\n\n\n\n<p><\/p>","protected":false},"excerpt":{"rendered":"<p>Ensuring the integrity of packaging is crucial in various industries, especially when it comes to maintaining the safety and quality of products. A leak tester for packaging is an essential tool used to detect leaks in packaging containers, such as bottles, jars, and other rigid or flexible containers. Among the different types of leak testing [&hellip;]<\/p>","protected":false},"featured_media":1148,"parent":0,"template":"","meta":{"_acf_changed":true},"product-category":[59],"class_list":["post-1143","product","type-product","status-publish","has-post-thumbnail","hentry","product-category-bubble-emission-test"],"acf":[],"_links":{"self":[{"href":"https:\/\/www.packtests.com\/de\/wp-json\/wp\/v2\/product\/1143","targetHints":{"allow":["GET"]}}],"collection":[{"href":"https:\/\/www.packtests.com\/de\/wp-json\/wp\/v2\/product"}],"about":[{"href":"https:\/\/www.packtests.com\/de\/wp-json\/wp\/v2\/types\/product"}],"wp:featuredmedia":[{"embeddable":true,"href":"https:\/\/www.packtests.com\/de\/wp-json\/wp\/v2\/media\/1148"}],"wp:attachment":[{"href":"https:\/\/www.packtests.com\/de\/wp-json\/wp\/v2\/media?parent=1143"}],"wp:term":[{"taxonomy":"product-category","embeddable":true,"href":"https:\/\/www.packtests.com\/de\/wp-json\/wp\/v2\/product-category?post=1143"}],"curies":[{"name":"wp","href":"https:\/\/api.w.org\/{rel}","templated":true}]}}