{"id":1160,"date":"2026-03-25T07:33:37","date_gmt":"2026-03-25T07:33:37","guid":{"rendered":"https:\/\/www.packtests.com\/?post_type=product&#038;p=1160"},"modified":"2026-03-26T05:21:25","modified_gmt":"2026-03-26T05:21:25","slug":"gross-leak-bubble-tester","status":"publish","type":"product","link":"https:\/\/www.packtests.com\/de\/product\/gross-leak-bubble-tester\/","title":{"rendered":"GLT-01 Brutto-Leckage-Blasenpr\u00fcfger\u00e4t"},"content":{"rendered":"<p>In der Verpackungsindustrie ist die Gew\u00e4hrleistung der Unversehrtheit des Verpackungsmaterials f\u00fcr den Schutz des Produkts w\u00e4hrend des Transports und der Lagerung entscheidend. Die Website <strong>Brutto-Leckage-Blasenpr\u00fcfger\u00e4t<\/strong> ist ein unverzichtbares Werkzeug, um signifikante Leckagen in Verpackungen zu identifizieren und die erforderliche Luftdichtheit zum Schutz von Lebensmitteln, Arzneimitteln und medizinischen Ger\u00e4ten zu gew\u00e4hrleisten. Dieser Artikel bietet einen detaillierten Einblick in die <strong>Brutto-Leckage-Blasenpr\u00fcfger\u00e4t<\/strong>, seine Rolle bei <strong>Grobleckerkennung<\/strong>, und ihre Anwendungen in <strong>Verpackungspr\u00fcfung<\/strong>. Wir werden auch relevante Standards diskutieren wie <strong>ASTM F2096<\/strong> die bei der Bewertung der Wirksamkeit von Verpackungsmaterialien helfen.<\/p>\n\n\n\n<h2 class=\"wp-block-heading\"><strong>Was ist ein Gross Leak Bubble Tester?<\/strong><\/h2>\n\n\n\n<p>A <strong>Brutto-Leckage-Blasenpr\u00fcfger\u00e4t<\/strong> ist ein Ger\u00e4t zum Aufsp\u00fcren gr\u00f6\u00dferer Lecks in Verpackungen, in der Regel durch Anlegen von Innendruck und Beobachtung der Blasenbildung. Bei dieser Methode wird die Verpackung in eine L\u00f6sung getaucht, in die unter Druck Luft eingeleitet wird. Wenn die Verpackung besch\u00e4digt ist, entweicht Luft und es bilden sich sichtbare Blasen, die auf undichte Stellen hinweisen.<\/p>\n\n\n\n<p>Mit dieser Pr\u00fcfmethode lassen sich undichte Stellen sowohl in <strong>starre und flexible Verpackungen<\/strong>, Sie sorgen daf\u00fcr, dass Beh\u00e4lter auch unter Druck ihre Integrit\u00e4t behalten. Sie werden h\u00e4ufig in Branchen wie der pharmazeutischen, der Lebensmittel- und der medizinischen Verpackungsindustrie eingesetzt, wo luftdichte Verschl\u00fcsse f\u00fcr die Produktsicherheit und -qualit\u00e4t entscheidend sind.<\/p>\n\n\n\n<h2 class=\"wp-block-heading\"><strong>Verst\u00e4ndnis des Bubble Immersion Leak Tests<\/strong><\/h2>\n\n\n\n<p>Die <strong>Blasen-Tauch-Lecktest<\/strong> ist eine g\u00e4ngige Methode, um grobe Lecks in Verpackungen aufzusp\u00fcren. Bei diesem Test wird eine Verpackung in Wasser oder eine andere geeignete L\u00f6sung getaucht und mit Druck beaufschlagt, um einen Innendruck in der Verpackung zu erzeugen. Wenn die Verpackung undichte Stellen aufweist, entweicht Luft durch diese Defekte und es bilden sich Blasen, die leicht beobachtet werden k\u00f6nnen. Die Blasen zeigen das Vorhandensein einer Fehlerstelle an, wie z. B. ein Nadelloch, einen Riss oder eine unsachgem\u00e4\u00dfe Versiegelung.<\/p>\n\n\n\n<p>Diese Pr\u00fcfmethode wird bevorzugt, da sie je nach Druck sehr empfindlich auf Leckagen bis zu 250 Mikrometer reagiert. Die <strong>Blasen-Tauch-Lecktest<\/strong> ist eine zuverl\u00e4ssige Methode, um die Gesamtqualit\u00e4t und Sicherheit von Verpackungsmaterialien zu pr\u00fcfen, bevor sie f\u00fcr empfindliche Produkte verwendet werden.<\/p>\n\n\n\n<h2 class=\"wp-block-heading\"><strong>ASTM F2096: Standard-Pr\u00fcfverfahren zum Nachweis von groben Leckagen<\/strong><\/h2>\n\n\n\n<p><strong>ASTM F2096<\/strong> ist die Standardtestmethode zum Nachweis von <strong>grobe Undichtigkeiten<\/strong> in Verpackungen durch den Innendruckblasentest. Diese Norm beschreibt das Verfahren zur Feststellung gro\u00dfer Undichtigkeiten in starren und flexiblen Verpackungsmaterialien. Bei der Pr\u00fcfung wird ein vorher festgelegter Druck auf die Verpackung ausge\u00fcbt, die in Wasser getaucht wird. Sind undichte Stellen vorhanden, wird ein kontinuierlicher Strom von Blasen beobachtet.<\/p>\n\n\n\n<p>Die <strong>ASTM F2096<\/strong> Norm definiert auch die Testempfindlichkeit, die mit einer Wahrscheinlichkeit von 81% Lecks bis zu einer Gr\u00f6\u00dfe von 250 Mikrometern erkennen kann. Dies macht ihn zu einem unverzichtbaren Instrument zur Sicherstellung der Verpackungsintegrit\u00e4t, insbesondere in Branchen, in denen die Aufrechterhaltung einer sterilen oder kontaminationsfreien Umgebung entscheidend ist.<\/p>\n\n\n\n<h2 class=\"wp-block-heading\"><strong>Die Rolle des Bruttodichtheitspr\u00fcfers bei der Verpackungspr\u00fcfung<\/strong><\/h2>\n\n\n\n<p>Mit einer <strong>Bruttodichtheitspr\u00fcfger\u00e4t f\u00fcr die Verpackungspr\u00fcfung<\/strong> ist unerl\u00e4sslich, um sicherzustellen, dass das Verpackungsmaterial den harten Bedingungen von Transport und Lagerung standh\u00e4lt. Diese Methode hilft, Schwachstellen in der Verpackung zu identifizieren, wie z. B.:<\/p>\n\n\n\n<ul class=\"wp-block-list\">\n<li><strong>Nadell\u00f6cher<\/strong><\/li>\n\n\n\n<li><strong>Risse<\/strong><\/li>\n\n\n\n<li><strong>Ungeeignete Dichtungen<\/strong><\/li>\n<\/ul>\n\n\n\n<p>Durch die Verwendung des <strong>Brutto-Leckage-Blasenpr\u00fcfger\u00e4t<\/strong>, k\u00f6nnen Hersteller diese Probleme fr\u00fchzeitig erkennen und so kostspielige Produktausf\u00e4lle, R\u00fcckrufe oder Sch\u00e4den verhindern. Die F\u00e4higkeit, diese Lecks zu erkennen, bevor die Verpackung versandt wird, gew\u00e4hrleistet, dass die Produkte sicher sind und den gesetzlichen Vorschriften entsprechen.<\/p>\n\n\n\n<h2 class=\"wp-block-heading\"><strong>Vorteile der Verwendung eines Bruttodichtheitspr\u00fcfers<\/strong><\/h2>\n\n\n\n<ol class=\"wp-block-list\">\n<li><strong>Genaue Leckortung<\/strong>: Die <strong>Brutto-Leckage-Blasenpr\u00fcfger\u00e4t<\/strong> stellt sicher, dass selbst kleinste Leckagen erkannt werden, und tr\u00e4gt so zur Verbesserung der Gesamtqualit\u00e4t der Verpackung bei.<\/li>\n\n\n\n<li><strong>Kosteneffizienz<\/strong>: Durch die fr\u00fchzeitige Erkennung von Verpackungsm\u00e4ngeln k\u00f6nnen Hersteller die Kosten f\u00fcr R\u00fccksendungen, besch\u00e4digte Waren und beh\u00f6rdliche Strafen vermeiden.<\/li>\n\n\n\n<li><strong>Verbesserte Verpackungsleistung<\/strong>: Regelm\u00e4\u00dfige Tests stellen sicher, dass die Verpackungsmaterialien ihre Integrit\u00e4t unter Druck beibehalten, wodurch das Risiko von Leckagen w\u00e4hrend des Transports verringert wird.<\/li>\n\n\n\n<li><strong>Einhaltung von Normen<\/strong>: Die Einhaltung von <strong>ASTM F2096<\/strong> und \u00e4hnlichen Normen gew\u00e4hrleistet die Einhaltung der Branchenvorschriften und verbessert die Sicherheit des verpackten Produkts.<\/li>\n<\/ol>\n\n\n\n<p><\/p>\n\n\n\n<p>F\u00fcr Unternehmen, die die Qualit\u00e4t ihrer Verpackungen verbessern wollen, ist die Investition in ein <strong>Bruttodichtheitspr\u00fcfger\u00e4t f\u00fcr die Verpackungspr\u00fcfung<\/strong> ist eine kluge Entscheidung. Sie tr\u00e4gt nicht nur zur Sicherheit der Verpackungen bei, sondern auch zur Einhaltung von Vorschriften und zu Kosteneinsparungen. Bei Cell Instruments bieten wir hochwertige <strong>Brutto-Dichtheitspr\u00fcfer<\/strong> entwickelt, um die strengen Anforderungen der Verpackungspr\u00fcfung zu erf\u00fcllen.<\/p>\n\n\n\n<p><\/p>","protected":false},"excerpt":{"rendered":"<p>In packaging industries, ensuring the integrity of the packaging material is crucial for product protection during transit and storage. The gross leak bubble tester is an essential tool used to identify significant leaks in packaging, ensuring the airtightness required to protect contents like food, pharmaceuticals, and medical devices. This article provides an in-depth look into [&hellip;]<\/p>","protected":false},"featured_media":1161,"parent":0,"template":"","meta":{"_acf_changed":true},"product-category":[60],"class_list":["post-1160","product","type-product","status-publish","has-post-thumbnail","hentry","product-category-pressurization"],"acf":[],"_links":{"self":[{"href":"https:\/\/www.packtests.com\/de\/wp-json\/wp\/v2\/product\/1160","targetHints":{"allow":["GET"]}}],"collection":[{"href":"https:\/\/www.packtests.com\/de\/wp-json\/wp\/v2\/product"}],"about":[{"href":"https:\/\/www.packtests.com\/de\/wp-json\/wp\/v2\/types\/product"}],"wp:featuredmedia":[{"embeddable":true,"href":"https:\/\/www.packtests.com\/de\/wp-json\/wp\/v2\/media\/1161"}],"wp:attachment":[{"href":"https:\/\/www.packtests.com\/de\/wp-json\/wp\/v2\/media?parent=1160"}],"wp:term":[{"taxonomy":"product-category","embeddable":true,"href":"https:\/\/www.packtests.com\/de\/wp-json\/wp\/v2\/product-category?post=1160"}],"curies":[{"name":"wp","href":"https:\/\/api.w.org\/{rel}","templated":true}]}}