{"id":1171,"date":"2026-03-26T02:24:39","date_gmt":"2026-03-26T02:24:39","guid":{"rendered":"https:\/\/www.packtests.com\/?post_type=product&#038;p=1171"},"modified":"2026-03-26T05:19:53","modified_gmt":"2026-03-26T05:19:53","slug":"pouch-burst-tester","status":"publish","type":"product","link":"https:\/\/www.packtests.com\/de\/product\/pouch-burst-tester\/","title":{"rendered":"LSST-01 Beutelberstungspr\u00fcfger\u00e4t"},"content":{"rendered":"<p>In der Verpackungsindustrie ist die Gew\u00e4hrleistung der Unversehrtheit und Festigkeit einer Verpackung von entscheidender Bedeutung, insbesondere f\u00fcr Branchen wie Lebensmittel, Arzneimittel und medizinische Ger\u00e4te. Eine der zuverl\u00e4ssigsten Methoden zur Bewertung der Haltbarkeit von Verpackungen ist die <strong>Beutel-Berstpr\u00fcfger\u00e4t<\/strong>. Mit diesem Ger\u00e4t wird die Berstfestigkeit von flexiblen Verpackungen gepr\u00fcft, um sicherzustellen, dass sie dem Druck standhalten, dem sie w\u00e4hrend des Transports und der Lagerung ausgesetzt sind.<\/p>\n\n\n\n<p>Dieser Artikel untersucht die <strong>Beutel-Berstpr\u00fcfger\u00e4t<\/strong>, seine Bedeutung f\u00fcr die Qualit\u00e4tskontrolle von Verpackungen und die Einhaltung von Normen wie <strong>ASTM F1140<\/strong>. Au\u00dferdem werden wir die Bedeutung der <strong>ASTM F2054<\/strong>, <strong>Berstpr\u00fcfung f\u00fcr Verpackungen<\/strong>, und die <strong>Druckabfalltest<\/strong> bei der Bestimmung der Paketleistung.<\/p>\n\n\n\n<h2 class=\"wp-block-heading\"><strong>Was ist ein Pouch Burst Tester?<\/strong><\/h2>\n\n\n\n<p>A <strong>Beutel-Berstpr\u00fcfger\u00e4t<\/strong> ist ein Ger\u00e4t, das zur Bestimmung der Berstfestigkeit von flexiblen Verpackungen, einschlie\u00dflich Beuteln, verwendet wird. Dazu wird die Verpackung von innen mit Druck beaufschlagt, bis ein Versagen eintritt. Das Pr\u00fcfger\u00e4t ist so konzipiert, dass es reale Bedingungen simuliert, wie z. B. Druck\u00e4nderungen w\u00e4hrend des Versands oder der Sterilisation, um die F\u00e4higkeit der Verpackung zu bewerten, dem Bersten zu widerstehen.<\/p>\n\n\n\n<p>Das Pr\u00fcfger\u00e4t arbeitet, indem es einen kontrollierten Innendruck auf die Verpackung aus\u00fcbt, bis diese platzt. Die Bruchstelle befindet sich in der Regel an der Versiegelung der Verpackung oder an Schwachstellen im Material. Das Pr\u00fcfger\u00e4t misst den Druck, bei dem die Verpackung platzt, und liefert so wichtige Daten \u00fcber die Haltbarkeit und Integrit\u00e4t der Verpackung.<\/p>\n\n\n\n<h2 class=\"wp-block-heading\"><strong>ASTM F1140: Pr\u00fcfung der Widerstandsf\u00e4higkeit gegen inneren \u00dcberdruck<\/strong><\/h2>\n\n\n\n<p><strong>ASTM F1140<\/strong> beschreibt Standard-Pr\u00fcfverfahren zur Bewertung der Innendruckfestigkeit von unversiegelten Versandst\u00fccken. Die Norm umfasst mehrere Pr\u00fcfverfahren, die die Widerstandsf\u00e4higkeit eines Versandst\u00fccks gegen Innendruck bewerten:<\/p>\n\n\n\n<ul class=\"wp-block-list\">\n<li><strong>Pr\u00fcfmethode A (Berstpr\u00fcfung):<\/strong> Bei dieser Methode wird die Verpackung unter Druck gesetzt, bis sie platzt, wobei der maximale Druck an der Bruchstelle gemessen wird.<\/li>\n\n\n\n<li><strong>Pr\u00fcfmethode B (Kriechversuch):<\/strong> Bei dieser Methode wird ein bestimmter Druck auf die Verpackung ausge\u00fcbt und f\u00fcr eine bestimmte Zeit aufrechterhalten, um festzustellen, ob die Verpackung dem Druck standhalten kann, ohne zu versagen.<\/li>\n\n\n\n<li><strong>Pr\u00fcfmethode C (Kriechen bis zum Versagen):<\/strong> Bei dieser Methode wird die Verpackung so lange unter Druck gesetzt, bis sie platzt, wobei die Zeit bis zum Auftreten des Fehlers aufgezeichnet wird.<\/li>\n<\/ul>\n\n\n\n<p>Mit diesen Tests wird sichergestellt, dass die Verpackung Druckunterschiede aush\u00e4lt, die w\u00e4hrend der Sterilisation oder des Transports auftreten k\u00f6nnen. Au\u00dferdem liefern sie wertvolle Daten zur Bestimmung der Eignung von Verpackungsmaterialien f\u00fcr bestimmte Produkte.<\/p>\n\n\n\n<h2 class=\"wp-block-heading\"><strong>Die Bedeutung der Berstpr\u00fcfung f\u00fcr Pakete<\/strong><\/h2>\n\n\n\n<p><strong>Berstpr\u00fcfung<\/strong> ist ein entscheidender Schritt in der Qualit\u00e4tskontrolle von Verpackungen. Er simuliert extreme Bedingungen, denen eine Verpackung w\u00e4hrend ihres Lebenszyklus ausgesetzt sein kann. Dazu geh\u00f6ren Druckunterschiede, die durch externe Faktoren wie H\u00f6hen- oder Temperaturschwankungen verursacht werden, sowie interne Faktoren wie der Inhalt der Verpackung.<\/p>\n\n\n\n<p>Durch die Verwendung des <strong>Beutel-Berstpr\u00fcfger\u00e4t<\/strong>, Mit Hilfe von Berstpr\u00fcfungen k\u00f6nnen Hersteller sicherstellen, dass ihre Verpackungen diesen Belastungen standhalten, ohne die Integrit\u00e4t des darin enthaltenen Produkts zu beeintr\u00e4chtigen. Bersttests sind unerl\u00e4sslich, um zu \u00fcberpr\u00fcfen, ob die in der Verpackung verwendeten Dichtungen und Materialien dem Druck standhalten, dem sie bei Lagerung, Transport und Handhabung ausgesetzt sind.<\/p>\n\n\n\n<h2 class=\"wp-block-heading\"><strong>ASTM F2054: Berstpr\u00fcfung f\u00fcr flexible Verpackungsdichtungen<\/strong><\/h2>\n\n\n\n<p>Eine weitere wichtige Norm f\u00fcr die Berstpr\u00fcfung ist <strong>ASTM F2054<\/strong>, die sich auf die Pr\u00fcfung flexibler Verpackungsdichtungen unter Verwendung von internem Luftdruck innerhalb von R\u00fcckhalteplatten konzentriert. Diese Methode ist besonders n\u00fctzlich f\u00fcr die Pr\u00fcfung flexibler Verpackungen wie Beutel und T\u00fcten, bei denen das Bersten typischerweise im Siegelbereich auftritt.<\/p>\n\n\n\n<p>W\u00e4hrend <strong>ASTM F2054<\/strong> Bei der Pr\u00fcfung wird die Verpackung unter Druck gesetzt, bis die Dichtung versagt. Die Pr\u00fcfung kann mit offener oder geschlossener Verpackung durchgef\u00fchrt werden, je nach Art der Verpackung und den Pr\u00fcfanforderungen. Das Hauptziel dieser Pr\u00fcfung ist die Bewertung der Berstfestigkeit der Dichtung, die f\u00fcr die Aufrechterhaltung der Unversehrtheit der Verpackung und die Vermeidung von Leckagen oder Verunreinigungen entscheidend ist.<\/p>\n\n\n\n<h2 class=\"wp-block-heading\"><strong>Druckabfalltest: Lecks aufsp\u00fcren, ohne die Verpackung zu zerrei\u00dfen<\/strong><\/h2>\n\n\n\n<p>Zus\u00e4tzlich zur Berstpr\u00fcfung wird die <strong>Druckabfalltest<\/strong> ist eine weitere wertvolle Methode zur Pr\u00fcfung der Verpackungsintegrit\u00e4t. Dieser zerst\u00f6rungsfreie Test misst die Druckver\u00e4nderung im Inneren einer Verpackung im Laufe der Zeit. Ein Druckabfall deutet darauf hin, dass in der Verpackung ein Leck vorhanden ist.<\/p>\n\n\n\n<p>Die <strong>Druckabfalltest<\/strong> ist besonders n\u00fctzlich, um kleine Lecks aufzusp\u00fcren, die mit dem blo\u00dfen Auge nicht sichtbar sind. Anders als bei der Berstpr\u00fcfung, bei der die Verpackung zerbricht, k\u00f6nnen Hersteller mit der Druckabfallpr\u00fcfung Lecks aufsp\u00fcren, ohne die Verpackung zu besch\u00e4digen, was sie zu einer idealen Methode f\u00fcr die Pr\u00fcfung empfindlicher Produkte macht.<\/p>\n\n\n\n<h2 class=\"wp-block-heading\"><strong>Warum ein Beutelberstungspr\u00fcfger\u00e4t verwenden?<\/strong><\/h2>\n\n\n\n<p>Die <strong>Beutel-Berstpr\u00fcfger\u00e4t<\/strong> bietet Herstellern, die die Integrit\u00e4t ihrer Verpackungen sicherstellen wollen, mehrere Vorteile:<\/p>\n\n\n\n<ol class=\"wp-block-list\">\n<li><strong>Genaue Druckmessung:<\/strong> Das Pr\u00fcfger\u00e4t liefert pr\u00e4zise Messungen des Drucks, bei dem die Verpackung versagt, und hilft den Herstellern, die Festigkeit ihrer Verpackungsmaterialien und Dichtungen zu bestimmen.<\/li>\n\n\n\n<li><strong>Simulation der realen Welt:<\/strong> Indem das Pr\u00fcfger\u00e4t die Verpackung einem zunehmenden Innendruck aussetzt, simuliert es die Bedingungen, denen die Verpackung w\u00e4hrend des Transports ausgesetzt ist, und stellt sicher, dass sie den realen Belastungen standh\u00e4lt.<\/li>\n\n\n\n<li><strong>Schnelles und effizientes Testen:<\/strong> Das Berstpr\u00fcfger\u00e4t f\u00fcr Beutel wurde f\u00fcr schnelle und effiziente Tests entwickelt, mit denen Hersteller eine gro\u00dfe Anzahl von Verpackungen in kurzer Zeit pr\u00fcfen k\u00f6nnen.<\/li>\n\n\n\n<li><strong>Einhaltung von Industriestandards:<\/strong> Das Pr\u00fcfger\u00e4t ist vollst\u00e4ndig konform mit <strong>ASTM F1140<\/strong> und <strong>ASTM F2054<\/strong>, Sie stellen sicher, dass die Hersteller die Industrienormen f\u00fcr die Verpackungsleistung erf\u00fcllen.<\/li>\n<\/ol>\n\n\n\n<p><strong>Schlussfolgerung<\/strong><\/p>\n\n\n\n<p>Die <strong>Beutel-Berstpr\u00fcfger\u00e4t<\/strong> ist ein wesentliches Instrument zur Bewertung der Berstfestigkeit und Integrit\u00e4t von flexiblen Verpackungen. Durch die Verwendung von Berstpr\u00fcfungen und Druckabfalltests in \u00dcbereinstimmung mit Normen wie <strong>ASTM F1140<\/strong> und <strong>ASTM F2054<\/strong>, k\u00f6nnen die Hersteller sicherstellen, dass ihre Verpackungsmaterialien einen angemessenen Schutz f\u00fcr die darin enthaltenen Produkte bieten.<\/p>\n\n\n\n<p>F\u00fcr Unternehmen in Branchen wie Lebensmittel, Pharmazeutika und medizinische Ger\u00e4te ist die Investition in ein <strong>Beutel-Berstpr\u00fcfger\u00e4t<\/strong> ist ein wichtiger Schritt, um qualitativ hochwertige Verpackungen zu erhalten, die dem Druck in der Lieferkette standhalten. Bei Cell Instruments bieten wir leistungsstarke Pr\u00fcfl\u00f6sungen an, die den vielf\u00e4ltigen Anforderungen der Verpackungsindustrie gerecht werden.<\/p>","protected":false},"excerpt":{"rendered":"<p>In the packaging industry, ensuring the integrity and strength of a package is crucial, especially for industries like food, pharmaceuticals, and medical devices. One of the most reliable methods for evaluating package durability is the pouch burst tester. This device is designed to test the burst strength of flexible packages, ensuring that they can withstand [&hellip;]<\/p>","protected":false},"featured_media":1172,"parent":0,"template":"","meta":{"_acf_changed":true},"product-category":[62],"class_list":["post-1171","product","type-product","status-publish","has-post-thumbnail","hentry","product-category-pressure-decay-test"],"acf":[],"_links":{"self":[{"href":"https:\/\/www.packtests.com\/de\/wp-json\/wp\/v2\/product\/1171","targetHints":{"allow":["GET"]}}],"collection":[{"href":"https:\/\/www.packtests.com\/de\/wp-json\/wp\/v2\/product"}],"about":[{"href":"https:\/\/www.packtests.com\/de\/wp-json\/wp\/v2\/types\/product"}],"wp:featuredmedia":[{"embeddable":true,"href":"https:\/\/www.packtests.com\/de\/wp-json\/wp\/v2\/media\/1172"}],"wp:attachment":[{"href":"https:\/\/www.packtests.com\/de\/wp-json\/wp\/v2\/media?parent=1171"}],"wp:term":[{"taxonomy":"product-category","embeddable":true,"href":"https:\/\/www.packtests.com\/de\/wp-json\/wp\/v2\/product-category?post=1171"}],"curies":[{"name":"wp","href":"https:\/\/api.w.org\/{rel}","templated":true}]}}