{"id":1143,"date":"2026-03-25T03:02:25","date_gmt":"2026-03-25T03:02:25","guid":{"rendered":"https:\/\/www.packtests.com\/?post_type=product&#038;p=1143"},"modified":"2026-03-26T05:17:07","modified_gmt":"2026-03-26T05:17:07","slug":"leak-tester-for-packaging","status":"publish","type":"product","link":"https:\/\/www.packtests.com\/es\/product\/leak-tester-for-packaging\/","title":{"rendered":"Comprobador de fugas LT para envases"},"content":{"rendered":"<p>Garantizar la integridad de los envases es crucial en diversas industrias, especialmente cuando se trata de mantener la seguridad y la calidad de los productos. A <strong>comprobador de fugas en envases<\/strong> es una herramienta esencial para detectar fugas en envases como botellas, tarros y otros recipientes r\u00edgidos o flexibles. Entre los distintos tipos de m\u00e9todos de prueba de fugas, el <strong>comprobador de fugas de vac\u00edo<\/strong> destaca como una t\u00e9cnica fiable y ampliamente utilizada. Este art\u00edculo se centrar\u00e1 en la <strong>comprobador de fugas de vac\u00edo<\/strong>, su aplicaci\u00f3n en las pruebas de envasado, y las <strong>Normas ASTM<\/strong> como <strong>ASTM D4991<\/strong> y <strong>ASTM D3078<\/strong>.<\/p>\n\n\n\n<h2 class=\"wp-block-heading\">La importancia de las pruebas de estanqueidad en el envasado<\/h2>\n\n\n\n<p>Las pruebas de estanqueidad son un proceso esencial para garantizar la calidad de los envases. Garantiza que los productos, especialmente los sensibles a factores ambientales como la humedad o el aire, est\u00e9n sellados correctamente durante el transporte y el almacenamiento. Tanto si se trata de productos farmac\u00e9uticos como de envases alimentarios o materiales peligrosos, una prueba de fugas fiable es esencial. <strong>comprobador de fugas en envases<\/strong> es esencial para garantizar que sus envases cumplen las normas de rendimiento exigidas.<\/p>\n\n\n\n<p>Las fugas en los envases pueden provocar contaminaci\u00f3n, deterioro o incluso situaciones peligrosas cuando se transportan materiales peligrosos. Mediante el uso de un <strong>comprobador de fugas de vac\u00edo<\/strong>, Los fabricantes pueden detectar incluso las fugas m\u00e1s peque\u00f1as y garantizar la seguridad e integridad del producto.<\/p>\n\n\n\n<h2 class=\"wp-block-heading\">Comprobador de fugas por vac\u00edo: C\u00f3mo funciona<\/h2>\n\n\n\n<p>En <strong>comprobador de fugas de vac\u00edo<\/strong> es una herramienta espec\u00edfica dise\u00f1ada para comprobar la integridad de los envases r\u00edgidos. El proceso consiste en someter el envase al vac\u00edo para identificar fugas observando las burbujas de aire o el l\u00edquido que se escapa del envase. Este m\u00e9todo es muy utilizado por su precisi\u00f3n y su capacidad para detectar defectos m\u00ednimos en los materiales de envasado.<\/p>\n\n\n\n<p>Una de las principales ventajas del <strong>comprobador de fugas de vac\u00edo<\/strong> es su capacidad para probar envases sin modificar su estructura ni sus cierres. La prueba se realiza en condiciones de presi\u00f3n diferencial, lo que la hace adecuada para envases de transporte de aire y l\u00edquidos. Las normas m\u00e1s utilizadas para las pruebas de fugas al vac\u00edo son <strong>ASTM D4991<\/strong> y <strong>ASTM D3078<\/strong>.<\/p>\n\n\n\n<h2 class=\"wp-block-heading\">ASTM D4991: M\u00e9todo de ensayo est\u00e1ndar para la prueba de estanqueidad al vac\u00edo de recipientes r\u00edgidos<\/h2>\n\n\n\n<p><strong>ASTM D4991<\/strong> describe el m\u00e9todo de ensayo normalizado para la prueba de estanqueidad de recipientes r\u00edgidos vac\u00edos mediante el m\u00e9todo de vac\u00edo. Esta norma es especialmente \u00fatil para el ensayo de recipientes destinados al transporte de l\u00edquidos peligrosos, como los regulados por la <strong>Recomendaciones de las Naciones Unidas relativas al transporte de mercanc\u00edas peligrosas (UN TDG)<\/strong> y el <strong>Organizaci\u00f3n de Aviaci\u00f3n Civil Internacional (OACI)<\/strong>.<\/p>\n\n\n\n<h3 class=\"wp-block-heading\">Aspectos clave de la norma ASTM D4991:<\/h3>\n\n\n\n<ul class=\"wp-block-list\">\n<li><strong>Procedimiento de ensayo<\/strong>: El recipiente se sumerge en una soluci\u00f3n de etilenglicol y agua, y se aplica vac\u00edo para crear una presi\u00f3n diferencial de aproximadamente <strong>95 kPa (13,8 psi)<\/strong>.<\/li>\n\n\n\n<li><strong>Detecci\u00f3n de fugas<\/strong>: Se observa si hay burbujas de aire en el recipiente durante la despresurizaci\u00f3n o si hay l\u00edquido dentro del recipiente despu\u00e9s de volver a presurizarlo.<\/li>\n\n\n\n<li><strong>Contenedores probados<\/strong>: Los contenedores r\u00edgidos, incluidos sus cierres, que se utilizan para transportar materiales o l\u00edquidos peligrosos se someten a ensayo seg\u00fan este m\u00e9todo.<\/li>\n<\/ul>\n\n\n\n<p>Esta norma ayuda a determinar el punto en el que comienzan las fugas, proporcionando informaci\u00f3n crucial para mejorar los dise\u00f1os de los envases con el fin de evitar fugas.<\/p>\n\n\n\n<h2 class=\"wp-block-heading\">ASTM D3078: M\u00e9todo de ensayo est\u00e1ndar para la prueba de estanqueidad al vac\u00edo de envases flexibles<\/h2>\n\n\n\n<p><strong>ASTM D3078<\/strong> es el m\u00e9todo de ensayo est\u00e1ndar para la comprobaci\u00f3n de fugas en vac\u00edo de envases flexibles. A diferencia de <strong>ASTM D4991<\/strong>, que se centra en los envases r\u00edgidos, <strong>ASTM D3078<\/strong> se aplica a envases flexibles como bolsas o bolsitas.<\/p>\n\n\n\n<h3 class=\"wp-block-heading\">Aspectos clave de la norma ASTM D3078:<\/h3>\n\n\n\n<ul class=\"wp-block-list\">\n<li><strong>Pruebas de vac\u00edo<\/strong>: El envase se somete a vac\u00edo para simular las condiciones que podr\u00eda experimentar durante el transporte o el almacenamiento.<\/li>\n\n\n\n<li><strong>Detecci\u00f3n de fugas<\/strong>: Como con <strong>ASTM D4991<\/strong>, Si se detecta alguna fuga, se observan burbujas de aire o l\u00edquido en el interior del envase despu\u00e9s de volver a presurizarlo.<\/li>\n<\/ul>\n\n\n\n<p>Esta norma se utiliza habitualmente en industrias como la alimentaria y la farmac\u00e9utica, donde la flexibilidad del envase y la prevenci\u00f3n de fugas son fundamentales para mantener la calidad del producto.<\/p>\n\n\n\n<h2 class=\"wp-block-heading\">Ventajas de utilizar un detector de fugas para envases<\/h2>\n\n\n\n<p>Utilizando un <strong>comprobador de fugas en envases<\/strong> ofrece numerosas ventajas a los fabricantes:<\/p>\n\n\n\n<ol class=\"wp-block-list\">\n<li><strong>Mayor integridad del producto<\/strong>: Las pruebas de estanqueidad garantizan que los productos permanezcan seguros y protegidos durante el transporte y el almacenamiento, evitando su contaminaci\u00f3n o deterioro.<\/li>\n\n\n\n<li><strong>Cumplimiento de las normas del sector<\/strong>: Cumpliendo normas como <strong>ASTM D4991<\/strong> y <strong>ASTM D3078<\/strong>, Los fabricantes se aseguran de que sus envases cumplen las normas de seguridad y calidad exigidas por diversas industrias.<\/li>\n\n\n\n<li><strong>Rentable<\/strong>: La detecci\u00f3n de fugas en una fase temprana del proceso de producci\u00f3n puede ayudar a reducir los residuos y evitar costosas retiradas o repeticiones del producto.<\/li>\n\n\n\n<li><strong>Mejora de la satisfacci\u00f3n del cliente<\/strong>: Unas pruebas de estanqueidad adecuadas garantizan que los clientes reciban los productos en condiciones \u00f3ptimas, lo que redunda en una mayor confianza y satisfacci\u00f3n.<\/li>\n<\/ol>\n\n\n\n<h2 class=\"wp-block-heading\">\u00bfPor qu\u00e9 elegir los comprobadores de fugas Cell Instruments?<\/h2>\n\n\n\n<p>En <strong>Cell Instruments<\/strong>, nos especializamos en proporcionar <strong>comprobadores de estanqueidad para envases<\/strong> que est\u00e1n dise\u00f1ados para satisfacer las rigurosas exigencias de diversas industrias. Nuestra <strong>comprobadores de fugas por vac\u00edo<\/strong> cumplen las normas ASTM, incluidas <strong>ASTM D4991<\/strong> y <strong>ASTM D3078<\/strong>, garantizando que la integridad de sus envases se comprueba de forma precisa y fiable.<\/p>\n\n\n\n<p>Nuestra <strong>comprobadores de fugas<\/strong> son f\u00e1ciles de usar, proporcionan resultados precisos y est\u00e1n fabricados para manejar una amplia gama de tipos de envases, desde envases r\u00edgidos hasta envases flexibles. Ya se trate de envases alimentarios, farmac\u00e9uticos o de materiales peligrosos, nuestros instrumentos ofrecen la durabilidad y precisi\u00f3n que necesita para un control de calidad eficaz.<\/p>\n\n\n\n<h2 class=\"wp-block-heading\">Conclusiones: Garantizar la calidad de los envases con comprobadores de fugas<\/h2>\n\n\n\n<p>En el mundo del envasado, garantizar la integridad de los envases es vital para la seguridad del producto, la calidad y el cumplimiento de la normativa del sector. El sitio <strong>comprobador de fugas en envases<\/strong> desempe\u00f1a un papel crucial en la identificaci\u00f3n de fugas que podr\u00edan comprometer la integridad de un producto durante su transporte o almacenamiento.<\/p>\n\n\n\n<p>Utilizando <strong>comprobadores de fugas por vac\u00edo<\/strong> y el cumplimiento de normas como <strong>ASTM D4991<\/strong> y <strong>ASTM D3078<\/strong>, Los fabricantes pueden garantizar que sus envases cumplen los requisitos necesarios de resistencia a las fugas. En <strong>Cell Instruments<\/strong>, Ofrecemos soluciones fiables de pruebas de fugas para ayudarle a mantener los m\u00e1s altos niveles de calidad y seguridad en sus procesos de envasado.<\/p>\n\n\n\n<p>Para m\u00e1s informaci\u00f3n <strong>comprobadores de estanqueidad para envases<\/strong>, P\u00f3ngase en contacto con nosotros hoy mismo y aseg\u00farese de que sus productos cumplen las mejores normas del sector.<\/p>\n\n\n\n<p><\/p>","protected":false},"excerpt":{"rendered":"<p>Ensuring the integrity of packaging is crucial in various industries, especially when it comes to maintaining the safety and quality of products. A leak tester for packaging is an essential tool used to detect leaks in packaging containers, such as bottles, jars, and other rigid or flexible containers. Among the different types of leak testing [&hellip;]<\/p>","protected":false},"featured_media":1148,"parent":0,"template":"","meta":{"_acf_changed":true},"product-category":[59],"class_list":["post-1143","product","type-product","status-publish","has-post-thumbnail","hentry","product-category-bubble-emission-test"],"acf":[],"_links":{"self":[{"href":"https:\/\/www.packtests.com\/es\/wp-json\/wp\/v2\/product\/1143","targetHints":{"allow":["GET"]}}],"collection":[{"href":"https:\/\/www.packtests.com\/es\/wp-json\/wp\/v2\/product"}],"about":[{"href":"https:\/\/www.packtests.com\/es\/wp-json\/wp\/v2\/types\/product"}],"wp:featuredmedia":[{"embeddable":true,"href":"https:\/\/www.packtests.com\/es\/wp-json\/wp\/v2\/media\/1148"}],"wp:attachment":[{"href":"https:\/\/www.packtests.com\/es\/wp-json\/wp\/v2\/media?parent=1143"}],"wp:term":[{"taxonomy":"product-category","embeddable":true,"href":"https:\/\/www.packtests.com\/es\/wp-json\/wp\/v2\/product-category?post=1143"}],"curies":[{"name":"wp","href":"https:\/\/api.w.org\/{rel}","templated":true}]}}