{"id":1160,"date":"2026-03-25T07:33:37","date_gmt":"2026-03-25T07:33:37","guid":{"rendered":"https:\/\/www.packtests.com\/?post_type=product&#038;p=1160"},"modified":"2026-03-26T05:21:25","modified_gmt":"2026-03-26T05:21:25","slug":"gross-leak-bubble-tester","status":"publish","type":"product","link":"https:\/\/www.packtests.com\/es\/product\/gross-leak-bubble-tester\/","title":{"rendered":"GLT-01 Medidor de burbujas de fuga bruta"},"content":{"rendered":"<p>En las industrias de envasado, garantizar la integridad del material de envasado es crucial para la protecci\u00f3n del producto durante el tr\u00e1nsito y el almacenamiento. El sitio <strong>comprobador de burbujas de fuga bruta<\/strong> es una herramienta esencial utilizada para identificar fugas significativas en los envases, garantizando la hermeticidad necesaria para proteger contenidos como alimentos, productos farmac\u00e9uticos y dispositivos m\u00e9dicos. Este art\u00edculo ofrece una visi\u00f3n en profundidad de la <strong>comprobador de burbujas de fuga bruta<\/strong>, su papel en <strong>detecci\u00f3n de fugas brutas<\/strong>, y sus aplicaciones en <strong>pruebas de paquetes<\/strong>. Tambi\u00e9n hablaremos de normas relevantes como <strong>ASTM F2096<\/strong> que ayudan a evaluar la eficacia de los materiales de envasado.<\/p>\n\n\n\n<h2 class=\"wp-block-heading\"><strong>\u00bfQu\u00e9 es un medidor de burbujas de fuga bruta?<\/strong><\/h2>\n\n\n\n<p>A <strong>comprobador de burbujas de fuga bruta<\/strong> es un dispositivo utilizado para detectar fugas importantes en los envases, normalmente aplicando presi\u00f3n interna y observando la formaci\u00f3n de burbujas. Este m\u00e9todo consiste en sumergir el envase en una soluci\u00f3n en la que se introduce aire a presi\u00f3n. Si el envase est\u00e1 en mal estado, perder\u00e1 aire, produciendo burbujas visibles que indican zonas de fallo.<\/p>\n\n\n\n<p>Este m\u00e9todo de ensayo es eficaz para detectar fugas tanto en <strong>envases r\u00edgidos y flexibles<\/strong>, garantizando que los envases mantengan su integridad bajo presi\u00f3n. Su uso est\u00e1 muy extendido en sectores como el farmac\u00e9utico, el alimentario y el de envases m\u00e9dicos, donde los cierres herm\u00e9ticos son fundamentales para garantizar la seguridad y la calidad del producto.<\/p>\n\n\n\n<h2 class=\"wp-block-heading\"><strong>Comprensi\u00f3n de la prueba de fugas por inmersi\u00f3n en burbuja<\/strong><\/h2>\n\n\n\n<p>En <strong>prueba de estanqueidad por inmersi\u00f3n en burbuja<\/strong> es un m\u00e9todo habitual para detectar fugas graves en los envases. Durante esta prueba, se sumerge un envase en agua u otra soluci\u00f3n adecuada, y se aplica presi\u00f3n para crear presi\u00f3n interna dentro del envase. Si el envase tiene alguna fuga, el aire escapar\u00e1 a trav\u00e9s de estos defectos, formando burbujas que pueden observarse f\u00e1cilmente. Las burbujas indican la presencia de un punto de fallo, como un agujero de alfiler, una grieta o un sellado incorrecto.<\/p>\n\n\n\n<p>Se prefiere este m\u00e9todo de ensayo porque es muy sensible a fugas de hasta 250 micras, dependiendo de la presi\u00f3n utilizada. El sitio <strong>prueba de estanqueidad por inmersi\u00f3n en burbuja<\/strong> es una forma fiable de comprobar la calidad general y la seguridad de los materiales de envasado antes de que se utilicen para contener productos sensibles.<\/p>\n\n\n\n<h2 class=\"wp-block-heading\"><strong>ASTM F2096: M\u00e9todo de prueba est\u00e1ndar para la detecci\u00f3n de fugas brutas<\/strong><\/h2>\n\n\n\n<p><strong>ASTM F2096<\/strong> es el m\u00e9todo de ensayo est\u00e1ndar para detectar <strong>fugas gruesas<\/strong> en envases mediante la prueba de burbuja de presurizaci\u00f3n interna. Esta norma describe el procedimiento para identificar grandes fugas en materiales de envasado r\u00edgidos y flexibles. La prueba se realiza aplicando una presi\u00f3n predeterminada al envase, que se sumerge en agua. Si hay fugas, se observar\u00e1 una corriente continua de burbujas.<\/p>\n\n\n\n<p>En <strong>ASTM F2096<\/strong> tambi\u00e9n define la sensibilidad de la prueba, que puede detectar fugas de hasta 250 micras con una probabilidad de 81%. Esto la convierte en una herramienta esencial para garantizar la integridad de los envases, sobre todo en industrias en las que es crucial mantener entornos est\u00e9riles o libres de contaminaci\u00f3n.<\/p>\n\n\n\n<h2 class=\"wp-block-heading\"><strong>El papel del detector de fugas gruesas en las pruebas de envases<\/strong><\/h2>\n\n\n\n<p>Utilizando un <strong>comprobador de fugas brutas para pruebas de envases<\/strong> es esencial para garantizar que los materiales de envasado son capaces de soportar los rigores del transporte y el almacenamiento. Este m\u00e9todo ayuda a identificar los puntos d\u00e9biles del envase, como:<\/p>\n\n\n\n<ul class=\"wp-block-list\">\n<li><strong>Agujeros<\/strong><\/li>\n\n\n\n<li><strong>Grietas<\/strong><\/li>\n\n\n\n<li><strong>Juntas inadecuadas<\/strong><\/li>\n<\/ul>\n\n\n\n<p>Utilizando el <strong>comprobador de burbujas de fuga bruta<\/strong>, Los fabricantes pueden detectar estos problemas a tiempo, evitando costosos fallos, retiradas o da\u00f1os en los productos. La capacidad de detectar estas fugas antes de que el envase se env\u00ede garantiza que los productos sean seguros y cumplan las normas reglamentarias.<\/p>\n\n\n\n<h2 class=\"wp-block-heading\"><strong>Ventajas de utilizar un detector de fugas bruto<\/strong><\/h2>\n\n\n\n<ol class=\"wp-block-list\">\n<li><strong>Detecci\u00f3n precisa de fugas<\/strong>: La <strong>comprobador de burbujas de fuga bruta<\/strong> garantiza que se identifiquen incluso las fugas m\u00e1s peque\u00f1as, lo que contribuye a mejorar la calidad general de los envases.<\/li>\n\n\n\n<li><strong>Rentabilidad<\/strong>: Al detectar a tiempo los defectos de los envases, los fabricantes pueden evitar el coste de las devoluciones, las mercanc\u00edas da\u00f1adas y las sanciones reglamentarias.<\/li>\n\n\n\n<li><strong>Mayor rendimiento de los envases<\/strong>: Las pruebas peri\u00f3dicas garantizan que los materiales de envasado mantengan su integridad bajo presi\u00f3n, lo que reduce el riesgo de fugas durante el transporte.<\/li>\n\n\n\n<li><strong>Cumplimiento de las normas<\/strong>: Adhesi\u00f3n a <strong>ASTM F2096<\/strong> y normas similares garantiza el cumplimiento de la normativa del sector, mejorando la seguridad del producto envasado.<\/li>\n<\/ol>\n\n\n\n<p><\/p>\n\n\n\n<p>Para las empresas que desean mejorar la calidad de los envases, la inversi\u00f3n en un <strong>comprobador de fugas brutas para pruebas de envases<\/strong> es una decisi\u00f3n inteligente. No s\u00f3lo ayuda a garantizar la seguridad de los envases, sino que tambi\u00e9n contribuye al cumplimiento de la normativa y al ahorro de costes. En Cell Instruments ofrecemos <strong>medidores de fugas brutas<\/strong> dise\u00f1ado para satisfacer las rigurosas exigencias de las pruebas de envasado.<\/p>\n\n\n\n<p><\/p>","protected":false},"excerpt":{"rendered":"<p>In packaging industries, ensuring the integrity of the packaging material is crucial for product protection during transit and storage. The gross leak bubble tester is an essential tool used to identify significant leaks in packaging, ensuring the airtightness required to protect contents like food, pharmaceuticals, and medical devices. This article provides an in-depth look into [&hellip;]<\/p>","protected":false},"featured_media":1161,"parent":0,"template":"","meta":{"_acf_changed":true},"product-category":[60],"class_list":["post-1160","product","type-product","status-publish","has-post-thumbnail","hentry","product-category-pressurization"],"acf":[],"_links":{"self":[{"href":"https:\/\/www.packtests.com\/es\/wp-json\/wp\/v2\/product\/1160","targetHints":{"allow":["GET"]}}],"collection":[{"href":"https:\/\/www.packtests.com\/es\/wp-json\/wp\/v2\/product"}],"about":[{"href":"https:\/\/www.packtests.com\/es\/wp-json\/wp\/v2\/types\/product"}],"wp:featuredmedia":[{"embeddable":true,"href":"https:\/\/www.packtests.com\/es\/wp-json\/wp\/v2\/media\/1161"}],"wp:attachment":[{"href":"https:\/\/www.packtests.com\/es\/wp-json\/wp\/v2\/media?parent=1160"}],"wp:term":[{"taxonomy":"product-category","embeddable":true,"href":"https:\/\/www.packtests.com\/es\/wp-json\/wp\/v2\/product-category?post=1160"}],"curies":[{"name":"wp","href":"https:\/\/api.w.org\/{rel}","templated":true}]}}