{"id":1166,"date":"2026-03-26T01:17:05","date_gmt":"2026-03-26T01:17:05","guid":{"rendered":"https:\/\/www.packtests.com\/?post_type=product&#038;p=1166"},"modified":"2026-03-26T05:14:30","modified_gmt":"2026-03-26T05:14:30","slug":"packaging-vacuum-decay-tester","status":"publish","type":"product","link":"https:\/\/www.packtests.com\/es\/product\/packaging-vacuum-decay-tester\/","title":{"rendered":"MLT-01 Comprobador del deterioro del vac\u00edo de los envases"},"content":{"rendered":"<p>En la industria del envasado, garantizar la integridad de los envases es fundamental, sobre todo en sectores como el alimentario, el farmac\u00e9utico y el de los productos sanitarios. Uno de los m\u00e9todos m\u00e1s eficaces para la detecci\u00f3n no destructiva de fugas en envases es el uso de la <strong>comprobador del deterioro del vac\u00edo de los envases<\/strong>. Esta herramienta est\u00e1 dise\u00f1ada para identificar fugas midiendo la disminuci\u00f3n de los niveles de vac\u00edo a lo largo del tiempo. Ayuda a los fabricantes a garantizar que sus productos cumplen las estrictas normas de integridad de los envases. Este art\u00edculo explora la <strong>comprobador del deterioro del vac\u00edo de los envases<\/strong>, su importancia, la <strong>ASTM F2338<\/strong> norma, y su papel en <strong>pruebas de integridad de envases r\u00edgidos<\/strong>.<\/p>\n\n\n\n<h2 class=\"wp-block-heading\"><strong>\u00bfQu\u00e9 es un vacu\u00f3metro de envases?<\/strong><\/h2>\n\n\n\n<p>A <strong>comprobador del deterioro del vac\u00edo de los envases<\/strong> es un m\u00e9todo de ensayo no destructivo utilizado para detectar fugas en los envases. El comprobador funciona aplicando vac\u00edo dentro de la c\u00e1mara de envasado, controlando los niveles de vac\u00edo y detectando cualquier cambio causado por fugas. A medida que el vac\u00edo disminuye, cualquier escape de gas o vapor del envase afectar\u00e1 a la presi\u00f3n, lo que permite al comprobador identificar la ubicaci\u00f3n y gravedad de la fuga.<\/p>\n\n\n\n<p>Este m\u00e9todo de ensayo es muy preciso y r\u00e1pido, por lo que resulta adecuado para entornos de producci\u00f3n de gran volumen. Es especialmente \u00fatil para probar envases r\u00edgidos, que requieren un sellado preciso para garantizar la seguridad y la calidad del producto durante el transporte y el almacenamiento.<\/p>\n\n\n\n<h2 class=\"wp-block-heading\"><strong>Comprensi\u00f3n de la norma ASTM F2338: Norma para ensayos de descomposici\u00f3n en vac\u00edo<\/strong><\/h2>\n\n\n\n<p><strong>ASTM F2338<\/strong> es el m\u00e9todo de ensayo est\u00e1ndar para la detecci\u00f3n no destructiva de fugas en envases mediante el m\u00e9todo de descomposici\u00f3n al vac\u00edo. Seg\u00fan esta norma, se coloca un envase de prueba dentro de una c\u00e1mara de vac\u00edo en la que se aplica presi\u00f3n de vac\u00edo. La c\u00e1mara se a\u00edsla de la fuente de vac\u00edo y la presi\u00f3n interior se controla a lo largo del tiempo. Si hay una fuga, el vac\u00edo disminuir\u00e1 a un ritmo mensurable, que puede seguirse para detectar fugas.<\/p>\n\n\n\n<p>En <strong>ASTM F2338<\/strong> es valioso porque proporciona una forma sensible y fiable de detectar fugas en los envases sin poner en peligro el producto. Se utiliza a menudo en pruebas de dispositivos m\u00e9dicos, envases de alimentos y productos farmac\u00e9uticos, garantizando que permanezcan sellados y libres de contaminantes.<\/p>\n\n\n\n<h2 class=\"wp-block-heading\"><strong>C\u00f3mo funciona el comprobador de la descomposici\u00f3n de envases al vac\u00edo<\/strong><\/h2>\n\n\n\n<p>En <strong>comprobador del deterioro del vac\u00edo de los envases<\/strong> funciona introduciendo un vac\u00edo controlado en la c\u00e1mara de pruebas. El envase que se est\u00e1 probando se coloca dentro de la c\u00e1mara y el sistema empieza a controlar los niveles de vac\u00edo. Con el tiempo, cualquier fuga en el envase har\u00e1 que el nivel de vac\u00edo disminuya, lo que proporcionar\u00e1 una indicaci\u00f3n clara de la existencia de una fuga.<\/p>\n\n\n\n<h3 class=\"wp-block-heading\"><strong>Pasos de la prueba de descomposici\u00f3n en vac\u00edo:<\/strong><\/h3>\n\n\n\n<ol class=\"wp-block-list\">\n<li><strong>Aplicaci\u00f3n de vac\u00edo:<\/strong> El paquete de prueba se coloca en la c\u00e1mara y se aplica vac\u00edo.<\/li>\n\n\n\n<li><strong>Monitorizaci\u00f3n de la descomposici\u00f3n en vac\u00edo:<\/strong> La presi\u00f3n en el interior de la c\u00e1mara se controla para detectar cambios.<\/li>\n\n\n\n<li><strong>Detecci\u00f3n de fugas:<\/strong> Si hay una fuga, el vac\u00edo disminuir\u00e1 debido a la salida de gas o vapor del envase, lo que indica la presencia de un fallo.<\/li>\n<\/ol>\n\n\n\n<p>Este m\u00e9todo es muy eficaz para detectar fugas que no son visibles, especialmente en envases r\u00edgidos, que pueden tener fugas peque\u00f1as o dif\u00edciles de detectar que comprometen la integridad del producto.<\/p>\n\n\n\n<h2 class=\"wp-block-heading\"><strong>Importancia de la detecci\u00f3n no destructiva de fugas<\/strong><\/h2>\n\n\n\n<p><strong>Detecci\u00f3n no destructiva de fugas<\/strong> es vital para mantener la calidad y seguridad de los productos en la industria del envasado. A diferencia de los m\u00e9todos tradicionales de detecci\u00f3n de fugas, que pueden da\u00f1ar el producto o el envase, el m\u00e9todo de descomposici\u00f3n al vac\u00edo es totalmente no invasivo. Esto garantiza que el envase pueda someterse a prueba sin verse comprometido, lo que es especialmente importante en el caso de productos sanitarios o alimentarios est\u00e9riles.<\/p>\n\n\n\n<p>Utilizando un <strong>comprobador del deterioro del vac\u00edo de los envases<\/strong>, los fabricantes pueden:<\/p>\n\n\n\n<ul class=\"wp-block-list\">\n<li>Aseg\u00farese de que los envases est\u00e1n bien cerrados.<\/li>\n\n\n\n<li>Evitar la contaminaci\u00f3n o degradaci\u00f3n de los productos.<\/li>\n\n\n\n<li>Mejore la vida \u00fatil del producto manteniendo los cierres herm\u00e9ticos.<\/li>\n\n\n\n<li>Cumplir normas industriales como <strong>ASTM F2338<\/strong>.<\/li>\n<\/ul>\n\n\n\n<h2 class=\"wp-block-heading\"><strong>Papel del comprobador de ca\u00edda de vac\u00edo de envases en las pruebas de integridad de envases r\u00edgidos<\/strong><\/h2>\n\n\n\n<p><strong>Pruebas de integridad de contenedores r\u00edgidos<\/strong> es crucial para los productos que requieren cierres fuertes y herm\u00e9ticos para evitar la contaminaci\u00f3n. El <strong>comprobador del deterioro del vac\u00edo de los envases<\/strong> desempe\u00f1a un papel importante en este proceso al identificar fugas que podr\u00edan comprometer la integridad del producto. Esto es especialmente importante en sectores como el farmac\u00e9utico, en el que las fugas podr\u00edan provocar la exposici\u00f3n a agentes nocivos, o el envasado de alimentos, en el que la contaminaci\u00f3n puede estropear el producto.<\/p>\n\n\n\n<p>La capacidad de detectar incluso las fugas m\u00e1s peque\u00f1as garantiza que los fabricantes puedan mantener unos est\u00e1ndares de alta calidad y evitar costosas retiradas o da\u00f1os a su reputaci\u00f3n. El sitio <strong>prueba de descomposici\u00f3n en vac\u00edo<\/strong> es un m\u00e9todo r\u00e1pido y eficaz para garantizar que el envase cumple las normas y que el contenido permanece seguro y protegido.<\/p>\n\n\n\n<h3 class=\"wp-block-heading\"><strong>Ventajas de utilizar el comprobador de la putrefacci\u00f3n de envases al vac\u00edo<\/strong><\/h3>\n\n\n\n<ol class=\"wp-block-list\">\n<li><strong>Ensayos no destructivos:<\/strong> El comprobador de putrefacci\u00f3n al vac\u00edo de envases garantiza que los envases se prueben sin sufrir da\u00f1os, manteniendo su integridad para un uso posterior.<\/li>\n\n\n\n<li><strong>Alta sensibilidad:<\/strong> Este m\u00e9todo puede detectar fugas muy peque\u00f1as, garantizando la identificaci\u00f3n de los defectos m\u00e1s peque\u00f1os.<\/li>\n\n\n\n<li><strong>Rapidez y eficacia:<\/strong> La prueba de descomposici\u00f3n en vac\u00edo es r\u00e1pida y puede automatizarse, lo que permite a los fabricantes probar grandes lotes de productos en poco tiempo.<\/li>\n\n\n\n<li><strong>Cumplimiento mejorado:<\/strong> Cumpliendo normas como <strong>ASTM F2338<\/strong>, los fabricantes garantizan que sus productos cumplen los requisitos reglamentarios y las normas del sector.<\/li>\n<\/ol>\n\n\n\n<h2 class=\"wp-block-heading\"><strong>Conclusi\u00f3n<\/strong><\/h2>\n\n\n\n<p>En <strong>comprobador del deterioro del vac\u00edo de los envases<\/strong> es una herramienta esencial para la detecci\u00f3n no destructiva de fugas, que garantiza la integridad de los materiales de envasado. Este m\u00e9todo permite detectar fugas de forma fiable sin da\u00f1ar el producto, ya se trate de alimentos, dispositivos m\u00e9dicos o productos farmac\u00e9uticos. Gracias a su alta sensibilidad y a la rapidez de las pruebas, ayuda a los fabricantes a mantener la calidad y la seguridad de los productos, cumpliendo al mismo tiempo normas industriales como las siguientes <strong>ASTM F2338<\/strong>.<\/p>\n\n\n\n<p>Para las empresas que buscan mejorar la calidad de sus envases y cumplir los requisitos normativos, invertir en un <strong>comprobador del deterioro del vac\u00edo de los envases<\/strong> es una decisi\u00f3n inteligente que mejorar\u00e1 la seguridad de los productos, reducir\u00e1 los riesgos y aumentar\u00e1 la confianza de los clientes. En Cell Instruments ofrecemos soluciones de ensayo de alta calidad adaptadas a las necesidades de diversos sectores.<\/p>\n\n\n\n<p><\/p>","protected":false},"excerpt":{"rendered":"<p>In the packaging industry, ensuring the integrity of packaging is critical, particularly for industries like food, pharmaceuticals, and medical devices. One of the most effective methods for non-destructive leak detection in packaging is using the packaging vacuum decay tester. This tool is designed to identify leaks by measuring the decay in vacuum levels over time. [&hellip;]<\/p>","protected":false},"featured_media":1167,"parent":0,"template":"","meta":{"_acf_changed":true},"product-category":[61],"class_list":["post-1166","product","type-product","status-publish","has-post-thumbnail","hentry","product-category-vacuum-decay-test"],"acf":[],"_links":{"self":[{"href":"https:\/\/www.packtests.com\/es\/wp-json\/wp\/v2\/product\/1166","targetHints":{"allow":["GET"]}}],"collection":[{"href":"https:\/\/www.packtests.com\/es\/wp-json\/wp\/v2\/product"}],"about":[{"href":"https:\/\/www.packtests.com\/es\/wp-json\/wp\/v2\/types\/product"}],"wp:featuredmedia":[{"embeddable":true,"href":"https:\/\/www.packtests.com\/es\/wp-json\/wp\/v2\/media\/1167"}],"wp:attachment":[{"href":"https:\/\/www.packtests.com\/es\/wp-json\/wp\/v2\/media?parent=1166"}],"wp:term":[{"taxonomy":"product-category","embeddable":true,"href":"https:\/\/www.packtests.com\/es\/wp-json\/wp\/v2\/product-category?post=1166"}],"curies":[{"name":"wp","href":"https:\/\/api.w.org\/{rel}","templated":true}]}}