{"id":1171,"date":"2026-03-26T02:24:39","date_gmt":"2026-03-26T02:24:39","guid":{"rendered":"https:\/\/www.packtests.com\/?post_type=product&#038;p=1171"},"modified":"2026-03-26T05:19:53","modified_gmt":"2026-03-26T05:19:53","slug":"pouch-burst-tester","status":"publish","type":"product","link":"https:\/\/www.packtests.com\/es\/product\/pouch-burst-tester\/","title":{"rendered":"LSST-01 Probador de R\u00e1fagas de Bolsas"},"content":{"rendered":"<p>En la industria del envasado, garantizar la integridad y resistencia de un envase es crucial, especialmente en industrias como la alimentaria, la farmac\u00e9utica y la de productos sanitarios. Uno de los m\u00e9todos m\u00e1s fiables para evaluar la durabilidad de los envases es la <strong>comprobador de rotura de bolsas<\/strong>. Este dispositivo est\u00e1 dise\u00f1ado para probar la resistencia a la rotura de los envases flexibles, garantizando que pueden soportar la presi\u00f3n que pueden encontrar durante el transporte y el almacenamiento.<\/p>\n\n\n\n<p>En este art\u00edculo se analiza la <strong>comprobador de rotura de bolsas<\/strong>, su importancia en el control de calidad de los envases y su conformidad con normas como <strong>ASTM F1140<\/strong>. Adem\u00e1s, discutiremos la relevancia de <strong>ASTM F2054<\/strong>, <strong>pruebas de rotura de envases<\/strong>, y el <strong>prueba de ca\u00edda de presi\u00f3n<\/strong> en la determinaci\u00f3n del rendimiento del envase.<\/p>\n\n\n\n<h2 class=\"wp-block-heading\"><strong>\u00bfQu\u00e9 es un comprobador de bolsas reventadas?<\/strong><\/h2>\n\n\n\n<p>A <strong>comprobador de rotura de bolsas<\/strong> es un aparato utilizado para determinar la resistencia al estallido de los envases flexibles, incluidas las bolsas. Para ello, se presuriza internamente el envase hasta que falla. El aparato est\u00e1 dise\u00f1ado para simular las condiciones del mundo real, como los cambios de presi\u00f3n durante el transporte o la esterilizaci\u00f3n, con el fin de evaluar la capacidad del envase para resistir la rotura.<\/p>\n\n\n\n<p>El comprobador funciona aplicando una presi\u00f3n interna controlada al envase hasta que estalla. El punto de rotura suele estar en el cierre del envase o en puntos d\u00e9biles del material. El comprobador mide la presi\u00f3n a la que estalla el envase, proporcionando datos cruciales sobre su durabilidad e integridad.<\/p>\n\n\n\n<h2 class=\"wp-block-heading\"><strong>ASTM F1140: Pruebas de resistencia a la presurizaci\u00f3n interna<\/strong><\/h2>\n\n\n\n<p><strong>ASTM F1140<\/strong> describe los m\u00e9todos de ensayo est\u00e1ndar para evaluar la resistencia al fallo por presurizaci\u00f3n interna de los embalajes no sujetos. La norma incluye varios m\u00e9todos de ensayo que eval\u00faan la resistencia de un bulto a la presi\u00f3n interna:<\/p>\n\n\n\n<ul class=\"wp-block-list\">\n<li><strong>M\u00e9todo de ensayo A (ensayo de rotura):<\/strong> Este m\u00e9todo presuriza el envase hasta que estalla, midiendo la presi\u00f3n m\u00e1xima en el punto de fallo.<\/li>\n\n\n\n<li><strong>M\u00e9todo de ensayo B (ensayo de fluencia):<\/strong> Este m\u00e9todo aplica una presi\u00f3n espec\u00edfica al envase y la mantiene durante un tiempo determinado, determinando si el envase puede soportar la presi\u00f3n sin fallar.<\/li>\n\n\n\n<li><strong>M\u00e9todo de ensayo C (fluencia hasta el fallo):<\/strong> Este m\u00e9todo contin\u00faa presurizando el envase hasta que estalla, registrando el tiempo que tarda en producirse el fallo.<\/li>\n<\/ul>\n\n\n\n<p>Estas pruebas ayudan a garantizar que el envase puede soportar las diferencias de presi\u00f3n que pueden producirse durante la esterilizaci\u00f3n o el transporte. Tambi\u00e9n proporcionan datos valiosos para determinar la idoneidad de los materiales de envasado para productos espec\u00edficos.<\/p>\n\n\n\n<h2 class=\"wp-block-heading\"><strong>La importancia de las pruebas de rotura de envases<\/strong><\/h2>\n\n\n\n<p><strong>Pruebas de rotura<\/strong> es un paso crucial en el control de calidad de los envases. Simula las condiciones extremas a las que puede enfrentarse un envase durante su ciclo de vida. Esto incluye diferencias de presi\u00f3n causadas por factores externos, como cambios de altitud o temperatura, y factores internos, como el contenido del envase.<\/p>\n\n\n\n<p>Utilizando el <strong>comprobador de rotura de bolsas<\/strong>, Los fabricantes pueden garantizar que sus envases soportan estas tensiones sin comprometer la integridad del producto que contienen. Las pruebas de rotura son esenciales para verificar que las juntas y los materiales utilizados en el envase pueden soportar las presiones a las que se enfrentar\u00e1n durante el almacenamiento, el transporte y la manipulaci\u00f3n.<\/p>\n\n\n\n<h2 class=\"wp-block-heading\"><strong>ASTM F2054: Ensayo de rotura para juntas flexibles de embalajes<\/strong><\/h2>\n\n\n\n<p>Otra norma importante para las pruebas de rotura es <strong>ASTM F2054<\/strong>, que se centra en el ensayo de cierres de envases flexibles mediante presurizaci\u00f3n interna con aire dentro de placas de retenci\u00f3n. Este m\u00e9todo es especialmente \u00fatil para probar envases flexibles como bolsas, en los que el estallido suele producirse en la zona de sellado.<\/p>\n\n\n\n<p>En <strong>ASTM F2054<\/strong> el envase se presuriza hasta que falla el precinto. La prueba puede realizarse con el envase abierto o cerrado, seg\u00fan el tipo de envase y los requisitos de la prueba. El objetivo principal de esta prueba es evaluar la resistencia a la rotura del precinto, que es crucial para mantener la integridad del envase y evitar fugas o contaminaci\u00f3n.<\/p>\n\n\n\n<h2 class=\"wp-block-heading\"><strong>Prueba de ca\u00edda de presi\u00f3n: Detecci\u00f3n de fugas sin rotura del envase<\/strong><\/h2>\n\n\n\n<p>Adem\u00e1s de las pruebas de rotura, el <strong>prueba de ca\u00edda de presi\u00f3n<\/strong> es otro m\u00e9todo valioso para comprobar la integridad de los envases. Esta prueba no destructiva mide el cambio de presi\u00f3n en el interior de un envase a lo largo del tiempo. Una ca\u00edda de presi\u00f3n indica que hay una fuga en el envase.<\/p>\n\n\n\n<p>En <strong>prueba de ca\u00edda de presi\u00f3n<\/strong> es especialmente \u00fatil para detectar peque\u00f1as fugas que pueden no ser visibles a simple vista. A diferencia de la prueba de estallido, que provoca la rotura del envase, la prueba de ca\u00edda de presi\u00f3n permite a los fabricantes detectar fugas sin da\u00f1ar el envase, lo que la convierte en un m\u00e9todo ideal para probar productos sensibles.<\/p>\n\n\n\n<h2 class=\"wp-block-heading\"><strong>\u00bfPor qu\u00e9 utilizar un comprobador de rotura de bolsas?<\/strong><\/h2>\n\n\n\n<p>En <strong>comprobador de rotura de bolsas<\/strong> ofrece varias ventajas a los fabricantes que desean garantizar la integridad de sus envases:<\/p>\n\n\n\n<ol class=\"wp-block-list\">\n<li><strong>Medici\u00f3n precisa de la presi\u00f3n:<\/strong> El comprobador proporciona mediciones precisas de la presi\u00f3n a la que falla el envase, lo que ayuda a los fabricantes a determinar la resistencia de sus materiales de envasado y sellos.<\/li>\n\n\n\n<li><strong>Simulaci\u00f3n del mundo real:<\/strong> Al someter el paquete a una presi\u00f3n interna cada vez mayor, el comprobador simula las condiciones a las que se enfrentar\u00e1 el paquete en tr\u00e1nsito, garantizando que pueda soportar las tensiones del mundo real.<\/li>\n\n\n\n<li><strong>Pruebas r\u00e1pidas y eficaces:<\/strong> El comprobador de rotura de bolsas est\u00e1 dise\u00f1ado para realizar pruebas r\u00e1pidas y eficaces, lo que permite a los fabricantes evaluar un gran n\u00famero de envases en poco tiempo.<\/li>\n\n\n\n<li><strong>Cumplimiento de las normas del sector:<\/strong> El comprobador es totalmente conforme con <strong>ASTM F1140<\/strong> y <strong>ASTM F2054<\/strong>, garantizando que los fabricantes cumplen las normas industriales de rendimiento de los envases.<\/li>\n<\/ol>\n\n\n\n<p><strong>Conclusi\u00f3n<\/strong><\/p>\n\n\n\n<p>En <strong>comprobador de rotura de bolsas<\/strong> es una herramienta esencial para evaluar la resistencia a la rotura y la integridad de los envases flexibles. Mediante el uso de pruebas de rotura y de ca\u00edda de presi\u00f3n de acuerdo con normas como <strong>ASTM F1140<\/strong> y <strong>ASTM F2054<\/strong>, Los fabricantes pueden garantizar que sus materiales de envasado protegen adecuadamente los productos que contienen.<\/p>\n\n\n\n<p>Para empresas de sectores como el alimentario, el farmac\u00e9utico y el de los dispositivos m\u00e9dicos, invertir en un <strong>comprobador de rotura de bolsas<\/strong> es un paso clave para mantener envases de alta calidad que puedan soportar las presiones de la cadena de suministro. En Cell Instruments ofrecemos soluciones de ensayo de alto rendimiento para satisfacer las diversas necesidades de la industria del envasado.<\/p>","protected":false},"excerpt":{"rendered":"<p>In the packaging industry, ensuring the integrity and strength of a package is crucial, especially for industries like food, pharmaceuticals, and medical devices. One of the most reliable methods for evaluating package durability is the pouch burst tester. This device is designed to test the burst strength of flexible packages, ensuring that they can withstand [&hellip;]<\/p>","protected":false},"featured_media":1172,"parent":0,"template":"","meta":{"_acf_changed":true},"product-category":[62],"class_list":["post-1171","product","type-product","status-publish","has-post-thumbnail","hentry","product-category-pressure-decay-test"],"acf":[],"_links":{"self":[{"href":"https:\/\/www.packtests.com\/es\/wp-json\/wp\/v2\/product\/1171","targetHints":{"allow":["GET"]}}],"collection":[{"href":"https:\/\/www.packtests.com\/es\/wp-json\/wp\/v2\/product"}],"about":[{"href":"https:\/\/www.packtests.com\/es\/wp-json\/wp\/v2\/types\/product"}],"wp:featuredmedia":[{"embeddable":true,"href":"https:\/\/www.packtests.com\/es\/wp-json\/wp\/v2\/media\/1172"}],"wp:attachment":[{"href":"https:\/\/www.packtests.com\/es\/wp-json\/wp\/v2\/media?parent=1171"}],"wp:term":[{"taxonomy":"product-category","embeddable":true,"href":"https:\/\/www.packtests.com\/es\/wp-json\/wp\/v2\/product-category?post=1171"}],"curies":[{"name":"wp","href":"https:\/\/api.w.org\/{rel}","templated":true}]}}