{"id":1138,"date":"2026-03-20T07:37:21","date_gmt":"2026-03-20T07:37:21","guid":{"rendered":"https:\/\/www.packtests.com\/?post_type=product&#038;p=1138"},"modified":"2026-03-26T05:10:23","modified_gmt":"2026-03-26T05:10:23","slug":"plastic-tensile-strength-tester","status":"publish","type":"product","link":"https:\/\/www.packtests.com\/et\/product\/plastic-tensile-strength-tester\/","title":{"rendered":"TST-01 Plastikust t\u00f5mbetugevuse tester"},"content":{"rendered":"<p><br>A <strong>Plastikust t\u00f5mbetugevuse tester<\/strong> on oluline plastide mehaaniliste omaduste, eriti nende t\u00f5mbej\u00f5u taluvuse hindamisel. T\u00f5mbekatsed annavad v\u00e4\u00e4rtuslikke andmeid plastmaterjalide tugevuse, venivuse ja elastsusmooduli kohta, tagades nende sobivuse erinevateks t\u00f6\u00f6stuslikeks rakendusteks. K\u00e4esolevas artiklis uurime, milline on t\u00e4htsus <strong>Plastikust t\u00f5mbetugevuse tester<\/strong>, keskendudes <strong>ASTM D882<\/strong>, <strong>ISO 527<\/strong>, ja <strong>venivuse t\u00f5mbekatse<\/strong> et m\u00e4\u00e4rata materjali toimivus pinge all.<\/p>\n\n\n\n<h2 class=\"wp-block-heading\">Plastikust t\u00f5mbetugevuse testija roll<\/h2>\n\n\n\n<p>The <strong>Plastikust t\u00f5mbetugevuse tester<\/strong> m\u00f5\u00f5dab, kuidas plastmaterjalid k\u00e4ituvad pinge all, andes olulist teavet materjalide valimiseks konkreetsete rakenduste jaoks. Rakendades kontrollitud j\u00f5udu plastproovile, hindab katseseade selle t\u00f5mbetugevust, pikenemist ja elastsusmoodulit. Need parameetrid on olulised, et m\u00e4\u00e4rata kindlaks materjali v\u00f5ime taluda pinget ilma purunemiseta, mis on eriti oluline materjalide puhul, mida kasutatakse pakendus-, auto- ja muudes t\u00f6\u00f6stusharudes, kus vastupidavus on v\u00f5tmet\u00e4htsusega.<\/p>\n\n\n\n<h2 class=\"wp-block-heading\">ASTM D882 m\u00f5istmine \u00f5hukese plastist plaadi t\u00f5mbeomaduste kohta<\/h2>\n\n\n\n<p><strong>ASTM D882<\/strong> on standardne katsemeetod, mida kasutatakse \u00f5hukese plastkatte t\u00f5mbeomaduste hindamiseks. Selle meetodi puhul m\u00f5\u00f5detakse j\u00f5udu ja venivust plastproovide katsetamisel pinge all. Tulemused, mis saadakse <strong>ASTM D882<\/strong> aitavad tootjatel m\u00e4\u00e4rata selliseid omadusi nagu t\u00f5mbetugevus, katkevenivus ja elastsusmoodul. Need omadused on olulised erinevates toodetes kasutatavate materjalide iseloomustamiseks ja spetsifitseerimiseks.<\/p>\n\n\n\n<ul class=\"wp-block-list\">\n<li><strong>T\u00f5mbetugevus<\/strong>: N\u00e4itab, kui suurt j\u00f5udu materjal enne purunemist vastu peab.<\/li>\n\n\n\n<li><strong>Pikendus<\/strong>: M\u00f5\u00f5dab, kui palju materjal suudab venida, enne kui see j\u00f5uab murdepunkti.<\/li>\n\n\n\n<li><strong>Elastsusmoodul<\/strong>: Annab \u00fclevaate materjali j\u00e4ikusest.<\/li>\n<\/ul>\n\n\n\n<p><strong>ASTM D882<\/strong> kasutatakse laialdaselt t\u00f6\u00f6stusharudes, kus \u00f5hukesed plastkiled on kriitilise t\u00e4htsusega, n\u00e4iteks pakkematerjalides, paindlikus elektroonikas ja muudes rakendustes, kus paindlikkus ja vastupidavus on olulised.<\/p>\n\n\n\n<h2 class=\"wp-block-heading\">ISO 527: Plastide t\u00f5mbeomaduste m\u00e4\u00e4ramine<\/h2>\n\n\n\n<p><strong>ISO 527<\/strong>, t\u00e4psemalt <strong>ISO 527-1:2019<\/strong>, on rahvusvaheline standard plastide t\u00f5mbeomaduste m\u00e4\u00e4ramiseks. Selles standardis on m\u00e4\u00e4ratletud \u00fcldised p\u00f5him\u00f5tted erinevate plastide, sealhulgas termoplastide, termoplastide ja plastkomposiitide t\u00f5mbek\u00e4itumise katsetamiseks. Katse h\u00f5lmab proovile t\u00f5mbej\u00f5u rakendamist ja j\u00f5u ja t\u00f5mbej\u00f5u k\u00f5vera registreerimist, mida kasutatakse t\u00f5mbetugevuse, katkevenivuse ja muude t\u00f5mbeomaduste arvutamiseks.<\/p>\n\n\n\n<p><strong>ISO 527<\/strong> on rakendatav paljude plastmaterjalide, sealhulgas:<\/p>\n\n\n\n<ul class=\"wp-block-list\">\n<li><strong>J\u00e4igad ja poolj\u00e4igad termoplastid<\/strong><\/li>\n\n\n\n<li><strong>Termok\u00f5vastuvad plastid<\/strong><\/li>\n\n\n\n<li><strong>Plastkomposiidid<\/strong><\/li>\n\n\n\n<li><strong>Kiududega tugevdatud plastid<\/strong><\/li>\n<\/ul>\n\n\n\n<p>Standard annab ka juhiseid proovide ettevalmistamise ja tulemuste m\u00f5\u00f5tmise kohta, tagades \u00fchtsed ja korratavad katsetingimused erinevate materjalide ja katseseadmete puhul.<\/p>\n\n\n\n<h2 class=\"wp-block-heading\">Pikenduse t\u00f5mbekatse: M\u00f5\u00f5tmine venitus enne purunemist<\/h2>\n\n\n\n<p>The <strong>venivuse t\u00f5mbekatse<\/strong> on t\u00f5mbekatsete oluline osa, eriti plastiliste materjalide plastilisuse hindamisel. Selle katsega m\u00f5\u00f5detakse, kui palju materjal enne purunemist venib, mis on oluline materjali painduvuse ja pinge talumise v\u00f5ime m\u00e4\u00e4ramiseks. Suurema venivusega materjalid on tavaliselt paindlikumad ja suudavad enne purunemist suuremat deformatsiooni taluda, mist\u00f5ttu sobivad nad rakendusteks, kus n\u00f5utakse paindlikkust.<\/p>\n\n\n\n<p>Pikendust v\u00e4ljendatakse protsendina materjali algpikkusest ja see annab v\u00e4\u00e4rtusliku \u00fclevaate materjali v\u00f5imest taluda venitust ilma murdumata. Plastid, mida kasutatakse sellistes rakendustes nagu pakendikiled v\u00f5i autoosad, saavad kasu j\u00e4rgmiste n\u00e4itajate tasakaalustatusest <strong>t\u00f5mbetugevus<\/strong> ja <strong>venitus<\/strong> et tagada nende terviklikkuse s\u00e4ilitamine, olles samas paindlik.<\/p>\n\n\n\n<h2 class=\"wp-block-heading\">Plastikust t\u00f5mbetugevuse testija eelised materjali anal\u00fc\u00fcsiks<\/h2>\n\n\n\n<p>Kasutades <strong>Plastikust t\u00f5mbetugevuse tester<\/strong> pakub tootjatele ja materjaliteadlastele mitmeid eeliseid:<\/p>\n\n\n\n<ol class=\"wp-block-list\">\n<li><strong>T\u00e4psus ja t\u00e4psus<\/strong>: Tester annab usaldusv\u00e4\u00e4rseid ja korratavaid tulemusi, v\u00f5imaldades t\u00e4pselt m\u00f5\u00f5ta t\u00f5mbetugevust, venivust ja elastsusmoodulit.<\/li>\n\n\n\n<li><strong>Materjalide v\u00f5rdlus<\/strong>: See v\u00f5imaldab v\u00f5rrelda erinevaid plastikmaterjale \u00fchesugustes katsetingimustes, aidates tootjatel valida konkreetsete rakenduste jaoks k\u00f5ige sobivamat materjali.<\/li>\n\n\n\n<li><strong>Kvaliteedikontroll<\/strong>: Kasutades t\u00f5mbekatsetajat, saavad tootjad tagada, et nende plasttooted vastavad n\u00f5utud tugevuse, paindlikkuse ja vastupidavuse spetsifikatsioonidele.<\/li>\n\n\n\n<li><strong>Vastavus standarditele<\/strong>: Testija tagab, et tulemused vastavad <strong>ASTM D882<\/strong> ja <strong>ISO 527<\/strong> standardid, pakkudes andmeid, mis on \u00fclemaailmselt tunnustatud erinevates t\u00f6\u00f6stusharudes.<\/li>\n<\/ol>\n\n\n\n<h2 class=\"wp-block-heading\">Miks valida Cell Instruments\u2019 t\u00f5mbetugevuse katseseadmed?<\/h2>\n\n\n\n<p>Cell Instruments pakub tipptasemel <strong>T\u00f5mbetugevuse katseseadmed<\/strong> mis on ette n\u00e4htud plastide t\u00e4pseks ja t\u00f5husaks t\u00f5mbekatseks. Meie <strong>Plastikust t\u00f5mbetugevuse testid<\/strong> on varustatud t\u00e4iustatud funktsioonidega, mis tagavad suure t\u00e4psuse ja korratavuse, mist\u00f5ttu on need ideaalsed laboratooriumides, teadus- ja arendustegevuses ning kvaliteedikontrolli rakendustes.<\/p>\n\n\n\n<ul class=\"wp-block-list\">\n<li><strong>K\u00f5rge t\u00e4psus<\/strong>: Meie katseseadmed pakuvad t\u00e4pseid j\u00f5u, venivuse ja t\u00f5mbetugevuse m\u00f5\u00f5tmisi.<\/li>\n\n\n\n<li><strong>Mitmek\u00fclgsus<\/strong>: Sobib mitmesuguste materjalide, sealhulgas plastide, komposiitide ja elastomeeride katsetamiseks.<\/li>\n\n\n\n<li><strong>Vastavus standarditele<\/strong>: Meie testijad vastavad \u00fclemaailmsetele standarditele, nagu <strong>ASTM D882<\/strong> ja <strong>ISO 527<\/strong>, tagades, et teie katsemenetlused vastavad t\u00f6\u00f6stusharu n\u00f5uetele.<\/li>\n<\/ul>\n\n\n\n<h2 class=\"wp-block-heading\">Kokkuv\u00f5te<\/h2>\n\n\n\n<p>The <strong>Plastikust t\u00f5mbetugevuse tester<\/strong> on asendamatu vahend plastmaterjalide mehaaniliste omaduste hindamiseks. J\u00e4rgides <strong>ASTM D882<\/strong> ja <strong>ISO 527<\/strong>, saavad tootjad t\u00e4pseid ja j\u00e4rjepidevaid andmeid plastide t\u00f5mbetugevuse, venivuse ja elastsusmooduli kohta. Need omadused on olulised, et m\u00e4\u00e4rata materjali toimivus erinevates rakendustes, alates pakendikilest kuni autoosade valmistamiseni.<\/p>\n\n\n\n<p>Cell Instruments pakub kvaliteetset <strong>T\u00f5mbetugevuse katseseadmed<\/strong> mis aitavad teil tagada oma plastmaterjalide vastupidavuse ja usaldusv\u00e4\u00e4rsuse. Olenemata sellest, kas te t\u00f6\u00f6tate v\u00e4lja uusi tooteid v\u00f5i tagate kvaliteedikontrolli, meie katseseadmed annavad teile andmed, mida vajate teadlike otsuste tegemiseks ja t\u00f6\u00f6stusstandardite t\u00e4itmiseks.<\/p>","protected":false},"excerpt":{"rendered":"<p>Plastide t\u00f5mbetugevuse tester on oluline plastide mehaaniliste omaduste hindamiseks, eriti nende v\u00f5ime taluda t\u00f5mbej\u00f5udu. T\u00f5mbekatsed annavad v\u00e4\u00e4rtuslikke andmeid plastmaterjalide tugevuse, venivuse ja elastsusmooduli kohta, tagades nende sobivuse erinevateks t\u00f6\u00f6stuslikeks rakendusteks. Selles artiklis uurime plastide [...]<\/p>","protected":false},"featured_media":1154,"parent":0,"template":"","meta":{"_acf_changed":true},"product-category":[56],"class_list":["post-1138","product","type-product","status-publish","has-post-thumbnail","hentry","product-category-plastic-tensile-strength-test"],"acf":[],"_links":{"self":[{"href":"https:\/\/www.packtests.com\/et\/wp-json\/wp\/v2\/product\/1138","targetHints":{"allow":["GET"]}}],"collection":[{"href":"https:\/\/www.packtests.com\/et\/wp-json\/wp\/v2\/product"}],"about":[{"href":"https:\/\/www.packtests.com\/et\/wp-json\/wp\/v2\/types\/product"}],"wp:featuredmedia":[{"embeddable":true,"href":"https:\/\/www.packtests.com\/et\/wp-json\/wp\/v2\/media\/1154"}],"wp:attachment":[{"href":"https:\/\/www.packtests.com\/et\/wp-json\/wp\/v2\/media?parent=1138"}],"wp:term":[{"taxonomy":"product-category","embeddable":true,"href":"https:\/\/www.packtests.com\/et\/wp-json\/wp\/v2\/product-category?post=1138"}],"curies":[{"name":"wp","href":"https:\/\/api.w.org\/{rel}","templated":true}]}}