{"id":1143,"date":"2026-03-25T03:02:25","date_gmt":"2026-03-25T03:02:25","guid":{"rendered":"https:\/\/www.packtests.com\/?post_type=product&#038;p=1143"},"modified":"2026-03-26T05:17:07","modified_gmt":"2026-03-26T05:17:07","slug":"leak-tester-for-packaging","status":"publish","type":"product","link":"https:\/\/www.packtests.com\/et\/product\/leak-tester-for-packaging\/","title":{"rendered":"LT-lekke tester pakendite jaoks"},"content":{"rendered":"<p>Pakendite terviklikkuse tagamine on erinevates t\u00f6\u00f6stusharudes v\u00e4ga oluline, eriti kui tegemist on toodete ohutuse ja kvaliteedi s\u00e4ilitamisega. A <strong>pakendite lekkekatsekeha<\/strong> on oluline vahend, mida kasutatakse pakendimahutite, n\u00e4iteks pudelite, purkide ja muude j\u00e4ikade v\u00f5i paindlike mahutite lekete avastamiseks. Erinevatest lekkekontrolli meetoditest on j\u00e4rgmised. <strong>vaakum lekke tester<\/strong> paistab silma kui usaldusv\u00e4\u00e4rne ja laialdaselt kasutatav tehnika. K\u00e4esolevas artiklis keskendutakse <strong>vaakum lekke tester<\/strong>, selle rakendamine pakendite katsetamisel ja asjaomane <strong>ASTM standardid<\/strong> n\u00e4iteks <strong>ASTM D4991<\/strong> ja <strong>ASTM D3078<\/strong>.<\/p>\n\n\n\n<h2 class=\"wp-block-heading\">Lekkekatsete t\u00e4htsus pakendites<\/h2>\n\n\n\n<p>Lekkekatse on pakendite kvaliteedi tagamise oluline protsess. See tagab, et tooted, eriti need, mis on tundlikud selliste keskkonnategurite nagu niiskus v\u00f5i \u00f5hk, on transpordi ja ladustamise ajal n\u00f5uetekohaselt suletud. Olenemata sellest, kas tegemist on ravimite, toidupakendite v\u00f5i ohtlike materjalidega, usaldusv\u00e4\u00e4rne <strong>pakendite lekkekatsekeha<\/strong> on oluline tagamaks, et teie pakend vastab n\u00f5utavatele toimivusnormidele.<\/p>\n\n\n\n<p>Pakendi lekked v\u00f5ivad p\u00f5hjustada saastumist, riknemist v\u00f5i isegi ohtlikke olukordi ohtlike materjalide transportimisel. Kasutades <strong>vaakum lekke tester<\/strong>, saavad tootjad tuvastada isegi k\u00f5ige v\u00e4iksemaid lekkeid ning tagada toote ohutuse ja terviklikkuse.<\/p>\n\n\n\n<h2 class=\"wp-block-heading\">Vaakumi lekkekatse: Kuidas see t\u00f6\u00f6tab<\/h2>\n\n\n\n<p>The <strong>vaakum lekke tester<\/strong> on spetsiaalne vahend, mis on m\u00f5eldud j\u00e4ikade mahutite terviklikkuse kontrollimiseks. Protsess h\u00f5lmab mahuti vaakumi allutamist, et tuvastada lekked, j\u00e4lgides pakendist v\u00e4ljuvate \u00f5humullide v\u00f5i vedeliku v\u00e4ljumist. Seda meetodit kasutatakse laialdaselt t\u00e4nu selle t\u00e4psusele ja v\u00f5imele avastada pakendimaterjalide pisimadki defektid.<\/p>\n\n\n\n<p>\u00dcks peamisi eeliseid on <strong>vaakum lekke tester<\/strong> on selle v\u00f5ime testida konteinereid ilma nende struktuuri v\u00f5i sulgemisi muutmata. Katse toimub r\u00f5hkude erinevuse tingimustes, mist\u00f5ttu see sobib \u00f5hu- ja vedelikuvedu pakkidele. K\u00f5ige sagedamini kasutatavad standardid vaakumlekkekatsete tegemiseks on j\u00e4rgmised <strong>ASTM D4991<\/strong> ja <strong>ASTM D3078<\/strong>.<\/p>\n\n\n\n<h2 class=\"wp-block-heading\">ASTM D4991: Standardne katsemeetod j\u00e4ikade konteinerite vaakumlekkekatsete tegemiseks<\/h2>\n\n\n\n<p><strong>ASTM D4991<\/strong> kirjeldab standardset katsemeetodit t\u00fchjade j\u00e4ikade mahutite lekkekatsete l\u00e4biviimiseks vaakummeetodil. See standard on eriti kasulik ohtlike vedelike veoks etten\u00e4htud mahutite katsetamiseks, nagu n\u00e4iteks need, mida reguleerib Euroopa Parlamendi ja n\u00f5ukogu m\u00e4\u00e4rus (E\u00dc) nr 1\/2003. <strong>\u00dcRO soovitused ohtlike kaupade veo kohta (UN TDG)<\/strong> ja <strong>Rahvusvaheline Tsiviillennunduse Organisatsioon (ICAO)<\/strong>.<\/p>\n\n\n\n<h3 class=\"wp-block-heading\">ASTM D4991 p\u00f5hiaspektid:<\/h3>\n\n\n\n<ul class=\"wp-block-list\">\n<li><strong>Katsemenetlus<\/strong>: Konteiner kastetakse et\u00fcleengl\u00fckooli-vee lahusesse ja rakendatakse vaakumit, et tekitada r\u00f5hkude erinevus ligikaudu <strong>95 kPa (13,8 psi)<\/strong>.<\/li>\n\n\n\n<li><strong>Lekke tuvastamine<\/strong>: Mahutist j\u00e4lgitakse, kas r\u00f5huvabastuse ajal ei p\u00e4\u00e4se \u00f5humulle v\u00f5i kas p\u00e4rast uuesti r\u00f5hu all hoidmist on mahutis vedelikku.<\/li>\n\n\n\n<li><strong>Testitud konteinerid<\/strong>: Selle meetodi kohaselt katsetatakse j\u00e4ikasid mahuteid, sealhulgas nende sulgureid, mida kasutatakse ohtlike materjalide v\u00f5i vedelike veoks.<\/li>\n<\/ul>\n\n\n\n<p>See standard aitab m\u00e4\u00e4rata kindlaks, millisest punktist algab leke, mis annab olulist teavet pakendi disaini parandamiseks, et v\u00e4ltida lekkeid.<\/p>\n\n\n\n<h2 class=\"wp-block-heading\">ASTM D3078: Standardne katsemeetod paindlike pakendite vaakumlekkekatsete tegemiseks<\/h2>\n\n\n\n<p><strong>ASTM D3078<\/strong> on standardne katsemeetod paindlike pakendite vaakumlekkekontrolliks. Erinevalt <strong>ASTM D4991<\/strong>, mis keskendub j\u00e4ikadele konteineritele, <strong>ASTM D3078<\/strong> kehtib paindlike pakendite, n\u00e4iteks kottide ja kotikeste puhul.<\/p>\n\n\n\n<h3 class=\"wp-block-heading\">ASTM D3078 p\u00f5hiaspektid:<\/h3>\n\n\n\n<ul class=\"wp-block-list\">\n<li><strong>Vaakumi testimine<\/strong>: Pakendile rakendatakse vaakumit, et simuleerida tingimusi, mida see v\u00f5ib kogeda transpordi v\u00f5i ladustamise ajal.<\/li>\n\n\n\n<li><strong>Lekke tuvastamine<\/strong>: Nagu ka <strong>ASTM D4991<\/strong>, lekked tuvastatakse, kui p\u00e4rast uuesti survestamist j\u00e4lgitakse pakendi sees olevaid \u00f5humulle v\u00f5i vedelikku.<\/li>\n<\/ul>\n\n\n\n<p>Seda standardit kasutatakse tavaliselt sellistes t\u00f6\u00f6stusharudes nagu toidu- ja farmaatsiat\u00f6\u00f6stus, kus pakendite paindlikkus ja lekete v\u00e4ltimine on toote kvaliteedi s\u00e4ilitamise seisukohalt kriitilise t\u00e4htsusega.<\/p>\n\n\n\n<h2 class=\"wp-block-heading\">Pakendite lekkekatseja kasutamise eelised<\/h2>\n\n\n\n<p>Kasutades <strong>pakendite lekkekatsekeha<\/strong> pakub tootjatele mitmeid eeliseid:<\/p>\n\n\n\n<ol class=\"wp-block-list\">\n<li><strong>T\u00f5hustatud toote terviklikkus<\/strong>: Lekkekontroll tagab, et tooted j\u00e4\u00e4vad transpordi ja ladustamise ajal ohutuks ja turvaliseks, v\u00e4ltides saastumist v\u00f5i riknemist.<\/li>\n\n\n\n<li><strong>Vastavus t\u00f6\u00f6stusstandarditele<\/strong>: J\u00e4rgides selliseid standardeid nagu <strong>ASTM D4991<\/strong> ja <strong>ASTM D3078<\/strong>, tootjad tagavad, et nende pakendid vastavad erinevate t\u00f6\u00f6stusharude n\u00f5utavatele ohutus- ja kvaliteedistandarditele.<\/li>\n\n\n\n<li><strong>Kulut\u00f5hus<\/strong>: Lekete avastamine tootmisprotsessi alguses v\u00f5ib aidata v\u00e4hendada j\u00e4\u00e4tmeid ja v\u00e4ltida kulukaid tagasiv\u00f5tmisi v\u00f5i toodete \u00fcmbert\u00f6\u00f6tlemist.<\/li>\n\n\n\n<li><strong>Parem kliendirahulolu<\/strong>: N\u00f5uetekohane lekkekontroll tagab, et kliendid saavad tooted optimaalses seisukorras, mis suurendab usaldust ja rahulolu.<\/li>\n<\/ol>\n\n\n\n<h2 class=\"wp-block-heading\">Miks valida Cell Instruments lekkekatsekohad?<\/h2>\n\n\n\n<p>Veebilehel <strong>Cell Instruments<\/strong>, oleme spetsialiseerunud kvaliteetse <strong>pakendite lekkekatsed<\/strong> mis on kavandatud vastama erinevate t\u00f6\u00f6stusharude rangetele n\u00f5udmistele. Meie <strong>vaakumlekkekatsed<\/strong> vastavad ASTM standarditele, sealhulgas <strong>ASTM D4991<\/strong> ja <strong>ASTM D3078<\/strong>, tagades, et teie pakendi terviklikkust testitakse t\u00e4pselt ja usaldusv\u00e4\u00e4rselt.<\/p>\n\n\n\n<p>Meie <strong>lekkekatsed<\/strong> on lihtne kasutada, annavad t\u00e4pseid tulemusi ja on loodud mitmesuguste pakendit\u00fc\u00fcpide k\u00e4itlemiseks, alates j\u00e4ikadest konteineritest kuni paindlike pakenditeni. Olenemata sellest, kas katsetate toidupakendeid, ravimeid v\u00f5i ohtlike ainete mahuteid, meie seadmed pakuvad t\u00f5husaks kvaliteedikontrolliks vajalikku vastupidavust ja t\u00e4psust.<\/p>\n\n\n\n<h2 class=\"wp-block-heading\">Kokkuv\u00f5te: Pakendite kvaliteedi tagamine lekkekatseseadmete abil<\/h2>\n\n\n\n<p>Pakendimaailmas on pakendite terviklikkuse tagamine elut\u00e4htis toote ohutuse, kvaliteedi ja t\u00f6\u00f6stusharu eeskirjade j\u00e4rgimise seisukohalt. Veebileht <strong>pakendite lekkekatsekeha<\/strong> m\u00e4ngib olulist rolli lekete tuvastamisel, mis v\u00f5ivad ohustada toote terviklikkust transpordi v\u00f5i ladustamise ajal.<\/p>\n\n\n\n<p>Kasutades <strong>vaakumlekkekatsed<\/strong> ja j\u00e4rgides selliseid standardeid nagu <strong>ASTM D4991<\/strong> ja <strong>ASTM D3078<\/strong>, saavad tootjad tagada, et nende pakendid vastavad vajalikele lekkekindlusn\u00f5uetele. Veebilehel <strong>Cell Instruments<\/strong>, pakume usaldusv\u00e4\u00e4rseid lekkekontrolli lahendusi, mis aitavad teil s\u00e4ilitada k\u00f5rgeimaid kvaliteedi- ja ohutusstandardeid oma pakendamisprotsessides.<\/p>\n\n\n\n<p>Lisateavet meie <strong>pakendite lekkekatsed<\/strong>, v\u00f5tke meiega juba t\u00e4na \u00fchendust ja veenduge, et teie tooted vastavad t\u00f6\u00f6stuse parimatele standarditele.<\/p>\n\n\n\n<p><\/p>","protected":false},"excerpt":{"rendered":"<p>Ensuring the integrity of packaging is crucial in various industries, especially when it comes to maintaining the safety and quality of products. A leak tester for packaging is an essential tool used to detect leaks in packaging containers, such as bottles, jars, and other rigid or flexible containers. Among the different types of leak testing [&hellip;]<\/p>","protected":false},"featured_media":1148,"parent":0,"template":"","meta":{"_acf_changed":true},"product-category":[59],"class_list":["post-1143","product","type-product","status-publish","has-post-thumbnail","hentry","product-category-bubble-emission-test"],"acf":[],"_links":{"self":[{"href":"https:\/\/www.packtests.com\/et\/wp-json\/wp\/v2\/product\/1143","targetHints":{"allow":["GET"]}}],"collection":[{"href":"https:\/\/www.packtests.com\/et\/wp-json\/wp\/v2\/product"}],"about":[{"href":"https:\/\/www.packtests.com\/et\/wp-json\/wp\/v2\/types\/product"}],"wp:featuredmedia":[{"embeddable":true,"href":"https:\/\/www.packtests.com\/et\/wp-json\/wp\/v2\/media\/1148"}],"wp:attachment":[{"href":"https:\/\/www.packtests.com\/et\/wp-json\/wp\/v2\/media?parent=1143"}],"wp:term":[{"taxonomy":"product-category","embeddable":true,"href":"https:\/\/www.packtests.com\/et\/wp-json\/wp\/v2\/product-category?post=1143"}],"curies":[{"name":"wp","href":"https:\/\/api.w.org\/{rel}","templated":true}]}}