{"id":1138,"date":"2026-03-20T07:37:21","date_gmt":"2026-03-20T07:37:21","guid":{"rendered":"https:\/\/www.packtests.com\/?post_type=product&#038;p=1138"},"modified":"2026-03-26T05:10:23","modified_gmt":"2026-03-26T05:10:23","slug":"plastic-tensile-strength-tester","status":"publish","type":"product","link":"https:\/\/www.packtests.com\/fi\/product\/plastic-tensile-strength-tester\/","title":{"rendered":"TST-01 Muovinen vetolujuusmittari"},"content":{"rendered":"<p><br>A <strong>Muovinen vetolujuus Tester<\/strong> on ratkaisevan t\u00e4rke\u00e4\u00e4 arvioitaessa muovien mekaanisia ominaisuuksia, erityisesti niiden kyky\u00e4 kest\u00e4\u00e4 vetovoimia. Vetotestaus antaa arvokasta tietoa muovimateriaalien lujuudesta, venym\u00e4st\u00e4 ja kimmomoduulista ja varmistaa niiden soveltuvuuden erilaisiin teollisiin sovelluksiin. T\u00e4ss\u00e4 artikkelissa tarkastelemme vetomittauksen merkityst\u00e4 <strong>Muovinen vetolujuus Tester<\/strong>, keskittyen <strong>ASTM D882<\/strong>, <strong>ISO 527<\/strong>, ja <strong>venym\u00e4 vetokoe<\/strong> materiaalin suorituskyvyn m\u00e4\u00e4ritt\u00e4miseksi rasituksessa.<\/p>\n\n\n\n<h2 class=\"wp-block-heading\">Muovisen vetolujuusmittarin rooli<\/h2>\n\n\n\n<p>The <strong>Muovinen vetolujuus Tester<\/strong> mittaa, miten muovimateriaalit k\u00e4ytt\u00e4ytyv\u00e4t j\u00e4nnityksen alaisena, ja antaa ratkaisevan t\u00e4rke\u00e4\u00e4 tietoa materiaalien valinnassa tiettyihin sovelluksiin. Kun muovin\u00e4ytteeseen kohdistetaan hallittu voima, testilaite arvioi sen vetolujuuden, venym\u00e4n ja kimmomoduulin. N\u00e4m\u00e4 parametrit ovat olennaisia m\u00e4\u00e4ritett\u00e4ess\u00e4 materiaalin kyky\u00e4 kest\u00e4\u00e4 rasitusta rikkoutumatta, mik\u00e4 on erityisen t\u00e4rke\u00e4\u00e4 pakkaus-, auto- ja muilla teollisuudenaloilla, joilla kest\u00e4vyys on avainasemassa.<\/p>\n\n\n\n<h2 class=\"wp-block-heading\">Ymm\u00e4rt\u00e4minen ASTM D882 veto-ominaisuudet ohut muovi levytyksen<\/h2>\n\n\n\n<p><strong>ASTM D882<\/strong> on vakiotestimenetelm\u00e4, jota k\u00e4ytet\u00e4\u00e4n ohuiden muovikalvojen veto-ominaisuuksien arviointiin. Menetelm\u00e4ss\u00e4 mitataan voima ja venym\u00e4 muovikappaleiden testauksen aikana j\u00e4nnityksen alaisena. Tulokset, jotka saadaan <strong>ASTM D882<\/strong> auttavat valmistajia m\u00e4\u00e4ritt\u00e4m\u00e4\u00e4n ominaisuuksia, kuten vetolujuutta, murtovenym\u00e4\u00e4 ja kimmomoduulia. N\u00e4m\u00e4 ominaisuudet ovat elint\u00e4rkeit\u00e4 eri tuotteissa k\u00e4ytett\u00e4vien materiaalien karakterisoinnissa ja m\u00e4\u00e4rittelyss\u00e4.<\/p>\n\n\n\n<ul class=\"wp-block-list\">\n<li><strong>Vetolujuus<\/strong>: Ilmaisee, kuinka paljon voimaa materiaali kest\u00e4\u00e4 ennen murtumista.<\/li>\n\n\n\n<li><strong>Venym\u00e4<\/strong>: Mittaa, kuinka paljon materiaali voi veny\u00e4 ennen kuin se saavuttaa murtumispisteens\u00e4.<\/li>\n\n\n\n<li><strong>Kimmomoduuli<\/strong>: Antaa tietoa materiaalin j\u00e4ykkyydest\u00e4.<\/li>\n<\/ul>\n\n\n\n<p><strong>ASTM D882<\/strong> k\u00e4ytet\u00e4\u00e4n laajalti teollisuudenaloilla, joilla ohuet muovikalvot ovat kriittisi\u00e4, kuten pakkausmateriaaleissa, joustavassa elektroniikassa ja muissa sovelluksissa, joissa joustavuus ja kest\u00e4vyys ovat olennaisia.<\/p>\n\n\n\n<h2 class=\"wp-block-heading\">ISO 527: Muovien veto-ominaisuuksien m\u00e4\u00e4ritt\u00e4minen.<\/h2>\n\n\n\n<p><strong>ISO 527<\/strong>, erityisesti <strong>ISO 527-1:2019<\/strong>, on kansainv\u00e4linen standardi muovien veto-ominaisuuksien m\u00e4\u00e4ritt\u00e4miseksi. T\u00e4ss\u00e4 standardissa m\u00e4\u00e4ritell\u00e4\u00e4n yleiset periaatteet eri muovimateriaalien, mukaan lukien kestomuovit, kestokovetteiset materiaalit ja muovikomposiitit, vetok\u00e4ytt\u00e4ytymisen testaamiseksi. Testiss\u00e4 n\u00e4ytteeseen kohdistetaan vetovoima ja kirjataan voima-venym\u00e4k\u00e4yr\u00e4, jonka perusteella lasketaan vetolujuus, murtovenym\u00e4 ja muut veto-ominaisuudet.<\/p>\n\n\n\n<p><strong>ISO 527<\/strong> soveltuu monenlaisille muovimateriaaleille, kuten:<\/p>\n\n\n\n<ul class=\"wp-block-list\">\n<li><strong>J\u00e4yk\u00e4t ja puolij\u00e4yk\u00e4t kestomuovit<\/strong><\/li>\n\n\n\n<li><strong>L\u00e4mp\u00f6kovettuvat muovit<\/strong><\/li>\n\n\n\n<li><strong>Muovikomposiitit<\/strong><\/li>\n\n\n\n<li><strong>Kuituvahvisteiset muovit<\/strong><\/li>\n<\/ul>\n\n\n\n<p>Standardissa annetaan my\u00f6s ohjeita n\u00e4ytteiden valmisteluun ja tulosten mittaamiseen, jotta varmistetaan yhdenmukaiset ja toistettavat testausolosuhteet eri materiaaleissa ja testauslaitteissa.<\/p>\n\n\n\n<h2 class=\"wp-block-heading\">Vetovetokoe: Venym\u00e4n mittaaminen ennen murtumaa<\/h2>\n\n\n\n<p>The <strong>venym\u00e4 vetokoe<\/strong> on olennainen osa vetotestausta, erityisesti muovisten materiaalien sitkeyden arvioinnissa. T\u00e4ll\u00e4 testill\u00e4 mitataan, kuinka paljon materiaali venyy ennen murtumistaan, mik\u00e4 on ratkaisevan t\u00e4rke\u00e4\u00e4 m\u00e4\u00e4ritett\u00e4ess\u00e4 materiaalin joustavuutta ja kyky\u00e4 ottaa vastaan rasitusta. Materiaalit, joilla on suurempi venym\u00e4, ovat tyypillisesti joustavampia ja kest\u00e4v\u00e4t suurempia muodonmuutoksia ennen rikkoutumistaan, joten ne soveltuvat sovelluksiin, joissa vaaditaan joustavuutta.<\/p>\n\n\n\n<p>Venym\u00e4 ilmaistaan prosentteina materiaalin alkuper\u00e4isest\u00e4 pituudesta, ja se antaa arvokasta tietoa materiaalin kyvyst\u00e4 kest\u00e4\u00e4 venymist\u00e4 murtumatta. Muovit, joita k\u00e4ytet\u00e4\u00e4n esimerkiksi pakkauskalvoissa tai autoteollisuuden komponenteissa, hy\u00f6tyv\u00e4t seuraavista tekij\u00f6ist\u00e4. <strong>vetolujuus<\/strong> ja <strong>venym\u00e4<\/strong> varmistaa, ett\u00e4 ne s\u00e4ilytt\u00e4v\u00e4t eheytens\u00e4 ja ovat samalla joustavia.<\/p>\n\n\n\n<h2 class=\"wp-block-heading\">Muovisen vetolujuusmittarin edut materiaalianalyysiss\u00e4<\/h2>\n\n\n\n<p>K\u00e4ytt\u00e4m\u00e4ll\u00e4 <strong>Muovinen vetolujuus Tester<\/strong> tarjoaa useita etuja valmistajille ja materiaalitutkijoille:<\/p>\n\n\n\n<ol class=\"wp-block-list\">\n<li><strong>Tarkkuus ja tarkkuus<\/strong>: Testeri antaa luotettavia, toistettavia tuloksia, jotka mahdollistavat vetolujuuden, venym\u00e4n ja kimmomoduulin tarkan mittaamisen.<\/li>\n\n\n\n<li><strong>Materiaalivertailu<\/strong>: Se mahdollistaa eri muovimateriaalien vertailun samanlaisissa testausolosuhteissa, mik\u00e4 auttaa valmistajia valitsemaan sopivimman materiaalin tiettyihin sovelluksiin.<\/li>\n\n\n\n<li><strong>Laadunvalvonta<\/strong>: K\u00e4ytt\u00e4m\u00e4ll\u00e4 vetotesteri\u00e4 valmistajat voivat varmistaa, ett\u00e4 heid\u00e4n muovituotteensa t\u00e4ytt\u00e4v\u00e4t vaaditut lujuus-, joustavuus- ja kest\u00e4vyysvaatimukset.<\/li>\n\n\n\n<li><strong>Standardien noudattaminen<\/strong>: Testaaja varmistaa, ett\u00e4 tulokset ovat <strong>ASTM D882<\/strong> ja <strong>ISO 527<\/strong> standardeja, jotka tarjoavat tietoja, jotka tunnustetaan maailmanlaajuisesti eri toimialoilla.<\/li>\n<\/ol>\n\n\n\n<h2 class=\"wp-block-heading\">Miksi valita Cell Instruments:n vetotesterit?<\/h2>\n\n\n\n<p>Cell Instruments tarjoaa huipputason <strong>Vetotesterit<\/strong> suunniteltu muovien tarkkaan ja tehokkaaseen vetotestaukseen. Meid\u00e4n <strong>Muovin vetolujuuden testauslaitteet<\/strong> on varustettu edistyksellisill\u00e4 ominaisuuksilla, jotka takaavat korkean tarkkuuden ja toistettavuuden, joten ne soveltuvat erinomaisesti laboratorioihin, tutkimus- ja kehitysty\u00f6h\u00f6n sek\u00e4 laadunvalvontasovelluksiin.<\/p>\n\n\n\n<ul class=\"wp-block-list\">\n<li><strong>Korkea tarkkuus<\/strong>: Testerimme mittaavat tarkasti voiman, venym\u00e4n ja vetolujuuden.<\/li>\n\n\n\n<li><strong>Monipuolisuus<\/strong>: Soveltuu monenlaisten materiaalien, kuten muovien, komposiittien ja elastomeerien testaamiseen.<\/li>\n\n\n\n<li><strong>Standardien noudattaminen<\/strong>: Testaajamme t\u00e4ytt\u00e4v\u00e4t maailmanlaajuiset standardit, kuten <strong>ASTM D882<\/strong> ja <strong>ISO 527<\/strong>, varmistaen, ett\u00e4 testausmenettelyt ovat alan vaatimusten mukaisia.<\/li>\n<\/ul>\n\n\n\n<h2 class=\"wp-block-heading\">P\u00e4\u00e4telm\u00e4<\/h2>\n\n\n\n<p>The <strong>Muovinen vetolujuus Tester<\/strong> on v\u00e4ltt\u00e4m\u00e4t\u00f6n v\u00e4line muovisten materiaalien mekaanisten ominaisuuksien arvioinnissa. Noudattamalla <strong>ASTM D882<\/strong> ja <strong>ISO 527<\/strong>, valmistajat voivat saada tarkkoja ja johdonmukaisia tietoja muovien vetolujuudesta, venym\u00e4st\u00e4 ja kimmomoduulista. N\u00e4m\u00e4 ominaisuudet ovat elint\u00e4rkeit\u00e4 m\u00e4\u00e4ritett\u00e4ess\u00e4 materiaalin suorituskyky\u00e4 erilaisissa sovelluksissa pakkauskalvoista autonosiin.<\/p>\n\n\n\n<p>Cell Instruments tarjoaa korkealaatuisen <strong>Vetotesterit<\/strong> joiden avulla voit varmistaa muovimateriaalien kest\u00e4vyyden ja luotettavuuden. Olipa kyse sitten uusien tuotteiden kehitt\u00e4misest\u00e4 tai laadunvalvonnan varmistamisesta, testilaitteemme tarjoavat tiedot, joita tarvitset perusteltujen p\u00e4\u00e4t\u00f6sten tekemiseen ja alan standardien noudattamiseen.<\/p>","protected":false},"excerpt":{"rendered":"<p>A Plastic Tensile Strength Tester is crucial for evaluating the mechanical properties of plastics, especially their ability to withstand tensile forces. Tensile testing provides valuable data about the strength, elongation, and modulus of elasticity of plastic materials, ensuring their suitability for various industrial applications. In this article, we will explore the significance of the Plastic [&hellip;]<\/p>","protected":false},"featured_media":1154,"parent":0,"template":"","meta":{"_acf_changed":true},"product-category":[56],"class_list":["post-1138","product","type-product","status-publish","has-post-thumbnail","hentry","product-category-plastic-tensile-strength-test"],"acf":[],"_links":{"self":[{"href":"https:\/\/www.packtests.com\/fi\/wp-json\/wp\/v2\/product\/1138","targetHints":{"allow":["GET"]}}],"collection":[{"href":"https:\/\/www.packtests.com\/fi\/wp-json\/wp\/v2\/product"}],"about":[{"href":"https:\/\/www.packtests.com\/fi\/wp-json\/wp\/v2\/types\/product"}],"wp:featuredmedia":[{"embeddable":true,"href":"https:\/\/www.packtests.com\/fi\/wp-json\/wp\/v2\/media\/1154"}],"wp:attachment":[{"href":"https:\/\/www.packtests.com\/fi\/wp-json\/wp\/v2\/media?parent=1138"}],"wp:term":[{"taxonomy":"product-category","embeddable":true,"href":"https:\/\/www.packtests.com\/fi\/wp-json\/wp\/v2\/product-category?post=1138"}],"curies":[{"name":"wp","href":"https:\/\/api.w.org\/{rel}","templated":true}]}}