{"id":1143,"date":"2026-03-25T03:02:25","date_gmt":"2026-03-25T03:02:25","guid":{"rendered":"https:\/\/www.packtests.com\/?post_type=product&#038;p=1143"},"modified":"2026-03-26T05:17:07","modified_gmt":"2026-03-26T05:17:07","slug":"leak-tester-for-packaging","status":"publish","type":"product","link":"https:\/\/www.packtests.com\/fi\/product\/leak-tester-for-packaging\/","title":{"rendered":"LT-vuototesteri pakkauksille"},"content":{"rendered":"<p>Pakkausten eheyden varmistaminen on ratkaisevan t\u00e4rke\u00e4\u00e4 eri teollisuudenaloilla, erityisesti kun on kyse tuotteiden turvallisuuden ja laadun s\u00e4ilytt\u00e4misest\u00e4. A <strong>pakkausten vuototesteri<\/strong> on olennainen v\u00e4line, jota k\u00e4ytet\u00e4\u00e4n vuotojen havaitsemiseen pakkausastioissa, kuten pulloissa, purkeissa ja muissa j\u00e4ykiss\u00e4 tai joustavissa astioissa. Erityyppisist\u00e4 vuototestausmenetelmist\u00e4 voidaan mainita seuraavat <strong>tyhji\u00f6 vuototesteri<\/strong> on luotettava ja laajalti k\u00e4ytetty tekniikka. T\u00e4ss\u00e4 artikkelissa keskityt\u00e4\u00e4n <strong>tyhji\u00f6 vuototesteri<\/strong>, sen soveltaminen pakkausten testauksessa ja asiaa koskevat <strong>ASTM-standardit<\/strong> kuten <strong>ASTM D4991<\/strong> ja <strong>ASTM D3078<\/strong>.<\/p>\n\n\n\n<h2 class=\"wp-block-heading\">Vuototestauksen merkitys pakkauksissa<\/h2>\n\n\n\n<p>Vuototestaus on olennainen prosessi pakkausten laadunvarmistuksessa. Sill\u00e4 varmistetaan, ett\u00e4 erityisesti ymp\u00e4rist\u00f6tekij\u00f6ille, kuten kosteudelle tai ilmalle, herk\u00e4t tuotteet suljetaan asianmukaisesti kuljetuksen ja varastoinnin aikana. Olipa kyse sitten l\u00e4\u00e4kkeist\u00e4, elintarvikepakkauksista tai vaarallisista materiaaleista, luotettava <strong>pakkausten vuototesteri<\/strong> on t\u00e4rke\u00e4\u00e4 varmistaa, ett\u00e4 pakkauksesi t\u00e4ytt\u00e4v\u00e4t vaaditut suorituskykyvaatimukset.<\/p>\n\n\n\n<p>Pakkausten vuodot voivat johtaa saastumiseen, pilaantumiseen tai jopa vaarallisiin tilanteisiin vaarallisia aineita kuljetettaessa. K\u00e4ytt\u00e4m\u00e4ll\u00e4 <strong>tyhji\u00f6 vuototesteri<\/strong>, valmistajat voivat havaita pienimm\u00e4tkin vuodot ja varmistaa tuotteen turvallisuuden ja eheyden.<\/p>\n\n\n\n<h2 class=\"wp-block-heading\">Tyhji\u00f6vuototesteri: Kuinka se toimii<\/h2>\n\n\n\n<p>The <strong>tyhji\u00f6 vuototesteri<\/strong> on erityinen ty\u00f6kalu, joka on suunniteltu j\u00e4ykkien s\u00e4ili\u00f6iden eheyden testaamiseen. Menetelm\u00e4ss\u00e4 s\u00e4ili\u00f6 asetetaan tyhji\u00f6\u00f6n, jotta vuodot voidaan havaita tarkkailemalla pakkauksesta poistuvia ilmakuplia tai nestett\u00e4. Menetelm\u00e4\u00e4 k\u00e4ytet\u00e4\u00e4n laajalti sen tarkkuuden ja kyvyn havaita pienimm\u00e4tkin puutteet pakkausmateriaaleissa.<\/p>\n\n\n\n<p>Yksi t\u00e4rkeimmist\u00e4 eduista on <strong>tyhji\u00f6 vuototesteri<\/strong> on sen kyky testata kontteja muuttamatta niiden rakennetta tai sulkimia. Testi tehd\u00e4\u00e4n paine-ero-olosuhteissa, joten se soveltuu ilma- ja nestekuljetuspakkauksiin. Yleisimmin k\u00e4ytetyt standardit tyhji\u00f6tiiviystesteiss\u00e4 ovat seuraavat <strong>ASTM D4991<\/strong> ja <strong>ASTM D3078<\/strong>.<\/p>\n\n\n\n<h2 class=\"wp-block-heading\">ASTM D4991: Standarditestausmenetelm\u00e4 j\u00e4ykkien s\u00e4ili\u00f6iden tyhji\u00f6tiiviyden testaamiseksi.<\/h2>\n\n\n\n<p><strong>ASTM D4991<\/strong> esitet\u00e4\u00e4n vakiotestausmenetelm\u00e4 tyhjien j\u00e4ykkien s\u00e4ili\u00f6iden tiiviyden testaamiseksi tyhji\u00f6menetelm\u00e4ll\u00e4. T\u00e4m\u00e4 standardi on erityisen hy\u00f6dyllinen testattaessa s\u00e4ili\u00f6it\u00e4, jotka on tarkoitettu vaarallisten nesteiden kuljettamiseen, kuten esimerkiksi s\u00e4ili\u00f6t, joita s\u00e4\u00e4nnell\u00e4\u00e4n seuraavilla s\u00e4\u00e4d\u00f6ksill\u00e4 <strong>Yhdistyneiden Kansakuntien suositukset vaarallisten aineiden kuljetuksista (UN TDG).<\/strong> ja <strong>Kansainv\u00e4linen siviili-ilmailuj\u00e4rjest\u00f6 (ICAO)<\/strong>.<\/p>\n\n\n\n<h3 class=\"wp-block-heading\">ASTM D4991:n keskeiset n\u00e4k\u00f6kohdat:<\/h3>\n\n\n\n<ul class=\"wp-block-list\">\n<li><strong>Testimenettely<\/strong>: S\u00e4ili\u00f6 upotetaan etyleeniglykoli-vesiliuokseen, ja tyhji\u00f6 kytket\u00e4\u00e4n niin, ett\u00e4 paine-ero on noin 0,5 \u00b0C. <strong>95 kPa (13,8 psi)<\/strong>.<\/li>\n\n\n\n<li><strong>Vuodon havaitseminen<\/strong>: S\u00e4ili\u00f6t\u00e4 tarkkaillaan ilmakuplien poistumisen varalta paineen poiston aikana tai s\u00e4ili\u00f6n sis\u00e4ll\u00e4 olevan nesteen varalta uudelleen paineistamisen j\u00e4lkeen.<\/li>\n\n\n\n<li><strong>Testatut s\u00e4ili\u00f6t<\/strong>: J\u00e4yk\u00e4t s\u00e4ili\u00f6t ja niiden sulkimet, joita k\u00e4ytet\u00e4\u00e4n vaarallisten aineiden tai nesteiden kuljetukseen, testataan t\u00e4m\u00e4n menetelm\u00e4n mukaisesti.<\/li>\n<\/ul>\n\n\n\n<p>T\u00e4m\u00e4 standardi auttaa m\u00e4\u00e4ritt\u00e4m\u00e4\u00e4n kohdan, jossa vuoto alkaa, ja antaa ratkaisevan t\u00e4rke\u00e4\u00e4 tietoa pakkaussuunnitelmien parantamiseksi vuotojen est\u00e4miseksi.<\/p>\n\n\n\n<h2 class=\"wp-block-heading\">ASTM D3078: Standarditestausmenetelm\u00e4 joustavien pakkausten tyhji\u00f6tiiviyden testaamiseksi.<\/h2>\n\n\n\n<p><strong>ASTM D3078<\/strong> on vakiotestausmenetelm\u00e4 joustavien pakkausten tyhji\u00f6testaukseen. Toisin kuin <strong>ASTM D4991<\/strong>, joka keskittyy j\u00e4ykkiin s\u00e4ili\u00f6ihin, <strong>ASTM D3078<\/strong> koskee joustavia pakkauksia, kuten pusseja tai kasseja.<\/p>\n\n\n\n<h3 class=\"wp-block-heading\">ASTM D3078:n keskeiset n\u00e4k\u00f6kohdat:<\/h3>\n\n\n\n<ul class=\"wp-block-list\">\n<li><strong>Tyhji\u00f6testaus<\/strong>: Pakkaus on alipaineistettu, jotta voidaan simuloida olosuhteita, joihin se voi joutua kuljetuksen tai varastoinnin aikana.<\/li>\n\n\n\n<li><strong>Vuodon havaitseminen<\/strong>: Kuten <strong>ASTM D4991<\/strong>, mahdolliset vuodot havaitaan havaitsemalla ilmakuplia tai nestett\u00e4 pakkauksen sis\u00e4ll\u00e4 uudelleen paineistamisen j\u00e4lkeen.<\/li>\n<\/ul>\n\n\n\n<p>T\u00e4t\u00e4 standardia k\u00e4ytet\u00e4\u00e4n yleisesti elintarvike- ja l\u00e4\u00e4keteollisuudessa, jossa pakkausten joustavuus ja vuotojen est\u00e4minen ovat ratkaisevia tekij\u00f6it\u00e4 tuotteen laadun yll\u00e4pit\u00e4misess\u00e4.<\/p>\n\n\n\n<h2 class=\"wp-block-heading\">Vuototesterin k\u00e4yt\u00f6n edut pakkauksissa<\/h2>\n\n\n\n<p>K\u00e4ytt\u00e4m\u00e4ll\u00e4 <strong>pakkausten vuototesteri<\/strong> tarjoaa valmistajille lukuisia etuja:<\/p>\n\n\n\n<ol class=\"wp-block-list\">\n<li><strong>Parannettu tuotteen eheys<\/strong>: Vuototestaus varmistaa, ett\u00e4 tuotteet pysyv\u00e4t turvassa kuljetuksen ja varastoinnin aikana ja est\u00e4v\u00e4t saastumisen tai pilaantumisen.<\/li>\n\n\n\n<li><strong>Alan standardien noudattaminen<\/strong>: Noudattamalla standardeja, kuten <strong>ASTM D4991<\/strong> ja <strong>ASTM D3078<\/strong>, valmistajat varmistavat, ett\u00e4 niiden pakkaukset t\u00e4ytt\u00e4v\u00e4t eri teollisuudenaloilla vaaditut turvallisuus- ja laatustandardit.<\/li>\n\n\n\n<li><strong>Kustannustehokas<\/strong>: Vuotojen havaitseminen tuotantoprosessin alkuvaiheessa voi auttaa v\u00e4hent\u00e4m\u00e4\u00e4n hukkaa ja v\u00e4ltt\u00e4m\u00e4\u00e4n kalliita takaisinkutsuja tai tuotteen uudelleenty\u00f6st\u00e4mist\u00e4.<\/li>\n\n\n\n<li><strong>Parempi asiakastyytyv\u00e4isyys<\/strong>: Asianmukainen vuototestaus varmistaa, ett\u00e4 asiakkaat saavat tuotteet optimaalisessa kunnossa, mik\u00e4 lis\u00e4\u00e4 luottamusta ja tyytyv\u00e4isyytt\u00e4.<\/li>\n<\/ol>\n\n\n\n<h2 class=\"wp-block-heading\">Miksi valita Cell Instruments vuototesterit?<\/h2>\n\n\n\n<p>Osoitteessa <strong>Cell Instruments<\/strong>, olemme erikoistuneet tarjoamaan korkealaatuisia <strong>pakkausten vuototesterit<\/strong> jotka on suunniteltu t\u00e4ytt\u00e4m\u00e4\u00e4n eri teollisuudenalojen tiukat vaatimukset. Meid\u00e4n <strong>tyhji\u00f6 vuototesterit<\/strong> ovat ASTM-standardien mukaisia, mukaan lukien <strong>ASTM D4991<\/strong> ja <strong>ASTM D3078<\/strong>, ja varmistaa, ett\u00e4 pakkauksen eheys testataan tarkasti ja luotettavasti.<\/p>\n\n\n\n<p>Meid\u00e4n <strong>vuototesterit<\/strong> ovat helppok\u00e4ytt\u00f6isi\u00e4, antavat tarkkoja tuloksia ja on suunniteltu k\u00e4sittelem\u00e4\u00e4n monenlaisia pakkaustyyppej\u00e4 j\u00e4ykist\u00e4 astioista joustaviin pakkauksiin. Testasitpa sitten elintarvikepakkauksia, l\u00e4\u00e4kkeit\u00e4 tai vaarallisten aineiden s\u00e4ili\u00f6it\u00e4, laitteemme tarjoavat kest\u00e4vyytt\u00e4 ja tarkkuutta, joita tarvitset tehokkaaseen laadunvalvontaan.<\/p>\n\n\n\n<h2 class=\"wp-block-heading\">Johtop\u00e4\u00e4t\u00f6kset: Pakkauslaadun varmistaminen vuototestereill\u00e4<\/h2>\n\n\n\n<p>Pakkausmaailmassa pakkausten eheyden varmistaminen on elint\u00e4rke\u00e4\u00e4 tuoteturvallisuuden, laadun ja alan s\u00e4\u00e4nn\u00f6sten noudattamisen kannalta. Osoitteessa <strong>pakkausten vuototesteri<\/strong> on ratkaisevan t\u00e4rke\u00e4 rooli sellaisten vuotojen tunnistamisessa, jotka voivat vaarantaa tuotteen eheyden kuljetuksen tai varastoinnin aikana.<\/p>\n\n\n\n<p>K\u00e4ytt\u00e4m\u00e4ll\u00e4 <strong>tyhji\u00f6 vuototesterit<\/strong> ja noudattamalla standardeja, kuten <strong>ASTM D4991<\/strong> ja <strong>ASTM D3078<\/strong>, valmistajat voivat varmistaa, ett\u00e4 niiden pakkaukset t\u00e4ytt\u00e4v\u00e4t vaaditut tiiviysvaatimukset. Osoitteessa <strong>Cell Instruments<\/strong>, tarjoamme luotettavia vuototestausratkaisuja, joiden avulla voit yll\u00e4pit\u00e4\u00e4 korkeimpia laatu- ja turvallisuusstandardeja pakkausprosesseissasi.<\/p>\n\n\n\n<p>Lis\u00e4tietoja <strong>pakkausten vuototesterit<\/strong>, ota meihin yhteytt\u00e4 jo t\u00e4n\u00e4\u00e4n ja varmista, ett\u00e4 tuotteesi t\u00e4ytt\u00e4v\u00e4t alan parhaat standardit.<\/p>\n\n\n\n<p><\/p>","protected":false},"excerpt":{"rendered":"<p>Ensuring the integrity of packaging is crucial in various industries, especially when it comes to maintaining the safety and quality of products. A leak tester for packaging is an essential tool used to detect leaks in packaging containers, such as bottles, jars, and other rigid or flexible containers. Among the different types of leak testing [&hellip;]<\/p>","protected":false},"featured_media":1148,"parent":0,"template":"","meta":{"_acf_changed":true},"product-category":[59],"class_list":["post-1143","product","type-product","status-publish","has-post-thumbnail","hentry","product-category-bubble-emission-test"],"acf":[],"_links":{"self":[{"href":"https:\/\/www.packtests.com\/fi\/wp-json\/wp\/v2\/product\/1143","targetHints":{"allow":["GET"]}}],"collection":[{"href":"https:\/\/www.packtests.com\/fi\/wp-json\/wp\/v2\/product"}],"about":[{"href":"https:\/\/www.packtests.com\/fi\/wp-json\/wp\/v2\/types\/product"}],"wp:featuredmedia":[{"embeddable":true,"href":"https:\/\/www.packtests.com\/fi\/wp-json\/wp\/v2\/media\/1148"}],"wp:attachment":[{"href":"https:\/\/www.packtests.com\/fi\/wp-json\/wp\/v2\/media?parent=1143"}],"wp:term":[{"taxonomy":"product-category","embeddable":true,"href":"https:\/\/www.packtests.com\/fi\/wp-json\/wp\/v2\/product-category?post=1143"}],"curies":[{"name":"wp","href":"https:\/\/api.w.org\/{rel}","templated":true}]}}