{"id":1160,"date":"2026-03-25T07:33:37","date_gmt":"2026-03-25T07:33:37","guid":{"rendered":"https:\/\/www.packtests.com\/?post_type=product&#038;p=1160"},"modified":"2026-03-26T05:21:25","modified_gmt":"2026-03-26T05:21:25","slug":"gross-leak-bubble-tester","status":"publish","type":"product","link":"https:\/\/www.packtests.com\/fi\/product\/gross-leak-bubble-tester\/","title":{"rendered":"GLT-01 Bruttovuodon kuplatesteri"},"content":{"rendered":"<p>Pakkausteollisuudessa pakkausmateriaalin eheyden varmistaminen on ratkaisevan t\u00e4rke\u00e4\u00e4 tuotteiden suojaamiseksi kuljetuksen ja varastoinnin aikana. Osoitteessa <strong>bruttovuodon kuplatesteri<\/strong> on olennainen ty\u00f6kalu, jota k\u00e4ytet\u00e4\u00e4n merkitt\u00e4vien vuotojen tunnistamiseen pakkauksissa ja jolla varmistetaan sis\u00e4ll\u00f6n, kuten elintarvikkeiden, l\u00e4\u00e4kkeiden ja l\u00e4\u00e4kinn\u00e4llisten laitteiden, suojaamiseksi tarvittava ilmatiiviys. T\u00e4ss\u00e4 artikkelissa tarkastellaan perusteellisesti seuraavia seikkoja <strong>bruttovuodon kuplatesteri<\/strong>, sen rooli <strong>bruttovuodon havaitseminen<\/strong>, ja sen sovellukset <strong>pakettitestaus<\/strong>. Keskustelemme my\u00f6s asiaankuuluvista standardeista, kuten <strong>ASTM F2096<\/strong> jotka auttavat pakkausmateriaalien tehokkuuden arvioinnissa.<\/p>\n\n\n\n<h2 class=\"wp-block-heading\"><strong>Mik\u00e4 on Gross Leak Bubble Tester?<\/strong><\/h2>\n\n\n\n<p>A <strong>bruttovuodon kuplatesteri<\/strong> on laite, jota k\u00e4ytet\u00e4\u00e4n suurten vuotojen havaitsemiseen pakkauksissa, yleens\u00e4 kohdistamalla sis\u00e4ist\u00e4 painetta ja tarkkailemalla kuplien muodostumista. Menetelm\u00e4ss\u00e4 pakkaus upotetaan liuokseen, johon johdetaan ilmaa paineen alaisena. Jos pakkaus on vaurioitunut, se vuotaa ilmaa, jolloin syntyy n\u00e4kyvi\u00e4 kuplia, jotka osoittavat vikaantumisalueet.<\/p>\n\n\n\n<p>T\u00e4m\u00e4 testimenetelm\u00e4 on tehokas vuotojen havaitsemiseksi sek\u00e4 <strong>j\u00e4yk\u00e4t ja joustavat pakkaukset<\/strong>, ja varmistaa, ett\u00e4 s\u00e4ili\u00f6t s\u00e4ilyv\u00e4t ehjin\u00e4 paineen alaisena. Sit\u00e4 k\u00e4ytet\u00e4\u00e4n laajalti esimerkiksi l\u00e4\u00e4ke-, elintarvike- ja l\u00e4\u00e4kepakkauksissa, joissa ilmatiiviit tiivisteet ovat ratkaisevan t\u00e4rkeit\u00e4 tuotteiden turvallisuuden ja laadun varmistamiseksi.<\/p>\n\n\n\n<h2 class=\"wp-block-heading\"><strong>Kuplaan upotetun vuototestin ymm\u00e4rt\u00e4minen<\/strong><\/h2>\n\n\n\n<p>The <strong>kuplan upotustesti<\/strong> on yleinen menetelm\u00e4, jota k\u00e4ytet\u00e4\u00e4n havaitsemaan pakkausten karkeat vuodot. T\u00e4ss\u00e4 testiss\u00e4 pakkaus upotetaan veteen tai muuhun sopivaan liuokseen, ja pakkaukseen luodaan sis\u00e4inen paine. Jos pakkauksessa on vuotoja, ilma poistuu n\u00e4iden vikojen l\u00e4pi muodostaen kuplia, jotka voidaan helposti havaita. Kuplat osoittavat, ett\u00e4 pakkauksessa on vikakohta, kuten neulanreik\u00e4, halkeama tai virheellinen tiiviste.<\/p>\n\n\n\n<p>T\u00e4t\u00e4 testimenetelm\u00e4\u00e4 suositaan, koska se on eritt\u00e4in herkk\u00e4 jopa 250 mikronin vuotokohdille k\u00e4ytetyst\u00e4 paineesta riippuen. . <strong>kuplan upotustesti<\/strong> on luotettava tapa tarkistaa pakkausmateriaalien yleinen laatu ja turvallisuus ennen kuin niit\u00e4 k\u00e4ytet\u00e4\u00e4n herkkien tuotteiden pakkaamiseen.<\/p>\n\n\n\n<h2 class=\"wp-block-heading\"><strong>ASTM F2096: Standard Test Method for Detecting Gross Leak<\/strong><\/h2>\n\n\n\n<p><strong>ASTM F2096<\/strong> on standarditestimenetelm\u00e4, jolla havaitaan <strong>suuret vuodot<\/strong> pakkauksessa sis\u00e4isell\u00e4 paineistuskuplatestill\u00e4. T\u00e4ss\u00e4 standardissa kuvataan menettely j\u00e4ykkien ja joustavien pakkausmateriaalien suurten vuotojen tunnistamiseksi. Testi suoritetaan kohdistamalla ennalta m\u00e4\u00e4r\u00e4tty paine pakkaukseen, joka upotetaan veteen. Jos vuotoja esiintyy, havaitaan jatkuva kuplavirta.<\/p>\n\n\n\n<p>The <strong>ASTM F2096<\/strong> standardissa m\u00e4\u00e4ritell\u00e4\u00e4n my\u00f6s testin herkkyys, jolla voidaan havaita jopa 250 mikrometrin suuruiset vuodot 81%-todenn\u00e4k\u00f6isyydell\u00e4. T\u00e4m\u00e4 tekee testist\u00e4 olennaisen ty\u00f6kalun pakkausten eheyden varmistamisessa erityisesti teollisuudenaloilla, joilla steriilien tai kontaminaatiovapaiden ymp\u00e4rist\u00f6jen yll\u00e4pit\u00e4minen on ratkaisevan t\u00e4rke\u00e4\u00e4.<\/p>\n\n\n\n<h2 class=\"wp-block-heading\"><strong>Bruttovuototesterin rooli pakkausten testauksessa<\/strong><\/h2>\n\n\n\n<p>K\u00e4ytt\u00e4m\u00e4ll\u00e4 <strong>bruttovuototestauslaite pakkausten testaukseen<\/strong> on olennaisen t\u00e4rke\u00e4\u00e4 varmistaa, ett\u00e4 pakkausmateriaalit kest\u00e4v\u00e4t kuljetuksen ja varastoinnin kovia vaatimuksia. T\u00e4m\u00e4 menetelm\u00e4 auttaa tunnistamaan pakkauksen heikot kohdat, kuten:<\/p>\n\n\n\n<ul class=\"wp-block-list\">\n<li><strong>Neulanrei\u00e4t<\/strong><\/li>\n\n\n\n<li><strong>Halkeamat<\/strong><\/li>\n\n\n\n<li><strong>Virheelliset tiivisteet<\/strong><\/li>\n<\/ul>\n\n\n\n<p>K\u00e4ytt\u00e4m\u00e4ll\u00e4 <strong>bruttovuodon kuplatesteri<\/strong>, valmistajat voivat havaita n\u00e4m\u00e4 ongelmat varhaisessa vaiheessa ja est\u00e4\u00e4 kalliit tuoteviat, takaisinkutsut tai vahingot. Kyky havaita n\u00e4m\u00e4 vuodot ennen pakkauksen l\u00e4hett\u00e4mist\u00e4 varmistaa, ett\u00e4 tuotteet ovat turvallisia ja t\u00e4ytt\u00e4v\u00e4t viranomaisstandardit.<\/p>\n\n\n\n<h2 class=\"wp-block-heading\"><strong>Bruttovuototesterin k\u00e4yt\u00f6n edut<\/strong><\/h2>\n\n\n\n<ol class=\"wp-block-list\">\n<li><strong>Tarkka vuodon havaitseminen<\/strong>: The <strong>bruttovuodon kuplatesteri<\/strong> varmistaa, ett\u00e4 pienimm\u00e4tkin vuodot havaitaan, mik\u00e4 auttaa parantamaan pakkausten yleist\u00e4 laatua.<\/li>\n\n\n\n<li><strong>Kustannustehokkuus<\/strong>: Havaitsemalla pakkausvirheet ajoissa valmistajat voivat v\u00e4ltt\u00e4\u00e4 palautuksista, vahingoittuneista tavaroista ja viranomaisrangaistuksista aiheutuvat kustannukset.<\/li>\n\n\n\n<li><strong>Parannettu pakkausten suorituskyky<\/strong>: S\u00e4\u00e4nn\u00f6llisell\u00e4 testauksella varmistetaan, ett\u00e4 pakkausmateriaalit s\u00e4ilytt\u00e4v\u00e4t eheytens\u00e4 paineen alaisena, mik\u00e4 v\u00e4hent\u00e4\u00e4 vuotojen riski\u00e4 kuljetuksen aikana.<\/li>\n\n\n\n<li><strong>Standardien noudattaminen<\/strong>: Noudattaminen <strong>ASTM F2096<\/strong> ja vastaavien standardien noudattaminen varmistaa alan s\u00e4\u00e4nn\u00f6sten noudattamisen ja parantaa pakatun tuotteen turvallisuutta.<\/li>\n<\/ol>\n\n\n\n<p><\/p>\n\n\n\n<p>Pakkausten laatua parantavien yritysten on investoitava pakkausten laatuun. <strong>bruttovuototestauslaite pakkausten testaukseen<\/strong> on viisas p\u00e4\u00e4t\u00f6s. Se ei ainoastaan auta varmistamaan pakkausten turvallisuutta, vaan my\u00f6s edist\u00e4\u00e4 s\u00e4\u00e4nn\u00f6sten noudattamista ja kustannuss\u00e4\u00e4st\u00f6j\u00e4. Cell Instruments tarjoaa korkealaatuisia <strong>bruttovuototesterit<\/strong> suunniteltu t\u00e4ytt\u00e4m\u00e4\u00e4n pakkaustestauksen tiukat vaatimukset.<\/p>\n\n\n\n<p><\/p>","protected":false},"excerpt":{"rendered":"<p>In packaging industries, ensuring the integrity of the packaging material is crucial for product protection during transit and storage. The gross leak bubble tester is an essential tool used to identify significant leaks in packaging, ensuring the airtightness required to protect contents like food, pharmaceuticals, and medical devices. This article provides an in-depth look into [&hellip;]<\/p>","protected":false},"featured_media":1161,"parent":0,"template":"","meta":{"_acf_changed":true},"product-category":[60],"class_list":["post-1160","product","type-product","status-publish","has-post-thumbnail","hentry","product-category-pressurization"],"acf":[],"_links":{"self":[{"href":"https:\/\/www.packtests.com\/fi\/wp-json\/wp\/v2\/product\/1160","targetHints":{"allow":["GET"]}}],"collection":[{"href":"https:\/\/www.packtests.com\/fi\/wp-json\/wp\/v2\/product"}],"about":[{"href":"https:\/\/www.packtests.com\/fi\/wp-json\/wp\/v2\/types\/product"}],"wp:featuredmedia":[{"embeddable":true,"href":"https:\/\/www.packtests.com\/fi\/wp-json\/wp\/v2\/media\/1161"}],"wp:attachment":[{"href":"https:\/\/www.packtests.com\/fi\/wp-json\/wp\/v2\/media?parent=1160"}],"wp:term":[{"taxonomy":"product-category","embeddable":true,"href":"https:\/\/www.packtests.com\/fi\/wp-json\/wp\/v2\/product-category?post=1160"}],"curies":[{"name":"wp","href":"https:\/\/api.w.org\/{rel}","templated":true}]}}