{"id":1143,"date":"2026-03-25T03:02:25","date_gmt":"2026-03-25T03:02:25","guid":{"rendered":"https:\/\/www.packtests.com\/?post_type=product&#038;p=1143"},"modified":"2026-03-26T05:17:07","modified_gmt":"2026-03-26T05:17:07","slug":"leak-tester-for-packaging","status":"publish","type":"product","link":"https:\/\/www.packtests.com\/fr\/product\/leak-tester-for-packaging\/","title":{"rendered":"Testeur de fuites LT pour emballages"},"content":{"rendered":"<p>Garantir l'int\u00e9grit\u00e9 de l'emballage est crucial dans diverses industries, en particulier lorsqu'il s'agit de maintenir la s\u00e9curit\u00e9 et la qualit\u00e9 des produits. A <strong>testeur d'\u00e9tanch\u00e9it\u00e9 pour l'emballage<\/strong> est un outil essentiel pour d\u00e9tecter les fuites dans les contenants d'emballage, tels que les bouteilles, les bocaux et autres contenants rigides ou flexibles. Parmi les diff\u00e9rents types de m\u00e9thodes d'essai d'\u00e9tanch\u00e9it\u00e9, le <strong>testeur de fuites \u00e0 vide<\/strong> est une technique fiable et largement utilis\u00e9e. Cet article se concentre sur la <strong>testeur de fuites \u00e0 vide<\/strong>, son application dans les essais d'emballage, et l'\u00e9valuation de l'impact sur l'environnement. <strong>Normes ASTM<\/strong> tels que <strong>ASTM D4991<\/strong> et <strong>ASTM D3078<\/strong>.<\/p>\n\n\n\n<h2 class=\"wp-block-heading\">L'importance des tests d'\u00e9tanch\u00e9it\u00e9 dans l'emballage<\/h2>\n\n\n\n<p>Le test d'\u00e9tanch\u00e9it\u00e9 est un processus essentiel pour l'assurance qualit\u00e9 dans le domaine de l'emballage. Il permet de s'assurer que les produits, en particulier ceux qui sont sensibles aux facteurs environnementaux tels que l'humidit\u00e9 ou l'air, sont correctement scell\u00e9s pendant le transport et le stockage. Qu'il s'agisse de produits pharmaceutiques, d'emballages alimentaires ou de mati\u00e8res dangereuses, il est indispensable de disposer d'un syst\u00e8me de contr\u00f4le d'\u00e9tanch\u00e9it\u00e9 fiable. <strong>testeur d'\u00e9tanch\u00e9it\u00e9 pour l'emballage<\/strong> est essentielle pour garantir que vos emballages r\u00e9pondent aux normes de performance requises.<\/p>\n\n\n\n<p>Les fuites dans les emballages peuvent entra\u00eener une contamination, une d\u00e9t\u00e9rioration ou m\u00eame des situations dangereuses lors du transport de mati\u00e8res dangereuses. En utilisant un <strong>testeur de fuites \u00e0 vide<\/strong>, Les fabricants peuvent ainsi d\u00e9tecter les moindres fuites et garantir la s\u00e9curit\u00e9 et l'int\u00e9grit\u00e9 du produit.<\/p>\n\n\n\n<h2 class=\"wp-block-heading\">Testeur de fuites \u00e0 vide : Comment \u00e7a marche<\/h2>\n\n\n\n<p>Le <strong>testeur de fuites \u00e0 vide<\/strong> est un outil sp\u00e9cifique con\u00e7u pour tester l'int\u00e9grit\u00e9 des conteneurs rigides. Le processus consiste \u00e0 soumettre le contenant \u00e0 un vide afin d'identifier les fuites en observant les bulles d'air ou le liquide qui s'\u00e9chappent de l'emballage. Cette m\u00e9thode est largement utilis\u00e9e en raison de sa pr\u00e9cision et de sa capacit\u00e9 \u00e0 d\u00e9tecter d'infimes d\u00e9fauts dans les mat\u00e9riaux d'emballage.<\/p>\n\n\n\n<p>L'un des principaux avantages de la <strong>testeur de fuites \u00e0 vide<\/strong> est sa capacit\u00e9 \u00e0 tester les conteneurs sans modifier leur structure ou leurs fermetures. Le test est effectu\u00e9 dans des conditions de pression diff\u00e9rentielle, ce qui le rend adapt\u00e9 aux emballages de transport d'air et de liquide. Les normes les plus couramment utilis\u00e9es pour les tests d'\u00e9tanch\u00e9it\u00e9 sous vide sont les suivantes <strong>ASTM D4991<\/strong> et <strong>ASTM D3078<\/strong>.<\/p>\n\n\n\n<h2 class=\"wp-block-heading\">ASTM D4991 : M\u00e9thode d'essai standard pour le test d'\u00e9tanch\u00e9it\u00e9 sous vide des conteneurs rigides<\/h2>\n\n\n\n<p><strong>ASTM D4991<\/strong> d\u00e9crit la m\u00e9thode d'essai normalis\u00e9e pour l'essai d'\u00e9tanch\u00e9it\u00e9 des conteneurs rigides vides par la m\u00e9thode du vide. Cette norme est particuli\u00e8rement utile pour tester les conteneurs destin\u00e9s au transport de liquides dangereux, tels que ceux r\u00e9glement\u00e9s par la <strong>Recommandations des Nations unies relatives au transport des marchandises dangereuses (UN TDG)<\/strong> et le <strong>Organisation de l'aviation civile internationale (OACI)<\/strong>.<\/p>\n\n\n\n<h3 class=\"wp-block-heading\">Aspects cl\u00e9s de l'ASTM D4991 :<\/h3>\n\n\n\n<ul class=\"wp-block-list\">\n<li><strong>Proc\u00e9dure de test<\/strong>: Le r\u00e9cipient est immerg\u00e9 dans une solution d'\u00e9thyl\u00e8ne glycol et d'eau, et un vide est appliqu\u00e9 pour cr\u00e9er une pression diff\u00e9rentielle d'environ 1,5 bar. <strong>95 kPa (13,8 psi)<\/strong>.<\/li>\n\n\n\n<li><strong>D\u00e9tection des fuites<\/strong>: Le r\u00e9cipient est observ\u00e9 pour d\u00e9tecter les bulles d'air qui s'\u00e9chappent lors de la d\u00e9pressurisation ou pour v\u00e9rifier la pr\u00e9sence de liquide \u00e0 l'int\u00e9rieur du r\u00e9cipient apr\u00e8s la re-pressurisation.<\/li>\n\n\n\n<li><strong>Conteneurs test\u00e9s<\/strong>: Les conteneurs rigides, y compris leurs fermetures, utilis\u00e9s pour le transport de mati\u00e8res ou de liquides dangereux sont test\u00e9s selon cette m\u00e9thode.<\/li>\n<\/ul>\n\n\n\n<p>Cette norme permet de d\u00e9terminer le point de d\u00e9part des fuites, ce qui fournit des informations cruciales pour am\u00e9liorer la conception des emballages afin d'\u00e9viter les fuites.<\/p>\n\n\n\n<h2 class=\"wp-block-heading\">ASTM D3078 : M\u00e9thode d'essai standard pour le test d'\u00e9tanch\u00e9it\u00e9 sous vide des emballages souples<\/h2>\n\n\n\n<p><strong>ASTM D3078<\/strong> est la m\u00e9thode d'essai standard pour le contr\u00f4le d'\u00e9tanch\u00e9it\u00e9 sous vide des emballages souples. Contrairement aux <strong>ASTM D4991<\/strong>, qui se concentre sur les conteneurs rigides, <strong>ASTM D3078<\/strong> s'applique aux emballages souples tels que les sachets ou les sacs.<\/p>\n\n\n\n<h3 class=\"wp-block-heading\">Aspects cl\u00e9s de l'ASTM D3078 :<\/h3>\n\n\n\n<ul class=\"wp-block-list\">\n<li><strong>Essais sous vide<\/strong>: L'emballage est soumis \u00e0 un vide afin de simuler les conditions qu'il pourrait subir pendant le transport ou le stockage.<\/li>\n\n\n\n<li><strong>D\u00e9tection des fuites<\/strong>: Comme pour <strong>ASTM D4991<\/strong>, Les fuites sont d\u00e9tect\u00e9es par l'observation de bulles d'air ou de liquide \u00e0 l'int\u00e9rieur de l'emballage apr\u00e8s la remise en pression.<\/li>\n<\/ul>\n\n\n\n<p>Cette norme est couramment utilis\u00e9e dans des secteurs tels que l'alimentation et les produits pharmaceutiques, o\u00f9 la flexibilit\u00e9 de l'emballage et la pr\u00e9vention des fuites sont essentielles au maintien de la qualit\u00e9 du produit.<\/p>\n\n\n\n<h2 class=\"wp-block-heading\">Avantages de l'utilisation d'un testeur d'\u00e9tanch\u00e9it\u00e9 pour l'emballage<\/h2>\n\n\n\n<p>L'utilisation d'un <strong>testeur d'\u00e9tanch\u00e9it\u00e9 pour l'emballage<\/strong> offre de nombreux avantages aux fabricants :<\/p>\n\n\n\n<ol class=\"wp-block-list\">\n<li><strong>Am\u00e9lioration de l'int\u00e9grit\u00e9 des produits<\/strong>: Les tests d'\u00e9tanch\u00e9it\u00e9 permettent de s'assurer que les produits restent s\u00fbrs et s\u00e9curis\u00e9s pendant le transport et le stockage, \u00e9vitant ainsi toute contamination ou d\u00e9t\u00e9rioration.<\/li>\n\n\n\n<li><strong>Conformit\u00e9 aux normes de l'industrie<\/strong>: En adh\u00e9rant \u00e0 des normes telles que <strong>ASTM D4991<\/strong> et <strong>ASTM D3078<\/strong>, Les fabricants s'assurent que leurs emballages r\u00e9pondent aux normes de s\u00e9curit\u00e9 et de qualit\u00e9 exig\u00e9es par les diff\u00e9rents secteurs d'activit\u00e9.<\/li>\n\n\n\n<li><strong>Rentabilit\u00e9<\/strong>: La d\u00e9tection des fuites \u00e0 un stade pr\u00e9coce du processus de production peut contribuer \u00e0 r\u00e9duire les d\u00e9chets et \u00e0 \u00e9viter des rappels co\u00fbteux ou des retouches de produits.<\/li>\n\n\n\n<li><strong>Am\u00e9lioration de la satisfaction des clients<\/strong>: Des tests d'\u00e9tanch\u00e9it\u00e9 appropri\u00e9s garantissent que les clients re\u00e7oivent des produits dans un \u00e9tat optimal, ce qui am\u00e9liore la confiance et la satisfaction.<\/li>\n<\/ol>\n\n\n\n<h2 class=\"wp-block-heading\">Pourquoi choisir les testeurs d'\u00e9tanch\u00e9it\u00e9 Cell Instruments ?<\/h2>\n\n\n\n<p>Au <strong>Cell Instruments<\/strong>, Nous sommes sp\u00e9cialis\u00e9s dans la fourniture de produits de haute qualit\u00e9. <strong>testeurs d'\u00e9tanch\u00e9it\u00e9 pour l'emballage<\/strong> qui sont con\u00e7us pour r\u00e9pondre aux exigences rigoureuses de diverses industries. Nos <strong>testeurs d'\u00e9tanch\u00e9it\u00e9 \u00e0 vide<\/strong> sont conformes aux normes ASTM, y compris <strong>ASTM D4991<\/strong> et <strong>ASTM D3078<\/strong>, Le syst\u00e8me de contr\u00f4le de l'int\u00e9grit\u00e9 de l'emballage permet de tester l'int\u00e9grit\u00e9 de l'emballage de mani\u00e8re pr\u00e9cise et fiable.<\/p>\n\n\n\n<p>Notre <strong>testeurs de fuites<\/strong> sont faciles \u00e0 utiliser, fournissent des r\u00e9sultats pr\u00e9cis et sont con\u00e7us pour traiter une large gamme de types d'emballages, des conteneurs rigides aux emballages souples. Que vous testiez des emballages alimentaires, des produits pharmaceutiques ou des contenants de mati\u00e8res dangereuses, nos instruments offrent la durabilit\u00e9 et la pr\u00e9cision dont vous avez besoin pour un contr\u00f4le qualit\u00e9 efficace.<\/p>\n\n\n\n<h2 class=\"wp-block-heading\">Conclusion : Garantir la qualit\u00e9 de l'emballage gr\u00e2ce aux testeurs d'\u00e9tanch\u00e9it\u00e9<\/h2>\n\n\n\n<p>Dans le monde de l'emballage, il est essentiel de garantir l'int\u00e9grit\u00e9 des conteneurs pour assurer la s\u00e9curit\u00e9 et la qualit\u00e9 des produits, ainsi que le respect des r\u00e9glementations industrielles. Les <strong>testeur d'\u00e9tanch\u00e9it\u00e9 pour l'emballage<\/strong> joue un r\u00f4le crucial dans l'identification des fuites qui pourraient compromettre l'int\u00e9grit\u00e9 d'un produit pendant le transport ou le stockage.<\/p>\n\n\n\n<p>En utilisant <strong>testeurs d'\u00e9tanch\u00e9it\u00e9 \u00e0 vide<\/strong> et en adh\u00e9rant \u00e0 des normes telles que <strong>ASTM D4991<\/strong> et <strong>ASTM D3078<\/strong>, Les fabricants peuvent ainsi s'assurer que leurs emballages r\u00e9pondent aux exigences en mati\u00e8re de r\u00e9sistance aux fuites. A l'heure actuelle <strong>Cell Instruments<\/strong>, Nous fournissons des solutions fiables de contr\u00f4le d'\u00e9tanch\u00e9it\u00e9 pour vous aider \u00e0 maintenir les normes les plus \u00e9lev\u00e9es de qualit\u00e9 et de s\u00e9curit\u00e9 dans vos processus d'emballage.<\/p>\n\n\n\n<p>Pour plus d'informations sur notre <strong>testeurs d'\u00e9tanch\u00e9it\u00e9 pour l'emballage<\/strong>, Contactez-nous d\u00e8s aujourd'hui et assurez-vous que vos produits r\u00e9pondent aux meilleures normes de l'industrie.<\/p>\n\n\n\n<p><\/p>","protected":false},"excerpt":{"rendered":"<p>Ensuring the integrity of packaging is crucial in various industries, especially when it comes to maintaining the safety and quality of products. A leak tester for packaging is an essential tool used to detect leaks in packaging containers, such as bottles, jars, and other rigid or flexible containers. Among the different types of leak testing [&hellip;]<\/p>","protected":false},"featured_media":1148,"parent":0,"template":"","meta":{"_acf_changed":true},"product-category":[59],"class_list":["post-1143","product","type-product","status-publish","has-post-thumbnail","hentry","product-category-bubble-emission-test"],"acf":[],"_links":{"self":[{"href":"https:\/\/www.packtests.com\/fr\/wp-json\/wp\/v2\/product\/1143","targetHints":{"allow":["GET"]}}],"collection":[{"href":"https:\/\/www.packtests.com\/fr\/wp-json\/wp\/v2\/product"}],"about":[{"href":"https:\/\/www.packtests.com\/fr\/wp-json\/wp\/v2\/types\/product"}],"wp:featuredmedia":[{"embeddable":true,"href":"https:\/\/www.packtests.com\/fr\/wp-json\/wp\/v2\/media\/1148"}],"wp:attachment":[{"href":"https:\/\/www.packtests.com\/fr\/wp-json\/wp\/v2\/media?parent=1143"}],"wp:term":[{"taxonomy":"product-category","embeddable":true,"href":"https:\/\/www.packtests.com\/fr\/wp-json\/wp\/v2\/product-category?post=1143"}],"curies":[{"name":"wp","href":"https:\/\/api.w.org\/{rel}","templated":true}]}}