{"id":1160,"date":"2026-03-25T07:33:37","date_gmt":"2026-03-25T07:33:37","guid":{"rendered":"https:\/\/www.packtests.com\/?post_type=product&#038;p=1160"},"modified":"2026-03-26T05:21:25","modified_gmt":"2026-03-26T05:21:25","slug":"gross-leak-bubble-tester","status":"publish","type":"product","link":"https:\/\/www.packtests.com\/fr\/product\/gross-leak-bubble-tester\/","title":{"rendered":"GLT-01 Testeur de bulles d'air pour fuites brutes"},"content":{"rendered":"<p>Dans les industries de l'emballage, il est essentiel de garantir l'int\u00e9grit\u00e9 du mat\u00e9riau d'emballage pour prot\u00e9ger le produit pendant le transport et le stockage. Les <strong>testeur de bulles d'air pour fuites brutes<\/strong> est un outil essentiel utilis\u00e9 pour identifier les fuites importantes dans les emballages, garantissant l'\u00e9tanch\u00e9it\u00e9 requise pour prot\u00e9ger les contenus tels que les aliments, les produits pharmaceutiques et les dispositifs m\u00e9dicaux. Cet article pr\u00e9sente un examen approfondi de l'analyse des fuites dans les emballages. <strong>testeur de bulles d'air pour fuites brutes<\/strong>, son r\u00f4le dans la <strong>d\u00e9tection des fuites brutes<\/strong>, et ses applications en <strong>test des paquets<\/strong>. Nous discuterons \u00e9galement des normes pertinentes telles que <strong>ASTM F2096<\/strong> qui permettent d'\u00e9valuer l'efficacit\u00e9 des mat\u00e9riaux d'emballage.<\/p>\n\n\n\n<h2 class=\"wp-block-heading\"><strong>Qu'est-ce qu'un testeur de bulles d'air de fuite brute ?<\/strong><\/h2>\n\n\n\n<p>A <strong>testeur de bulles d'air pour fuites brutes<\/strong> est un dispositif utilis\u00e9 pour d\u00e9tecter les fuites importantes dans les emballages, g\u00e9n\u00e9ralement en appliquant une pression interne et en observant la formation de bulles. Cette m\u00e9thode consiste \u00e0 immerger l'emballage dans une solution o\u00f9 l'air est introduit sous pression. Si l'emballage est compromis, il laissera \u00e9chapper de l'air, produisant des bulles visibles qui indiquent les zones de d\u00e9faillance.<\/p>\n\n\n\n<p>Cette m\u00e9thode d'essai est efficace pour d\u00e9tecter les fuites \u00e0 la fois dans les <strong>emballages rigides et flexibles<\/strong>, Les scell\u00e9s \u00e9tanches \u00e0 l'air garantissent que les r\u00e9cipients conservent leur int\u00e9grit\u00e9 sous pression. Il est largement utilis\u00e9 dans des secteurs tels que l'industrie pharmaceutique, l'industrie alimentaire et l'emballage m\u00e9dical, o\u00f9 les joints \u00e9tanches sont essentiels pour garantir la s\u00e9curit\u00e9 et la qualit\u00e9 des produits.<\/p>\n\n\n\n<h2 class=\"wp-block-heading\"><strong>Comprendre le test d'\u00e9tanch\u00e9it\u00e9 par immersion dans une bulle<\/strong><\/h2>\n\n\n\n<p>Le <strong>test d'\u00e9tanch\u00e9it\u00e9 par immersion dans une bulle<\/strong> est une m\u00e9thode couramment utilis\u00e9e pour d\u00e9tecter les fuites grossi\u00e8res dans les emballages. Au cours de ce test, l'emballage est immerg\u00e9 dans de l'eau ou une autre solution appropri\u00e9e, et une pression est appliqu\u00e9e pour cr\u00e9er une pression interne \u00e0 l'int\u00e9rieur de l'emballage. Si l'emballage pr\u00e9sente des fuites, l'air s'\u00e9chappe par ces d\u00e9fauts, formant des bulles facilement observables. Les bulles indiquent la pr\u00e9sence d'un point de d\u00e9faillance, tel qu'un trou d'\u00e9pingle, une fissure ou une mauvaise \u00e9tanch\u00e9it\u00e9.<\/p>\n\n\n\n<p>Cette m\u00e9thode d'essai est privil\u00e9gi\u00e9e car elle est tr\u00e8s sensible \u00e0 des fuites aussi petites que 250 microns, en fonction de la pression utilis\u00e9e. La m\u00e9thode d'essai <strong>test d'\u00e9tanch\u00e9it\u00e9 par immersion dans une bulle<\/strong> est un moyen fiable de v\u00e9rifier la qualit\u00e9 et la s\u00e9curit\u00e9 globales des mat\u00e9riaux d'emballage avant qu'ils ne soient utilis\u00e9s pour contenir des produits sensibles.<\/p>\n\n\n\n<h2 class=\"wp-block-heading\"><strong>ASTM F2096 : M\u00e9thode de test standard pour la d\u00e9tection des fuites brutes<\/strong><\/h2>\n\n\n\n<p><strong>ASTM F2096<\/strong> est la m\u00e9thode d'essai standard pour d\u00e9tecter les <strong>fuites importantes<\/strong> dans les emballages par l'\u00e9preuve de la bulle de pressurisation interne. Cette norme d\u00e9crit la proc\u00e9dure \u00e0 suivre pour identifier les fuites importantes dans les mat\u00e9riaux d'emballage rigides et flexibles. L'\u00e9preuve consiste \u00e0 appliquer une pression pr\u00e9d\u00e9termin\u00e9e \u00e0 l'emballage, qui est immerg\u00e9 dans l'eau. En cas de fuite, un flux continu de bulles est observ\u00e9.<\/p>\n\n\n\n<p>Le <strong>ASTM F2096<\/strong> d\u00e9finit \u00e9galement la sensibilit\u00e9 du test, qui peut d\u00e9tecter des fuites aussi petites que 250 microns avec une probabilit\u00e9 de 81%. Cela en fait un outil essentiel pour garantir l'int\u00e9grit\u00e9 des emballages, en particulier dans les industries o\u00f9 le maintien d'environnements st\u00e9riles ou exempts de contamination est crucial.<\/p>\n\n\n\n<h2 class=\"wp-block-heading\"><strong>Le r\u00f4le de l'appareil d'essai d'\u00e9tanch\u00e9it\u00e9 brute dans le contr\u00f4le des emballages<\/strong><\/h2>\n\n\n\n<p>L'utilisation d'un <strong>testeur d'\u00e9tanch\u00e9it\u00e9 brut pour le contr\u00f4le des emballages<\/strong> est essentielle pour s'assurer que les mat\u00e9riaux d'emballage sont capables de r\u00e9sister aux rigueurs du transport et du stockage. Cette m\u00e9thode permet d'identifier les points faibles de l'emballage, tels que :<\/p>\n\n\n\n<ul class=\"wp-block-list\">\n<li><strong>Trous d'\u00e9pingle<\/strong><\/li>\n\n\n\n<li><strong>Fissures<\/strong><\/li>\n\n\n\n<li><strong>Joints inad\u00e9quats<\/strong><\/li>\n<\/ul>\n\n\n\n<p>En utilisant le <strong>testeur de bulles d'air pour fuites brutes<\/strong>, Les fabricants d'emballages peuvent d\u00e9tecter ces probl\u00e8mes \u00e0 un stade pr\u00e9coce, ce qui permet d'\u00e9viter des d\u00e9faillances co\u00fbteuses, des rappels ou des dommages. La capacit\u00e9 \u00e0 rep\u00e9rer ces fuites avant l'exp\u00e9dition de l'emballage garantit que les produits sont s\u00fbrs et conformes aux normes r\u00e9glementaires.<\/p>\n\n\n\n<h2 class=\"wp-block-heading\"><strong>Avantages de l'utilisation d'un testeur d'\u00e9tanch\u00e9it\u00e9 brut<\/strong><\/h2>\n\n\n\n<ol class=\"wp-block-list\">\n<li><strong>D\u00e9tection pr\u00e9cise des fuites<\/strong>: Le <strong>testeur de bulles d'air pour fuites brutes<\/strong> permet d'identifier les moindres fuites, ce qui contribue \u00e0 am\u00e9liorer la qualit\u00e9 globale de l'emballage.<\/li>\n\n\n\n<li><strong>Co\u00fbt-efficacit\u00e9<\/strong>: En d\u00e9tectant rapidement les d\u00e9fauts d'emballage, les fabricants peuvent \u00e9viter le co\u00fbt des retours, des marchandises endommag\u00e9es et des sanctions r\u00e9glementaires.<\/li>\n\n\n\n<li><strong>Am\u00e9lioration des performances de l'emballage<\/strong>: Des tests r\u00e9guliers garantissent que les mat\u00e9riaux d'emballage conservent leur int\u00e9grit\u00e9 sous pression, r\u00e9duisant ainsi le risque de fuites pendant le transport.<\/li>\n\n\n\n<li><strong>Respect des normes<\/strong>: Adh\u00e9rer \u00e0 <strong>ASTM F2096<\/strong> et des normes similaires garantit la conformit\u00e9 avec les r\u00e9glementations industrielles, am\u00e9liorant ainsi la s\u00e9curit\u00e9 du produit emball\u00e9.<\/li>\n<\/ol>\n\n\n\n<p><\/p>\n\n\n\n<p>Pour les entreprises qui cherchent \u00e0 am\u00e9liorer la qualit\u00e9 de leurs emballages, l'investissement dans un <strong>testeur d'\u00e9tanch\u00e9it\u00e9 brut pour le contr\u00f4le des emballages<\/strong> est une d\u00e9cision intelligente. Elle permet non seulement de garantir la s\u00e9curit\u00e9 des emballages, mais contribue \u00e9galement \u00e0 la conformit\u00e9 r\u00e9glementaire et \u00e0 la r\u00e9duction des co\u00fbts. Chez Cell Instruments, nous proposons des <strong>testeurs de fuites brutes<\/strong> con\u00e7u pour r\u00e9pondre aux exigences rigoureuses des tests d'emballage.<\/p>\n\n\n\n<p><\/p>","protected":false},"excerpt":{"rendered":"<p>In packaging industries, ensuring the integrity of the packaging material is crucial for product protection during transit and storage. The gross leak bubble tester is an essential tool used to identify significant leaks in packaging, ensuring the airtightness required to protect contents like food, pharmaceuticals, and medical devices. This article provides an in-depth look into [&hellip;]<\/p>","protected":false},"featured_media":1161,"parent":0,"template":"","meta":{"_acf_changed":true},"product-category":[60],"class_list":["post-1160","product","type-product","status-publish","has-post-thumbnail","hentry","product-category-pressurization"],"acf":[],"_links":{"self":[{"href":"https:\/\/www.packtests.com\/fr\/wp-json\/wp\/v2\/product\/1160","targetHints":{"allow":["GET"]}}],"collection":[{"href":"https:\/\/www.packtests.com\/fr\/wp-json\/wp\/v2\/product"}],"about":[{"href":"https:\/\/www.packtests.com\/fr\/wp-json\/wp\/v2\/types\/product"}],"wp:featuredmedia":[{"embeddable":true,"href":"https:\/\/www.packtests.com\/fr\/wp-json\/wp\/v2\/media\/1161"}],"wp:attachment":[{"href":"https:\/\/www.packtests.com\/fr\/wp-json\/wp\/v2\/media?parent=1160"}],"wp:term":[{"taxonomy":"product-category","embeddable":true,"href":"https:\/\/www.packtests.com\/fr\/wp-json\/wp\/v2\/product-category?post=1160"}],"curies":[{"name":"wp","href":"https:\/\/api.w.org\/{rel}","templated":true}]}}