{"id":1171,"date":"2026-03-26T02:24:39","date_gmt":"2026-03-26T02:24:39","guid":{"rendered":"https:\/\/www.packtests.com\/?post_type=product&#038;p=1171"},"modified":"2026-03-26T05:19:53","modified_gmt":"2026-03-26T05:19:53","slug":"pouch-burst-tester","status":"publish","type":"product","link":"https:\/\/www.packtests.com\/fr\/product\/pouch-burst-tester\/","title":{"rendered":"LSST-01 Testeur d'\u00e9clatement de poche"},"content":{"rendered":"<p>Dans l'industrie de l'emballage, il est essentiel de garantir l'int\u00e9grit\u00e9 et la solidit\u00e9 d'un emballage, en particulier dans les secteurs de l'alimentation, des produits pharmaceutiques et des dispositifs m\u00e9dicaux. L'une des m\u00e9thodes les plus fiables pour \u00e9valuer la durabilit\u00e9 d'un emballage est l'analyse de la qualit\u00e9 de l'air. <strong>testeur d'\u00e9clatement de poche<\/strong>. Cet appareil est con\u00e7u pour tester la r\u00e9sistance \u00e0 l'\u00e9clatement des emballages souples, afin de s'assurer qu'ils peuvent r\u00e9sister \u00e0 la pression qu'ils peuvent subir pendant le transport et le stockage.<\/p>\n\n\n\n<p>Cet article se penchera sur les <strong>testeur d'\u00e9clatement de poche<\/strong>, L'importance du contr\u00f4le de la qualit\u00e9 de l'emballage et la mani\u00e8re dont il est conforme \u00e0 des normes telles que la directive sur l'\u00e9tiquetage des denr\u00e9es alimentaires. <strong>ASTM F1140<\/strong>. En outre, nous discuterons de l'importance des <strong>ASTM F2054<\/strong>, <strong>essai d'\u00e9clatement pour les emballages<\/strong>, et le <strong>essai de d\u00e9composition de la pression<\/strong> dans la d\u00e9termination de la performance de l'emballage.<\/p>\n\n\n\n<h2 class=\"wp-block-heading\"><strong>Qu'est-ce qu'un testeur d'\u00e9clatement de poche ?<\/strong><\/h2>\n\n\n\n<p>A <strong>testeur d'\u00e9clatement de poche<\/strong> est un appareil utilis\u00e9 pour d\u00e9terminer la r\u00e9sistance \u00e0 l'\u00e9clatement des emballages souples, y compris les sachets. Pour ce faire, l'emballage est soumis \u00e0 une pression interne jusqu'\u00e0 ce qu'il se rompe. Le testeur est con\u00e7u pour simuler des conditions r\u00e9elles, telles que les changements de pression pendant l'exp\u00e9dition ou la st\u00e9rilisation, afin d'\u00e9valuer la capacit\u00e9 de l'emballage \u00e0 r\u00e9sister \u00e0 la rupture.<\/p>\n\n\n\n<p>Le testeur fonctionne en appliquant une pression interne contr\u00f4l\u00e9e \u00e0 l'emballage jusqu'\u00e0 ce qu'il \u00e9clate. Le point de rupture se situe g\u00e9n\u00e9ralement au niveau du joint de l'emballage ou des points faibles du mat\u00e9riau. Le testeur mesure la pression \u00e0 laquelle l'emballage \u00e9clate, fournissant ainsi des donn\u00e9es cruciales sur la durabilit\u00e9 et l'int\u00e9grit\u00e9 de l'emballage.<\/p>\n\n\n\n<h2 class=\"wp-block-heading\"><strong>ASTM F1140 : Test de r\u00e9sistance \u00e0 la pressurisation interne<\/strong><\/h2>\n\n\n\n<p><strong>ASTM F1140<\/strong> d\u00e9crit les m\u00e9thodes d'essai normalis\u00e9es pour \u00e9valuer la r\u00e9sistance \u00e0 la rupture par pressurisation interne des colis non arrim\u00e9s. La norme comprend plusieurs m\u00e9thodes d'essai qui \u00e9valuent la r\u00e9sistance d'un colis \u00e0 la pression interne :<\/p>\n\n\n\n<ul class=\"wp-block-list\">\n<li><strong>M\u00e9thode d'essai A (essai d'\u00e9clatement) :<\/strong> Cette m\u00e9thode consiste \u00e0 pressuriser l'emballage jusqu'\u00e0 ce qu'il \u00e9clate, en mesurant la pression maximale au point de rupture.<\/li>\n\n\n\n<li><strong>M\u00e9thode d'essai B (essai de fluage) :<\/strong> Cette m\u00e9thode consiste \u00e0 appliquer une pression sp\u00e9cifique \u00e0 l'emballage et \u00e0 la maintenir pendant une dur\u00e9e d\u00e9termin\u00e9e, afin de d\u00e9terminer si l'emballage peut r\u00e9sister \u00e0 la pression sans d\u00e9faillance.<\/li>\n\n\n\n<li><strong>M\u00e9thode d'essai C (fluage jusqu'\u00e0 la rupture) :<\/strong> Cette m\u00e9thode consiste \u00e0 maintenir la pression sur l'emballage jusqu'\u00e0 ce qu'il \u00e9clate, en enregistrant le temps n\u00e9cessaire pour que la d\u00e9faillance se produise.<\/li>\n<\/ul>\n\n\n\n<p>Ces tests permettent de s'assurer que l'emballage peut supporter les diff\u00e9rences de pression qui peuvent survenir au cours de la st\u00e9rilisation ou du transport. Ils fournissent \u00e9galement des donn\u00e9es pr\u00e9cieuses pour d\u00e9terminer si les mat\u00e9riaux d'emballage conviennent \u00e0 des produits sp\u00e9cifiques.<\/p>\n\n\n\n<h2 class=\"wp-block-heading\"><strong>L'importance du test d'\u00e9clatement pour les emballages<\/strong><\/h2>\n\n\n\n<p><strong>Test d'\u00e9clatement<\/strong> est une \u00e9tape cruciale dans le contr\u00f4le de la qualit\u00e9 des emballages. Il simule les conditions extr\u00eames auxquelles un emballage peut \u00eatre confront\u00e9 au cours de son cycle de vie. Il s'agit notamment des diff\u00e9rences de pression caus\u00e9es par des facteurs externes tels que les changements d'altitude ou de temp\u00e9rature, et des facteurs internes tels que le contenu de l'emballage.<\/p>\n\n\n\n<p>En utilisant le <strong>testeur d'\u00e9clatement de poche<\/strong>, Gr\u00e2ce \u00e0 ces essais, les fabricants peuvent s'assurer que leurs emballages peuvent r\u00e9sister \u00e0 ces contraintes sans compromettre l'int\u00e9grit\u00e9 du produit qu'ils contiennent. Les essais d'\u00e9clatement sont essentiels pour v\u00e9rifier que les joints et les mat\u00e9riaux utilis\u00e9s dans l'emballage peuvent supporter les pressions auxquelles ils seront soumis pendant le stockage, le transport et la manutention.<\/p>\n\n\n\n<h2 class=\"wp-block-heading\"><strong>ASTM F2054 : Essai d'\u00e9clatement pour les joints d'\u00e9tanch\u00e9it\u00e9 flexibles des emballages<\/strong><\/h2>\n\n\n\n<p>Une autre norme importante pour les essais d'\u00e9clatement est <strong>ASTM F2054<\/strong>, Cette m\u00e9thode est particuli\u00e8rement utile pour tester les emballages souples tels que les sachets et les sacs, o\u00f9 l'\u00e9clatement se produit g\u00e9n\u00e9ralement au niveau de la zone de scellage. Cette m\u00e9thode est particuli\u00e8rement utile pour tester les emballages souples tels que les sachets et les sacs, o\u00f9 l'\u00e9clatement se produit g\u00e9n\u00e9ralement au niveau de la zone de scellage.<\/p>\n\n\n\n<p>Pendant <strong>ASTM F2054<\/strong> Lors de l'\u00e9preuve, le colis est mis sous pression jusqu'\u00e0 ce que le joint se rompe. L'\u00e9preuve peut \u00eatre r\u00e9alis\u00e9e avec l'emballage ouvert ou ferm\u00e9, en fonction du type d'emballage et des exigences de l'\u00e9preuve. L'objectif principal de cette \u00e9preuve est d'\u00e9valuer la r\u00e9sistance \u00e0 l'\u00e9clatement du joint, qui est cruciale pour maintenir l'int\u00e9grit\u00e9 de l'emballage et pr\u00e9venir les fuites ou la contamination.<\/p>\n\n\n\n<h2 class=\"wp-block-heading\"><strong>Test de d\u00e9composition de la pression : D\u00e9tecter les fuites sans rompre l'emballage<\/strong><\/h2>\n\n\n\n<p>En plus des tests d'\u00e9clatement, le <strong>essai de d\u00e9composition de la pression<\/strong> est une autre m\u00e9thode pr\u00e9cieuse pour tester l'int\u00e9grit\u00e9 d'un emballage. Ce test non destructif mesure la variation de la pression \u00e0 l'int\u00e9rieur d'un emballage au fil du temps. Une chute de pression indique la pr\u00e9sence d'une fuite dans l'emballage.<\/p>\n\n\n\n<p>Le <strong>essai de d\u00e9composition de la pression<\/strong> est particuli\u00e8rement utile pour d\u00e9tecter les petites fuites qui ne sont pas toujours visibles \u00e0 l'\u0153il nu. Contrairement \u00e0 l'essai d'\u00e9clatement, qui provoque la rupture de l'emballage, l'essai de d\u00e9composition de la pression permet aux fabricants de d\u00e9tecter les fuites sans endommager l'emballage, ce qui en fait une m\u00e9thode id\u00e9ale pour tester les produits sensibles.<\/p>\n\n\n\n<h2 class=\"wp-block-heading\"><strong>Pourquoi utiliser un testeur d'\u00e9clatement de poche ?<\/strong><\/h2>\n\n\n\n<p>Le <strong>testeur d'\u00e9clatement de poche<\/strong> offre plusieurs avantages aux fabricants d\u00e9sireux de garantir l'int\u00e9grit\u00e9 de leurs emballages :<\/p>\n\n\n\n<ol class=\"wp-block-list\">\n<li><strong>Mesure pr\u00e9cise de la pression :<\/strong> Le testeur fournit des mesures pr\u00e9cises de la pression \u00e0 laquelle l'emballage c\u00e8de, aidant ainsi les fabricants \u00e0 d\u00e9terminer la r\u00e9sistance de leurs mat\u00e9riaux d'emballage et de leurs joints.<\/li>\n\n\n\n<li><strong>Simulation du monde r\u00e9el :<\/strong> En soumettant l'emballage \u00e0 une pression interne croissante, le testeur simule les conditions auxquelles l'emballage sera confront\u00e9 pendant le transport, ce qui permet de s'assurer qu'il peut r\u00e9sister aux contraintes du monde r\u00e9el.<\/li>\n\n\n\n<li><strong>Des tests rapides et efficaces :<\/strong> Le testeur d'\u00e9clatement de sachets est con\u00e7u pour des tests rapides et efficaces, permettant aux fabricants d'\u00e9valuer un grand nombre d'emballages en peu de temps.<\/li>\n\n\n\n<li><strong>Conformit\u00e9 aux normes de l'industrie :<\/strong> Le testeur est enti\u00e8rement conforme aux normes suivantes <strong>ASTM F1140<\/strong> et <strong>ASTM F2054<\/strong>, La Commission europ\u00e9enne a mis en place un syst\u00e8me de gestion des emballages qui garantit que les fabricants respectent les normes de l'industrie en mati\u00e8re de performances d'emballage.<\/li>\n<\/ol>\n\n\n\n<p><strong>Conclusion<\/strong><\/p>\n\n\n\n<p>Le <strong>testeur d'\u00e9clatement de poche<\/strong> est un outil essentiel pour \u00e9valuer la r\u00e9sistance \u00e0 l'\u00e9clatement et l'int\u00e9grit\u00e9 des emballages souples. En utilisant des essais d'\u00e9clatement et des essais de d\u00e9composition de la pression conform\u00e9ment \u00e0 des normes telles que <strong>ASTM F1140<\/strong> et <strong>ASTM F2054<\/strong>, Les fabricants peuvent s'assurer que leurs mat\u00e9riaux d'emballage prot\u00e8gent correctement les produits qu'ils contiennent.<\/p>\n\n\n\n<p>Pour les entreprises actives dans des secteurs tels que l'alimentation, les produits pharmaceutiques et les dispositifs m\u00e9dicaux, l'investissement dans un syst\u00e8me d'information sur la sant\u00e9 est essentiel. <strong>testeur d'\u00e9clatement de poche<\/strong> est une \u00e9tape cl\u00e9 dans le maintien d'un emballage de haute qualit\u00e9 capable de r\u00e9sister aux pressions de la cha\u00eene d'approvisionnement. Chez Cell Instruments, nous proposons des solutions d'essai performantes pour r\u00e9pondre aux divers besoins de l'industrie de l'emballage.<\/p>","protected":false},"excerpt":{"rendered":"<p>In the packaging industry, ensuring the integrity and strength of a package is crucial, especially for industries like food, pharmaceuticals, and medical devices. One of the most reliable methods for evaluating package durability is the pouch burst tester. This device is designed to test the burst strength of flexible packages, ensuring that they can withstand [&hellip;]<\/p>","protected":false},"featured_media":1172,"parent":0,"template":"","meta":{"_acf_changed":true},"product-category":[62],"class_list":["post-1171","product","type-product","status-publish","has-post-thumbnail","hentry","product-category-pressure-decay-test"],"acf":[],"_links":{"self":[{"href":"https:\/\/www.packtests.com\/fr\/wp-json\/wp\/v2\/product\/1171","targetHints":{"allow":["GET"]}}],"collection":[{"href":"https:\/\/www.packtests.com\/fr\/wp-json\/wp\/v2\/product"}],"about":[{"href":"https:\/\/www.packtests.com\/fr\/wp-json\/wp\/v2\/types\/product"}],"wp:featuredmedia":[{"embeddable":true,"href":"https:\/\/www.packtests.com\/fr\/wp-json\/wp\/v2\/media\/1172"}],"wp:attachment":[{"href":"https:\/\/www.packtests.com\/fr\/wp-json\/wp\/v2\/media?parent=1171"}],"wp:term":[{"taxonomy":"product-category","embeddable":true,"href":"https:\/\/www.packtests.com\/fr\/wp-json\/wp\/v2\/product-category?post=1171"}],"curies":[{"name":"wp","href":"https:\/\/api.w.org\/{rel}","templated":true}]}}