{"id":1138,"date":"2026-03-20T07:37:21","date_gmt":"2026-03-20T07:37:21","guid":{"rendered":"https:\/\/www.packtests.com\/?post_type=product&#038;p=1138"},"modified":"2026-03-26T05:10:23","modified_gmt":"2026-03-26T05:10:23","slug":"plastic-tensile-strength-tester","status":"publish","type":"product","link":"https:\/\/www.packtests.com\/hu\/product\/plastic-tensile-strength-tester\/","title":{"rendered":"TST-01 m\u0171anyag szak\u00edt\u00f3szil\u00e1rds\u00e1gm\u00e9r\u0151"},"content":{"rendered":"<p><br>A <strong>M\u0171anyag szak\u00edt\u00f3szil\u00e1rds\u00e1g-ellen\u0151rz\u0151<\/strong> d\u00f6nt\u0151 fontoss\u00e1g\u00fa a m\u0171anyagok mechanikai tulajdons\u00e1gainak, k\u00fcl\u00f6n\u00f6sen a h\u00faz\u00f3er\u0151kkel szembeni ellen\u00e1ll\u00f3 k\u00e9pess\u00e9g\u00fcknek az \u00e9rt\u00e9kel\u00e9s\u00e9hez. A szak\u00edt\u00f3vizsg\u00e1lat \u00e9rt\u00e9kes adatokat szolg\u00e1ltat a m\u0171anyagok szil\u00e1rds\u00e1g\u00e1r\u00f3l, ny\u00fal\u00e1s\u00e1r\u00f3l \u00e9s rugalmass\u00e1gi modulus\u00e1r\u00f3l, \u00edgy biztos\u00edtva alkalmass\u00e1gukat a k\u00fcl\u00f6nb\u00f6z\u0151 ipari alkalmaz\u00e1sokban. Ebben a cikkben a k\u00f6vetkez\u0151k jelent\u0151s\u00e9g\u00e9t vizsg\u00e1ljuk meg <strong>M\u0171anyag szak\u00edt\u00f3szil\u00e1rds\u00e1g-ellen\u0151rz\u0151<\/strong>, a k\u00f6vetkez\u0151kre \u00f6sszpontos\u00edtva <strong>ASTM D882<\/strong>, <strong>ISO 527<\/strong>, \u00e9s a <strong>ny\u00fal\u00e1s szak\u00edt\u00f3vizsg\u00e1lat<\/strong> az anyag terhel\u00e9s alatti teljes\u00edtm\u00e9ny\u00e9nek meghat\u00e1roz\u00e1sa.<\/p>\n\n\n\n<h2 class=\"wp-block-heading\">A m\u0171anyag szak\u00edt\u00f3szil\u00e1rds\u00e1gm\u00e9r\u0151 szerepe<\/h2>\n\n\n\n<p>A <strong>M\u0171anyag szak\u00edt\u00f3szil\u00e1rds\u00e1g-ellen\u0151rz\u0151<\/strong> azt m\u00e9ri, hogyan viselkednek a m\u0171anyagok fesz\u00fclts\u00e9g alatt, \u00e9s ezzel d\u00f6nt\u0151 fontoss\u00e1g\u00fa inform\u00e1ci\u00f3kat szolg\u00e1ltat az anyagok kiv\u00e1laszt\u00e1s\u00e1hoz az adott alkalmaz\u00e1sokhoz. A m\u0171anyag pr\u00f3badarabra szab\u00e1lyozott er\u0151t kifejtve a vizsg\u00e1l\u00f3berendez\u00e9s \u00e9rt\u00e9keli annak szak\u00edt\u00f3szil\u00e1rds\u00e1g\u00e1t, ny\u00fal\u00e1s\u00e1t \u00e9s rugalmass\u00e1gi modulus\u00e1t. Ezek a param\u00e9terek alapvet\u0151 fontoss\u00e1g\u00faak annak meghat\u00e1roz\u00e1s\u00e1hoz, hogy az anyag k\u00e9pes-e t\u00f6r\u00e9s n\u00e9lk\u00fcl elviselni a fesz\u00fclts\u00e9get, ami k\u00fcl\u00f6n\u00f6sen fontos a csomagol\u00e1sban, az aut\u00f3iparban \u00e9s m\u00e1s ipar\u00e1gakban haszn\u00e1lt anyagok eset\u00e9ben, ahol a tart\u00f3ss\u00e1g kulcsfontoss\u00e1g\u00fa.<\/p>\n\n\n\n<h2 class=\"wp-block-heading\">Az ASTM D882 meg\u00e9rt\u00e9se a v\u00e9kony m\u0171anyag lemezek szak\u00edt\u00f3 tulajdons\u00e1gaihoz<\/h2>\n\n\n\n<p><strong>ASTM D882<\/strong> egy szabv\u00e1nyos vizsg\u00e1lati m\u00f3dszer, amelyet a v\u00e9kony m\u0171anyag f\u00f3li\u00e1k szak\u00edt\u00f3 tulajdons\u00e1gainak \u00e9rt\u00e9kel\u00e9s\u00e9re haszn\u00e1lnak. Ez a m\u00f3dszer az er\u0151 \u00e9s a ny\u00fal\u00e1s m\u00e9r\u00e9s\u00e9t jelenti a m\u0171anyag pr\u00f3batestek fesz\u00edt\u00e9s alatti vizsg\u00e1lata sor\u00e1n. Az eredm\u00e9nyek a <strong>ASTM D882<\/strong> seg\u00edt a gy\u00e1rt\u00f3knak meghat\u00e1rozni az olyan tulajdons\u00e1gokat, mint a szak\u00edt\u00f3szil\u00e1rds\u00e1g, a szakad\u00e1si ny\u00fal\u00e1s \u00e9s a rugalmass\u00e1gi modulus. Ezek a tulajdons\u00e1gok l\u00e9tfontoss\u00e1g\u00faak a k\u00fcl\u00f6nb\u00f6z\u0151 term\u00e9kekben haszn\u00e1lt anyagok jellemz\u00e9s\u00e9hez \u00e9s specifik\u00e1ci\u00f3j\u00e1hoz.<\/p>\n\n\n\n<ul class=\"wp-block-list\">\n<li><strong>Szak\u00edt\u00f3szil\u00e1rds\u00e1g<\/strong>: Megmutatja, hogy az anyag mekkora er\u0151t k\u00e9pes elviselni a t\u00f6r\u00e9s el\u0151tt.<\/li>\n\n\n\n<li><strong>Ny\u00fal\u00e1s<\/strong>: Azt m\u00e9ri, hogy az anyag mennyit tud ny\u00falni, miel\u0151tt el\u00e9ri a t\u00f6r\u00e9spontj\u00e1t.<\/li>\n\n\n\n<li><strong>Rugalmass\u00e1gi modulus<\/strong>: Betekint\u00e9st ny\u00fajt az anyag merevs\u00e9g\u00e9be.<\/li>\n<\/ul>\n\n\n\n<p><strong>ASTM D882<\/strong> sz\u00e9les k\u00f6rben haszn\u00e1lj\u00e1k olyan ipar\u00e1gakban, ahol a v\u00e9kony m\u0171anyag f\u00f3li\u00e1k kritikus fontoss\u00e1g\u00faak, p\u00e9ld\u00e1ul a csomagol\u00f3anyagok, a rugalmas elektronika \u00e9s m\u00e1s olyan alkalmaz\u00e1sok eset\u00e9ben, ahol a rugalmass\u00e1g \u00e9s a tart\u00f3ss\u00e1g elengedhetetlen.<\/p>\n\n\n\n<h2 class=\"wp-block-heading\">ISO 527: M\u0171anyagok szak\u00edt\u00f3 tulajdons\u00e1gainak meghat\u00e1roz\u00e1sa<\/h2>\n\n\n\n<p><strong>ISO 527<\/strong>, konkr\u00e9tan <strong>ISO 527-1:2019<\/strong>, a m\u0171anyagok szak\u00edt\u00f3 tulajdons\u00e1gainak meghat\u00e1roz\u00e1s\u00e1ra szolg\u00e1l\u00f3 nemzetk\u00f6zi szabv\u00e1ny. Ez a szabv\u00e1ny meghat\u00e1rozza a k\u00fcl\u00f6nb\u00f6z\u0151 m\u0171anyagok, k\u00f6zt\u00fck a h\u0151re l\u00e1gyul\u00f3 m\u0171anyagok, a h\u0151re kem\u00e9nyed\u0151 m\u0171anyagok \u00e9s a m\u0171anyag kompozitok szak\u00edt\u00f3szil\u00e1rds\u00e1g\u00e1nak vizsg\u00e1lat\u00e1ra vonatkoz\u00f3 \u00e1ltal\u00e1nos elveket. A vizsg\u00e1lat sor\u00e1n a pr\u00f3badarabra szak\u00edt\u00f3er\u0151t alkalmaznak, \u00e9s r\u00f6gz\u00edtik az er\u0151-hosszabb\u00edt\u00e1si g\u00f6rb\u00e9t, amelyb\u0151l azt\u00e1n kisz\u00e1m\u00edtj\u00e1k a szak\u00edt\u00f3szil\u00e1rds\u00e1got, a szakad\u00e1si ny\u00fal\u00e1st \u00e9s m\u00e1s szak\u00edt\u00f3tulajdons\u00e1gokat.<\/p>\n\n\n\n<p><strong>ISO 527<\/strong> a m\u0171anyagok sz\u00e9les sk\u00e1l\u00e1j\u00e1hoz alkalmazhat\u00f3, t\u00f6bbek k\u00f6z\u00f6tt:<\/p>\n\n\n\n<ul class=\"wp-block-list\">\n<li><strong>Merev \u00e9s f\u00e9lmerev h\u0151re l\u00e1gyul\u00f3 m\u0171anyagok<\/strong><\/li>\n\n\n\n<li><strong>H\u0151re kem\u00e9nyed\u0151 m\u0171anyagok<\/strong><\/li>\n\n\n\n<li><strong>M\u0171anyag kompozitok<\/strong><\/li>\n\n\n\n<li><strong>Sz\u00e1ler\u0151s\u00edt\u00e9s\u0171 m\u0171anyagok<\/strong><\/li>\n<\/ul>\n\n\n\n<p>A szabv\u00e1ny \u00fatmutat\u00e1st ny\u00fajt a mint\u00e1k el\u0151k\u00e9sz\u00edt\u00e9s\u00e9re \u00e9s az eredm\u00e9nyek m\u00e9r\u00e9s\u00e9re vonatkoz\u00f3an is, biztos\u00edtva a k\u00fcl\u00f6nb\u00f6z\u0151 anyagok \u00e9s vizsg\u00e1l\u00f3berendez\u00e9sek eset\u00e9ben az egys\u00e9ges \u00e9s reproduk\u00e1lhat\u00f3 vizsg\u00e1lati felt\u00e9teleket.<\/p>\n\n\n\n<h2 class=\"wp-block-heading\">A ny\u00fal\u00e1si szak\u00edt\u00f3vizsg\u00e1lat: A szakad\u00e1s el\u0151tti ny\u00fal\u00e1s m\u00e9r\u00e9se<\/h2>\n\n\n\n<p>A <strong>ny\u00fal\u00e1s szak\u00edt\u00f3vizsg\u00e1lat<\/strong> a szak\u00edt\u00f3vizsg\u00e1lat l\u00e9nyeges r\u00e9sze, k\u00fcl\u00f6n\u00f6sen a k\u00e9pl\u00e9keny anyagok alak\u00edthat\u00f3s\u00e1g\u00e1nak \u00e9rt\u00e9kel\u00e9s\u00e9hez. Ez a vizsg\u00e1lat azt m\u00e9ri, hogy egy anyag mekkora ny\u00fal\u00e1son megy kereszt\u00fcl, miel\u0151tt elt\u00f6rik, ami d\u00f6nt\u0151 fontoss\u00e1g\u00fa a rugalmass\u00e1g \u00e9s a fesz\u00fclts\u00e9gfelvev\u0151 k\u00e9pess\u00e9g meghat\u00e1roz\u00e1s\u00e1hoz. A nagyobb ny\u00fal\u00e1ssal rendelkez\u0151 anyagok jellemz\u0151en rugalmasabbak, \u00e9s nagyobb alakv\u00e1ltoz\u00e1st k\u00e9pesek elviselni, miel\u0151tt meghib\u00e1sodn\u00e1nak, \u00edgy alkalmasak olyan alkalmaz\u00e1sokhoz, ahol rugalmass\u00e1gra van sz\u00fcks\u00e9g.<\/p>\n\n\n\n<p>A ny\u00fal\u00e1st az anyag eredeti hossz\u00e1nak sz\u00e1zal\u00e9k\u00e1ban fejezik ki, \u00e9s \u00e9rt\u00e9kes betekint\u00e9st ny\u00fajt az anyag azon k\u00e9pess\u00e9g\u00e9be, hogy t\u00f6r\u00e9s n\u00e9lk\u00fcl ellen\u00e1lljon a ny\u00fal\u00e1snak. Az olyan alkalmaz\u00e1sokban haszn\u00e1lt m\u0171anyagok, mint a csomagol\u00f3f\u00f3li\u00e1k vagy az aut\u00f3ipari alkatr\u00e9szek eset\u00e9ben a k\u00f6vetkez\u0151k egyens\u00falya az el\u0151ny\u00f6s. <strong>szak\u00edt\u00f3szil\u00e1rds\u00e1g<\/strong> \u00e9s <strong>ny\u00fal\u00e1s<\/strong> hogy biztos\u00edts\u00e1k integrit\u00e1suk meg\u0151rz\u00e9s\u00e9t, mik\u00f6zben rugalmasak.<\/p>\n\n\n\n<h2 class=\"wp-block-heading\">A m\u0171anyag szak\u00edt\u00f3szil\u00e1rds\u00e1g-vizsg\u00e1l\u00f3 el\u0151nyei az anyagelemz\u00e9shez<\/h2>\n\n\n\n<p>Egy <strong>M\u0171anyag szak\u00edt\u00f3szil\u00e1rds\u00e1g-ellen\u0151rz\u0151<\/strong> sz\u00e1mos el\u0151nyt k\u00edn\u00e1l a gy\u00e1rt\u00f3k \u00e9s az anyagtud\u00f3sok sz\u00e1m\u00e1ra:<\/p>\n\n\n\n<ol class=\"wp-block-list\">\n<li><strong>Pontoss\u00e1g \u00e9s precizit\u00e1s<\/strong>: A vizsg\u00e1l\u00f3 megb\u00edzhat\u00f3, megism\u00e9telhet\u0151 eredm\u00e9nyeket biztos\u00edt, lehet\u0151v\u00e9 t\u00e9ve a szak\u00edt\u00f3szil\u00e1rds\u00e1g, a ny\u00fal\u00e1s \u00e9s a rugalmass\u00e1gi modulus pontos m\u00e9r\u00e9s\u00e9t.<\/li>\n\n\n\n<li><strong>Anyag \u00f6sszehasonl\u00edt\u00e1s<\/strong>: Lehet\u0151v\u00e9 teszi a k\u00fcl\u00f6nb\u00f6z\u0151 m\u0171anyagok \u00f6sszehasonl\u00edt\u00e1s\u00e1t azonos vizsg\u00e1lati k\u00f6r\u00fclm\u00e9nyek k\u00f6z\u00f6tt, seg\u00edtve a gy\u00e1rt\u00f3kat a legmegfelel\u0151bb anyag kiv\u00e1laszt\u00e1s\u00e1ban az adott alkalmaz\u00e1sokhoz.<\/li>\n\n\n\n<li><strong>Min\u0151s\u00e9gellen\u0151rz\u00e9s<\/strong>: A szak\u00edt\u00f3pr\u00f3ba haszn\u00e1lat\u00e1val a gy\u00e1rt\u00f3k biztos\u00edthatj\u00e1k, hogy m\u0171anyag term\u00e9keik megfelelnek az el\u0151\u00edrt szil\u00e1rds\u00e1gi, rugalmass\u00e1gi \u00e9s tart\u00f3ss\u00e1gi el\u0151\u00edr\u00e1soknak.<\/li>\n\n\n\n<li><strong>A szabv\u00e1nyoknak val\u00f3 megfelel\u00e9s<\/strong>: A tesztel\u0151 biztos\u00edtja, hogy az eredm\u00e9nyek megfeleljenek <strong>ASTM D882<\/strong> \u00e9s <strong>ISO 527<\/strong> szabv\u00e1nyok, amelyek vil\u00e1gszerte elismert adatokat szolg\u00e1ltatnak a k\u00fcl\u00f6nb\u00f6z\u0151 ipar\u00e1gakban.<\/li>\n<\/ol>\n\n\n\n<h2 class=\"wp-block-heading\">Mi\u00e9rt v\u00e1lassza az Cell Instruments\u2019 szak\u00edt\u00f3vizsg\u00e1l\u00f3kat?<\/h2>\n\n\n\n<p>Az Cell Instruments a legkorszer\u0171bb <strong>Szak\u00edt\u00f3vizsg\u00e1l\u00f3k<\/strong> a m\u0171anyagok pontos \u00e9s hat\u00e9kony szak\u00edt\u00f3vizsg\u00e1lat\u00e1hoz tervezt\u00e9k. A <strong>M\u0171anyag szak\u00edt\u00f3szil\u00e1rds\u00e1g-vizsg\u00e1l\u00f3k<\/strong> fejlett funkci\u00f3kkal vannak felszerelve, amelyek biztos\u00edtj\u00e1k a nagy pontoss\u00e1got \u00e9s megism\u00e9telhet\u0151s\u00e9get, \u00edgy ide\u00e1lisak laborat\u00f3riumok, kutat\u00e1s-fejleszt\u00e9s \u00e9s min\u0151s\u00e9gellen\u0151rz\u00e9si alkalmaz\u00e1sok sz\u00e1m\u00e1ra.<\/p>\n\n\n\n<ul class=\"wp-block-list\">\n<li><strong>Nagy pontoss\u00e1g<\/strong>: Vizsg\u00e1l\u00f3ink pontos m\u00e9r\u00e9seket biztos\u00edtanak az er\u0151, a ny\u00fal\u00e1s \u00e9s a szak\u00edt\u00f3szil\u00e1rds\u00e1g m\u00e9r\u00e9s\u00e9re.<\/li>\n\n\n\n<li><strong>Sokoldal\u00fas\u00e1g<\/strong>: Anyagok sz\u00e9les k\u00f6r\u00e9nek vizsg\u00e1lat\u00e1ra alkalmas, bele\u00e9rtve a m\u0171anyagokat, kompozitokat \u00e9s elasztomereket.<\/li>\n\n\n\n<li><strong>A szabv\u00e1nyoknak val\u00f3 megfelel\u00e9s<\/strong>: Tesztel\u0151ink megfelelnek a glob\u00e1lis szabv\u00e1nyoknak, mint p\u00e9ld\u00e1ul <strong>ASTM D882<\/strong> \u00e9s <strong>ISO 527<\/strong>, biztos\u00edtva, hogy az \u00d6n vizsg\u00e1lati elj\u00e1r\u00e1sai megfeleljenek az ipar\u00e1gi el\u0151\u00edr\u00e1soknak.<\/li>\n<\/ul>\n\n\n\n<h2 class=\"wp-block-heading\">K\u00f6vetkeztet\u00e9s<\/h2>\n\n\n\n<p>A <strong>M\u0171anyag szak\u00edt\u00f3szil\u00e1rds\u00e1g-ellen\u0151rz\u0151<\/strong> n\u00e9lk\u00fcl\u00f6zhetetlen eszk\u00f6z a m\u0171anyagok mechanikai tulajdons\u00e1gainak \u00e9rt\u00e9kel\u00e9s\u00e9hez. A k\u00f6vetkez\u0151kh\u00f6z val\u00f3 ragaszkod\u00e1ssal <strong>ASTM D882<\/strong> \u00e9s <strong>ISO 527<\/strong>, a gy\u00e1rt\u00f3k pontos \u00e9s k\u00f6vetkezetes adatokat kaphatnak a m\u0171anyagok szak\u00edt\u00f3szil\u00e1rds\u00e1g\u00e1r\u00f3l, ny\u00fal\u00e1s\u00e1r\u00f3l \u00e9s rugalmass\u00e1gi modulus\u00e1r\u00f3l. Ezek a tulajdons\u00e1gok l\u00e9tfontoss\u00e1g\u00faak az anyag teljes\u00edtm\u00e9ny\u00e9nek meghat\u00e1roz\u00e1s\u00e1hoz a k\u00fcl\u00f6nb\u00f6z\u0151 alkalmaz\u00e1sokban, a csomagol\u00f3f\u00f3li\u00e1kt\u00f3l az aut\u00f3ipari alkatr\u00e9szekig.<\/p>\n\n\n\n<p>Az Cell Instruments kiv\u00e1l\u00f3 min\u0151s\u00e9g\u0171 <strong>Szak\u00edt\u00f3vizsg\u00e1l\u00f3k<\/strong> amelyek seg\u00edtenek \u00d6nnek biztos\u00edtani a m\u0171anyagok tart\u00f3ss\u00e1g\u00e1t \u00e9s megb\u00edzhat\u00f3s\u00e1g\u00e1t. Ak\u00e1r \u00faj term\u00e9keket fejleszt, ak\u00e1r a min\u0151s\u00e9gellen\u0151rz\u00e9st biztos\u00edtja, tesztel\u0151ink biztos\u00edtj\u00e1k a megalapozott d\u00f6nt\u00e9sekhez \u00e9s az ipari szabv\u00e1nyok betart\u00e1s\u00e1hoz sz\u00fcks\u00e9ges adatokat.<\/p>","protected":false},"excerpt":{"rendered":"<p>A Plastic Tensile Strength Tester is crucial for evaluating the mechanical properties of plastics, especially their ability to withstand tensile forces. Tensile testing provides valuable data about the strength, elongation, and modulus of elasticity of plastic materials, ensuring their suitability for various industrial applications. In this article, we will explore the significance of the Plastic [&hellip;]<\/p>","protected":false},"featured_media":1154,"parent":0,"template":"","meta":{"_acf_changed":true},"product-category":[56],"class_list":["post-1138","product","type-product","status-publish","has-post-thumbnail","hentry","product-category-plastic-tensile-strength-test"],"acf":[],"_links":{"self":[{"href":"https:\/\/www.packtests.com\/hu\/wp-json\/wp\/v2\/product\/1138","targetHints":{"allow":["GET"]}}],"collection":[{"href":"https:\/\/www.packtests.com\/hu\/wp-json\/wp\/v2\/product"}],"about":[{"href":"https:\/\/www.packtests.com\/hu\/wp-json\/wp\/v2\/types\/product"}],"wp:featuredmedia":[{"embeddable":true,"href":"https:\/\/www.packtests.com\/hu\/wp-json\/wp\/v2\/media\/1154"}],"wp:attachment":[{"href":"https:\/\/www.packtests.com\/hu\/wp-json\/wp\/v2\/media?parent=1138"}],"wp:term":[{"taxonomy":"product-category","embeddable":true,"href":"https:\/\/www.packtests.com\/hu\/wp-json\/wp\/v2\/product-category?post=1138"}],"curies":[{"name":"wp","href":"https:\/\/api.w.org\/{rel}","templated":true}]}}