{"id":1143,"date":"2026-03-25T03:02:25","date_gmt":"2026-03-25T03:02:25","guid":{"rendered":"https:\/\/www.packtests.com\/?post_type=product&#038;p=1143"},"modified":"2026-03-26T05:17:07","modified_gmt":"2026-03-26T05:17:07","slug":"leak-tester-for-packaging","status":"publish","type":"product","link":"https:\/\/www.packtests.com\/hu\/product\/leak-tester-for-packaging\/","title":{"rendered":"LT-sziv\u00e1rg\u00e1svizsg\u00e1l\u00f3 csomagol\u00e1shoz"},"content":{"rendered":"<p>A csomagol\u00e1s s\u00e9rtetlens\u00e9g\u00e9nek biztos\u00edt\u00e1sa kulcsfontoss\u00e1g\u00fa a k\u00fcl\u00f6nb\u00f6z\u0151 ipar\u00e1gakban, k\u00fcl\u00f6n\u00f6sen a term\u00e9kek biztons\u00e1g\u00e1nak \u00e9s min\u0151s\u00e9g\u00e9nek meg\u0151rz\u00e9se szempontj\u00e1b\u00f3l. A <strong>sziv\u00e1rg\u00e1svizsg\u00e1l\u00f3 k\u00e9sz\u00fcl\u00e9k csomagol\u00e1shoz<\/strong> alapvet\u0151 eszk\u00f6z a csomagol\u00f3ed\u00e9nyek, p\u00e9ld\u00e1ul palackok, \u00fcvegek \u00e9s egy\u00e9b merev vagy hajl\u00e9kony tart\u00e1lyok sziv\u00e1rg\u00e1sainak \u00e9szlel\u00e9s\u00e9re. A sziv\u00e1rg\u00e1svizsg\u00e1lati m\u00f3dszerek k\u00fcl\u00f6nb\u00f6z\u0151 t\u00edpusai k\u00f6z\u00fcl a <strong>v\u00e1kuum sziv\u00e1rg\u00e1svizsg\u00e1l\u00f3<\/strong> megb\u00edzhat\u00f3 \u00e9s sz\u00e9les k\u00f6rben alkalmazott technikak\u00e9nt t\u0171nik ki. Ez a cikk a k\u00f6vetkez\u0151kre \u00f6sszpontos\u00edt <strong>v\u00e1kuum sziv\u00e1rg\u00e1svizsg\u00e1l\u00f3<\/strong>, a csomagol\u00e1svizsg\u00e1latban val\u00f3 alkalmaz\u00e1sa, valamint a vonatkoz\u00f3 <strong>ASTM szabv\u00e1nyok<\/strong> mint p\u00e9ld\u00e1ul <strong>ASTM D4991<\/strong> \u00e9s <strong>ASTM D3078<\/strong>.<\/p>\n\n\n\n<h2 class=\"wp-block-heading\">A sziv\u00e1rg\u00e1svizsg\u00e1lat fontoss\u00e1ga a csomagol\u00e1sban<\/h2>\n\n\n\n<p>A sziv\u00e1rg\u00e1svizsg\u00e1lat a csomagol\u00e1s min\u0151s\u00e9gbiztos\u00edt\u00e1s\u00e1nak alapvet\u0151 folyamata. Biztos\u00edtja, hogy a term\u00e9kek, k\u00fcl\u00f6n\u00f6sen az olyan k\u00f6rnyezeti t\u00e9nyez\u0151kre, mint a nedvess\u00e9g vagy a leveg\u0151, \u00e9rz\u00e9keny term\u00e9kek a sz\u00e1ll\u00edt\u00e1s \u00e9s a t\u00e1rol\u00e1s sor\u00e1n megfelel\u0151en legyenek lez\u00e1rva. Ak\u00e1r gy\u00f3gyszerekkel, \u00e9lelmiszercsomagol\u00e1ssal vagy vesz\u00e9lyes anyagokkal van dolga, egy megb\u00edzhat\u00f3 <strong>sziv\u00e1rg\u00e1svizsg\u00e1l\u00f3 k\u00e9sz\u00fcl\u00e9k csomagol\u00e1shoz<\/strong> alapvet\u0151 fontoss\u00e1g\u00fa annak biztos\u00edt\u00e1s\u00e1hoz, hogy a csomagol\u00e1s megfeleljen az el\u0151\u00edrt teljes\u00edtm\u00e9nynorm\u00e1knak.<\/p>\n\n\n\n<p>A csomagol\u00e1s sziv\u00e1rg\u00e1sa szennyez\u0151d\u00e9shez, roml\u00e1shoz vagy ak\u00e1r vesz\u00e9lyes helyzetekhez is vezethet a vesz\u00e9lyes anyagok sz\u00e1ll\u00edt\u00e1sakor. Az\u00e1ltal, hogy <strong>v\u00e1kuum sziv\u00e1rg\u00e1svizsg\u00e1l\u00f3<\/strong>, a gy\u00e1rt\u00f3k a legkisebb sziv\u00e1rg\u00e1st is \u00e9szlelni tudj\u00e1k, \u00e9s biztos\u00edtani tudj\u00e1k a term\u00e9k biztons\u00e1g\u00e1t \u00e9s \u00e9ps\u00e9g\u00e9t.<\/p>\n\n\n\n<h2 class=\"wp-block-heading\">V\u00e1kuumsziv\u00e1rg\u00e1s-ellen\u0151rz\u0151: Hogyan m\u0171k\u00f6dik<\/h2>\n\n\n\n<p>A <strong>v\u00e1kuum sziv\u00e1rg\u00e1svizsg\u00e1l\u00f3<\/strong> egy speci\u00e1lis eszk\u00f6z, amelyet a merev tart\u00e1lyok integrit\u00e1s\u00e1nak vizsg\u00e1lat\u00e1ra terveztek. Az elj\u00e1r\u00e1s sor\u00e1n a tart\u00e1lyt v\u00e1kuumnak vetik al\u00e1, hogy a csomagol\u00e1sb\u00f3l kiszabadul\u00f3 l\u00e9gbubor\u00e9kok vagy folyad\u00e9k megfigyel\u00e9s\u00e9vel azonos\u00edtani lehessen a sziv\u00e1rg\u00e1sokat. Ezt a m\u00f3dszert sz\u00e9les k\u00f6rben alkalmazz\u00e1k a pontoss\u00e1ga \u00e9s a csomagol\u00f3anyagok apr\u00f3 hib\u00e1inak kimutat\u00e1s\u00e1ra val\u00f3 k\u00e9pess\u00e9ge miatt.<\/p>\n\n\n\n<p>Az egyik legfontosabb el\u0151nye a <strong>v\u00e1kuum sziv\u00e1rg\u00e1svizsg\u00e1l\u00f3<\/strong> az, hogy k\u00e9pes a kont\u00e9nerek tesztel\u00e9s\u00e9re an\u00e9lk\u00fcl, hogy szerkezet\u00fcket vagy lez\u00e1r\u00e1saikat m\u00f3dos\u00edtan\u00e1. A vizsg\u00e1lat nyom\u00e1sk\u00fcl\u00f6nbs\u00e9g mellett t\u00f6rt\u00e9nik, \u00edgy alkalmas a leveg\u0151- \u00e9s folyad\u00e9ksz\u00e1ll\u00edt\u00f3 csomagol\u00e1sokhoz. A v\u00e1kuumos sziv\u00e1rg\u00e1svizsg\u00e1lathoz leggyakrabban haszn\u00e1lt szabv\u00e1nyok a k\u00f6vetkez\u0151k <strong>ASTM D4991<\/strong> \u00e9s <strong>ASTM D3078<\/strong>.<\/p>\n\n\n\n<h2 class=\"wp-block-heading\">ASTM D4991: Szabv\u00e1nyos vizsg\u00e1lati m\u00f3dszer merev tart\u00e1lyok v\u00e1kuumos sziv\u00e1rg\u00e1svizsg\u00e1lat\u00e1ra<\/h2>\n\n\n\n<p><strong>ASTM D4991<\/strong> v\u00e1zolja fel az \u00fcres merev tart\u00e1lyok v\u00e1kuumos m\u00f3dszerrel t\u00f6rt\u00e9n\u0151 sziv\u00e1rg\u00e1svizsg\u00e1lat\u00e1nak szabv\u00e1nyos vizsg\u00e1lati m\u00f3dszer\u00e9t. Ez a szabv\u00e1ny k\u00fcl\u00f6n\u00f6sen hasznos a vesz\u00e9lyes folyad\u00e9kok sz\u00e1ll\u00edt\u00e1s\u00e1ra sz\u00e1nt tart\u00e1lyok vizsg\u00e1lat\u00e1hoz, mint p\u00e9ld\u00e1ul azok\u00e9hoz, amelyeket a k\u00f6vetkez\u0151k szab\u00e1lyoznak <strong>Az ENSZ aj\u00e1nl\u00e1sa a vesz\u00e9lyes \u00e1ruk sz\u00e1ll\u00edt\u00e1s\u00e1ra (UN TDG)<\/strong> \u00e9s a <strong>Nemzetk\u00f6zi Polg\u00e1ri Rep\u00fcl\u00e9si Szervezet (ICAO)<\/strong>.<\/p>\n\n\n\n<h3 class=\"wp-block-heading\">Az ASTM D4991 legfontosabb szempontjai:<\/h3>\n\n\n\n<ul class=\"wp-block-list\">\n<li><strong>Vizsg\u00e1lati elj\u00e1r\u00e1s<\/strong>: A tart\u00e1lyt etil\u00e9nglikol-v\u00edz oldatba mer\u00edtj\u00fck, \u00e9s v\u00e1kuumot alkalmazunk, hogy kb. <strong>95 kPa (13,8 psi)<\/strong>.<\/li>\n\n\n\n<li><strong>Sziv\u00e1rg\u00e1s \u00e9szlel\u00e9se<\/strong>: A tart\u00e1lyban a nyom\u00e1scs\u00f6kkent\u00e9s sor\u00e1n kiszabadul\u00f3 l\u00e9gbubor\u00e9kok, illetve a tart\u00e1lyban l\u00e9v\u0151 folyad\u00e9k ut\u00e1n a nyom\u00e1s \u00fajb\u00f3li megsz\u00fcntet\u00e9se ut\u00e1n a tart\u00e1lyban l\u00e9v\u0151 folyad\u00e9k megfigyel\u00e9se.<\/li>\n\n\n\n<li><strong>Vizsg\u00e1lt kont\u00e9nerek<\/strong>: A vesz\u00e9lyes anyagok vagy folyad\u00e9kok sz\u00e1ll\u00edt\u00e1s\u00e1ra haszn\u00e1lt merev tart\u00e1lyokat, bele\u00e9rtve azok z\u00e1r\u00f3szerkezet\u00e9t is, e m\u00f3dszer szerint vizsg\u00e1lj\u00e1k.<\/li>\n<\/ul>\n\n\n\n<p>Ez a szabv\u00e1ny seg\u00edt meghat\u00e1rozni azt a pontot, ahol a sziv\u00e1rg\u00e1s elkezd\u0151dik, ami kulcsfontoss\u00e1g\u00fa inform\u00e1ci\u00f3val szolg\u00e1l a csomagol\u00e1s tervez\u00e9s\u00e9nek jav\u00edt\u00e1s\u00e1hoz a sziv\u00e1rg\u00e1s megel\u0151z\u00e9se \u00e9rdek\u00e9ben.<\/p>\n\n\n\n<h2 class=\"wp-block-heading\">ASTM D3078: Szabv\u00e1nyos vizsg\u00e1lati m\u00f3dszer rugalmas csomagol\u00e1sok v\u00e1kuumos sziv\u00e1rg\u00e1svizsg\u00e1lat\u00e1ra<\/h2>\n\n\n\n<p><strong>ASTM D3078<\/strong> a rugalmas csomagol\u00e1sok v\u00e1kuumos sziv\u00e1rg\u00e1svizsg\u00e1lat\u00e1nak szabv\u00e1nyos vizsg\u00e1lati m\u00f3dszere. Ellent\u00e9tben a <strong>ASTM D4991<\/strong>, amely a merev tart\u00e1lyokra \u00f6sszpontos\u00edt, <strong>ASTM D3078<\/strong> rugalmas csomagol\u00e1sokra, p\u00e9ld\u00e1ul tasakokra vagy zacsk\u00f3kra vonatkozik.<\/p>\n\n\n\n<h3 class=\"wp-block-heading\">Az ASTM D3078 legfontosabb szempontjai:<\/h3>\n\n\n\n<ul class=\"wp-block-list\">\n<li><strong>V\u00e1kuumvizsg\u00e1lat<\/strong>: A csomagol\u00e1st v\u00e1kuumnak vetik al\u00e1, hogy szimul\u00e1lj\u00e1k a sz\u00e1ll\u00edt\u00e1s vagy t\u00e1rol\u00e1s sor\u00e1n tapasztalhat\u00f3 k\u00f6r\u00fclm\u00e9nyeket.<\/li>\n\n\n\n<li><strong>Sziv\u00e1rg\u00e1s \u00e9szlel\u00e9se<\/strong>: Mint a <strong>ASTM D4991<\/strong>, az esetleges sziv\u00e1rg\u00e1st a l\u00e9gbubor\u00e9kok vagy a csomagol\u00e1sban l\u00e9v\u0151 folyad\u00e9k megfigyel\u00e9s\u00e9vel lehet \u00e9szlelni az \u00fajb\u00f3li nyom\u00e1s al\u00e1 helyez\u00e9s ut\u00e1n.<\/li>\n<\/ul>\n\n\n\n<p>Ezt a szabv\u00e1nyt gyakran haszn\u00e1lj\u00e1k az olyan ipar\u00e1gakban, mint az \u00e9lelmiszeripar \u00e9s a gy\u00f3gyszeripar, ahol a csomagol\u00e1s rugalmass\u00e1ga \u00e9s a sziv\u00e1rg\u00e1s megel\u0151z\u00e9se kritikus fontoss\u00e1g\u00fa a term\u00e9kmin\u0151s\u00e9g fenntart\u00e1sa szempontj\u00e1b\u00f3l.<\/p>\n\n\n\n<h2 class=\"wp-block-heading\">A sziv\u00e1rg\u00e1svizsg\u00e1l\u00f3 haszn\u00e1lat\u00e1nak el\u0151nyei a csomagol\u00e1shoz<\/h2>\n\n\n\n<p>Egy <strong>sziv\u00e1rg\u00e1svizsg\u00e1l\u00f3 k\u00e9sz\u00fcl\u00e9k csomagol\u00e1shoz<\/strong> sz\u00e1mos el\u0151nyt k\u00edn\u00e1l a gy\u00e1rt\u00f3k sz\u00e1m\u00e1ra:<\/p>\n\n\n\n<ol class=\"wp-block-list\">\n<li><strong>Fokozott term\u00e9kintegrit\u00e1s<\/strong>: A sziv\u00e1rg\u00e1svizsg\u00e1lat biztos\u00edtja, hogy a term\u00e9kek sz\u00e1ll\u00edt\u00e1s \u00e9s t\u00e1rol\u00e1s k\u00f6zben is biztons\u00e1gban maradjanak, megel\u0151zve a szennyez\u0151d\u00e9st vagy a roml\u00e1st.<\/li>\n\n\n\n<li><strong>Az ipari szabv\u00e1nyoknak val\u00f3 megfelel\u00e9s<\/strong>: Az olyan szabv\u00e1nyok betart\u00e1s\u00e1val, mint <strong>ASTM D4991<\/strong> \u00e9s <strong>ASTM D3078<\/strong>, a gy\u00e1rt\u00f3k biztos\u00edtj\u00e1k, hogy csomagol\u00e1suk megfeleljen a k\u00fcl\u00f6nb\u00f6z\u0151 ipar\u00e1gak sz\u00e1m\u00e1ra el\u0151\u00edrt biztons\u00e1gi \u00e9s min\u0151s\u00e9gi el\u0151\u00edr\u00e1soknak.<\/li>\n\n\n\n<li><strong>K\u00f6lts\u00e9ghat\u00e9kony<\/strong>: A sziv\u00e1rg\u00e1sok felismer\u00e9se a gy\u00e1rt\u00e1si folyamat korai szakasz\u00e1ban seg\u00edthet cs\u00f6kkenteni a pazarl\u00e1st \u00e9s elker\u00fclni a k\u00f6lts\u00e9ges visszah\u00edv\u00e1sokat vagy a term\u00e9k \u00e1tdolgoz\u00e1s\u00e1t.<\/li>\n\n\n\n<li><strong>Jav\u00edtott \u00fcgyf\u00e9l-el\u00e9gedetts\u00e9g<\/strong>: A megfelel\u0151 sziv\u00e1rg\u00e1svizsg\u00e1lat biztos\u00edtja, hogy az \u00fcgyfelek optim\u00e1lis \u00e1llapotban kapj\u00e1k meg a term\u00e9keket, ami a bizalom \u00e9s az el\u00e9gedetts\u00e9g n\u00f6veked\u00e9s\u00e9hez vezet.<\/li>\n<\/ol>\n\n\n\n<h2 class=\"wp-block-heading\">Mi\u00e9rt v\u00e1lassza az Cell Instruments sziv\u00e1rg\u00e1svizsg\u00e1l\u00f3t?<\/h2>\n\n\n\n<p>A  c\u00edmen. <strong>Cell Instruments<\/strong>, specializ\u00e1l\u00f3dtunk a kiv\u00e1l\u00f3 min\u0151s\u00e9g\u0171 <strong>sziv\u00e1rg\u00e1svizsg\u00e1l\u00f3k csomagol\u00e1shoz<\/strong> amelyeket \u00fagy terveztek, hogy megfeleljenek a k\u00fcl\u00f6nb\u00f6z\u0151 ipar\u00e1gak szigor\u00fa k\u00f6vetelm\u00e9nyeinek. A <strong>v\u00e1kuum sziv\u00e1rg\u00e1svizsg\u00e1l\u00f3k<\/strong> megfelelnek az ASTM szabv\u00e1nyoknak, bele\u00e9rtve <strong>ASTM D4991<\/strong> \u00e9s <strong>ASTM D3078<\/strong>, biztos\u00edtva, hogy a csomagol\u00e1s s\u00e9rtetlens\u00e9g\u00e9t pontosan \u00e9s megb\u00edzhat\u00f3an tesztelj\u00fck.<\/p>\n\n\n\n<p>A <strong>sziv\u00e1rg\u00e1svizsg\u00e1l\u00f3k<\/strong> k\u00f6nnyen kezelhet\u0151ek, pontos eredm\u00e9nyeket biztos\u00edtanak, \u00e9s a csomagol\u00e1st\u00edpusok sz\u00e9les sk\u00e1l\u00e1j\u00e1hoz k\u00e9sz\u00fcltek, a merev tart\u00e1lyokt\u00f3l a rugalmas csomagol\u00e1sokig. Ak\u00e1r \u00e9lelmiszercsomagol\u00e1st, ak\u00e1r gy\u00f3gyszereket vagy vesz\u00e9lyes anyagokat tartalmaz\u00f3 tart\u00e1lyokat vizsg\u00e1l, m\u0171szereink biztos\u00edtj\u00e1k a hat\u00e9kony min\u0151s\u00e9gellen\u0151rz\u00e9shez sz\u00fcks\u00e9ges tart\u00f3ss\u00e1got \u00e9s pontoss\u00e1got.<\/p>\n\n\n\n<h2 class=\"wp-block-heading\">K\u00f6vetkeztet\u00e9s: A csomagol\u00e1s min\u0151s\u00e9g\u00e9nek biztos\u00edt\u00e1sa sziv\u00e1rg\u00e1svizsg\u00e1l\u00f3kkal<\/h2>\n\n\n\n<p>A csomagol\u00e1s vil\u00e1g\u00e1ban a csomagol\u00e1s s\u00e9rtetlens\u00e9g\u00e9nek biztos\u00edt\u00e1sa l\u00e9tfontoss\u00e1g\u00fa a term\u00e9kbiztons\u00e1g, a min\u0151s\u00e9g \u00e9s az ipari el\u0151\u00edr\u00e1soknak val\u00f3 megfelel\u00e9s szempontj\u00e1b\u00f3l. A <strong>sziv\u00e1rg\u00e1svizsg\u00e1l\u00f3 k\u00e9sz\u00fcl\u00e9k csomagol\u00e1shoz<\/strong> d\u00f6nt\u0151 szerepet j\u00e1tszik azon sziv\u00e1rg\u00e1sok azonos\u00edt\u00e1s\u00e1ban, amelyek vesz\u00e9lyeztethetik a term\u00e9k integrit\u00e1s\u00e1t sz\u00e1ll\u00edt\u00e1s vagy t\u00e1rol\u00e1s sor\u00e1n.<\/p>\n\n\n\n<p>Az\u00e1ltal, hogy <strong>v\u00e1kuum sziv\u00e1rg\u00e1svizsg\u00e1l\u00f3k<\/strong> \u00e9s az olyan szabv\u00e1nyok betart\u00e1sa, mint <strong>ASTM D4991<\/strong> \u00e9s <strong>ASTM D3078<\/strong>, a gy\u00e1rt\u00f3k biztos\u00edthatj\u00e1k, hogy csomagol\u00e1suk megfeleljen a sz\u00fcks\u00e9ges sziv\u00e1rg\u00e1s\u00e1ll\u00f3s\u00e1gi k\u00f6vetelm\u00e9nyeknek. A  oldalon <strong>Cell Instruments<\/strong>, megb\u00edzhat\u00f3 sziv\u00e1rg\u00e1svizsg\u00e1lati megold\u00e1sokat k\u00edn\u00e1lunk, hogy seg\u00edts\u00fcnk \u00d6nnek fenntartani a legmagasabb min\u0151s\u00e9gi \u00e9s biztons\u00e1gi szabv\u00e1nyokat a csomagol\u00e1si folyamatokban.<\/p>\n\n\n\n<p>Tov\u00e1bbi inform\u00e1ci\u00f3\u00e9rt a <strong>sziv\u00e1rg\u00e1svizsg\u00e1l\u00f3k csomagol\u00e1shoz<\/strong>, l\u00e9pjen kapcsolatba vel\u00fcnk m\u00e9g ma, \u00e9s biztos\u00edtsa, hogy term\u00e9kei megfelelnek az ipar\u00e1g legjobb szabv\u00e1nyainak.<\/p>\n\n\n\n<p><\/p>","protected":false},"excerpt":{"rendered":"<p>Ensuring the integrity of packaging is crucial in various industries, especially when it comes to maintaining the safety and quality of products. A leak tester for packaging is an essential tool used to detect leaks in packaging containers, such as bottles, jars, and other rigid or flexible containers. Among the different types of leak testing [&hellip;]<\/p>","protected":false},"featured_media":1148,"parent":0,"template":"","meta":{"_acf_changed":true},"product-category":[59],"class_list":["post-1143","product","type-product","status-publish","has-post-thumbnail","hentry","product-category-bubble-emission-test"],"acf":[],"_links":{"self":[{"href":"https:\/\/www.packtests.com\/hu\/wp-json\/wp\/v2\/product\/1143","targetHints":{"allow":["GET"]}}],"collection":[{"href":"https:\/\/www.packtests.com\/hu\/wp-json\/wp\/v2\/product"}],"about":[{"href":"https:\/\/www.packtests.com\/hu\/wp-json\/wp\/v2\/types\/product"}],"wp:featuredmedia":[{"embeddable":true,"href":"https:\/\/www.packtests.com\/hu\/wp-json\/wp\/v2\/media\/1148"}],"wp:attachment":[{"href":"https:\/\/www.packtests.com\/hu\/wp-json\/wp\/v2\/media?parent=1143"}],"wp:term":[{"taxonomy":"product-category","embeddable":true,"href":"https:\/\/www.packtests.com\/hu\/wp-json\/wp\/v2\/product-category?post=1143"}],"curies":[{"name":"wp","href":"https:\/\/api.w.org\/{rel}","templated":true}]}}