{"id":1138,"date":"2026-03-20T07:37:21","date_gmt":"2026-03-20T07:37:21","guid":{"rendered":"https:\/\/www.packtests.com\/?post_type=product&#038;p=1138"},"modified":"2026-03-26T05:10:23","modified_gmt":"2026-03-26T05:10:23","slug":"plastic-tensile-strength-tester","status":"publish","type":"product","link":"https:\/\/www.packtests.com\/lt\/product\/plastic-tensile-strength-tester\/","title":{"rendered":"TST-01 plastiko tempimo stiprumo testeris"},"content":{"rendered":"<p><br>A <strong>Plastiko tempimo stiprumo testeris<\/strong> yra labai svarbus vertinant mechanines plastik\u0173 savybes, ypa\u010d j\u0173 atsparum\u0105 tempimo j\u0117goms. Atliekant tempimo bandymus gaunama verting\u0173 duomen\u0173 apie plastikini\u0173 med\u017eiag\u0173 stipr\u012f, pailg\u0117jim\u0105 ir tamprumo modul\u012f, u\u017etikrinant j\u0173 tinkamum\u0105 \u012fvairioms pramonin\u0117ms reikm\u0117ms. \u0160iame straipsnyje nagrin\u0117sime, koki\u0105 reik\u0161m\u0119 turi <strong>Plastiko tempimo stiprumo testeris<\/strong>, daugiausia d\u0117mesio skiriant <strong>ASTM D882<\/strong>, <strong>ISO 527<\/strong>, ir <strong>pailg\u0117jimo tempimo bandymas<\/strong> nustatyti med\u017eiagos eksploatacines savybes veikiant apkrovai.<\/p>\n\n\n\n<h2 class=\"wp-block-heading\">Plastiko tempimo stiprumo testerio vaidmuo<\/h2>\n\n\n\n<p>Svetain\u0117 <strong>Plastiko tempimo stiprumo testeris<\/strong> matuojama, kaip plastikin\u0117s med\u017eiagos elgiasi veikiamos \u012ftempimo, ir taip suteikiama labai svarbi informacija renkantis med\u017eiagas konkre\u010dioms reikm\u0117ms. Veikiant kontroliuojamai j\u0117gai \u012f plastikin\u012f bandin\u012f, bandytuvu \u012fvertinamas jo tempimo stipris, pailg\u0117jimas ir tamprumo modulis. \u0160ie parametrai labai svarb\u016bs nustatant med\u017eiagos geb\u0117jim\u0105 atlaikyti \u012ftempim\u0105 nesulau\u017eant, o tai ypa\u010d svarbu med\u017eiagoms, naudojamoms pakuo\u010di\u0173, automobili\u0173 ir kitose pramon\u0117s \u0161akose, kur labai svarbus ilgaam\u017ei\u0161kumas.<\/p>\n\n\n\n<h2 class=\"wp-block-heading\">ASTM D882 standarto, skirto plon\u0173 plastikini\u0173 lak\u0161t\u0173 tempimo savyb\u0117ms, supratimas<\/h2>\n\n\n\n<p><strong>ASTM D882<\/strong> yra standartinis bandymo metodas, naudojamas plon\u0173 plastikini\u0173 lak\u0161t\u0173 tempimo savyb\u0117ms \u012fvertinti. Taikant \u0161\u012f metod\u0105 matuojama j\u0117ga ir pailg\u0117jimas bandant tempiamus plastiko bandinius. Rezultatai <strong>ASTM D882<\/strong> padeda gamintojams nustatyti tokias savybes kaip tempimo stipris, pailg\u0117jimas tr\u016bkimo metu ir tamprumo modulis. \u0160ios savyb\u0117s yra labai svarbios apib\u016bdinant ir nustatant med\u017eiag\u0173, naudojam\u0173 \u012fvairiuose gaminiuose, specifikacijas.<\/p>\n\n\n\n<ul class=\"wp-block-list\">\n<li><strong>Tempimo j\u0117ga<\/strong>: Nurodo, koki\u0105 j\u0117g\u0105 med\u017eiaga gali atlaikyti prie\u0161 l\u016b\u017edama.<\/li>\n\n\n\n<li><strong>Pailg\u0117jimas<\/strong>: Matuojama, kiek med\u017eiaga gali i\u0161sitempti, kol pasieks l\u016b\u017eio ta\u0161k\u0105.<\/li>\n\n\n\n<li><strong>Tamprumo modulis<\/strong>: Suteikia informacijos apie med\u017eiagos standum\u0105.<\/li>\n<\/ul>\n\n\n\n<p><strong>ASTM D882<\/strong> pla\u010diai naudojamas pramon\u0117s \u0161akose, kuriose plonos plastikin\u0117s pl\u0117vel\u0117s yra labai svarbios, pavyzd\u017eiui, pakavimo med\u017eiagose, lanks\u010diojoje elektronikoje ir kitose srityse, kur labai svarbus lankstumas ir patvarumas.<\/p>\n\n\n\n<h2 class=\"wp-block-heading\">ISO 527: Plastik\u0173 tempimo savybi\u0173 nustatymas<\/h2>\n\n\n\n<p><strong>ISO 527<\/strong>, konkre\u010diai <strong>ISO 527-1:2019<\/strong>, yra tarptautinis standartas, skirtas plastik\u0173 tempimo savyb\u0117ms nustatyti. \u0160is standartas apibr\u0117\u017eia bendruosius \u012fvairi\u0173 plastikini\u0173 med\u017eiag\u0173, \u012fskaitant termoplastus, termoreaktyvi\u0105sias med\u017eiagas ir plastikinius kompozitus, tempimo savybi\u0173 bandymo principus. Atliekant bandym\u0105 bandinys veikiamas tempimo j\u0117ga ir u\u017era\u0161oma j\u0117gos ir tempimo kreiv\u0117, kuri v\u0117liau naudojama tempimo stipriui, pailg\u0117jimui nutr\u016bkus ir kitoms tempimo savyb\u0117ms apskai\u010diuoti.<\/p>\n\n\n\n<p><strong>ISO 527<\/strong> galima naudoti \u012fvairioms plastikin\u0117ms med\u017eiagoms, \u012fskaitant:<\/p>\n\n\n\n<ul class=\"wp-block-list\">\n<li><strong>stand\u016bs ir pusiau stand\u016bs termoplastai<\/strong><\/li>\n\n\n\n<li><strong>Termoreaktyv\u016bs plastikai<\/strong><\/li>\n\n\n\n<li><strong>Plastikiniai kompozitai<\/strong><\/li>\n\n\n\n<li><strong>Pluo\u0161tu sustiprintas plastikas<\/strong><\/li>\n<\/ul>\n\n\n\n<p>Standarte taip pat pateikiamos bandini\u0173 paruo\u0161imo ir rezultat\u0173 matavimo gair\u0117s, u\u017etikrinan\u010dios nuoseklias ir atkuriamas bandym\u0173 s\u0105lygas skirtingoms med\u017eiagoms ir bandym\u0173 \u012frangai.<\/p>\n\n\n\n<h2 class=\"wp-block-heading\">Pailg\u0117jimo tempimo bandymas: I\u0161tempimo prie\u0161 ply\u0161im\u0105 matavimas<\/h2>\n\n\n\n<p>Svetain\u0117 <strong>pailg\u0117jimo tempimo bandymas<\/strong> yra esmin\u0117 tempimo bandym\u0173 dalis, ypa\u010d vertinant plastikini\u0173 med\u017eiag\u0173 plasti\u0161kum\u0105. Atliekant \u0161\u012f bandym\u0105 matuojama, kiek med\u017eiaga i\u0161sitempia prie\u0161 nutr\u016bkdama, o tai labai svarbu nustatant jos lankstum\u0105 ir geb\u0117jim\u0105 absorbuoti \u012ftempius. Med\u017eiagos, kuri\u0173 pailg\u0117jimas yra didesnis, paprastai yra lankstesn\u0117s ir gali atlaikyti didesn\u0119 deformacij\u0105 prie\u0161 sugri\u016bdamos, tod\u0117l jos tinka naudoti ten, kur reikalingas lankstumas.<\/p>\n\n\n\n<p>Pailg\u0117jimas i\u0161rei\u0161kiamas pradinio med\u017eiagos ilgio procentine dalimi ir suteikia vertingos informacijos apie med\u017eiagos geb\u0117jim\u0105 atlaikyti tempim\u0105 nesutr\u016bkin\u0117jant. Plastikams, naudojamiems tokiose srityse kaip pakuo\u010di\u0173 pl\u0117vel\u0117s ar automobili\u0173 komponentai, naudingas balansas tarp <strong>atsparumas tempimui<\/strong> ir <strong>pailg\u0117jimas<\/strong> u\u017etikrinti, kad jie i\u0161laikyt\u0173 savo vientisum\u0105 ir kartu b\u016bt\u0173 lankst\u016bs.<\/p>\n\n\n\n<h2 class=\"wp-block-heading\">Plastiko tempimo stiprumo testerio privalumai atliekant med\u017eiag\u0173 analiz\u0119<\/h2>\n\n\n\n<p>Naudojant <strong>Plastiko tempimo stiprumo testeris<\/strong> gamintojams ir med\u017eiag\u0173 mokslininkams suteikia kelet\u0105 privalum\u0173:<\/p>\n\n\n\n<ol class=\"wp-block-list\">\n<li><strong>Tikslumas ir precizi\u0161kumas<\/strong>: Testeris u\u017etikrina patikimus ir pakartojamus rezultatus, leid\u017eia tiksliai i\u0161matuoti tempimo stipr\u012f, pailg\u0117jim\u0105 ir tamprumo modul\u012f.<\/li>\n\n\n\n<li><strong>Med\u017eiag\u0173 palyginimas<\/strong>: Tai leid\u017eia palyginti skirtingas plastikines med\u017eiagas vienodomis bandym\u0173 s\u0105lygomis ir padeda gamintojams pasirinkti tinkamiausi\u0105 med\u017eiag\u0105 konkre\u010dioms reikm\u0117ms.<\/li>\n\n\n\n<li><strong>Kokyb\u0117s kontrol\u0117<\/strong>: Naudodami tempimo tester\u012f gamintojai gali u\u017etikrinti, kad j\u0173 plastikiniai gaminiai atitikt\u0173 reikalaujamas stiprumo, lankstumo ir ilgaam\u017ei\u0161kumo specifikacijas.<\/li>\n\n\n\n<li><strong>Atitiktis standartams<\/strong>: Testuotojas u\u017etikrina, kad rezultatai atitikt\u0173 <strong>ASTM D882<\/strong> ir <strong>ISO 527<\/strong> standartus, tod\u0117l teikia duomenis, kurie yra pripa\u017e\u012fstami visame pasaulyje \u012fvairiose pramon\u0117s \u0161akose.<\/li>\n<\/ol>\n\n\n\n<h2 class=\"wp-block-heading\">Kod\u0117l verta rinktis Cell Instruments\u2019 tempimo testerius?<\/h2>\n\n\n\n<p>\"Cell Instruments\" teikia naujausias technologijas <strong>Tempimo testeriai<\/strong> skirtas tiksliam ir efektyviam plastik\u0173 tempimo bandymui. M\u016bs\u0173 <strong>Plastiko tempimo stiprumo testeriai<\/strong> turi pa\u017eangias funkcijas, u\u017etikrinan\u010dias didel\u012f tikslum\u0105 ir pakartojamum\u0105, tod\u0117l idealiai tinka laboratorijoms, moksliniams tyrimams ir pl\u0117trai bei kokyb\u0117s kontrolei.<\/p>\n\n\n\n<ul class=\"wp-block-list\">\n<li><strong>Didelis tikslumas<\/strong>: M\u016bs\u0173 testeriais galima tiksliai i\u0161matuoti j\u0117g\u0105, pailg\u0117jim\u0105 ir tempimo stipr\u012f.<\/li>\n\n\n\n<li><strong>Universalumas<\/strong>: Tinka \u012fvairioms med\u017eiagoms, \u012fskaitant plastikus, kompozitus ir elastomerus, bandyti.<\/li>\n\n\n\n<li><strong>Atitiktis standartams<\/strong>: M\u016bs\u0173 testeriai atitinka pasaulinius standartus, pvz. <strong>ASTM D882<\/strong> ir <strong>ISO 527<\/strong>, u\u017etikrindami, kad j\u016bs\u0173 bandym\u0173 proced\u016bros atitikt\u0173 pramon\u0117s reikalavimus.<\/li>\n<\/ul>\n\n\n\n<h2 class=\"wp-block-heading\">I\u0161vada<\/h2>\n\n\n\n<p>Svetain\u0117 <strong>Plastiko tempimo stiprumo testeris<\/strong> yra nepakei\u010diamas \u012frankis plastmasini\u0173 med\u017eiag\u0173 mechanin\u0117ms savyb\u0117ms \u012fvertinti. Laikantis <strong>ASTM D882<\/strong> ir <strong>ISO 527<\/strong>, gamintojai gali gauti tikslius ir nuoseklius duomenis apie plastik\u0173 tempimo stipr\u012f, pailg\u0117jim\u0105 ir tamprumo modul\u012f. \u0160ios savyb\u0117s yra labai svarbios nustatant med\u017eiagos eksploatacines savybes \u012fvairiose srityse - nuo pakavimo pl\u0117veli\u0173 iki automobili\u0173 komponent\u0173.<\/p>\n\n\n\n<p>Cell Instruments teikia auk\u0161tos kokyb\u0117s <strong>Tempimo testeriai<\/strong> kurie padeda u\u017etikrinti plastikini\u0173 med\u017eiag\u0173 ilgaam\u017ei\u0161kum\u0105 ir patikimum\u0105. Nesvarbu, ar kuriate naujus gaminius, ar u\u017etikrinate kokyb\u0117s kontrol\u0119, m\u016bs\u0173 testeriai pateikia duomenis, kuri\u0173 reikia pagr\u012fstiems sprendimams priimti ir pramon\u0117s standartams atitikti.<\/p>","protected":false},"excerpt":{"rendered":"<p>Plastiko tempimo stiprumo testeris labai svarbus vertinant mechanines plastiko savybes, ypa\u010d jo geb\u0117jim\u0105 atlaikyti tempimo j\u0117gas. Atliekant tempimo bandymus gaunama verting\u0173 duomen\u0173 apie plastikini\u0173 med\u017eiag\u0173 stipr\u012f, pailg\u0117jim\u0105 ir tamprumo modul\u012f, u\u017etikrinant j\u0173 tinkamum\u0105 \u012fvairioms pramonin\u0117ms reikm\u0117ms. \u0160iame straipsnyje panagrin\u0117sime plastiko tempimo bandym\u0173 reik\u0161m\u0119 ir svarb\u0105.<\/p>","protected":false},"featured_media":1154,"parent":0,"template":"","meta":{"_acf_changed":true},"product-category":[56],"class_list":["post-1138","product","type-product","status-publish","has-post-thumbnail","hentry","product-category-plastic-tensile-strength-test"],"acf":[],"_links":{"self":[{"href":"https:\/\/www.packtests.com\/lt\/wp-json\/wp\/v2\/product\/1138","targetHints":{"allow":["GET"]}}],"collection":[{"href":"https:\/\/www.packtests.com\/lt\/wp-json\/wp\/v2\/product"}],"about":[{"href":"https:\/\/www.packtests.com\/lt\/wp-json\/wp\/v2\/types\/product"}],"wp:featuredmedia":[{"embeddable":true,"href":"https:\/\/www.packtests.com\/lt\/wp-json\/wp\/v2\/media\/1154"}],"wp:attachment":[{"href":"https:\/\/www.packtests.com\/lt\/wp-json\/wp\/v2\/media?parent=1138"}],"wp:term":[{"taxonomy":"product-category","embeddable":true,"href":"https:\/\/www.packtests.com\/lt\/wp-json\/wp\/v2\/product-category?post=1138"}],"curies":[{"name":"wp","href":"https:\/\/api.w.org\/{rel}","templated":true}]}}