{"id":1143,"date":"2026-03-25T03:02:25","date_gmt":"2026-03-25T03:02:25","guid":{"rendered":"https:\/\/www.packtests.com\/?post_type=product&#038;p=1143"},"modified":"2026-03-26T05:17:07","modified_gmt":"2026-03-26T05:17:07","slug":"leak-tester-for-packaging","status":"publish","type":"product","link":"https:\/\/www.packtests.com\/lt\/product\/leak-tester-for-packaging\/","title":{"rendered":"Pakuo\u010di\u0173 sandarumo testeris LT-Leak Tester"},"content":{"rendered":"<p>\u012evairiose pramon\u0117s \u0161akose labai svarbu u\u017etikrinti pakuo\u010di\u0173 vientisum\u0105, ypa\u010d kai reikia u\u017etikrinti produkt\u0173 saug\u0105 ir kokyb\u0119. A <strong>pakuo\u010di\u0173 sandarumo testeris<\/strong> yra svarbi priemon\u0117, naudojama nuot\u0117kiui pakuo\u010di\u0173 talpyklose, pavyzd\u017eiui, buteliuose, stiklainiuose ir kitose stand\u017eiose ar lanks\u010diose talpyklose, aptikti. I\u0161 \u012fvairi\u0173 nuot\u0117kio bandymo metod\u0173 <strong>vakuuminio nuot\u0117kio testeris<\/strong> yra patikimas ir pla\u010diai naudojamas metodas. \u0160iame straipsnyje daugiausia d\u0117mesio bus skiriama <strong>vakuuminio nuot\u0117kio testeris<\/strong>, jo taikym\u0105 pakuo\u010di\u0173 bandymams ir atitinkamus <strong>ASTM standartai<\/strong> pvz. <strong>ASTM D4991<\/strong> ir <strong>ASTM D3078<\/strong>.<\/p>\n\n\n\n<h2 class=\"wp-block-heading\">Pakuo\u010di\u0173 sandarumo testavimo svarba<\/h2>\n\n\n\n<p>Nuot\u0117kio bandymas yra esminis pakuo\u010di\u0173 kokyb\u0117s u\u017etikrinimo procesas. Juo u\u017etikrinama, kad produktai, ypa\u010d jautr\u016bs aplinkos veiksniams, tokiems kaip dr\u0117gm\u0117 ar oras, b\u016bt\u0173 tinkamai u\u017esandarinti transportavimo ir sand\u0117liavimo metu. Nesvarbu, ar dirbate su vaistais, maisto produkt\u0173 pakuot\u0117mis, ar pavojingomis med\u017eiagomis, patikimas <strong>pakuo\u010di\u0173 sandarumo testeris<\/strong> labai svarbu u\u017etikrinti, kad j\u016bs\u0173 pakuot\u0117 atitikt\u0173 reikalaujamus eksploatacini\u0173 savybi\u0173 standartus.<\/p>\n\n\n\n<p>D\u0117l pakuo\u010di\u0173 nesandarumo gali atsirasti tar\u0161a, gedimas ar net pavojingos situacijos ve\u017eant pavojingas med\u017eiagas. Naudodami <strong>vakuuminio nuot\u0117kio testeris<\/strong>, gamintojai gali aptikti net ma\u017eiausius nuot\u0117kius ir u\u017etikrinti gaminio saug\u0105 bei vientisum\u0105.<\/p>\n\n\n\n<h2 class=\"wp-block-heading\">Vakuuminis nuot\u0117kio testeris: Kaip jis veikia<\/h2>\n\n\n\n<p>Svetain\u0117 <strong>vakuuminio nuot\u0117kio testeris<\/strong> yra speciali priemon\u0117, skirta stand\u017ei\u0173j\u0173 talpykl\u0173 vientisumui tikrinti. Taikant \u0161\u012f metod\u0105 tara veikiama vakuumu, kad b\u016bt\u0173 galima nustatyti nesandarum\u0105 stebint i\u0161 pakuot\u0117s i\u0161tr\u016bkusius oro burbuliukus ar i\u0161b\u0117gus\u012f skyst\u012f. \u0160is metodas pla\u010diai taikomas d\u0117l savo tikslumo ir geb\u0117jimo aptikti smulkius pakuo\u010di\u0173 med\u017eiag\u0173 defektus.<\/p>\n\n\n\n<p>Vienas i\u0161 pagrindini\u0173 privalum\u0173 <strong>vakuuminio nuot\u0117kio testeris<\/strong> galimyb\u0117 testuoti konteinerius nekei\u010diant j\u0173 strukt\u016bros ar u\u017edarymo \u012ftais\u0173. Bandymas atliekamas sl\u0117gio skirtumo s\u0105lygomis, tod\u0117l tinka oro ir skys\u010di\u0173 transportavimo pakuot\u0117ms. Da\u017eniausiai naudojami \u0161ie vakuuminio sandarumo bandymo standartai <strong>ASTM D4991<\/strong> ir <strong>ASTM D3078<\/strong>.<\/p>\n\n\n\n<h2 class=\"wp-block-heading\">ASTM D4991: Standartinis stand\u017ei\u0173j\u0173 talpykl\u0173 vakuuminio sandarumo bandymo metodas<\/h2>\n\n\n\n<p><strong>ASTM D4991<\/strong> apra\u0161omas standartinis tu\u0161\u010di\u0173 stand\u017ei\u0173j\u0173 talpykl\u0173 sandarumo bandymo vakuuminiu metodu bandymo metodas. \u0160is standartas ypa\u010d naudingas bandant talpyklas, skirtas pavojingiems skys\u010diams ve\u017eti, pvz. <strong>Jungtini\u0173 Taut\u0173 rekomendacijos d\u0117l pavojing\u0173 krovini\u0173 ve\u017eimo (JT TDG)<\/strong> ir <strong>Tarptautin\u0117 civilin\u0117s aviacijos organizacija (ICAO)<\/strong>.<\/p>\n\n\n\n<h3 class=\"wp-block-heading\">Pagrindiniai ASTM D4991 standarto aspektai:<\/h3>\n\n\n\n<ul class=\"wp-block-list\">\n<li><strong>Bandymo proced\u016bra<\/strong>: Indas panardinamas \u012f etilenglikolio ir vandens tirpal\u0105, o vakuumas sukuriamas taip, kad susidaryt\u0173 ma\u017edaug toks sl\u0117gi\u0173 skirtumas <strong>95 kPa (13,8 psi)<\/strong>.<\/li>\n\n\n\n<li><strong>Nuot\u0117kio aptikimas<\/strong>: Stebima, ar i\u0161 taros nei\u0161siver\u017eia oro burbuliukai, kai i\u0161 jos i\u0161leid\u017eiamas sl\u0117gis, arba ar po pakartotinio sl\u0117gio padidinimo joje n\u0117ra skys\u010dio.<\/li>\n\n\n\n<li><strong>I\u0161bandytos talpyklos<\/strong>: Pagal \u0161\u012f metod\u0105 bandomi stand\u016bs konteineriai, \u012fskaitant j\u0173 u\u017edarymo \u012ftaisus, kurie naudojami pavojingoms med\u017eiagoms ar skys\u010diams ve\u017eti.<\/li>\n<\/ul>\n\n\n\n<p>\u0160is standartas padeda nustatyti nuot\u0117kio prad\u017eios ta\u0161k\u0105 ir suteikia svarbios informacijos, reikalingos pakuo\u010di\u0173 konstrukcijoms tobulinti, kad b\u016bt\u0173 i\u0161vengta nuot\u0117kio.<\/p>\n\n\n\n<h2 class=\"wp-block-heading\">ASTM D3078: Standartinis lanks\u010di\u0173 pakuo\u010di\u0173 vakuuminio sandarumo bandymo metodas<\/h2>\n\n\n\n<p><strong>ASTM D3078<\/strong> yra standartinis lanks\u010di\u0173 pakuo\u010di\u0173 vakuuminio sandarumo bandymo metodas. Skirtingai nei <strong>ASTM D4991<\/strong>, kurioje daugiausia d\u0117mesio skiriama stand\u017eioms talpykloms, <strong>ASTM D3078<\/strong> taikoma lanks\u010dioms pakuot\u0117ms, pavyzd\u017eiui, mai\u0161eliams ar mai\u0161eliams.<\/p>\n\n\n\n<h3 class=\"wp-block-heading\">Pagrindiniai ASTM D3078 standarto aspektai:<\/h3>\n\n\n\n<ul class=\"wp-block-list\">\n<li><strong>Vakuuminis bandymas<\/strong>: Pakuot\u0117 veikiama vakuumu, kad b\u016bt\u0173 imituojamos s\u0105lygos, kurios gali susidaryti j\u0105 transportuojant ar sand\u0117liuojant.<\/li>\n\n\n\n<li><strong>Nuot\u0117kio aptikimas<\/strong>: Kaip ir su <strong>ASTM D4991<\/strong>, bet koks nuot\u0117kis aptinkamas stebint oro burbuliukus ar skyst\u012f pakuot\u0117s viduje po pakartotinio susl\u0117gimo.<\/li>\n<\/ul>\n\n\n\n<p>\u0160is standartas da\u017eniausiai naudojamas tokiose pramon\u0117s \u0161akose kaip maisto ir farmacijos pramon\u0117, kur pakuo\u010di\u0173 lankstumas ir sandarumo prevencija yra labai svarb\u016bs siekiant i\u0161laikyti produkt\u0173 kokyb\u0119.<\/p>\n\n\n\n<h2 class=\"wp-block-heading\">Pakuo\u010di\u0173 sandarumo testerio naudojimo privalumai<\/h2>\n\n\n\n<p>Naudojant <strong>pakuo\u010di\u0173 sandarumo testeris<\/strong> gamintojams teikia daug naudos:<\/p>\n\n\n\n<ol class=\"wp-block-list\">\n<li><strong>Patobulintas produkto vientisumas<\/strong>: Nuot\u0117kio bandymas u\u017etikrina, kad produktai i\u0161likt\u0173 saug\u016bs ir patikimi gabenimo ir sand\u0117liavimo metu ir b\u016bt\u0173 i\u0161vengta u\u017eter\u0161imo ar gedimo.<\/li>\n\n\n\n<li><strong>Atitiktis pramon\u0117s standartams<\/strong>: Laikydamiesi toki\u0173 standart\u0173 kaip <strong>ASTM D4991<\/strong> ir <strong>ASTM D3078<\/strong>, gamintojai u\u017etikrina, kad j\u0173 pakuot\u0117s atitikt\u0173 \u012fvairiose pramon\u0117s \u0161akose taikomus saugos ir kokyb\u0117s standartus.<\/li>\n\n\n\n<li><strong>Ekonomi\u0161kas<\/strong>: Aptikus nuot\u0117kius ankstyvuoju gamybos proceso etapu galima suma\u017einti atliek\u0173 kiek\u012f ir i\u0161vengti brangiai kainuojan\u010di\u0173 at\u0161aukim\u0173 ar gamini\u0173 perdirbimo.<\/li>\n\n\n\n<li><strong>Geresnis klient\u0173 pasitenkinimas<\/strong>: Tinkamas sandarumo testavimas u\u017etikrina, kad klientai gaut\u0173 optimalios b\u016bkl\u0117s gaminius, o tai kelia didesn\u012f pasitik\u0117jim\u0105 ir pasitenkinim\u0105.<\/li>\n<\/ol>\n\n\n\n<h2 class=\"wp-block-heading\">Kod\u0117l verta rinktis Cell Instruments nuot\u0117kio testerius?<\/h2>\n\n\n\n<p>Svetain\u0117je <strong>Cell Instruments<\/strong>, mes specializuojam\u0117s teikiant auk\u0161tos kokyb\u0117s <strong>pakuo\u010di\u0173 sandarumo testeriai<\/strong> kurie sukurti taip, kad atitikt\u0173 grie\u017etus \u012fvairi\u0173 pramon\u0117s \u0161ak\u0173 reikalavimus. M\u016bs\u0173 <strong>vakuuminiai nuot\u0117kio testeriai<\/strong> atitinka ASTM standartus, \u012fskaitant <strong>ASTM D4991<\/strong> ir <strong>ASTM D3078<\/strong>, u\u017etikrinant, kad j\u016bs\u0173 pakuot\u0117s vientisumas b\u016bt\u0173 patikrintas tiksliai ir patikimai.<\/p>\n\n\n\n<p>M\u016bs\u0173 <strong>nuot\u0117kio testeriai<\/strong> jas lengva naudoti, jos u\u017etikrina tikslius rezultatus ir yra pritaikytos \u012fvairiems pakuo\u010di\u0173 tipams - nuo stand\u017ei\u0173 konteineri\u0173 iki lanks\u010di\u0173 pakuo\u010di\u0173. Nesvarbu, ar bandote maisto produkt\u0173 pakuotes, vaistus, ar pavojing\u0173 med\u017eiag\u0173 talpyklas, m\u016bs\u0173 prietaisai pasi\u017eymi patvarumu ir tikslumu, kuri\u0173 reikia veiksmingai kokyb\u0117s kontrolei.<\/p>\n\n\n\n<h2 class=\"wp-block-heading\">I\u0161vados: Pakuo\u010di\u0173 kokyb\u0117s u\u017etikrinimas naudojant sandarumo testerius<\/h2>\n\n\n\n<p>Pakuo\u010di\u0173 pasaulyje pakuo\u010di\u0173 vientisumo u\u017etikrinimas yra gyvybi\u0161kai svarbus produkt\u0173 saugai, kokybei ir pramon\u0117s taisykli\u0173 laikymuisi. . <strong>pakuo\u010di\u0173 sandarumo testeris<\/strong> atlieka svarb\u0173 vaidmen\u012f nustatant nuot\u0117kius, galin\u010dius pakenkti produkto vientisumui transportavimo ar saugojimo metu.<\/p>\n\n\n\n<p>Naudodami <strong>vakuuminiai nuot\u0117kio testeriai<\/strong> ir laikytis toki\u0173 standart\u0173 kaip <strong>ASTM D4991<\/strong> ir <strong>ASTM D3078<\/strong>, gamintojai gali u\u017etikrinti, kad j\u0173 pakuot\u0117s atitikt\u0173 b\u016btinus atsparumo pratek\u0117jimui reikalavimus. Svetain\u0117je <strong>Cell Instruments<\/strong>, teikiame patikimus sandarumo testavimo sprendimus, padedan\u010dius i\u0161laikyti auk\u0161\u010diausius pakavimo proces\u0173 kokyb\u0117s ir saugos standartus.<\/p>\n\n\n\n<p>Daugiau informacijos apie m\u016bs\u0173 <strong>pakuo\u010di\u0173 sandarumo testeriai<\/strong>, susisiekite su mumis \u0161iandien ir u\u017etikrinkite, kad j\u016bs\u0173 gaminiai atitikt\u0173 geriausius pramon\u0117s standartus.<\/p>\n\n\n\n<p><\/p>","protected":false},"excerpt":{"rendered":"<p>Ensuring the integrity of packaging is crucial in various industries, especially when it comes to maintaining the safety and quality of products. A leak tester for packaging is an essential tool used to detect leaks in packaging containers, such as bottles, jars, and other rigid or flexible containers. Among the different types of leak testing [&hellip;]<\/p>","protected":false},"featured_media":1148,"parent":0,"template":"","meta":{"_acf_changed":true},"product-category":[59],"class_list":["post-1143","product","type-product","status-publish","has-post-thumbnail","hentry","product-category-bubble-emission-test"],"acf":[],"_links":{"self":[{"href":"https:\/\/www.packtests.com\/lt\/wp-json\/wp\/v2\/product\/1143","targetHints":{"allow":["GET"]}}],"collection":[{"href":"https:\/\/www.packtests.com\/lt\/wp-json\/wp\/v2\/product"}],"about":[{"href":"https:\/\/www.packtests.com\/lt\/wp-json\/wp\/v2\/types\/product"}],"wp:featuredmedia":[{"embeddable":true,"href":"https:\/\/www.packtests.com\/lt\/wp-json\/wp\/v2\/media\/1148"}],"wp:attachment":[{"href":"https:\/\/www.packtests.com\/lt\/wp-json\/wp\/v2\/media?parent=1143"}],"wp:term":[{"taxonomy":"product-category","embeddable":true,"href":"https:\/\/www.packtests.com\/lt\/wp-json\/wp\/v2\/product-category?post=1143"}],"curies":[{"name":"wp","href":"https:\/\/api.w.org\/{rel}","templated":true}]}}