{"id":1160,"date":"2026-03-25T07:33:37","date_gmt":"2026-03-25T07:33:37","guid":{"rendered":"https:\/\/www.packtests.com\/?post_type=product&#038;p=1160"},"modified":"2026-03-26T05:21:25","modified_gmt":"2026-03-26T05:21:25","slug":"gross-leak-bubble-tester","status":"publish","type":"product","link":"https:\/\/www.packtests.com\/lt\/product\/gross-leak-bubble-tester\/","title":{"rendered":"GLT-01 Bendrojo nuot\u0117kio burbul\u0173 testeris"},"content":{"rendered":"<p>Pakavimo pramon\u0117je pakuot\u0117s med\u017eiagos vientisumo u\u017etikrinimas yra labai svarbus produkto apsaugai gabenimo ir sand\u0117liavimo metu. . <strong>bendras nuot\u0117kio burbul\u0173 testeris<\/strong> yra svarbi priemon\u0117, naudojama dideliems pakuo\u010di\u0173 nesandarumams nustatyti, u\u017etikrinant sandarum\u0105, reikaling\u0105 maisto, vaist\u0173 ir medicinos prietais\u0173 turiniui apsaugoti. \u0160iame straipsnyje i\u0161samiai ap\u017evelgiama <strong>bendras nuot\u0117kio burbul\u0173 testeris<\/strong>, jo vaidmuo <strong>bendrojo nuot\u0117kio aptikimas<\/strong>, ir jo taikymas <strong>paket\u0173 testavimas<\/strong>. Taip pat aptarsime atitinkamus standartus, pvz. <strong>ASTM F2096<\/strong> kurie padeda \u012fvertinti pakavimo med\u017eiag\u0173 veiksmingum\u0105.<\/p>\n\n\n\n<h2 class=\"wp-block-heading\"><strong>Kas yra bendrojo nuot\u0117kio burbuliuk\u0173 testeris?<\/strong><\/h2>\n\n\n\n<p>A <strong>bendras nuot\u0117kio burbul\u0173 testeris<\/strong> tai prietaisas, naudojamas dideliems pakuo\u010di\u0173 nesandarumams aptikti, paprastai naudojant vidin\u012f sl\u0117g\u012f ir stebint burbuliuk\u0173 susidarym\u0105. Taikant \u0161\u012f metod\u0105 pakuot\u0117 panardinama \u012f tirpal\u0105, \u012f kur\u012f sl\u0117giu \u012fleid\u017eiamas oras. Jei pakuot\u0117 pa\u017eeista, ji praleid\u017eia or\u0105 ir susidaro matomi burbuliukai, rodantys gedimo vietas.<\/p>\n\n\n\n<p>\u0160is bandymo metodas yra veiksmingas nustatant nuot\u0117kius tiek <strong>kietosios ir lanks\u010diosios pakuot\u0117s<\/strong>, u\u017etikrinant, kad talpyklos i\u0161laikyt\u0173 vientisum\u0105 veikiant sl\u0117giui. Jis pla\u010diai naudojamas tokiose pramon\u0117s \u0161akose kaip farmacijos, maisto ir medicinos pakuot\u0117s, kur sandar\u016bs sandarikliai yra labai svarb\u016bs u\u017etikrinant produkt\u0173 saug\u0105 ir kokyb\u0119.<\/p>\n\n\n\n<h2 class=\"wp-block-heading\"><strong>Supratimas apie burbuliuk\u0173 panardinimo nuot\u0117kio bandym\u0105<\/strong><\/h2>\n\n\n\n<p>Svetain\u0117 <strong>burbuliuk\u0173 panardinimo nuot\u0117kio bandymas<\/strong> yra \u012fprastas metodas, naudojamas dideliems pakuo\u010di\u0173 nutek\u0117jimams aptikti. Atliekant \u0161\u012f bandym\u0105 pakuot\u0117 panardinama \u012f vanden\u012f ar kit\u0105 tinkam\u0105 tirpal\u0105 ir pakuot\u0117je sukuriamas vidinis sl\u0117gis. Jei pakuot\u0117je yra koki\u0173 nors nesandarum\u0173, pro \u0161iuos defektus i\u0161eina oras ir susidaro burbuliukai, kuriuos galima lengvai pasteb\u0117ti. Burbuliukai rodo, kad yra pa\u017eeidimo vieta, pavyzd\u017eiui, skylut\u0117, \u012ftr\u016bkimas arba netinkamas sandarinimas.<\/p>\n\n\n\n<p>\u0160iam bandymo metodui teikiama pirmenyb\u0117, nes jis labai jautrus net 250 mikron\u0173 dyd\u017eio nuot\u0117kiui, priklausomai nuo naudojamo sl\u0117gio. . <strong>burbuliuk\u0173 panardinimo nuot\u0117kio bandymas<\/strong> yra patikimas b\u016bdas patikrinti bendr\u0105 pakavimo med\u017eiag\u0173 kokyb\u0119 ir saug\u0105 prie\u0161 jas naudojant jautriems produktams.<\/p>\n\n\n\n<h2 class=\"wp-block-heading\"><strong>ASTM F2096: Standartinis bandym\u0173 metodas, skirtas aptikti grubius nuot\u0117kius<\/strong><\/h2>\n\n\n\n<p><strong>ASTM F2096<\/strong> yra standartinis bandymo metodas, skirtas nustatyti <strong>dideli nuot\u0117kai<\/strong> pakuot\u0117je, atliekant vidinio sl\u0117gio burbulo bandym\u0105. \u0160iame standarte apra\u0161yta proced\u016bra, skirta dideliems nesandarumams stand\u017eiosiose ir lanks\u010diosiose pakuot\u0117se nustatyti. Bandymas atliekamas i\u0161 anksto nustatytu sl\u0117giu veikiant pakuot\u0119, kuri panardinama \u012f vanden\u012f. Jei yra koki\u0173 nors nesandarum\u0173, pastebimas nenutr\u016bkstamas burbul\u0173 srautas.<\/p>\n\n\n\n<p>Svetain\u0117 <strong>ASTM F2096<\/strong> Standarte taip pat apibr\u0117\u017etas testo jautrumas, kuris gali aptikti net 250 mikron\u0173 dyd\u017eio nuot\u0117k\u012f, esant 81% tikimybei. D\u0117l to \u0161is testas yra labai svarbi priemon\u0117 pakuo\u010di\u0173 vientisumui u\u017etikrinti, ypa\u010d pramon\u0117s \u0161akose, kuriose labai svarbu i\u0161laikyti sterili\u0105 ar neu\u017eter\u0161t\u0105 aplink\u0105.<\/p>\n\n\n\n<h2 class=\"wp-block-heading\"><strong>Bendrojo nuot\u0117kio testerio vaidmuo atliekant pakuo\u010di\u0173 bandymus<\/strong><\/h2>\n\n\n\n<p>Naudojant <strong>Bendrasis sandarumo testeris pakuo\u010di\u0173 bandymams<\/strong> labai svarbu u\u017etikrinti, kad pakavimo med\u017eiagos b\u016bt\u0173 atsparios transportavimo ir sand\u0117liavimo s\u0105lygoms. \u0160is metodas padeda nustatyti silpn\u0105sias pakuot\u0117s vietas, pvz:<\/p>\n\n\n\n<ul class=\"wp-block-list\">\n<li><strong>Skylut\u0117s<\/strong><\/li>\n\n\n\n<li><strong>\u012etr\u016bkimai<\/strong><\/li>\n\n\n\n<li><strong>Netinkamas sandarinimas<\/strong><\/li>\n<\/ul>\n\n\n\n<p>Naudodami <strong>bendras nuot\u0117kio burbul\u0173 testeris<\/strong>, gamintojai gali anksti aptikti \u0161ias problemas ir i\u0161vengti brangiai kainuojan\u010di\u0173 gamini\u0173 gedim\u0173, at\u0161aukim\u0173 ar \u017ealos. Galimyb\u0117 aptikti \u0161iuos nuot\u0117kius prie\u0161 i\u0161siun\u010diant pakuot\u0119 u\u017etikrina, kad produktai b\u016bt\u0173 saug\u016bs ir atitikt\u0173 teis\u0117s akt\u0173 reikalavimus.<\/p>\n\n\n\n<h2 class=\"wp-block-heading\"><strong>Bendrojo nuot\u0117kio testerio naudojimo privalumai<\/strong><\/h2>\n\n\n\n<ol class=\"wp-block-list\">\n<li><strong>Tikslus nuot\u0117kio aptikimas<\/strong>: Svetain\u0117 <strong>bendras nuot\u0117kio burbul\u0173 testeris<\/strong> u\u017etikrinama, kad b\u016bt\u0173 nustatyti net ma\u017eiausi nutek\u0117jimai, o tai padeda pagerinti bendr\u0105 pakuo\u010di\u0173 kokyb\u0119.<\/li>\n\n\n\n<li><strong>Ekonomi\u0161kumas<\/strong>: Anksti aptik\u0119 pakuo\u010di\u0173 defektus, gamintojai gali i\u0161vengti preki\u0173 gr\u0105\u017einimo, sugadint\u0173 preki\u0173 ir teis\u0117s akt\u0173 nustatyt\u0173 baud\u0173.<\/li>\n\n\n\n<li><strong>Patobulintos pakuot\u0117s eksploatacin\u0117s savyb\u0117s<\/strong>: Reguliariai atliekant bandymus u\u017etikrinama, kad pakavimo med\u017eiagos i\u0161laikyt\u0173 savo vientisum\u0105 veikiant sl\u0117giui, tod\u0117l suma\u017e\u0117ja nuot\u0117kio ve\u017eant rizika.<\/li>\n\n\n\n<li><strong>Atitiktis standartams<\/strong>: Laikantis <strong>ASTM F2096<\/strong> ir pana\u0161ius standartus, u\u017etikrina pramon\u0117s taisykli\u0173 laikym\u0105si ir gerina supakuoto produkto saug\u0105.<\/li>\n<\/ol>\n\n\n\n<p><\/p>\n\n\n\n<p>\u012emon\u0117ms, norin\u010dioms pagerinti pakuo\u010di\u0173 kokyb\u0119, investicijos \u012f <strong>Bendrasis sandarumo testeris pakuo\u010di\u0173 bandymams<\/strong> yra protingas sprendimas. Jis ne tik padeda u\u017etikrinti pakuo\u010di\u0173 saug\u0105, bet ir padeda u\u017etikrinti atitikt\u012f teis\u0117s akt\u0173 reikalavimams bei sutaupyti l\u0117\u0161\u0173. Cell Instruments si\u016blo auk\u0161tos kokyb\u0117s <strong>bendrieji nuot\u0117kio testeriai<\/strong> sukurta taip, kad atitikt\u0173 grie\u017etus pakuo\u010di\u0173 bandym\u0173 reikalavimus.<\/p>\n\n\n\n<p><\/p>","protected":false},"excerpt":{"rendered":"<p>In packaging industries, ensuring the integrity of the packaging material is crucial for product protection during transit and storage. The gross leak bubble tester is an essential tool used to identify significant leaks in packaging, ensuring the airtightness required to protect contents like food, pharmaceuticals, and medical devices. This article provides an in-depth look into [&hellip;]<\/p>","protected":false},"featured_media":1161,"parent":0,"template":"","meta":{"_acf_changed":true},"product-category":[60],"class_list":["post-1160","product","type-product","status-publish","has-post-thumbnail","hentry","product-category-pressurization"],"acf":[],"_links":{"self":[{"href":"https:\/\/www.packtests.com\/lt\/wp-json\/wp\/v2\/product\/1160","targetHints":{"allow":["GET"]}}],"collection":[{"href":"https:\/\/www.packtests.com\/lt\/wp-json\/wp\/v2\/product"}],"about":[{"href":"https:\/\/www.packtests.com\/lt\/wp-json\/wp\/v2\/types\/product"}],"wp:featuredmedia":[{"embeddable":true,"href":"https:\/\/www.packtests.com\/lt\/wp-json\/wp\/v2\/media\/1161"}],"wp:attachment":[{"href":"https:\/\/www.packtests.com\/lt\/wp-json\/wp\/v2\/media?parent=1160"}],"wp:term":[{"taxonomy":"product-category","embeddable":true,"href":"https:\/\/www.packtests.com\/lt\/wp-json\/wp\/v2\/product-category?post=1160"}],"curies":[{"name":"wp","href":"https:\/\/api.w.org\/{rel}","templated":true}]}}