{"id":1138,"date":"2026-03-20T07:37:21","date_gmt":"2026-03-20T07:37:21","guid":{"rendered":"https:\/\/www.packtests.com\/?post_type=product&#038;p=1138"},"modified":"2026-03-26T05:10:23","modified_gmt":"2026-03-26T05:10:23","slug":"plastic-tensile-strength-tester","status":"publish","type":"product","link":"https:\/\/www.packtests.com\/lv\/product\/plastic-tensile-strength-tester\/","title":{"rendered":"TST-01 Plastmasas stiepes iztur\u012bbas testeris"},"content":{"rendered":"<p><br>A <strong>Plastmasas stiepes iztur\u012bbas testeris<\/strong> ir \u013coti svar\u012bgi, lai nov\u0113rt\u0113tu plastmasas meh\u0101nisk\u0101s \u012bpa\u0161\u012bbas, jo \u012bpa\u0161i t\u0101s sp\u0113ju iztur\u0113t stiepes sp\u0113ku. Stiepes test\u0113\u0161ana sniedz v\u0113rt\u012bgus datus par plastmasas materi\u0101lu iztur\u012bbu, pagarin\u0101jumu un elast\u012bbas moduli, nodro\u0161inot to piem\u0113rot\u012bbu da\u017e\u0101diem r\u016bpnieciskiem lietojumiem. \u0160aj\u0101 rakst\u0101 m\u0113s izp\u0113t\u012bsim, k\u0101da noz\u012bme ir stiepes iztur\u012bbas test\u0113\u0161anai. <strong>Plastmasas stiepes iztur\u012bbas testeris<\/strong>, koncentr\u0113joties uz <strong>ASTM D882<\/strong>, <strong>ISO 527<\/strong>, un <strong>stiepes stiepes tests<\/strong> lai noteiktu materi\u0101la veiktsp\u0113ju stresa apst\u0101k\u013cos.<\/p>\n\n\n\n<h2 class=\"wp-block-heading\">Plastmasas stiepes iztur\u012bbas testera noz\u012bme<\/h2>\n\n\n\n<p>Port\u0101ls <strong>Plastmasas stiepes iztur\u012bbas testeris<\/strong> m\u0113ra plastmasas materi\u0101lu uzved\u012bbu stiepes ietekm\u0113, sniedzot b\u016btisku inform\u0101ciju, lai izv\u0113l\u0113tos materi\u0101lus konkr\u0113tiem lietojumiem. Pieliekot kontrol\u0113tu sp\u0113ku plastmasas paraugam, testeris nov\u0113rt\u0113 t\u0101 stiepes iztur\u012bbu, pagarin\u0101jumu un elast\u012bbas moduli. \u0160ie parametri ir b\u016btiski, lai noteiktu materi\u0101la sp\u0113ju iztur\u0113t spriegumu bez pl\u012bsumiem, kas ir \u012bpa\u0161i svar\u012bgi materi\u0101liem, kurus izmanto iepakojuma, automobi\u013cu un cit\u0101s nozar\u0113s, kur b\u016btiska ir iztur\u012bba.<\/p>\n\n\n\n<h2 class=\"wp-block-heading\">Izpratne par ASTM D882 par pl\u0101nas plastmasas loksnes stiepes \u012bpa\u0161\u012bb\u0101m<\/h2>\n\n\n\n<p><strong>ASTM D882<\/strong> ir standarta testa metode, ko izmanto, lai nov\u0113rt\u0113tu pl\u0101nas plastmasas loksnes stiepes \u012bpa\u0161\u012bbas. \u0160\u012b metode ietver sp\u0113ka un pagarin\u0101juma m\u0113r\u012b\u0161anu, test\u0113jot plastmasas paraugus stiepes st\u0101vokl\u012b. Rezult\u0101ti, kas ieg\u016bti <strong>ASTM D882<\/strong> pal\u012bdz ra\u017eot\u0101jiem noteikt t\u0101das \u012bpa\u0161\u012bbas k\u0101 stiepes iztur\u012bba, pagarin\u0101jums p\u0101rrau\u0161anas br\u012bd\u012b un elast\u012bbas modulis. \u0160\u012bs \u012bpa\u0161\u012bbas ir \u013coti svar\u012bgas, lai raksturotu un preciz\u0113tu da\u017e\u0101dos izstr\u0101d\u0101jumos izmantojamos materi\u0101lus.<\/p>\n\n\n\n<ul class=\"wp-block-list\">\n<li><strong>Stiepes iztur\u012bba<\/strong>: Nor\u0101da, cik lielu sp\u0113ku var iztur\u0113t materi\u0101ls, pirms tas sal\u016bst.<\/li>\n\n\n\n<li><strong>Pagarin\u0101jums<\/strong>: M\u0113ra, cik daudz materi\u0101ls var izstiepties, pirms tas sasniedz l\u016bzuma punktu.<\/li>\n\n\n\n<li><strong>Elast\u012bbas modulis<\/strong>: Sniedz ieskatu par materi\u0101la stingr\u012bbu.<\/li>\n<\/ul>\n\n\n\n<p><strong>ASTM D882<\/strong> tiek pla\u0161i izmantots nozar\u0113s, kur pl\u0101nas plastmasas pl\u0113ves ir \u013coti svar\u012bgas, piem\u0113ram, iepakojuma materi\u0101los, elast\u012bg\u0101 elektronik\u0101 un citos lietojumos, kur elast\u012bba un iztur\u012bba ir \u013coti svar\u012bga.<\/p>\n\n\n\n<h2 class=\"wp-block-heading\">ISO 527: Plastmasu stiepes \u012bpa\u0161\u012bbu noteik\u0161ana<\/h2>\n\n\n\n<p><strong>ISO 527<\/strong>, konkr\u0113ti <strong>ISO 527-1:2019<\/strong>, ir starptautiskais standarts plastmasas stiepes \u012bpa\u0161\u012bbu noteik\u0161anai. \u0160is standarts nosaka da\u017e\u0101du plastmasas materi\u0101lu, tostarp termoplastu, termoreakt\u012bvo plastmasu un plastmasas kompoz\u012btu, stiepes \u012bpa\u0161\u012bbu test\u0113\u0161anas visp\u0101r\u012bgos principus. Testa laik\u0101 paraugam piem\u0113ro stiepes sp\u0113ku un re\u0123istr\u0113 sp\u0113ka un stiepes l\u012bkni, ko p\u0113c tam izmanto stiepes iztur\u012bbas, pagarin\u0101juma p\u0101rrau\u0161anas br\u012bd\u012b un citu stiepes \u012bpa\u0161\u012bbu apr\u0113\u0137in\u0101\u0161anai.<\/p>\n\n\n\n<p><strong>ISO 527<\/strong> var izmantot da\u017e\u0101diem plastmasas materi\u0101liem, tostarp:<\/p>\n\n\n\n<ul class=\"wp-block-list\">\n<li><strong>Cietie un da\u013c\u0113ji cietie termoplasti.<\/strong><\/li>\n\n\n\n<li><strong>Termoreakt\u012bv\u0101s plastmasas<\/strong><\/li>\n\n\n\n<li><strong>Plastmasas kompoz\u012bti<\/strong><\/li>\n\n\n\n<li><strong>Ar \u0161\u0137iedru stiegrota plastmasa<\/strong><\/li>\n<\/ul>\n\n\n\n<p>Standart\u0101 ir sniegtas ar\u012b nor\u0101des par paraugu sagatavo\u0161anu un rezult\u0101tu m\u0113r\u012b\u0161anu, nodro\u0161inot konsekventus un reproduc\u0113jamus test\u0113\u0161anas apst\u0101k\u013cus da\u017e\u0101diem materi\u0101liem un test\u0113\u0161anas iek\u0101rt\u0101m.<\/p>\n\n\n\n<h2 class=\"wp-block-heading\">Pagarin\u0101juma stiepes tests: Stiepes m\u0113r\u012b\u0161ana pirms p\u0101rrau\u0161anas<\/h2>\n\n\n\n<p>Port\u0101ls <strong>stiepes stiepes tests<\/strong> ir b\u016btiska stiepes test\u0113\u0161anas da\u013ca, jo \u012bpa\u0161i, lai nov\u0113rt\u0113tu plastisko materi\u0101lu lokan\u012bbu. Ar \u0161o testu m\u0113ra, cik lielu izstiepumu materi\u0101ls iztur, pirms tas p\u0101rtr\u016bkst, un tas ir \u013coti svar\u012bgi, lai noteiktu t\u0101 elast\u012bbu un sp\u0113ju absorb\u0113t spriegumu. Materi\u0101li ar liel\u0101ku stiepes deform\u0101ciju parasti ir elast\u012bg\u0101ki un sp\u0113j iztur\u0113t liel\u0101ku deform\u0101ciju pirms boj\u0101juma, t\u0101p\u0113c tie ir piem\u0113roti lietojumiem, kur nepiecie\u0161ama elast\u012bba.<\/p>\n\n\n\n<p>Pagarin\u0101jumu izsaka procentos no materi\u0101la s\u0101kotn\u0113j\u0101 garuma, un tas sniedz v\u0113rt\u012bgu inform\u0101ciju par materi\u0101la sp\u0113ju iztur\u0113t stiep\u0161anos bez pl\u012bsumiem. Plastmasas, ko izmanto, piem\u0113ram, iepakojuma pl\u0113v\u0113s vai automobi\u013cu deta\u013c\u0101s, ir izdev\u012bgi l\u012bdzsvarot \u0161\u0101das \u012bpa\u0161\u012bbas <strong>stiepes iztur\u012bba<\/strong> un <strong>pagarin\u0101\u0161an\u0101s<\/strong> lai nodro\u0161in\u0101tu to integrit\u0101ti un vienlaikus elast\u012bgumu.<\/p>\n\n\n\n<h2 class=\"wp-block-heading\">Plastmasas stiepes iztur\u012bbas testera priek\u0161roc\u012bbas materi\u0101lu anal\u012bzei<\/h2>\n\n\n\n<p>Izmantojot <strong>Plastmasas stiepes iztur\u012bbas testeris<\/strong> pied\u0101v\u0101 vair\u0101kas priek\u0161roc\u012bbas ra\u017eot\u0101jiem un materi\u0101lu zin\u0101tniekiem:<\/p>\n\n\n\n<ol class=\"wp-block-list\">\n<li><strong>Precizit\u0101te un precizit\u0101te<\/strong>: Testeris nodro\u0161ina uzticamus, atk\u0101rtojamus rezult\u0101tus, \u013caujot prec\u012bzi izm\u0113r\u012bt stiepes iztur\u012bbu, pagarin\u0101jumu un elast\u012bbas moduli.<\/li>\n\n\n\n<li><strong>Materi\u0101lu sal\u012bdzin\u0101jums<\/strong>: Tas \u013cauj sal\u012bdzin\u0101t da\u017e\u0101dus plastmasas materi\u0101lus vien\u0101dos test\u0113\u0161anas apst\u0101k\u013cos, pal\u012bdzot ra\u017eot\u0101jiem izv\u0113l\u0113ties vispiem\u0113rot\u0101ko materi\u0101lu konkr\u0113tiem lietojumiem.<\/li>\n\n\n\n<li><strong>Kvalit\u0101tes kontrole<\/strong>: Izmantojot stiepes testeri, ra\u017eot\u0101ji var p\u0101rliecin\u0101ties, ka vi\u0146u plastmasas izstr\u0101d\u0101jumi atbilst nepiecie\u0161amaj\u0101m iztur\u012bbas, elast\u012bbas un iztur\u012bbas specifik\u0101cij\u0101m.<\/li>\n\n\n\n<li><strong>Atbilst\u012bba standartiem<\/strong>: Test\u0113t\u0101js nodro\u0161ina, ka rezult\u0101ti atbilst <strong>ASTM D882<\/strong> un <strong>ISO 527<\/strong> standartus, nodro\u0161inot datus, kas ir atz\u012bti vis\u0101 pasaul\u0113 da\u017e\u0101d\u0101s nozar\u0113s.<\/li>\n<\/ol>\n\n\n\n<h2 class=\"wp-block-heading\">K\u0101p\u0113c izv\u0113l\u0113ties Cell Instruments\u2019 stiepes testeri?<\/h2>\n\n\n\n<p>Cell Instruments nodro\u0161ina m\u016bsdien\u012bgus <strong>Stiepes testeri<\/strong> paredz\u0113ti prec\u012bzai un efekt\u012bvai plastmasas stiepes test\u0113\u0161anai. M\u016bsu <strong>Plastmasas stiepes iztur\u012bbas testeri<\/strong> ir apr\u012bkoti ar progres\u012bv\u0101m funkcij\u0101m, kas nodro\u0161ina augstu precizit\u0101ti un atk\u0101rtojam\u012bbu, padarot tos ide\u0101li piem\u0113rotus laboratorij\u0101m, p\u0113tniec\u012bbai un izstr\u0101dei, k\u0101 ar\u012b kvalit\u0101tes kontrolei.<\/p>\n\n\n\n<ul class=\"wp-block-list\">\n<li><strong>Augsta precizit\u0101te<\/strong>: M\u016bsu testeri pied\u0101v\u0101 prec\u012bzus sp\u0113ka, pagarin\u0101juma un stiepes iztur\u012bbas m\u0113r\u012bjumus.<\/li>\n\n\n\n<li><strong>Daudzpus\u012bba<\/strong>: Piem\u0113rots da\u017e\u0101du materi\u0101lu, tostarp plastmasas, kompoz\u012btu un elastom\u0113ru, test\u0113\u0161anai.<\/li>\n\n\n\n<li><strong>Atbilst\u012bba standartiem<\/strong>: M\u016bsu test\u0113t\u0101ji atbilst pasaules standartiem, piem\u0113ram. <strong>ASTM D882<\/strong> un <strong>ISO 527<\/strong>, nodro\u0161inot, ka j\u016bsu test\u0113\u0161anas proced\u016bras atbilst nozares pras\u012bb\u0101m.<\/li>\n<\/ul>\n\n\n\n<h2 class=\"wp-block-heading\">Secin\u0101jums<\/h2>\n\n\n\n<p>Port\u0101ls <strong>Plastmasas stiepes iztur\u012bbas testeris<\/strong> ir neaizst\u0101jams instruments plastmasas materi\u0101lu meh\u0101nisko \u012bpa\u0161\u012bbu nov\u0113rt\u0113\u0161anai. Iev\u0113rojot <strong>ASTM D882<\/strong> un <strong>ISO 527<\/strong>, ra\u017eot\u0101ji var ieg\u016bt prec\u012bzus un konsekventus datus par plastmasas stiepes iztur\u012bbu, pagarin\u0101jumu un elast\u012bbas moduli. \u0160\u012bs \u012bpa\u0161\u012bbas ir \u013coti svar\u012bgas, lai noteiktu materi\u0101la veiktsp\u0113ju da\u017e\u0101dos lietojumos, s\u0101kot ar iepakojuma pl\u0113v\u0113m un beidzot ar automobi\u013cu deta\u013c\u0101m.<\/p>\n\n\n\n<p>Cell Instruments nodro\u0161ina augstas kvalit\u0101tes <strong>Stiepes testeri<\/strong> kas pal\u012bdz nodro\u0161in\u0101t j\u016bsu plastmasas materi\u0101lu iztur\u012bbu un uzticam\u012bbu. Neatkar\u012bgi no t\u0101, vai izstr\u0101d\u0101jat jaunus produktus vai nodro\u0161iniet kvalit\u0101tes kontroli, m\u016bsu testeri sniedz datus, kas jums nepiecie\u0161ami, lai pie\u0146emtu pamatotus l\u0113mumus un iev\u0113rotu nozares standartus.<\/p>","protected":false},"excerpt":{"rendered":"<p>Plastmasas stiepes iztur\u012bbas testeris ir \u013coti svar\u012bgs, lai nov\u0113rt\u0113tu plastmasas meh\u0101nisk\u0101s \u012bpa\u0161\u012bbas, jo \u012bpa\u0161i t\u0101s sp\u0113ju iztur\u0113t stiepes sp\u0113ku. Stiepes iztur\u012bbas p\u0101rbaude sniedz v\u0113rt\u012bgus datus par plastmasas materi\u0101lu stipr\u012bbu, pagarin\u0101jumu un elast\u012bbas moduli, nodro\u0161inot to piem\u0113rot\u012bbu da\u017e\u0101diem r\u016bpnieciskiem lietojumiem. \u0160aj\u0101 rakst\u0101 m\u0113s izp\u0113t\u012bsim plastmasas [...]<\/p>","protected":false},"featured_media":1154,"parent":0,"template":"","meta":{"_acf_changed":true},"product-category":[56],"class_list":["post-1138","product","type-product","status-publish","has-post-thumbnail","hentry","product-category-plastic-tensile-strength-test"],"acf":[],"_links":{"self":[{"href":"https:\/\/www.packtests.com\/lv\/wp-json\/wp\/v2\/product\/1138","targetHints":{"allow":["GET"]}}],"collection":[{"href":"https:\/\/www.packtests.com\/lv\/wp-json\/wp\/v2\/product"}],"about":[{"href":"https:\/\/www.packtests.com\/lv\/wp-json\/wp\/v2\/types\/product"}],"wp:featuredmedia":[{"embeddable":true,"href":"https:\/\/www.packtests.com\/lv\/wp-json\/wp\/v2\/media\/1154"}],"wp:attachment":[{"href":"https:\/\/www.packtests.com\/lv\/wp-json\/wp\/v2\/media?parent=1138"}],"wp:term":[{"taxonomy":"product-category","embeddable":true,"href":"https:\/\/www.packtests.com\/lv\/wp-json\/wp\/v2\/product-category?post=1138"}],"curies":[{"name":"wp","href":"https:\/\/api.w.org\/{rel}","templated":true}]}}