{"id":1143,"date":"2026-03-25T03:02:25","date_gmt":"2026-03-25T03:02:25","guid":{"rendered":"https:\/\/www.packtests.com\/?post_type=product&#038;p=1143"},"modified":"2026-03-26T05:17:07","modified_gmt":"2026-03-26T05:17:07","slug":"leak-tester-for-packaging","status":"publish","type":"product","link":"https:\/\/www.packtests.com\/lv\/product\/leak-tester-for-packaging\/","title":{"rendered":"Iepakojuma nopl\u016bdes testeris LT-Leak Tester"},"content":{"rendered":"<p>Iepakojuma integrit\u0101tes nodro\u0161in\u0101\u0161ana ir \u013coti svar\u012bga da\u017e\u0101d\u0101s nozar\u0113s, jo \u012bpa\u0161i, ja runa ir par produktu dro\u0161\u012bbas un kvalit\u0101tes saglab\u0101\u0161anu. A <strong>iepakojuma nopl\u016bdes testeris<\/strong> ir svar\u012bgs instruments, ko izmanto, lai noteiktu nopl\u016bdes iepakojuma konteineros, piem\u0113ram, pudel\u0113s, burk\u0101s un citos cietos vai elast\u012bgos konteineros. No da\u017e\u0101diem nopl\u016bdes test\u0113\u0161anas meto\u017eu veidiem. <strong>vakuuma nopl\u016bdes testeris<\/strong> izce\u013cas k\u0101 uzticams un pla\u0161i izmantots pa\u0146\u0113miens. \u0160aj\u0101 rakst\u0101 uzman\u012bba tiks piev\u0113rsta <strong>vakuuma nopl\u016bdes testeris<\/strong>, t\u0101s pielietojums iepakojuma test\u0113\u0161an\u0101 un attiec\u012bg\u0101s <strong>ASTM standarti<\/strong> piem\u0113ram. <strong>ASTM D4991<\/strong> un <strong>ASTM D3078<\/strong>.<\/p>\n\n\n\n<h2 class=\"wp-block-heading\">Nopl\u016b\u017eu test\u0113\u0161anas noz\u012bme iepakojum\u0101<\/h2>\n\n\n\n<p>Nopl\u016bdes p\u0101rbaude ir b\u016btisks iepakojuma kvalit\u0101tes nodro\u0161in\u0101\u0161anas process. T\u0101 nodro\u0161ina, ka produkti, jo \u012bpa\u0161i tie, kas ir jut\u012bgi pret t\u0101diem vides faktoriem k\u0101 mitrums vai gaiss, transport\u0113\u0161anas un uzglab\u0101\u0161anas laik\u0101 ir pareizi nosl\u0113gti. Neatkar\u012bgi no t\u0101, vai runa ir par farmaceitiskiem produktiem, p\u0101rtikas produktu iepakojumu vai b\u012bstamiem materi\u0101liem, uzticama <strong>iepakojuma nopl\u016bdes testeris<\/strong> ir b\u016btiski, lai nodro\u0161in\u0101tu, ka j\u016bsu iepakojums atbilst nepiecie\u0161amajiem veiktsp\u0113jas standartiem.<\/p>\n\n\n\n<p>Nopl\u016bdes iepakojum\u0101 var izrais\u012bt pies\u0101r\u0146ojumu, boj\u0101\u0161anos vai pat b\u012bstamas situ\u0101cijas, transport\u0113jot b\u012bstamus materi\u0101lus. Izmantojot <strong>vakuuma nopl\u016bdes testeris<\/strong>, ra\u017eot\u0101ji var atkl\u0101t pat vismaz\u0101k\u0101s nopl\u016bdes un nodro\u0161in\u0101t produkta dro\u0161\u012bbu un integrit\u0101ti.<\/p>\n\n\n\n<h2 class=\"wp-block-heading\">Vakuuma nopl\u016bdes testeris: K\u0101 tas darbojas<\/h2>\n\n\n\n<p>Port\u0101ls <strong>vakuuma nopl\u016bdes testeris<\/strong> ir \u012bpa\u0161s r\u012bks, kas paredz\u0113ts cieto tvert\u0146u integrit\u0101tes p\u0101rbaudei. \u0160is process ietver konteinera pak\u013cau\u0161anu vakuumam, lai noteiktu nopl\u016bdes, v\u0113rojot gaisa burbu\u013cus vai \u0161\u0137idrumu, kas izpl\u016bst no iepakojuma. \u0160o metodi pla\u0161i izmanto, pateicoties t\u0101s precizit\u0101tei un sp\u0113jai atkl\u0101t s\u012bkus iepakojuma materi\u0101lu defektus.<\/p>\n\n\n\n<p>Viena no galvenaj\u0101m priek\u0161roc\u012bb\u0101m <strong>vakuuma nopl\u016bdes testeris<\/strong> ir iesp\u0113ja test\u0113t konteinerus, nemainot to strukt\u016bru vai sl\u0113gumus. Tests tiek veikts diferenci\u0101l\u0101 spiediena apst\u0101k\u013cos, t\u0101p\u0113c tas ir piem\u0113rots gaisa un \u0161\u0137idrumu p\u0101rvad\u0101\u0161anas iepakojumiem. Visbie\u017e\u0101k izmantotie vakuuma nopl\u016bdes test\u0113\u0161anas standarti ir \u0161\u0101di. <strong>ASTM D4991<\/strong> un <strong>ASTM D3078<\/strong>.<\/p>\n\n\n\n<h2 class=\"wp-block-heading\">ASTM D4991: Standarta testa metode cieto konteineru vakuuma nopl\u016bdes test\u0113\u0161anai<\/h2>\n\n\n\n<p><strong>ASTM D4991<\/strong> apraksta standarta testa metodi tuk\u0161u cietu tvert\u0146u nopl\u016bdes test\u0113\u0161anai, izmantojot vakuuma metodi. \u0160is standarts ir \u012bpa\u0161i noder\u012bgs, test\u0113jot tvertnes, kas paredz\u0113tas b\u012bstamu \u0161\u0137idrumu p\u0101rvad\u0101\u0161anai, piem\u0113ram, t\u0101du, ko reglament\u0113 likums \"Par b\u012bstamajiem \u0161\u0137idrumiem\". <strong>Apvienoto N\u0101ciju Organiz\u0101cijas Ieteikumi par b\u012bstamo kravu p\u0101rvad\u0101\u0161anu (ANO TDG)<\/strong> un <strong>Starptautisk\u0101 civil\u0101s avi\u0101cijas organiz\u0101cija (ICAO)<\/strong>.<\/p>\n\n\n\n<h3 class=\"wp-block-heading\">ASTM D4991 galvenie aspekti:<\/h3>\n\n\n\n<ul class=\"wp-block-list\">\n<li><strong>Testa proced\u016bra<\/strong>: Tvertni iegremd\u0113 etil\u0113nglikola un \u016bdens \u0161\u0137\u012bdum\u0101, un tiek piem\u0113rots vakuums, lai rad\u012btu diferenci\u0101lo spiedienu, kas ir aptuveni 0,5 mm. <strong>95 kPa (13,8 psi)<\/strong>.<\/li>\n\n\n\n<li><strong>Nopl\u016bdes noteik\u0161ana<\/strong>: Tvertn\u0113 nov\u0113ro, vai spiediena samazin\u0101\u0161anas laik\u0101 no t\u0101s neizpl\u016bst gaisa burbul\u012b\u0161i, vai p\u0113c spiediena atjauno\u0161anas tvertnes iek\u0161pus\u0113 nav \u0161\u0137idruma.<\/li>\n\n\n\n<li><strong>P\u0101rbaud\u012btie konteineri<\/strong>: Saska\u0146\u0101 ar \u0161o metodi test\u0113 cietos konteinerus, ieskaitot to aizv\u0101kojumus, ko izmanto b\u012bstamu materi\u0101lu vai \u0161\u0137idrumu p\u0101rvad\u0101\u0161anai.<\/li>\n<\/ul>\n\n\n\n<p>\u0160is standarts pal\u012bdz noteikt nopl\u016bdes s\u0101kumpunktu, sniedzot b\u016btisku inform\u0101ciju iepakojuma konstrukcijas uzlabo\u0161anai, lai nov\u0113rstu nopl\u016bdes.<\/p>\n\n\n\n<h2 class=\"wp-block-heading\">ASTM D3078: Standarta testa metode elast\u012bgu iepakojumu vakuuma nopl\u016bdes test\u0113\u0161anai<\/h2>\n\n\n\n<p><strong>ASTM D3078<\/strong> ir standarta testa metode elast\u012bgu iepakojumu vakuuma nopl\u016bdes test\u0113\u0161anai. At\u0161\u0137ir\u012bb\u0101 no <strong>ASTM D4991<\/strong>, kur\u0101 galven\u0101 uzman\u012bba piev\u0113rsta cietajiem konteineriem, <strong>ASTM D3078<\/strong> attiecas uz elast\u012bgu iepakojumu, piem\u0113ram, maisi\u0146iem vai maisi\u0146iem.<\/p>\n\n\n\n<h3 class=\"wp-block-heading\">ASTM D3078 galvenie aspekti:<\/h3>\n\n\n\n<ul class=\"wp-block-list\">\n<li><strong>Vakuuma test\u0113\u0161ana<\/strong>: Iepakojums tiek pak\u013cauts vakuumam, lai imit\u0113tu apst\u0101k\u013cus, k\u0101dos tas var\u0113tu atrasties p\u0101rvad\u0101\u0161anas vai uzglab\u0101\u0161anas laik\u0101.<\/li>\n\n\n\n<li><strong>Nopl\u016bdes noteik\u0161ana<\/strong>: T\u0101pat k\u0101 ar <strong>ASTM D4991<\/strong>, nopl\u016bdes konstat\u0113, p\u0113c atk\u0101rtotas saspie\u0161anas iepakojuma iek\u0161pus\u0113 nov\u0113rojot gaisa burbu\u013cus vai \u0161\u0137idrumu.<\/li>\n<\/ul>\n\n\n\n<p>\u0160o standartu parasti izmanto t\u0101d\u0101s nozar\u0113s k\u0101 p\u0101rtikas un farm\u0101cijas r\u016bpniec\u012bba, kur iepakojuma elast\u012bba un nopl\u016b\u017eu nov\u0113r\u0161ana ir \u013coti svar\u012bga, lai saglab\u0101tu produktu kvalit\u0101ti.<\/p>\n\n\n\n<h2 class=\"wp-block-heading\">Iepakojuma nopl\u016bdes testera izmanto\u0161anas priek\u0161roc\u012bbas<\/h2>\n\n\n\n<p>Izmantojot <strong>iepakojuma nopl\u016bdes testeris<\/strong> ra\u017eot\u0101jiem pied\u0101v\u0101 daudz priek\u0161roc\u012bbu:<\/p>\n\n\n\n<ol class=\"wp-block-list\">\n<li><strong>Uzlabota produktu integrit\u0101te<\/strong>: Nopl\u016bdes p\u0101rbaude nodro\u0161ina, ka produkti transport\u0113\u0161anas un uzglab\u0101\u0161anas laik\u0101 ir dro\u0161i un dro\u0161\u012bb\u0101, nov\u0113r\u0161ot pies\u0101r\u0146ojumu vai boj\u0101\u0161anos.<\/li>\n\n\n\n<li><strong>Atbilst\u012bba nozares standartiem<\/strong>: Iev\u0113rojot t\u0101dus standartus k\u0101 <strong>ASTM D4991<\/strong> un <strong>ASTM D3078<\/strong>, ra\u017eot\u0101ji nodro\u0161ina, ka to iepakojums atbilst da\u017e\u0101d\u0101s nozar\u0113s noteiktajiem dro\u0161\u012bbas un kvalit\u0101tes standartiem.<\/li>\n\n\n\n<li><strong>Rentabls<\/strong>: Nopl\u016bdes atkl\u0101\u0161ana ra\u017eo\u0161anas procesa s\u0101kum\u0101 var pal\u012bdz\u0113t samazin\u0101t atkritumu daudzumu un izvair\u012bties no d\u0101rgiem atsaukumiem vai produktu p\u0101rstr\u0101des.<\/li>\n\n\n\n<li><strong>Uzlabota klientu apmierin\u0101t\u012bba<\/strong>: Pareiza nopl\u016bdes p\u0101rbaude nodro\u0161ina, ka klienti sa\u0146em produktus optim\u0101l\u0101 st\u0101vokl\u012b, t\u0101d\u0113j\u0101di uzlabojot uztic\u0113\u0161anos un apmierin\u0101t\u012bbu.<\/li>\n<\/ol>\n\n\n\n<h2 class=\"wp-block-heading\">K\u0101p\u0113c izv\u0113l\u0113ties Cell Instruments nopl\u016bdes testeri?<\/h2>\n\n\n\n<p>vietn\u0113 <strong>Cell Instruments<\/strong>, m\u0113s specializ\u0113jamies augstas kvalit\u0101tes <strong>iepakojuma nopl\u016bdes testeri<\/strong> kas ir izstr\u0101d\u0101ti, lai atbilstu da\u017e\u0101du nozaru stingraj\u0101m pras\u012bb\u0101m. M\u016bsu <strong>vakuuma nopl\u016bdes testeri<\/strong> atbilst ASTM standartiem, tostarp <strong>ASTM D4991<\/strong> un <strong>ASTM D3078<\/strong>, nodro\u0161inot, ka iepakojuma integrit\u0101te tiek p\u0101rbaud\u012bta prec\u012bzi un dro\u0161i.<\/p>\n\n\n\n<p>M\u016bsu <strong>nopl\u016bdes testeri<\/strong> ir viegli lietojamas, nodro\u0161ina prec\u012bzus rezult\u0101tus un ir konstru\u0113tas t\u0101, lai var\u0113tu apstr\u0101d\u0101t da\u017e\u0101dus iepakojuma veidus - no cietiem konteineriem l\u012bdz elast\u012bgiem iepakojumiem. Neatkar\u012bgi no t\u0101, vai test\u0113jat p\u0101rtikas produktu iepakojumu, farmaceitisko produktu vai b\u012bstamo materi\u0101lu konteinerus, m\u016bsu instrumenti nodro\u0161ina iztur\u012bbu un precizit\u0101ti, kas nepiecie\u0161ama efekt\u012bvai kvalit\u0101tes kontrolei.<\/p>\n\n\n\n<h2 class=\"wp-block-heading\">Secin\u0101jums: Iepakojuma kvalit\u0101tes nodro\u0161in\u0101\u0161ana ar nopl\u016bdes test\u0113t\u0101jiem<\/h2>\n\n\n\n<p>Iepakojuma pasaul\u0113 iepakojuma integrit\u0101tes nodro\u0161in\u0101\u0161ana ir \u013coti svar\u012bga produktu dro\u0161\u012bbai, kvalit\u0101tei un atbilst\u012bbai nozares noteikumiem. Port\u0101ls <strong>iepakojuma nopl\u016bdes testeris<\/strong> ir b\u016btiska noz\u012bme nopl\u016b\u017eu identific\u0113\u0161an\u0101, kas var\u0113tu apdraud\u0113t produkta integrit\u0101ti transport\u0113\u0161anas vai uzglab\u0101\u0161anas laik\u0101.<\/p>\n\n\n\n<p>Izmantojot <strong>vakuuma nopl\u016bdes testeri<\/strong> un iev\u0113rot t\u0101dus standartus k\u0101 <strong>ASTM D4991<\/strong> un <strong>ASTM D3078<\/strong>, ra\u017eot\u0101ji var nodro\u0161in\u0101t, ka to iepakojums atbilst nepiecie\u0161amaj\u0101m noteces iztur\u012bbas pras\u012bb\u0101m. vietn\u0113 . <strong>Cell Instruments<\/strong>, m\u0113s pied\u0101v\u0101jam uzticamus nopl\u016bdes test\u0113\u0161anas risin\u0101jumus, lai pal\u012bdz\u0113tu jums saglab\u0101t visaugst\u0101kos kvalit\u0101tes un dro\u0161\u012bbas standartus iepako\u0161anas procesos.<\/p>\n\n\n\n<p>Lai ieg\u016btu vair\u0101k inform\u0101cijas par m\u016bsu <strong>iepakojuma nopl\u016bdes testeri<\/strong>, sazinieties ar mums jau \u0161odien un p\u0101rliecinieties, ka j\u016bsu produkti atbilst nozares lab\u0101kajiem standartiem.<\/p>\n\n\n\n<p><\/p>","protected":false},"excerpt":{"rendered":"<p>Ensuring the integrity of packaging is crucial in various industries, especially when it comes to maintaining the safety and quality of products. A leak tester for packaging is an essential tool used to detect leaks in packaging containers, such as bottles, jars, and other rigid or flexible containers. Among the different types of leak testing [&hellip;]<\/p>","protected":false},"featured_media":1148,"parent":0,"template":"","meta":{"_acf_changed":true},"product-category":[59],"class_list":["post-1143","product","type-product","status-publish","has-post-thumbnail","hentry","product-category-bubble-emission-test"],"acf":[],"_links":{"self":[{"href":"https:\/\/www.packtests.com\/lv\/wp-json\/wp\/v2\/product\/1143","targetHints":{"allow":["GET"]}}],"collection":[{"href":"https:\/\/www.packtests.com\/lv\/wp-json\/wp\/v2\/product"}],"about":[{"href":"https:\/\/www.packtests.com\/lv\/wp-json\/wp\/v2\/types\/product"}],"wp:featuredmedia":[{"embeddable":true,"href":"https:\/\/www.packtests.com\/lv\/wp-json\/wp\/v2\/media\/1148"}],"wp:attachment":[{"href":"https:\/\/www.packtests.com\/lv\/wp-json\/wp\/v2\/media?parent=1143"}],"wp:term":[{"taxonomy":"product-category","embeddable":true,"href":"https:\/\/www.packtests.com\/lv\/wp-json\/wp\/v2\/product-category?post=1143"}],"curies":[{"name":"wp","href":"https:\/\/api.w.org\/{rel}","templated":true}]}}