{"id":1166,"date":"2026-03-26T01:17:05","date_gmt":"2026-03-26T01:17:05","guid":{"rendered":"https:\/\/www.packtests.com\/?post_type=product&#038;p=1166"},"modified":"2026-03-26T05:14:30","modified_gmt":"2026-03-26T05:14:30","slug":"packaging-vacuum-decay-tester","status":"publish","type":"product","link":"https:\/\/www.packtests.com\/lv\/product\/packaging-vacuum-decay-tester\/","title":{"rendered":"MLT-01 Iepakojuma vakuuma sabruk\u0161anas testeris"},"content":{"rendered":"<p>Iepakojuma nozar\u0113 iepakojuma integrit\u0101tes nodro\u0161in\u0101\u0161ana ir \u013coti svar\u012bga, jo \u012bpa\u0161i t\u0101d\u0101s nozar\u0113s k\u0101 p\u0101rtikas, farm\u0101cijas un medic\u012bnas ier\u012bces. Viena no visefekt\u012bv\u0101kaj\u0101m metod\u0113m, k\u0101 nedestrukt\u012bv\u0101 veid\u0101 noteikt nopl\u016bdes iepakojum\u0101, ir, izmantojot <strong>iepakojuma vakuuma sabruk\u0161anas testeris<\/strong>. \u0160is r\u012bks ir paredz\u0113ts nopl\u016b\u017eu identific\u0113\u0161anai, m\u0113rot vakuuma l\u012bme\u0146a samazin\u0101\u0161anos laika gait\u0101. Tas pal\u012bdz ra\u017eot\u0101jiem nodro\u0161in\u0101t, ka vi\u0146u produkti atbilst stingriem iepakojuma integrit\u0101tes standartiem. \u0160aj\u0101 rakst\u0101 tiek p\u0113t\u012bts <strong>iepakojuma vakuuma sabruk\u0161anas testeris<\/strong>, t\u0101s noz\u012bme, noz\u012bme. <strong>ASTM F2338<\/strong> standarts un t\u0101 loma <strong>ciet\u0101 konteinera integrit\u0101tes p\u0101rbaude<\/strong>.<\/p>\n\n\n\n<h2 class=\"wp-block-heading\"><strong>Kas ir iepakojuma vakuuma sabruk\u0161anas testeris?<\/strong><\/h2>\n\n\n\n<p>A <strong>iepakojuma vakuuma sabruk\u0161anas testeris<\/strong> ir nesagraujo\u0161a test\u0113\u0161anas metode, ko izmanto, lai noteiktu nopl\u016bdes iepakojum\u0101. Testeris darbojas, ievietojot vakuumu iepakojuma kamer\u0101, uzraugot vakuuma l\u012bmeni un konstat\u0113jot jebk\u0101das izmai\u0146as, ko izraisa nopl\u016bdes. Vakuumam samazinoties, no iepakojuma izpl\u016bsto\u0161\u0101 g\u0101ze vai tvaiks ietekm\u0113 spiedienu, \u013caujot testerim noteikt nopl\u016bdes vietu un nopietn\u012bbu.<\/p>\n\n\n\n<p>\u0160\u012b test\u0113\u0161anas metode ir \u013coti prec\u012bza un \u0101tra, t\u0101p\u0113c t\u0101 ir piem\u0113rota liela apjoma ra\u017eo\u0161anai. T\u0101 ir \u012bpa\u0161i noder\u012bga cieto konteineru test\u0113\u0161anai, kuriem nepiecie\u0161ams prec\u012bzs bl\u012bv\u0113jums, lai nodro\u0161in\u0101tu produkta dro\u0161\u012bbu un kvalit\u0101ti transport\u0113\u0161anas un uzglab\u0101\u0161anas laik\u0101.<\/p>\n\n\n\n<h2 class=\"wp-block-heading\"><strong>Izpratne par ASTM F2338: Vakuuma sabruk\u0161anas test\u0113\u0161anas standarts<\/strong><\/h2>\n\n\n\n<p><strong>ASTM F2338<\/strong> ir standarta test\u0113\u0161anas metode nesagraujo\u0161ai nopl\u016bdes noteik\u0161anai iepakojum\u0101, izmantojot vakuuma sabruk\u0161anas metodi. Saska\u0146\u0101 ar \u0161o standartu testa iepakojumu ievieto vakuuma kamer\u0101, kur\u0101 tiek piem\u0113rots vakuuma spiediens. Kamera ir izol\u0113ta no vakuuma avota, un laika gait\u0101 tiek uzraudz\u012bts spiediens taj\u0101. Ja ir nopl\u016bde, vakuums samazin\u0101s ar izm\u0113r\u0101mu \u0101trumu, ko var izsekot, lai noteiktu nopl\u016bdes.<\/p>\n\n\n\n<p>Port\u0101ls <strong>ASTM F2338<\/strong> metode ir v\u0113rt\u012bga, jo t\u0101 nodro\u0161ina jut\u012bgu un uzticamu veidu, k\u0101 noteikt nopl\u016bdes iepakojum\u0101, neapdraudot produktu. To bie\u017ei izmanto medic\u012bnisko ier\u012b\u010du, p\u0101rtikas produktu iepakojuma un farmaceitisko produktu test\u0113\u0161an\u0101, nodro\u0161inot, ka tie paliek herm\u0113tiski nosl\u0113gti un nesatur pies\u0101r\u0146ot\u0101jus.<\/p>\n\n\n\n<h2 class=\"wp-block-heading\"><strong>K\u0101 darbojas iepakojuma vakuuma sabruk\u0161anas testeris<\/strong><\/h2>\n\n\n\n<p>Port\u0101ls <strong>iepakojuma vakuuma sabruk\u0161anas testeris<\/strong> funkcijas, testa kamer\u0101 ievie\u0161ot kontrol\u0113tu vakuumu. Test\u0113jamo iepakojumu ievieto kamer\u0101, un sist\u0113ma s\u0101k uzraudz\u012bt vakuuma l\u012bmeni. Laika gait\u0101 jebkura nopl\u016bde iepakojum\u0101 izraisa vakuuma l\u012bme\u0146a samazin\u0101\u0161anos, kas skaidri nor\u0101da uz nopl\u016bdi.<\/p>\n\n\n\n<h3 class=\"wp-block-heading\"><strong>Vakuuma sabruk\u0161anas testa posmi:<\/strong><\/h3>\n\n\n\n<ol class=\"wp-block-list\">\n<li><strong>Vakuuma pielietojums:<\/strong> Testa iepakojums tiek ievietots kamer\u0101, un tiek piem\u0113rots vakuums.<\/li>\n\n\n\n<li><strong>Vakuuma sabruk\u0161anas uzraudz\u012bba:<\/strong> Spiediena izmai\u0146as kamer\u0101 tiek uzraudz\u012btas.<\/li>\n\n\n\n<li><strong>Nopl\u016bdes noteik\u0161ana:<\/strong> Ja ir nopl\u016bde, vakuums samazin\u0101s, jo no iepakojuma izpl\u016bst g\u0101ze vai tvaiki, kas nor\u0101da uz boj\u0101jumu.<\/li>\n<\/ol>\n\n\n\n<p>\u0160\u012b metode ir \u013coti efekt\u012bva, lai atkl\u0101tu nopl\u016bdes, kas nav redzamas, jo \u012bpa\u0161i cietajos konteineros, kuros var b\u016bt nelielas vai gr\u016bti konstat\u0113jamas nopl\u016bdes, kas apdraud produkta integrit\u0101ti.<\/p>\n\n\n\n<h2 class=\"wp-block-heading\"><strong>Nedestrukt\u012bvas nopl\u016bdes noteik\u0161anas noz\u012bme<\/strong><\/h2>\n\n\n\n<p><strong>Nesagraujo\u0161a nopl\u016bdes noteik\u0161ana<\/strong> ir \u013coti svar\u012bgi, lai iepakojuma nozar\u0113 saglab\u0101tu produktu kvalit\u0101ti un dro\u0161\u012bbu. At\u0161\u0137ir\u012bb\u0101 no tradicion\u0101laj\u0101m nopl\u016bdes noteik\u0161anas metod\u0113m, kas var saboj\u0101t produktu vai iepakojumu, vakuuma sabruk\u0161anas metode ir piln\u012bgi neinvaz\u012bva. Tas nodro\u0161ina, ka iepakojumu var test\u0113t, to neboj\u0101jot, kas ir \u012bpa\u0161i svar\u012bgi steril\u0101m medic\u012bnas ier\u012bc\u0113m vai p\u0101rtikas produktiem.<\/p>\n\n\n\n<p>Izmantojot <strong>iepakojuma vakuuma sabruk\u0161anas testeris<\/strong>, ra\u017eot\u0101ji var:<\/p>\n\n\n\n<ul class=\"wp-block-list\">\n<li>P\u0101rliecinieties, ka iepakojumi ir pareizi aizz\u012bmogoti.<\/li>\n\n\n\n<li>Izvairieties no produktu pies\u0101r\u0146ojuma vai boj\u0101\u0161an\u0101s.<\/li>\n\n\n\n<li>Uzlabojiet produktu glab\u0101\u0161anas ilgumu, saglab\u0101jot herm\u0113tisku nosl\u0113g\u0161anu.<\/li>\n\n\n\n<li>Atbilst nozares standartiem, piem\u0113ram. <strong>ASTM F2338<\/strong>.<\/li>\n<\/ul>\n\n\n\n<h2 class=\"wp-block-heading\"><strong>Iepakojuma vakuuma sabruk\u0161anas testera loma ciet\u0101 konteinera integrit\u0101tes test\u0113\u0161an\u0101<\/strong><\/h2>\n\n\n\n<p><strong>Ciet\u0101s tvertnes integrit\u0101tes p\u0101rbaude<\/strong> ir iz\u0161\u0137iro\u0161a noz\u012bme produktiem, kuriem nepiecie\u0161ams sp\u0113c\u012bgs un herm\u0113tisks bl\u012bv\u0113jums, lai nov\u0113rstu pies\u0101r\u0146ojumu. . <strong>iepakojuma vakuuma sabruk\u0161anas testeris<\/strong> \u0161aj\u0101 proces\u0101 ir noz\u012bm\u012bga loma, identific\u0113jot nopl\u016bdes, kas var\u0113tu apdraud\u0113t izstr\u0101d\u0101juma integrit\u0101ti. Tas ir \u012bpa\u0161i svar\u012bgi t\u0101d\u0101s nozar\u0113s k\u0101 farm\u0101cija, kur nopl\u016bdes var izrais\u012bt kait\u012bgu vielu iedarb\u012bbu, vai p\u0101rtikas produktu iepakojums, kur pies\u0101r\u0146ojums var saboj\u0101t produktu.<\/p>\n\n\n\n<p>Sp\u0113ja atkl\u0101t pat vismaz\u0101k\u0101s nopl\u016bdes nodro\u0161ina, ka ra\u017eot\u0101ji var saglab\u0101t augstas kvalit\u0101tes standartus un nov\u0113rst d\u0101rgus atsaukumus vai kait\u0113jumu savai reput\u0101cijai. Port\u0101ls <strong>vakuuma sabruk\u0161anas tests<\/strong> ir \u0101tra un efekt\u012bva metode, lai garant\u0113tu, ka iepakojums atbilst standartiem un ka saturs ir dro\u0161s un aizsarg\u0101ts.<\/p>\n\n\n\n<h3 class=\"wp-block-heading\"><strong>Iepakojuma vakuuma sabruk\u0161anas testera lieto\u0161anas priek\u0161roc\u012bbas<\/strong><\/h3>\n\n\n\n<ol class=\"wp-block-list\">\n<li><strong>Nesagraujo\u0161\u0101 test\u0113\u0161ana:<\/strong> Iepakojuma vakuuma sabruk\u0161anas testeris nodro\u0161ina, ka iepakojumi tiek test\u0113ti, tos neboj\u0101jot un saglab\u0101jot to integrit\u0101ti turpm\u0101kai lieto\u0161anai.<\/li>\n\n\n\n<li><strong>Augsta jut\u012bba:<\/strong> Ar \u0161o metodi var atkl\u0101t \u013coti mazas nopl\u016bdes, nodro\u0161inot, ka tiek identific\u0113ti pat vismaz\u0101kie defekti.<\/li>\n\n\n\n<li><strong>\u0100trums un efektivit\u0101te:<\/strong> Vakuuma sabruk\u0161anas tests ir \u0101trs, un to var automatiz\u0113t, \u013caujot ra\u017eot\u0101jiem \u012bs\u0101 laik\u0101 p\u0101rbaud\u012bt lielas produktu partijas.<\/li>\n\n\n\n<li><strong>Uzlabota atbilst\u012bba:<\/strong> Iev\u0113rojot t\u0101dus standartus k\u0101 <strong>ASTM F2338<\/strong>, ra\u017eot\u0101ji nodro\u0161ina, ka to ra\u017eojumi atbilst normat\u012bvaj\u0101m pras\u012bb\u0101m un nozares standartiem.<\/li>\n<\/ol>\n\n\n\n<h2 class=\"wp-block-heading\"><strong>Secin\u0101jums<\/strong><\/h2>\n\n\n\n<p>Port\u0101ls <strong>iepakojuma vakuuma sabruk\u0161anas testeris<\/strong> ir b\u016btisks r\u012bks nesagraujo\u0161ai nopl\u016b\u017eu noteik\u0161anai, kas nodro\u0161ina iepakojuma materi\u0101lu integrit\u0101ti. Neatkar\u012bgi no t\u0101, vai tiek test\u0113ta p\u0101rtika, medic\u012bnas ier\u012bces vai farmaceitiskie l\u012bdzek\u013ci, \u0161\u012b metode nodro\u0161ina uzticamu veidu, k\u0101 atkl\u0101t nopl\u016bdes, neboj\u0101jot produktu. Pateicoties augstajai jut\u012bbai un \u0101tr\u0101s test\u0113\u0161anas iesp\u0113j\u0101m, t\u0101 pal\u012bdz ra\u017eot\u0101jiem saglab\u0101t produktu kvalit\u0101ti un dro\u0161umu, vienlaikus iev\u0113rojot nozares standartus, piem\u0113ram. <strong>ASTM F2338<\/strong>.<\/p>\n\n\n\n<p>Uz\u0146\u0113mumiem, kas v\u0113las uzlabot iepakojuma kvalit\u0101ti un izpild\u012bt normat\u012bvo aktu pras\u012bbas, ieguld\u012bjumi <strong>iepakojuma vakuuma sabruk\u0161anas testeris<\/strong> ir gudrs l\u0113mums, kas uzlabos produktu dro\u0161\u012bbu, samazin\u0101s riskus un veicin\u0101s klientu uztic\u0113\u0161anos. Cell Instruments pied\u0101v\u0101 augstas kvalit\u0101tes test\u0113\u0161anas risin\u0101jumus, kas piel\u0101goti da\u017e\u0101du nozaru vajadz\u012bb\u0101m.<\/p>\n\n\n\n<p><\/p>","protected":false},"excerpt":{"rendered":"<p>In the packaging industry, ensuring the integrity of packaging is critical, particularly for industries like food, pharmaceuticals, and medical devices. One of the most effective methods for non-destructive leak detection in packaging is using the packaging vacuum decay tester. This tool is designed to identify leaks by measuring the decay in vacuum levels over time. [&hellip;]<\/p>","protected":false},"featured_media":1167,"parent":0,"template":"","meta":{"_acf_changed":true},"product-category":[61],"class_list":["post-1166","product","type-product","status-publish","has-post-thumbnail","hentry","product-category-vacuum-decay-test"],"acf":[],"_links":{"self":[{"href":"https:\/\/www.packtests.com\/lv\/wp-json\/wp\/v2\/product\/1166","targetHints":{"allow":["GET"]}}],"collection":[{"href":"https:\/\/www.packtests.com\/lv\/wp-json\/wp\/v2\/product"}],"about":[{"href":"https:\/\/www.packtests.com\/lv\/wp-json\/wp\/v2\/types\/product"}],"wp:featuredmedia":[{"embeddable":true,"href":"https:\/\/www.packtests.com\/lv\/wp-json\/wp\/v2\/media\/1167"}],"wp:attachment":[{"href":"https:\/\/www.packtests.com\/lv\/wp-json\/wp\/v2\/media?parent=1166"}],"wp:term":[{"taxonomy":"product-category","embeddable":true,"href":"https:\/\/www.packtests.com\/lv\/wp-json\/wp\/v2\/product-category?post=1166"}],"curies":[{"name":"wp","href":"https:\/\/api.w.org\/{rel}","templated":true}]}}