{"id":1143,"date":"2026-03-25T03:02:25","date_gmt":"2026-03-25T03:02:25","guid":{"rendered":"https:\/\/www.packtests.com\/?post_type=product&#038;p=1143"},"modified":"2026-03-26T05:17:07","modified_gmt":"2026-03-26T05:17:07","slug":"leak-tester-for-packaging","status":"publish","type":"product","link":"https:\/\/www.packtests.com\/nb\/product\/leak-tester-for-packaging\/","title":{"rendered":"LT-lekkasjetester for emballasje"},"content":{"rendered":"<p>\u00c5 sikre emballasjens integritet er avgj\u00f8rende i ulike bransjer, spesielt n\u00e5r det gjelder \u00e5 opprettholde sikkerheten og kvaliteten p\u00e5 produktene. A <strong>lekkasjetester for emballasje<\/strong> er et viktig verkt\u00f8y som brukes til \u00e5 oppdage lekkasjer i emballasjebeholdere, for eksempel flasker, krukker og andre stive eller fleksible beholdere. Blant de ulike metodene for lekkasjetesting er <strong>vakuumlekkasjetester<\/strong> skiller seg ut som en p\u00e5litelig og mye brukt teknikk. Denne artikkelen vil fokusere p\u00e5 <strong>vakuumlekkasjetester<\/strong>, og dens anvendelse i emballasjetesting, og de relevante <strong>ASTM-standarder<\/strong> som for eksempel <strong>ASTM D4991<\/strong> og <strong>ASTM D3078<\/strong>.<\/p>\n\n\n\n<h2 class=\"wp-block-heading\">Viktigheten av lekkasjetesting i emballasje<\/h2>\n\n\n\n<p>Lekkasjetesting er en viktig prosess for kvalitetssikring av emballasje. Den sikrer at produkter, spesielt de som er f\u00f8lsomme for milj\u00f8faktorer som fuktighet eller luft, er forseglet p\u00e5 riktig m\u00e5te under transport og lagring. Enten det dreier seg om legemidler, matemballasje eller farlige materialer, er det viktig med en p\u00e5litelig <strong>lekkasjetester for emballasje<\/strong> er avgj\u00f8rende for \u00e5 sikre at emballasjen din oppfyller de n\u00f8dvendige ytelsesstandardene.<\/p>\n\n\n\n<p>Lekkasjer i emballasjen kan f\u00f8re til forurensning, \u00f8deleggelse eller til og med farlige situasjoner ved transport av farlige materialer. Ved \u00e5 bruke en <strong>vakuumlekkasjetester<\/strong>, kan produsentene oppdage selv de minste lekkasjer og s\u00f8rge for produktets sikkerhet og integritet.<\/p>\n\n\n\n<h2 class=\"wp-block-heading\">Vakuumlekkasjetester: Hvordan den fungerer<\/h2>\n\n\n\n<p>Den <strong>vakuumlekkasjetester<\/strong> er et spesifikt verkt\u00f8y som er utviklet for \u00e5 teste integriteten til stive beholdere. Prosessen inneb\u00e6rer at beholderen utsettes for vakuum for \u00e5 identifisere lekkasjer ved \u00e5 observere luftbobler eller v\u00e6ske som slipper ut av emballasjen. Denne metoden er mye brukt p\u00e5 grunn av sin presisjon og evne til \u00e5 oppdage sm\u00e5 defekter i emballasjematerialet.<\/p>\n\n\n\n<p>En av de viktigste fordelene med <strong>vakuumlekkasjetester<\/strong> er dens evne til \u00e5 teste beholdere uten \u00e5 endre deres struktur eller lukkinger. Testen utf\u00f8res under differensialtrykk, noe som gj\u00f8r den egnet for emballasje til luft- og v\u00e6sketransport. De mest brukte standardene for vakuumlekkasjetesting er <strong>ASTM D4991<\/strong> og <strong>ASTM D3078<\/strong>.<\/p>\n\n\n\n<h2 class=\"wp-block-heading\">ASTM D4991: Standard testmetode for vakuumlekkasjetesting av stive beholdere<\/h2>\n\n\n\n<p><strong>ASTM D4991<\/strong> beskriver standard testmetode for lekkasjetesting av tomme, stive beholdere ved hjelp av en vakuummetode. Denne standarden er spesielt nyttig for testing av beholdere som er beregnet p\u00e5 transport av farlige v\u00e6sker, for eksempel de som er regulert av <strong>FNs anbefalinger om transport av farlig gods (UN TDG)<\/strong> og <strong>Den internasjonale organisasjonen for sivil luftfart (ICAO)<\/strong>.<\/p>\n\n\n\n<h3 class=\"wp-block-heading\">Viktige aspekter ved ASTM D4991:<\/h3>\n\n\n\n<ul class=\"wp-block-list\">\n<li><strong>Testprosedyre<\/strong>: Beholderen senkes ned i en etylenglykol-vann-l\u00f8sning, og et vakuum p\u00e5f\u00f8res for \u00e5 skape et differensialtrykk p\u00e5 omtrent <strong>95 kPa (13,8 psi)<\/strong>.<\/li>\n\n\n\n<li><strong>Lekkasjedeteksjon<\/strong>: Beholderen observeres for luftbobler som slipper ut under trykkavlastning eller for v\u00e6ske inne i beholderen etter trykksetting.<\/li>\n\n\n\n<li><strong>Containere testet<\/strong>: Stive beholdere, inkludert deres lukkinger, som brukes til transport av farlige materialer eller v\u00e6sker, testes i henhold til denne metoden.<\/li>\n<\/ul>\n\n\n\n<p>Denne standarden bidrar til \u00e5 bestemme hvor lekkasjen begynner, noe som gir viktig informasjon for \u00e5 forbedre emballasjedesignet for \u00e5 forhindre lekkasjer.<\/p>\n\n\n\n<h2 class=\"wp-block-heading\">ASTM D3078: Standard testmetode for vakuumlekkasjetesting av fleksible pakninger<\/h2>\n\n\n\n<p><strong>ASTM D3078<\/strong> er standard testmetode for vakuumlekkasjetesting av fleksible pakninger. I motsetning til <strong>ASTM D4991<\/strong>, som fokuserer p\u00e5 stive beholdere, <strong>ASTM D3078<\/strong> gjelder fleksibel emballasje som poser eller sekker.<\/p>\n\n\n\n<h3 class=\"wp-block-heading\">Viktige aspekter ved ASTM D3078:<\/h3>\n\n\n\n<ul class=\"wp-block-list\">\n<li><strong>Vakuumtesting<\/strong>: Pakken utsettes for vakuum for \u00e5 simulere forholdene som den kan oppleve under transport eller lagring.<\/li>\n\n\n\n<li><strong>Lekkasjedeteksjon<\/strong>: Som med <strong>ASTM D4991<\/strong>, En eventuell lekkasje oppdages ved \u00e5 observere luftbobler eller v\u00e6ske inne i pakningen etter at den er trykksatt p\u00e5 nytt.<\/li>\n<\/ul>\n\n\n\n<p>Denne standarden brukes ofte i bransjer som n\u00e6ringsmiddel- og farmas\u00f8ytisk industri, der emballasjefleksibilitet og forebygging av lekkasjer er avgj\u00f8rende for \u00e5 opprettholde produktkvaliteten.<\/p>\n\n\n\n<h2 class=\"wp-block-heading\">Fordelene med \u00e5 bruke en lekkasjetester for emballasje<\/h2>\n\n\n\n<p>Ved hjelp av en <strong>lekkasjetester for emballasje<\/strong> gir mange fordeler for produsentene:<\/p>\n\n\n\n<ol class=\"wp-block-list\">\n<li><strong>Forbedret produktintegritet<\/strong>: Lekkasjetesting sikrer at produktene forblir trygge og sikre under transport og lagring, og forhindrer kontaminering eller \u00f8deleggelse.<\/li>\n\n\n\n<li><strong>Overholdelse av bransjestandarder<\/strong>: Ved \u00e5 f\u00f8lge standarder som <strong>ASTM D4991<\/strong> og <strong>ASTM D3078<\/strong>, s\u00f8rger produsentene for at emballasjen deres oppfyller de n\u00f8dvendige sikkerhets- og kvalitetsstandardene for ulike bransjer.<\/li>\n\n\n\n<li><strong>Kostnadseffektivt<\/strong>: Hvis lekkasjer oppdages tidlig i produksjonsprosessen, kan det bidra til \u00e5 redusere sl\u00f8sing og unng\u00e5 kostbare tilbakekallinger eller omarbeiding av produkter.<\/li>\n\n\n\n<li><strong>\u00d8kt kundetilfredshet<\/strong>: Riktig lekkasjetesting sikrer at kundene mottar produkter i optimal stand, noe som f\u00f8rer til \u00f8kt tillit og tilfredshet.<\/li>\n<\/ol>\n\n\n\n<h2 class=\"wp-block-heading\">Hvorfor velge Cell Instruments lekkasjetestere?<\/h2>\n\n\n\n<p>P\u00e5 <strong>Cell Instruments<\/strong>, spesialiserer vi oss p\u00e5 \u00e5 levere h\u00f8ykvalitets <strong>lekkasjetestere for emballasje<\/strong> som er utformet for \u00e5 oppfylle de strenge kravene i ulike bransjer. V\u00e5re <strong>vakuumlekkasjetestere<\/strong> er i samsvar med ASTM-standarder, inkludert <strong>ASTM D4991<\/strong> og <strong>ASTM D3078<\/strong>, Det sikrer at emballasjens integritet testes n\u00f8yaktig og p\u00e5litelig.<\/p>\n\n\n\n<p>V\u00e5re <strong>lekkasjetestere<\/strong> er enkle \u00e5 bruke, gir presise resultater og er konstruert for \u00e5 h\u00e5ndtere et bredt spekter av emballasjetyper, fra stive beholdere til fleksible pakninger. Enten du tester emballasje til n\u00e6ringsmidler, legemidler eller beholdere med farlige stoffer, tilbyr instrumentene v\u00e5re den holdbarheten og n\u00f8yaktigheten du trenger for effektiv kvalitetskontroll.<\/p>\n\n\n\n<h2 class=\"wp-block-heading\">Konklusjon: Sikre emballasjekvaliteten med lekkasjetestere<\/h2>\n\n\n\n<p>I emballasjeverdenen er det avgj\u00f8rende for produktsikkerhet, kvalitet og overholdelse av bransjeforskrifter at beholderne er intakte. Den <strong>lekkasjetester for emballasje<\/strong> spiller en avgj\u00f8rende rolle n\u00e5r det gjelder \u00e5 identifisere lekkasjer som kan kompromittere et produkts integritet under transport eller lagring.<\/p>\n\n\n\n<p>Ved \u00e5 bruke <strong>vakuumlekkasjetestere<\/strong> og overholdelse av standarder som <strong>ASTM D4991<\/strong> og <strong>ASTM D3078<\/strong>, kan produsentene sikre at emballasjen deres oppfyller de n\u00f8dvendige kravene til lekkasjemotstand. P\u00e5 <strong>Cell Instruments<\/strong>, Vi tilbyr p\u00e5litelige l\u00f8sninger for lekkasjetesting som hjelper deg med \u00e5 opprettholde de h\u00f8yeste standardene for kvalitet og sikkerhet i emballasjeprosessene dine.<\/p>\n\n\n\n<p>For mer informasjon om v\u00e5r <strong>lekkasjetestere for emballasje<\/strong>, Kontakt oss i dag og s\u00f8rg for at produktene dine oppfyller bransjens beste standarder.<\/p>\n\n\n\n<p><\/p>","protected":false},"excerpt":{"rendered":"<p>Ensuring the integrity of packaging is crucial in various industries, especially when it comes to maintaining the safety and quality of products. A leak tester for packaging is an essential tool used to detect leaks in packaging containers, such as bottles, jars, and other rigid or flexible containers. Among the different types of leak testing [&hellip;]<\/p>","protected":false},"featured_media":1148,"parent":0,"template":"","meta":{"_acf_changed":true},"product-category":[59],"class_list":["post-1143","product","type-product","status-publish","has-post-thumbnail","hentry","product-category-bubble-emission-test"],"acf":[],"_links":{"self":[{"href":"https:\/\/www.packtests.com\/nb\/wp-json\/wp\/v2\/product\/1143","targetHints":{"allow":["GET"]}}],"collection":[{"href":"https:\/\/www.packtests.com\/nb\/wp-json\/wp\/v2\/product"}],"about":[{"href":"https:\/\/www.packtests.com\/nb\/wp-json\/wp\/v2\/types\/product"}],"wp:featuredmedia":[{"embeddable":true,"href":"https:\/\/www.packtests.com\/nb\/wp-json\/wp\/v2\/media\/1148"}],"wp:attachment":[{"href":"https:\/\/www.packtests.com\/nb\/wp-json\/wp\/v2\/media?parent=1143"}],"wp:term":[{"taxonomy":"product-category","embeddable":true,"href":"https:\/\/www.packtests.com\/nb\/wp-json\/wp\/v2\/product-category?post=1143"}],"curies":[{"name":"wp","href":"https:\/\/api.w.org\/{rel}","templated":true}]}}