{"id":1166,"date":"2026-03-26T01:17:05","date_gmt":"2026-03-26T01:17:05","guid":{"rendered":"https:\/\/www.packtests.com\/?post_type=product&#038;p=1166"},"modified":"2026-03-26T05:14:30","modified_gmt":"2026-03-26T05:14:30","slug":"packaging-vacuum-decay-tester","status":"publish","type":"product","link":"https:\/\/www.packtests.com\/nb\/product\/packaging-vacuum-decay-tester\/","title":{"rendered":"MLT-01 Vakuumforfallstester for emballasje"},"content":{"rendered":"<p>I emballasjeindustrien er det avgj\u00f8rende \u00e5 sikre emballasjens integritet, s\u00e6rlig i bransjer som n\u00e6ringsmidler, legemidler og medisinsk utstyr. En av de mest effektive metodene for ikke-destruktiv lekkasjedeteksjon i emballasje er \u00e5 bruke <strong>tester for nedbrytning av emballasjevakuum<\/strong>. Dette verkt\u00f8yet er utviklet for \u00e5 identifisere lekkasjer ved \u00e5 m\u00e5le hvordan vakuumniv\u00e5et synker over tid. Det hjelper produsenter med \u00e5 sikre at produktene deres oppfyller strenge standarder for emballasjeintegritet. Denne artikkelen utforsker <strong>tester for nedbrytning av emballasjevakuum<\/strong>, dens betydning, den <strong>ASTM F2338<\/strong> standard, og dens rolle i <strong>Integritetstesting av stive beholdere<\/strong>.<\/p>\n\n\n\n<h2 class=\"wp-block-heading\"><strong>Hva er en vakuumtester for nedbrytning av emballasje?<\/strong><\/h2>\n\n\n\n<p>A <strong>tester for nedbrytning av emballasjevakuum<\/strong> er en ikke-destruktiv testmetode som brukes til \u00e5 oppdage lekkasjer i emballasjen. Testeren fungerer ved \u00e5 p\u00e5f\u00f8re et vakuum inne i emballasjekammeret, overv\u00e5ke vakuumniv\u00e5et og oppdage eventuelle endringer for\u00e5rsaket av lekkasjer. Etter hvert som vakuumet avtar, vil eventuell gass eller damp som slipper ut av emballasjen, p\u00e5virke trykket, slik at testeren kan identifisere hvor lekkasjen befinner seg og hvor alvorlig den er.<\/p>\n\n\n\n<p>Denne testmetoden er sv\u00e6rt n\u00f8yaktig og rask, noe som gj\u00f8r den egnet for produksjonsmilj\u00f8er med store volumer. Den er spesielt nyttig for testing av stive beholdere, som krever presis forsegling for \u00e5 sikre produktsikkerhet og -kvalitet under transport og lagring.<\/p>\n\n\n\n<h2 class=\"wp-block-heading\"><strong>Forst\u00e5else av ASTM F2338: Standard for testing av vakuumr\u00e5te<\/strong><\/h2>\n\n\n\n<p><strong>ASTM F2338<\/strong> er en standard testmetode for ikke-destruktiv lekkasjes\u00f8king i emballasje ved hjelp av vakuummetoden. I henhold til denne standarden plasseres en testemballasje inne i et vakuumkammer der det p\u00e5f\u00f8res et vakuumtrykk. Kammeret er isolert fra vakuumkilden, og trykket inni overv\u00e5kes over tid. Hvis det er en lekkasje, vil vakuumet avta med en m\u00e5lbar hastighet, noe som kan spores for \u00e5 oppdage lekkasjer.<\/p>\n\n\n\n<p>Den <strong>ASTM F2338<\/strong> Metoden er verdifull fordi den gir en sensitiv og p\u00e5litelig m\u00e5te \u00e5 oppdage lekkasjer i emballasjen p\u00e5, uten at det g\u00e5r ut over produktet. Metoden brukes ofte til \u00e5 teste medisinsk utstyr, matemballasje og farmas\u00f8ytiske produkter for \u00e5 sikre at de forblir forseglet og fri for forurensninger.<\/p>\n\n\n\n<h2 class=\"wp-block-heading\"><strong>Slik fungerer vakuumtesteren for forr\u00e5tnelse av emballasje<\/strong><\/h2>\n\n\n\n<p>Den <strong>tester for nedbrytning av emballasjevakuum<\/strong> fungerer ved \u00e5 innf\u00f8re et kontrollert vakuum i testkammeret. Pakken som skal testes, plasseres inne i kammeret, og systemet begynner \u00e5 overv\u00e5ke vakuumniv\u00e5et. Over tid vil enhver lekkasje i pakken f\u00f8re til at vakuumniv\u00e5et synker, noe som gir en klar indikasjon p\u00e5 en lekkasje.<\/p>\n\n\n\n<h3 class=\"wp-block-heading\"><strong>Trinnene i vakuumforfallstesten:<\/strong><\/h3>\n\n\n\n<ol class=\"wp-block-list\">\n<li><strong>Vakuumapplikasjon:<\/strong> Testpakken plasseres i kammeret, og vakuum p\u00e5f\u00f8res.<\/li>\n\n\n\n<li><strong>Overv\u00e5king av vakuumforfall:<\/strong> Trykket inne i kammeret overv\u00e5kes for \u00e5 se om det skjer endringer.<\/li>\n\n\n\n<li><strong>Lekkasjedeteksjon:<\/strong> Hvis det er en lekkasje, vil vakuumet avta p\u00e5 grunn av gass eller damp som slipper ut av pakken, noe som indikerer at det foreligger en feil.<\/li>\n<\/ol>\n\n\n\n<p>Denne metoden er sv\u00e6rt effektiv n\u00e5r det gjelder \u00e5 oppdage lekkasjer som ikke er synlige, spesielt i stive beholdere, som kan ha sm\u00e5 eller vanskelig oppdagelige lekkasjer som kan kompromittere produktintegriteten.<\/p>\n\n\n\n<h2 class=\"wp-block-heading\"><strong>Betydningen av ikke-destruktiv lekkasjedeteksjon<\/strong><\/h2>\n\n\n\n<p><strong>Ikke-destruktiv lekkasjedeteksjon<\/strong> er avgj\u00f8rende for \u00e5 opprettholde kvaliteten og sikkerheten til produkter i emballasjeindustrien. I motsetning til tradisjonelle lekkasjedeteksjonsmetoder, som kan skade produktet eller emballasjen, er vakuummetoden fullstendig ikke-invasiv. Dette sikrer at emballasjen kan testes uten at den blir skadet, noe som er spesielt viktig for sterilt medisinsk utstyr eller n\u00e6ringsmidler.<\/p>\n\n\n\n<p>Ved \u00e5 bruke en <strong>tester for nedbrytning av emballasjevakuum<\/strong>, kan produsentene:<\/p>\n\n\n\n<ul class=\"wp-block-list\">\n<li>S\u00f8rg for at pakkene er forsvarlig forseglet.<\/li>\n\n\n\n<li>Unng\u00e5 forurensning eller nedbrytning av produktene.<\/li>\n\n\n\n<li>Forbedrer produktets holdbarhet ved \u00e5 opprettholde lufttette forseglinger.<\/li>\n\n\n\n<li>Overhold bransjestandarder som <strong>ASTM F2338<\/strong>.<\/li>\n<\/ul>\n\n\n\n<h2 class=\"wp-block-heading\"><strong>Rollen til vakuumtesteren for emballasjebrudd ved testing av integriteten til stive beholdere<\/strong><\/h2>\n\n\n\n<p><strong>Integritetstesting av stive beholdere<\/strong> er avgj\u00f8rende for produkter som krever sterke, lufttette forseglinger for \u00e5 hindre kontaminering. Den <strong>tester for nedbrytning av emballasjevakuum<\/strong> spiller en viktig rolle i denne prosessen ved \u00e5 identifisere lekkasjer som kan kompromittere produktets integritet. Dette er spesielt viktig i bransjer som legemiddelindustrien, der lekkasjer kan f\u00f8re til eksponering for skadelige stoffer, eller i matemballasje, der kontaminering kan \u00f8delegge produktet.<\/p>\n\n\n\n<p>Evnen til \u00e5 oppdage selv de minste lekkasjer sikrer at produsentene kan opprettholde h\u00f8ye kvalitetsstandarder og forhindre kostbare tilbakekallinger eller skade p\u00e5 omd\u00f8mmet. Den <strong>test av vakuumnedbrytning<\/strong> er en rask og effektiv metode for \u00e5 garantere at emballasjen holder standarden og at innholdet er trygt og sikkert.<\/p>\n\n\n\n<h3 class=\"wp-block-heading\"><strong>Fordelene ved \u00e5 bruke vakuumtesteren for emballasje<\/strong><\/h3>\n\n\n\n<ol class=\"wp-block-list\">\n<li><strong>Ikke-destruktiv testing:<\/strong> Vakuumtesteren s\u00f8rger for at emballasjen testes uten \u00e5 bli skadet, slik at den forblir intakt for videre bruk.<\/li>\n\n\n\n<li><strong>H\u00f8y f\u00f8lsomhet:<\/strong> Denne metoden kan oppdage sv\u00e6rt sm\u00e5 lekkasjer, noe som sikrer at selv de minste feilene blir identifisert.<\/li>\n\n\n\n<li><strong>Hastighet og effektivitet:<\/strong> Vakuumtesten er rask og kan automatiseres, slik at produsentene kan teste store produktserier p\u00e5 kort tid.<\/li>\n\n\n\n<li><strong>Forbedret samsvar:<\/strong> Ved \u00e5 f\u00f8lge standarder som <strong>ASTM F2338<\/strong>, s\u00f8rger produsentene for at produktene deres oppfyller myndighetskrav og bransjestandarder.<\/li>\n<\/ol>\n\n\n\n<h2 class=\"wp-block-heading\"><strong>Konklusjon<\/strong><\/h2>\n\n\n\n<p>Den <strong>tester for nedbrytning av emballasjevakuum<\/strong> er et viktig verkt\u00f8y for ikke-destruktiv lekkasjedeteksjon, noe som sikrer integriteten til emballasjematerialer. Enten det dreier seg om testing av n\u00e6ringsmidler, medisinsk utstyr eller legemidler, gir denne metoden en p\u00e5litelig m\u00e5te \u00e5 oppdage lekkasjer p\u00e5 uten \u00e5 skade produktet. Med sin h\u00f8ye f\u00f8lsomhet og raske testfunksjoner hjelper den produsenter med \u00e5 opprettholde produktkvalitet og -sikkerhet, samtidig som de overholder bransjestandarder som <strong>ASTM F2338<\/strong>.<\/p>\n\n\n\n<p>For bedrifter som \u00f8nsker \u00e5 forbedre emballasjekvaliteten og oppfylle lovp\u00e5lagte krav, er det viktig \u00e5 investere i en <strong>tester for nedbrytning av emballasjevakuum<\/strong> er en smart beslutning som vil forbedre produktsikkerheten, redusere risikoen og \u00f8ke kundenes tillit. Hos Cell Instruments tilbyr vi testl\u00f8sninger av h\u00f8y kvalitet som er skreddersydd for \u00e5 m\u00f8te behovene til ulike bransjer.<\/p>\n\n\n\n<p><\/p>","protected":false},"excerpt":{"rendered":"<p>In the packaging industry, ensuring the integrity of packaging is critical, particularly for industries like food, pharmaceuticals, and medical devices. One of the most effective methods for non-destructive leak detection in packaging is using the packaging vacuum decay tester. This tool is designed to identify leaks by measuring the decay in vacuum levels over time. [&hellip;]<\/p>","protected":false},"featured_media":1167,"parent":0,"template":"","meta":{"_acf_changed":true},"product-category":[61],"class_list":["post-1166","product","type-product","status-publish","has-post-thumbnail","hentry","product-category-vacuum-decay-test"],"acf":[],"_links":{"self":[{"href":"https:\/\/www.packtests.com\/nb\/wp-json\/wp\/v2\/product\/1166","targetHints":{"allow":["GET"]}}],"collection":[{"href":"https:\/\/www.packtests.com\/nb\/wp-json\/wp\/v2\/product"}],"about":[{"href":"https:\/\/www.packtests.com\/nb\/wp-json\/wp\/v2\/types\/product"}],"wp:featuredmedia":[{"embeddable":true,"href":"https:\/\/www.packtests.com\/nb\/wp-json\/wp\/v2\/media\/1167"}],"wp:attachment":[{"href":"https:\/\/www.packtests.com\/nb\/wp-json\/wp\/v2\/media?parent=1166"}],"wp:term":[{"taxonomy":"product-category","embeddable":true,"href":"https:\/\/www.packtests.com\/nb\/wp-json\/wp\/v2\/product-category?post=1166"}],"curies":[{"name":"wp","href":"https:\/\/api.w.org\/{rel}","templated":true}]}}