{"id":1138,"date":"2026-03-20T07:37:21","date_gmt":"2026-03-20T07:37:21","guid":{"rendered":"https:\/\/www.packtests.com\/?post_type=product&#038;p=1138"},"modified":"2026-03-26T05:10:23","modified_gmt":"2026-03-26T05:10:23","slug":"plastic-tensile-strength-tester","status":"publish","type":"product","link":"https:\/\/www.packtests.com\/pl\/product\/plastic-tensile-strength-tester\/","title":{"rendered":"Tester wytrzyma\u0142o\u015bci na rozci\u0105ganie tworzyw sztucznych TST-01"},"content":{"rendered":"<p><br>A <strong>Tester wytrzyma\u0142o\u015bci na rozci\u0105ganie tworzyw sztucznych<\/strong> ma kluczowe znaczenie dla oceny w\u0142a\u015bciwo\u015bci mechanicznych tworzyw sztucznych, zw\u0142aszcza ich zdolno\u015bci do wytrzymywania si\u0142 rozci\u0105gaj\u0105cych. Testy na rozci\u0105ganie dostarczaj\u0105 cennych danych na temat wytrzyma\u0142o\u015bci, wyd\u0142u\u017cenia i modu\u0142u spr\u0119\u017cysto\u015bci tworzyw sztucznych, zapewniaj\u0105c ich przydatno\u015b\u0107 do r\u00f3\u017cnych zastosowa\u0144 przemys\u0142owych. W tym artykule zbadamy znaczenie badania wytrzyma\u0142o\u015bci na rozci\u0105ganie tworzyw sztucznych. <strong>Tester wytrzyma\u0142o\u015bci na rozci\u0105ganie tworzyw sztucznych<\/strong>, skupiaj\u0105c si\u0119 na <strong>ASTM D882<\/strong>, <strong>ISO 527<\/strong>, i <strong>Pr\u00f3ba rozci\u0105gania z wyd\u0142u\u017ceniem<\/strong> w celu okre\u015blenia wydajno\u015bci materia\u0142u pod obci\u0105\u017ceniem.<\/p>\n\n\n\n<h2 class=\"wp-block-heading\">Rola testera wytrzyma\u0142o\u015bci na rozci\u0105ganie tworzyw sztucznych<\/h2>\n\n\n\n<p>The <strong>Tester wytrzyma\u0142o\u015bci na rozci\u0105ganie tworzyw sztucznych<\/strong> mierzy, jak tworzywa sztuczne zachowuj\u0105 si\u0119 pod wp\u0142ywem rozci\u0105gania, dostarczaj\u0105c kluczowych informacji przy wyborze materia\u0142\u00f3w do konkretnych zastosowa\u0144. Przyk\u0142adaj\u0105c kontrolowan\u0105 si\u0142\u0119 do pr\u00f3bki z tworzywa sztucznego, tester ocenia jej wytrzyma\u0142o\u015b\u0107 na rozci\u0105ganie, wyd\u0142u\u017cenie i modu\u0142 spr\u0119\u017cysto\u015bci. Parametry te s\u0105 niezb\u0119dne do okre\u015blenia zdolno\u015bci materia\u0142u do wytrzymania napr\u0119\u017ce\u0144 bez zerwania, co jest szczeg\u00f3lnie wa\u017cne w przypadku materia\u0142\u00f3w stosowanych w opakowaniach, przemy\u015ble motoryzacyjnym i innych bran\u017cach, w kt\u00f3rych trwa\u0142o\u015b\u0107 ma kluczowe znaczenie.<\/p>\n\n\n\n<h2 class=\"wp-block-heading\">Zrozumienie normy ASTM D882 dotycz\u0105cej w\u0142a\u015bciwo\u015bci rozci\u0105gaj\u0105cych cienkich folii z tworzyw sztucznych<\/h2>\n\n\n\n<p><strong>ASTM D882<\/strong> to standardowa metoda testowa stosowana do oceny w\u0142a\u015bciwo\u015bci rozci\u0105gaj\u0105cych cienkich folii z tworzyw sztucznych. Metoda ta polega na pomiarze si\u0142y i wyd\u0142u\u017cenia podczas testowania pr\u00f3bek z tworzywa sztucznego poddawanych rozci\u0105ganiu. Wyniki <strong>ASTM D882<\/strong> pomagaj\u0105 producentom okre\u015bli\u0107 takie w\u0142a\u015bciwo\u015bci jak wytrzyma\u0142o\u015b\u0107 na rozci\u0105ganie, wyd\u0142u\u017cenie przy zerwaniu i modu\u0142 spr\u0119\u017cysto\u015bci. W\u0142a\u015bciwo\u015bci te maj\u0105 kluczowe znaczenie dla charakterystyki i specyfikacji materia\u0142\u00f3w stosowanych w r\u00f3\u017cnych produktach.<\/p>\n\n\n\n<ul class=\"wp-block-list\">\n<li><strong>Wytrzyma\u0142o\u015b\u0107 na rozci\u0105ganie<\/strong>: Wskazuje, jak du\u017c\u0105 si\u0142\u0119 mo\u017ce wytrzyma\u0107 materia\u0142 przed p\u0119kni\u0119ciem.<\/li>\n\n\n\n<li><strong>Wyd\u0142u\u017cenie<\/strong>: Mierzy, jak bardzo materia\u0142 mo\u017ce si\u0119 rozci\u0105gn\u0105\u0107, zanim osi\u0105gnie punkt zerwania.<\/li>\n\n\n\n<li><strong>Modu\u0142 spr\u0119\u017cysto\u015bci<\/strong>: Zapewnia wgl\u0105d w sztywno\u015b\u0107 materia\u0142u.<\/li>\n<\/ul>\n\n\n\n<p><strong>ASTM D882<\/strong> jest szeroko stosowany w bran\u017cach, w kt\u00f3rych cienkie folie z tworzyw sztucznych maj\u0105 kluczowe znaczenie, takich jak materia\u0142y opakowaniowe, elastyczna elektronika i inne zastosowania, w kt\u00f3rych niezb\u0119dna jest elastyczno\u015b\u0107 i trwa\u0142o\u015b\u0107.<\/p>\n\n\n\n<h2 class=\"wp-block-heading\">ISO 527: Okre\u015blanie w\u0142a\u015bciwo\u015bci tworzyw sztucznych przy rozci\u0105ganiu<\/h2>\n\n\n\n<p><strong>ISO 527<\/strong>, w szczeg\u00f3lno\u015bci <strong>ISO 527-1:2019<\/strong>, jest mi\u0119dzynarodow\u0105 norm\u0105 okre\u015blaj\u0105c\u0105 w\u0142a\u015bciwo\u015bci tworzyw sztucznych przy rozci\u0105ganiu. Norma ta okre\u015bla og\u00f3lne zasady badania wytrzyma\u0142o\u015bci na rozci\u0105ganie r\u00f3\u017cnych tworzyw sztucznych, w tym tworzyw termoplastycznych, termoutwardzalnych i kompozyt\u00f3w z tworzyw sztucznych. Badanie polega na przy\u0142o\u017ceniu si\u0142y rozci\u0105gaj\u0105cej do pr\u00f3bki i zarejestrowaniu krzywej si\u0142a-rozci\u0105ganie, kt\u00f3ra jest nast\u0119pnie wykorzystywana do obliczenia wytrzyma\u0142o\u015bci na rozci\u0105ganie, wyd\u0142u\u017cenia przy zerwaniu i innych w\u0142a\u015bciwo\u015bci rozci\u0105gania.<\/p>\n\n\n\n<p><strong>ISO 527<\/strong> ma zastosowanie do szerokiej gamy materia\u0142\u00f3w z tworzyw sztucznych, w tym<\/p>\n\n\n\n<ul class=\"wp-block-list\">\n<li><strong>Sztywne i p\u00f3\u0142sztywne tworzywa termoplastyczne<\/strong><\/li>\n\n\n\n<li><strong>Tworzywa termoutwardzalne<\/strong><\/li>\n\n\n\n<li><strong>Kompozyty z tworzyw sztucznych<\/strong><\/li>\n\n\n\n<li><strong>Tworzywa sztuczne wzmacniane w\u0142\u00f3knami<\/strong><\/li>\n<\/ul>\n\n\n\n<p>Norma zawiera r\u00f3wnie\u017c wytyczne dotycz\u0105ce przygotowania pr\u00f3bek i pomiaru wynik\u00f3w, zapewniaj\u0105c sp\u00f3jne i powtarzalne warunki testowania dla r\u00f3\u017cnych materia\u0142\u00f3w i urz\u0105dze\u0144 testuj\u0105cych.<\/p>\n\n\n\n<h2 class=\"wp-block-heading\">Test rozci\u0105gania przed zerwaniem: Pomiar rozci\u0105gania przed zerwaniem<\/h2>\n\n\n\n<p>The <strong>Pr\u00f3ba rozci\u0105gania z wyd\u0142u\u017ceniem<\/strong> jest istotn\u0105 cz\u0119\u015bci\u0105 pr\u00f3by rozci\u0105gania, w szczeg\u00f3lno\u015bci do oceny plastyczno\u015bci materia\u0142\u00f3w z tworzyw sztucznych. Test ten mierzy stopie\u0144 rozci\u0105gni\u0119cia materia\u0142u przed jego zerwaniem, co ma kluczowe znaczenie dla okre\u015blenia jego elastyczno\u015bci i zdolno\u015bci do poch\u0142aniania napr\u0119\u017ce\u0144. Materia\u0142y o wy\u017cszym wyd\u0142u\u017ceniu s\u0105 zazwyczaj bardziej elastyczne i mog\u0105 wytrzyma\u0107 wi\u0119ksze odkszta\u0142cenia przed uszkodzeniem, dzi\u0119ki czemu nadaj\u0105 si\u0119 do zastosowa\u0144, w kt\u00f3rych wymagana jest elastyczno\u015b\u0107.<\/p>\n\n\n\n<p>Wyd\u0142u\u017cenie jest wyra\u017cane jako procent pierwotnej d\u0142ugo\u015bci materia\u0142u i zapewnia cenny wgl\u0105d w zdolno\u015b\u0107 materia\u0142u do wytrzymania rozci\u0105gania bez p\u0119kania. Tworzywa sztuczne wykorzystywane w takich zastosowaniach jak folie opakowaniowe lub komponenty motoryzacyjne korzystaj\u0105 z r\u00f3wnowagi mi\u0119dzy <strong>wytrzyma\u0142o\u015b\u0107 na rozci\u0105ganie<\/strong> oraz <strong>wyd\u0142u\u017cenie<\/strong> aby zapewni\u0107 ich integralno\u015b\u0107 przy jednoczesnym zachowaniu elastyczno\u015bci.<\/p>\n\n\n\n<h2 class=\"wp-block-heading\">Zalety testera wytrzyma\u0142o\u015bci na rozci\u0105ganie tworzyw sztucznych do analizy materia\u0142\u00f3w<\/h2>\n\n\n\n<p>Korzystanie z <strong>Tester wytrzyma\u0142o\u015bci na rozci\u0105ganie tworzyw sztucznych<\/strong> oferuje kilka korzy\u015bci dla producent\u00f3w i naukowc\u00f3w zajmuj\u0105cych si\u0119 materia\u0142ami:<\/p>\n\n\n\n<ol class=\"wp-block-list\">\n<li><strong>Dok\u0142adno\u015b\u0107 i precyzja<\/strong>: Tester zapewnia wiarygodne, powtarzalne wyniki, umo\u017cliwiaj\u0105c precyzyjny pomiar wytrzyma\u0142o\u015bci na rozci\u0105ganie, wyd\u0142u\u017cenia i modu\u0142u spr\u0119\u017cysto\u015bci.<\/li>\n\n\n\n<li><strong>Por\u00f3wnanie materia\u0142\u00f3w<\/strong>: Umo\u017cliwia por\u00f3wnanie r\u00f3\u017cnych tworzyw sztucznych w identycznych warunkach testowych, pomagaj\u0105c producentom wybra\u0107 najbardziej odpowiedni materia\u0142 do konkretnych zastosowa\u0144.<\/li>\n\n\n\n<li><strong>Kontrola jako\u015bci<\/strong>: Korzystaj\u0105c z testera rozci\u0105gania, producenci mog\u0105 upewni\u0107 si\u0119, \u017ce ich produkty z tworzyw sztucznych spe\u0142niaj\u0105 wymagane specyfikacje dotycz\u0105ce wytrzyma\u0142o\u015bci, elastyczno\u015bci i trwa\u0142o\u015bci.<\/li>\n\n\n\n<li><strong>Zgodno\u015b\u0107 z normami<\/strong>: Tester zapewnia, \u017ce wyniki s\u0105 zgodne z <strong>ASTM D882<\/strong> oraz <strong>ISO 527<\/strong> dostarczaj\u0105c dane, kt\u00f3re s\u0105 rozpoznawane na ca\u0142ym \u015bwiecie w r\u00f3\u017cnych bran\u017cach.<\/li>\n<\/ol>\n\n\n\n<h2 class=\"wp-block-heading\">Dlaczego warto wybra\u0107 testery rozci\u0105gania Cell Instruments?<\/h2>\n\n\n\n<p>Cell Instruments zapewnia najnowocze\u015bniejsze rozwi\u0105zania <strong>Testery rozci\u0105gania<\/strong> zaprojektowane do dok\u0142adnych i wydajnych test\u00f3w rozci\u0105gania tworzyw sztucznych. Nasz <strong>Testery wytrzyma\u0142o\u015bci na rozci\u0105ganie tworzyw sztucznych<\/strong> s\u0105 wyposa\u017cone w zaawansowane funkcje, kt\u00f3re zapewniaj\u0105 wysok\u0105 precyzj\u0119 i powtarzalno\u015b\u0107, dzi\u0119ki czemu idealnie nadaj\u0105 si\u0119 do laboratori\u00f3w, bada\u0144 i rozwoju oraz zastosowa\u0144 zwi\u0105zanych z kontrol\u0105 jako\u015bci.<\/p>\n\n\n\n<ul class=\"wp-block-list\">\n<li><strong>Wysoka precyzja<\/strong>: Nasze testery oferuj\u0105 precyzyjne pomiary si\u0142y, wyd\u0142u\u017cenia i wytrzyma\u0142o\u015bci na rozci\u0105ganie.<\/li>\n\n\n\n<li><strong>Wszechstronno\u015b\u0107<\/strong>: Nadaje si\u0119 do testowania szerokiej gamy materia\u0142\u00f3w, w tym tworzyw sztucznych, kompozyt\u00f3w i elastomer\u00f3w.<\/li>\n\n\n\n<li><strong>Zgodno\u015b\u0107 z normami<\/strong>: Nasi testerzy spe\u0142niaj\u0105 \u015bwiatowe standardy, takie jak <strong>ASTM D882<\/strong> oraz <strong>ISO 527<\/strong>, zapewniaj\u0105c, \u017ce procedury testowania s\u0105 zgodne z przepisami bran\u017cowymi.<\/li>\n<\/ul>\n\n\n\n<h2 class=\"wp-block-heading\">Wnioski<\/h2>\n\n\n\n<p>The <strong>Tester wytrzyma\u0142o\u015bci na rozci\u0105ganie tworzyw sztucznych<\/strong> jest niezb\u0119dnym narz\u0119dziem do oceny w\u0142a\u015bciwo\u015bci mechanicznych materia\u0142\u00f3w z tworzyw sztucznych. Stosuj\u0105c si\u0119 do <strong>ASTM D882<\/strong> oraz <strong>ISO 527<\/strong>, Producenci mog\u0105 uzyska\u0107 dok\u0142adne i sp\u00f3jne dane dotycz\u0105ce wytrzyma\u0142o\u015bci na rozci\u0105ganie, wyd\u0142u\u017cenia i modu\u0142u spr\u0119\u017cysto\u015bci tworzyw sztucznych. W\u0142a\u015bciwo\u015bci te s\u0105 niezb\u0119dne do okre\u015blenia wydajno\u015bci materia\u0142u w r\u00f3\u017cnych zastosowaniach, od folii opakowaniowych po komponenty samochodowe.<\/p>\n\n\n\n<p>Cell Instruments zapewnia wysok\u0105 jako\u015b\u0107 <strong>Testery rozci\u0105gania<\/strong> kt\u00f3re pomagaj\u0105 zapewni\u0107 trwa\u0142o\u015b\u0107 i niezawodno\u015b\u0107 tworzyw sztucznych. Niezale\u017cnie od tego, czy opracowujesz nowe produkty, czy zapewniasz kontrol\u0119 jako\u015bci, nasze testery dostarczaj\u0105 danych potrzebnych do podejmowania \u015bwiadomych decyzji i spe\u0142niania standard\u00f3w bran\u017cowych.<\/p>","protected":false},"excerpt":{"rendered":"<p>A Plastic Tensile Strength Tester is crucial for evaluating the mechanical properties of plastics, especially their ability to withstand tensile forces. Tensile testing provides valuable data about the strength, elongation, and modulus of elasticity of plastic materials, ensuring their suitability for various industrial applications. In this article, we will explore the significance of the Plastic [&hellip;]<\/p>","protected":false},"featured_media":1154,"parent":0,"template":"","meta":{"_acf_changed":true},"product-category":[56],"class_list":["post-1138","product","type-product","status-publish","has-post-thumbnail","hentry","product-category-plastic-tensile-strength-test"],"acf":[],"_links":{"self":[{"href":"https:\/\/www.packtests.com\/pl\/wp-json\/wp\/v2\/product\/1138","targetHints":{"allow":["GET"]}}],"collection":[{"href":"https:\/\/www.packtests.com\/pl\/wp-json\/wp\/v2\/product"}],"about":[{"href":"https:\/\/www.packtests.com\/pl\/wp-json\/wp\/v2\/types\/product"}],"wp:featuredmedia":[{"embeddable":true,"href":"https:\/\/www.packtests.com\/pl\/wp-json\/wp\/v2\/media\/1154"}],"wp:attachment":[{"href":"https:\/\/www.packtests.com\/pl\/wp-json\/wp\/v2\/media?parent=1138"}],"wp:term":[{"taxonomy":"product-category","embeddable":true,"href":"https:\/\/www.packtests.com\/pl\/wp-json\/wp\/v2\/product-category?post=1138"}],"curies":[{"name":"wp","href":"https:\/\/api.w.org\/{rel}","templated":true}]}}