{"id":1143,"date":"2026-03-25T03:02:25","date_gmt":"2026-03-25T03:02:25","guid":{"rendered":"https:\/\/www.packtests.com\/?post_type=product&#038;p=1143"},"modified":"2026-03-26T05:17:07","modified_gmt":"2026-03-26T05:17:07","slug":"leak-tester-for-packaging","status":"publish","type":"product","link":"https:\/\/www.packtests.com\/pl\/product\/leak-tester-for-packaging\/","title":{"rendered":"Tester szczelno\u015bci LT do opakowa\u0144"},"content":{"rendered":"<p>Zapewnienie integralno\u015bci opakowa\u0144 ma kluczowe znaczenie w r\u00f3\u017cnych bran\u017cach, zw\u0142aszcza je\u015bli chodzi o utrzymanie bezpiecze\u0144stwa i jako\u015bci produkt\u00f3w. A <strong>Tester szczelno\u015bci opakowa\u0144<\/strong> jest podstawowym narz\u0119dziem wykorzystywanym do wykrywania nieszczelno\u015bci w pojemnikach opakowaniowych, takich jak butelki, s\u0142oiki i inne sztywne lub elastyczne pojemniki. Spo\u015br\u00f3d r\u00f3\u017cnych rodzaj\u00f3w metod testowania szczelno\u015bci nale\u017cy wymieni\u0107 <strong>pr\u00f3\u017cniowy tester szczelno\u015bci<\/strong> wyr\u00f3\u017cnia si\u0119 jako niezawodna i szeroko stosowana technika. W tym artykule skupimy si\u0119 na <strong>pr\u00f3\u017cniowy tester szczelno\u015bci<\/strong>, jego zastosowanie w testowaniu opakowa\u0144 i odpowiednie <strong>Normy ASTM<\/strong> np. <strong>ASTM D4991<\/strong> oraz <strong>ASTM D3078<\/strong>.<\/p>\n\n\n\n<h2 class=\"wp-block-heading\">Znaczenie test\u00f3w szczelno\u015bci opakowa\u0144<\/h2>\n\n\n\n<p>Testowanie szczelno\u015bci jest niezb\u0119dnym procesem zapewnienia jako\u015bci opakowa\u0144. Zapewnia, \u017ce produkty, zw\u0142aszcza te wra\u017cliwe na czynniki \u015brodowiskowe, takie jak wilgo\u0107 lub powietrze, s\u0105 prawid\u0142owo uszczelnione podczas transportu i przechowywania. Niezale\u017cnie od tego, czy masz do czynienia z farmaceutykami, opakowaniami \u017cywno\u015bci czy materia\u0142ami niebezpiecznymi, niezawodny <strong>Tester szczelno\u015bci opakowa\u0144<\/strong> ma zasadnicze znaczenie dla zapewnienia, \u017ce opakowanie spe\u0142nia wymagane standardy wydajno\u015bci.<\/p>\n\n\n\n<p>Nieszczelno\u015bci w opakowaniach mog\u0105 prowadzi\u0107 do zanieczyszczenia, zepsucia, a nawet niebezpiecznych sytuacji podczas transportu materia\u0142\u00f3w niebezpiecznych. U\u017cywaj\u0105c <strong>pr\u00f3\u017cniowy tester szczelno\u015bci<\/strong>, Producenci mog\u0105 wykry\u0107 nawet najmniejsze wycieki i zapewni\u0107 bezpiecze\u0144stwo i integralno\u015b\u0107 produktu.<\/p>\n\n\n\n<h2 class=\"wp-block-heading\">Pr\u00f3\u017cniowy tester szczelno\u015bci: Jak to dzia\u0142a<\/h2>\n\n\n\n<p>The <strong>pr\u00f3\u017cniowy tester szczelno\u015bci<\/strong> to specjalne narz\u0119dzie zaprojektowane do testowania integralno\u015bci sztywnych pojemnik\u00f3w. Proces ten polega na poddaniu pojemnika dzia\u0142aniu pr\u00f3\u017cni w celu zidentyfikowania nieszczelno\u015bci poprzez obserwacj\u0119 p\u0119cherzyk\u00f3w powietrza lub p\u0142ynu wydostaj\u0105cego si\u0119 z opakowania. Metoda ta jest szeroko stosowana ze wzgl\u0119du na jej precyzj\u0119 i zdolno\u015b\u0107 do wykrywania drobnych wad materia\u0142\u00f3w opakowaniowych.<\/p>\n\n\n\n<p>Jedn\u0105 z kluczowych korzy\u015bci <strong>pr\u00f3\u017cniowy tester szczelno\u015bci<\/strong> jest mo\u017cliwo\u015b\u0107 testowania pojemnik\u00f3w bez modyfikowania ich struktury lub zamkni\u0119\u0107. Test przeprowadzany jest w warunkach r\u00f3\u017cnicy ci\u015bnie\u0144, dzi\u0119ki czemu nadaje si\u0119 do opakowa\u0144 transportuj\u0105cych powietrze i ciecze. Najcz\u0119\u015bciej stosowanymi standardami pr\u00f3\u017cniowych test\u00f3w szczelno\u015bci s\u0105 <strong>ASTM D4991<\/strong> oraz <strong>ASTM D3078<\/strong>.<\/p>\n\n\n\n<h2 class=\"wp-block-heading\">ASTM D4991: Standardowa metoda badania szczelno\u015bci pr\u00f3\u017cniowej sztywnych pojemnik\u00f3w<\/h2>\n\n\n\n<p><strong>ASTM D4991<\/strong> okre\u015bla standardow\u0105 metod\u0119 badania szczelno\u015bci pustych sztywnych pojemnik\u00f3w przy u\u017cyciu metody pr\u00f3\u017cniowej. Norma ta jest szczeg\u00f3lnie przydatna do testowania pojemnik\u00f3w przeznaczonych do transportu niebezpiecznych cieczy, takich jak te regulowane przez ustaw\u0119 o bezpiecze\u0144stwie \u017cywno\u015bci. <strong>Zalecenia Organizacji Narod\u00f3w Zjednoczonych dotycz\u0105ce transportu towar\u00f3w niebezpiecznych (UN TDG)<\/strong> i <strong>Organizacja Mi\u0119dzynarodowego Lotnictwa Cywilnego (ICAO)<\/strong>.<\/p>\n\n\n\n<h3 class=\"wp-block-heading\">Kluczowe aspekty normy ASTM D4991:<\/h3>\n\n\n\n<ul class=\"wp-block-list\">\n<li><strong>Procedura testowa<\/strong>: Pojemnik jest zanurzany w roztworze glikolu etylenowego i wody, a nast\u0119pnie stosowana jest pr\u00f3\u017cnia w celu wytworzenia r\u00f3\u017cnicy ci\u015bnie\u0144 wynosz\u0105cej w przybli\u017ceniu <strong>95 kPa (13,8 psi)<\/strong>.<\/li>\n\n\n\n<li><strong>Wykrywanie nieszczelno\u015bci<\/strong>: Pojemnik jest obserwowany pod k\u0105tem wydostawania si\u0119 p\u0119cherzyk\u00f3w powietrza podczas obni\u017cania ci\u015bnienia lub p\u0142ynu wewn\u0105trz pojemnika po ponownym zwi\u0119kszeniu ci\u015bnienia.<\/li>\n\n\n\n<li><strong>Testowane pojemniki<\/strong>: Sztywne pojemniki, w tym ich zamkni\u0119cia, kt\u00f3re s\u0105 u\u017cywane do transportu materia\u0142\u00f3w niebezpiecznych lub cieczy, s\u0105 testowane zgodnie z t\u0105 metod\u0105.<\/li>\n<\/ul>\n\n\n\n<p>Norma ta pomaga okre\u015bli\u0107 punkt, w kt\u00f3rym zaczyna si\u0119 wyciek, dostarczaj\u0105c kluczowych informacji do ulepszania projekt\u00f3w opakowa\u0144 w celu zapobiegania wyciekom.<\/p>\n\n\n\n<h2 class=\"wp-block-heading\">ASTM D3078: Standardowa metoda badania szczelno\u015bci pr\u00f3\u017cniowej opakowa\u0144 elastycznych<\/h2>\n\n\n\n<p><strong>ASTM D3078<\/strong> jest standardow\u0105 metod\u0105 testowania szczelno\u015bci opakowa\u0144 elastycznych. W przeciwie\u0144stwie do <strong>ASTM D4991<\/strong>, kt\u00f3ra koncentruje si\u0119 na sztywnych pojemnikach, <strong>ASTM D3078<\/strong> dotyczy opakowa\u0144 elastycznych, takich jak woreczki lub torby.<\/p>\n\n\n\n<h3 class=\"wp-block-heading\">Kluczowe aspekty normy ASTM D3078:<\/h3>\n\n\n\n<ul class=\"wp-block-list\">\n<li><strong>Testowanie pr\u00f3\u017cni<\/strong>: Opakowanie jest poddawane dzia\u0142aniu pr\u00f3\u017cni w celu symulacji warunk\u00f3w, kt\u00f3re mog\u0105 wyst\u0105pi\u0107 podczas transportu lub przechowywania.<\/li>\n\n\n\n<li><strong>Wykrywanie nieszczelno\u015bci<\/strong>: Podobnie jak w przypadku <strong>ASTM D4991<\/strong>, Wszelkie wycieki s\u0105 wykrywane poprzez obserwacj\u0119 p\u0119cherzyk\u00f3w powietrza lub p\u0142ynu wewn\u0105trz opakowania po ponownym zwi\u0119kszeniu ci\u015bnienia.<\/li>\n<\/ul>\n\n\n\n<p>Standard ten jest powszechnie stosowany w bran\u017cach takich jak spo\u017cywcza i farmaceutyczna, gdzie elastyczno\u015b\u0107 opakowania i zapobieganie wyciekom maj\u0105 kluczowe znaczenie dla utrzymania jako\u015bci produktu.<\/p>\n\n\n\n<h2 class=\"wp-block-heading\">Korzy\u015bci z u\u017cywania testera szczelno\u015bci opakowa\u0144<\/h2>\n\n\n\n<p>Korzystanie z <strong>Tester szczelno\u015bci opakowa\u0144<\/strong> oferuje liczne korzy\u015bci dla producent\u00f3w:<\/p>\n\n\n\n<ol class=\"wp-block-list\">\n<li><strong>Zwi\u0119kszona integralno\u015b\u0107 produktu<\/strong>: Testy szczelno\u015bci zapewniaj\u0105, \u017ce produkty pozostaj\u0105 bezpieczne podczas transportu i przechowywania, zapobiegaj\u0105c zanieczyszczeniu lub zepsuciu.<\/li>\n\n\n\n<li><strong>Zgodno\u015b\u0107 z normami bran\u017cowymi<\/strong>: Przestrzegaj\u0105c standard\u00f3w takich jak <strong>ASTM D4991<\/strong> oraz <strong>ASTM D3078<\/strong>, Producenci zapewniaj\u0105, \u017ce ich opakowania spe\u0142niaj\u0105 wymagane normy bezpiecze\u0144stwa i jako\u015bci dla r\u00f3\u017cnych bran\u017c.<\/li>\n\n\n\n<li><strong>Op\u0142acalno\u015b\u0107<\/strong>: Wykrywanie nieszczelno\u015bci na wczesnym etapie procesu produkcyjnego mo\u017ce pom\u00f3c zmniejszy\u0107 ilo\u015b\u0107 odpad\u00f3w i unikn\u0105\u0107 kosztownych wycofa\u0144 lub przer\u00f3bek produkt\u00f3w.<\/li>\n\n\n\n<li><strong>Wi\u0119ksze zadowolenie klient\u00f3w<\/strong>: W\u0142a\u015bciwe testowanie szczelno\u015bci zapewnia, \u017ce klienci otrzymuj\u0105 produkty w optymalnym stanie, co prowadzi do zwi\u0119kszenia zaufania i satysfakcji.<\/li>\n<\/ol>\n\n\n\n<h2 class=\"wp-block-heading\">Dlaczego warto wybra\u0107 testery szczelno\u015bci Cell Instruments?<\/h2>\n\n\n\n<p>Przy <strong>Cell Instruments<\/strong>, Specjalizujemy si\u0119 w dostarczaniu wysokiej jako\u015bci <strong>Testery szczelno\u015bci opakowa\u0144<\/strong> kt\u00f3re zosta\u0142y zaprojektowane, aby sprosta\u0107 rygorystycznym wymaganiom r\u00f3\u017cnych bran\u017c. Nasze <strong>pr\u00f3\u017cniowe testery szczelno\u015bci<\/strong> s\u0105 zgodne z normami ASTM, w tym <strong>ASTM D4991<\/strong> oraz <strong>ASTM D3078<\/strong>, zapewniaj\u0105c, \u017ce integralno\u015b\u0107 opakowania jest testowana dok\u0142adnie i niezawodnie.<\/p>\n\n\n\n<p>Nasz <strong>testery szczelno\u015bci<\/strong> s\u0105 \u0142atwe w u\u017cyciu, zapewniaj\u0105 precyzyjne wyniki i s\u0105 zbudowane do obs\u0142ugi szerokiej gamy typ\u00f3w opakowa\u0144, od sztywnych pojemnik\u00f3w po opakowania elastyczne. Niezale\u017cnie od tego, czy testujesz opakowania \u017cywno\u015bci, farmaceutyki czy pojemniki na materia\u0142y niebezpieczne, nasze przyrz\u0105dy oferuj\u0105 trwa\u0142o\u015b\u0107 i dok\u0142adno\u015b\u0107 potrzebn\u0105 do skutecznej kontroli jako\u015bci.<\/p>\n\n\n\n<h2 class=\"wp-block-heading\">Wnioski: Zapewnienie jako\u015bci opakowa\u0144 za pomoc\u0105 tester\u00f3w szczelno\u015bci<\/h2>\n\n\n\n<p>W \u015bwiecie opakowa\u0144 zapewnienie integralno\u015bci pojemnik\u00f3w ma kluczowe znaczenie dla bezpiecze\u0144stwa produktu, jako\u015bci i zgodno\u015bci z przepisami bran\u017cowymi. The <strong>Tester szczelno\u015bci opakowa\u0144<\/strong> odgrywa kluczow\u0105 rol\u0119 w identyfikacji wyciek\u00f3w, kt\u00f3re mog\u0105 zagrozi\u0107 integralno\u015bci produktu podczas transportu lub przechowywania.<\/p>\n\n\n\n<p>U\u017cywaj\u0105c <strong>pr\u00f3\u017cniowe testery szczelno\u015bci<\/strong> i przestrzeganie standard\u00f3w takich jak <strong>ASTM D4991<\/strong> oraz <strong>ASTM D3078<\/strong>, producenci mog\u0105 zapewni\u0107, \u017ce ich opakowania spe\u0142niaj\u0105 niezb\u0119dne wymagania w zakresie szczelno\u015bci. Przy <strong>Cell Instruments<\/strong>, Zapewniamy niezawodne rozwi\u0105zania do testowania szczelno\u015bci, kt\u00f3re pomagaj\u0105 utrzyma\u0107 najwy\u017csze standardy jako\u015bci i bezpiecze\u0144stwa w procesach pakowania.<\/p>\n\n\n\n<p>Aby uzyska\u0107 wi\u0119cej informacji na temat <strong>Testery szczelno\u015bci opakowa\u0144<\/strong>, Skontaktuj si\u0119 z nami ju\u017c dzi\u015b i upewnij si\u0119, \u017ce Twoje produkty spe\u0142niaj\u0105 najlepsze standardy bran\u017cowe.<\/p>\n\n\n\n<p><\/p>","protected":false},"excerpt":{"rendered":"<p>Ensuring the integrity of packaging is crucial in various industries, especially when it comes to maintaining the safety and quality of products. A leak tester for packaging is an essential tool used to detect leaks in packaging containers, such as bottles, jars, and other rigid or flexible containers. Among the different types of leak testing [&hellip;]<\/p>","protected":false},"featured_media":1148,"parent":0,"template":"","meta":{"_acf_changed":true},"product-category":[59],"class_list":["post-1143","product","type-product","status-publish","has-post-thumbnail","hentry","product-category-bubble-emission-test"],"acf":[],"_links":{"self":[{"href":"https:\/\/www.packtests.com\/pl\/wp-json\/wp\/v2\/product\/1143","targetHints":{"allow":["GET"]}}],"collection":[{"href":"https:\/\/www.packtests.com\/pl\/wp-json\/wp\/v2\/product"}],"about":[{"href":"https:\/\/www.packtests.com\/pl\/wp-json\/wp\/v2\/types\/product"}],"wp:featuredmedia":[{"embeddable":true,"href":"https:\/\/www.packtests.com\/pl\/wp-json\/wp\/v2\/media\/1148"}],"wp:attachment":[{"href":"https:\/\/www.packtests.com\/pl\/wp-json\/wp\/v2\/media?parent=1143"}],"wp:term":[{"taxonomy":"product-category","embeddable":true,"href":"https:\/\/www.packtests.com\/pl\/wp-json\/wp\/v2\/product-category?post=1143"}],"curies":[{"name":"wp","href":"https:\/\/api.w.org\/{rel}","templated":true}]}}