{"id":1160,"date":"2026-03-25T07:33:37","date_gmt":"2026-03-25T07:33:37","guid":{"rendered":"https:\/\/www.packtests.com\/?post_type=product&#038;p=1160"},"modified":"2026-03-26T05:21:25","modified_gmt":"2026-03-26T05:21:25","slug":"gross-leak-bubble-tester","status":"publish","type":"product","link":"https:\/\/www.packtests.com\/pl\/product\/gross-leak-bubble-tester\/","title":{"rendered":"GLT-01 Tester p\u0119cherzykowy nieszczelno\u015bci brutto"},"content":{"rendered":"<p>W przemy\u015ble opakowaniowym zapewnienie integralno\u015bci materia\u0142u opakowaniowego ma kluczowe znaczenie dla ochrony produktu podczas transportu i przechowywania. The <strong>Tester p\u0119cherzykowy szczelno\u015bci brutto<\/strong> jest niezb\u0119dnym narz\u0119dziem wykorzystywanym do identyfikacji znacz\u0105cych nieszczelno\u015bci w opakowaniach, zapewniaj\u0105c szczelno\u015b\u0107 wymagan\u0105 do ochrony zawarto\u015bci, takiej jak \u017cywno\u015b\u0107, farmaceutyki i urz\u0105dzenia medyczne. Niniejszy artyku\u0142 zawiera dog\u0142\u0119bne spojrzenie na <strong>Tester p\u0119cherzykowy szczelno\u015bci brutto<\/strong>, jego rola w <strong>wykrywanie wyciek\u00f3w brutto<\/strong>, i jego zastosowania w <strong>testowanie pakiet\u00f3w<\/strong>. Om\u00f3wimy r\u00f3wnie\u017c odpowiednie standardy, takie jak <strong>ASTM F2096<\/strong> kt\u00f3re pomagaj\u0105 w ocenie skuteczno\u015bci materia\u0142\u00f3w opakowaniowych.<\/p>\n\n\n\n<h2 class=\"wp-block-heading\"><strong>Co to jest tester p\u0119cherzyk\u00f3w brutto?<\/strong><\/h2>\n\n\n\n<p>A <strong>Tester p\u0119cherzykowy szczelno\u015bci brutto<\/strong> to urz\u0105dzenie s\u0142u\u017c\u0105ce do wykrywania powa\u017cnych nieszczelno\u015bci w opakowaniach, zazwyczaj poprzez zastosowanie ci\u015bnienia wewn\u0119trznego i obserwacj\u0119 powstawania p\u0119cherzyk\u00f3w powietrza. Metoda ta polega na zanurzeniu opakowania w roztworze, do kt\u00f3rego wprowadzane jest powietrze pod ci\u015bnieniem. Je\u015bli opakowanie jest uszkodzone, wycieknie z niego powietrze, tworz\u0105c widoczne p\u0119cherzyki, kt\u00f3re wskazuj\u0105 obszary uszkodzenia.<\/p>\n\n\n\n<p>Ta metoda testowa jest skuteczna w wykrywaniu wyciek\u00f3w zar\u00f3wno w <strong>Opakowania sztywne i elastyczne<\/strong>, zapewniaj\u0105c, \u017ce pojemniki zachowuj\u0105 swoj\u0105 integralno\u015b\u0107 pod ci\u015bnieniem. Jest szeroko stosowany w bran\u017cach takich jak farmaceutyczna, spo\u017cywcza i opakowa\u0144 medycznych, gdzie hermetyczne uszczelnienia maj\u0105 kluczowe znaczenie dla zapewnienia bezpiecze\u0144stwa i jako\u015bci produktu.<\/p>\n\n\n\n<h2 class=\"wp-block-heading\"><strong>Zrozumienie testu szczelno\u015bci metod\u0105 zanurzeniow\u0105<\/strong><\/h2>\n\n\n\n<p>The <strong>Test szczelno\u015bci metod\u0105 zanurzeniow\u0105<\/strong> jest powszechnie stosowan\u0105 metod\u0105 wykrywania powa\u017cnych nieszczelno\u015bci w opakowaniach. Podczas tego testu opakowanie jest zanurzane w wodzie lub innym odpowiednim roztworze, a ci\u015bnienie jest stosowane w celu wytworzenia wewn\u0119trznego ci\u015bnienia w opakowaniu. Je\u015bli opakowanie ma jakiekolwiek nieszczelno\u015bci, powietrze wydostanie si\u0119 przez te wady, tworz\u0105c p\u0119cherzyki, kt\u00f3re mo\u017cna \u0142atwo zaobserwowa\u0107. P\u0119cherzyki wskazuj\u0105 na obecno\u015b\u0107 punktu awarii, takiego jak otw\u00f3r, p\u0119kni\u0119cie lub niew\u0142a\u015bciwe uszczelnienie.<\/p>\n\n\n\n<p>Ta metoda testowa jest preferowana, poniewa\u017c jest bardzo czu\u0142a na wycieki o wielko\u015bci nawet 250 mikron\u00f3w, w zale\u017cno\u015bci od stosowanego ci\u015bnienia. Metoda <strong>Test szczelno\u015bci metod\u0105 zanurzeniow\u0105<\/strong> to niezawodny spos\u00f3b na sprawdzenie og\u00f3lnej jako\u015bci i bezpiecze\u0144stwa materia\u0142\u00f3w opakowaniowych przed ich u\u017cyciem do przechowywania wra\u017cliwych produkt\u00f3w.<\/p>\n\n\n\n<h2 class=\"wp-block-heading\"><strong>ASTM F2096: Standardowa metoda wykrywania powa\u017cnych nieszczelno\u015bci<\/strong><\/h2>\n\n\n\n<p><strong>ASTM F2096<\/strong> jest standardow\u0105 metod\u0105 testow\u0105 do wykrywania <strong>wycieki brutto<\/strong> w opakowaniach za pomoc\u0105 testu p\u0119cherzykowego pod ci\u015bnieniem wewn\u0119trznym. Norma ta okre\u015bla procedur\u0119 identyfikacji du\u017cych nieszczelno\u015bci w sztywnych i elastycznych materia\u0142ach opakowaniowych. Test jest przeprowadzany poprzez zastosowanie okre\u015blonego ci\u015bnienia do opakowania, kt\u00f3re jest zanurzone w wodzie. Je\u015bli wyst\u0119puj\u0105 nieszczelno\u015bci, obserwuje si\u0119 ci\u0105g\u0142y strumie\u0144 p\u0119cherzyk\u00f3w.<\/p>\n\n\n\n<p>The <strong>ASTM F2096<\/strong> Norma 81% definiuje r\u00f3wnie\u017c czu\u0142o\u015b\u0107 testu, kt\u00f3ry mo\u017ce wykrywa\u0107 wycieki o wielko\u015bci nawet 250 mikron\u00f3w z prawdopodobie\u0144stwem 81%. Sprawia to, \u017ce jest to niezb\u0119dne narz\u0119dzie do zapewnienia integralno\u015bci opakowania, szczeg\u00f3lnie w bran\u017cach, w kt\u00f3rych kluczowe znaczenie ma utrzymanie sterylnego lub wolnego od zanieczyszcze\u0144 \u015brodowiska.<\/p>\n\n\n\n<h2 class=\"wp-block-heading\"><strong>Rola testera nieszczelno\u015bci brutto w testowaniu opakowa\u0144<\/strong><\/h2>\n\n\n\n<p>Korzystanie z <strong>Tester szczelno\u015bci brutto do testowania opakowa\u0144<\/strong> ma zasadnicze znaczenie dla zapewnienia, \u017ce materia\u0142y opakowaniowe s\u0105 w stanie wytrzyma\u0107 rygory transportu i przechowywania. Metoda ta pomaga zidentyfikowa\u0107 s\u0142abe punkty opakowania, takie jak:<\/p>\n\n\n\n<ul class=\"wp-block-list\">\n<li><strong>Otwory<\/strong><\/li>\n\n\n\n<li><strong>P\u0119kni\u0119cia<\/strong><\/li>\n\n\n\n<li><strong>Niew\u0142a\u015bciwe uszczelki<\/strong><\/li>\n<\/ul>\n\n\n\n<p>U\u017cywaj\u0105c <strong>Tester p\u0119cherzykowy szczelno\u015bci brutto<\/strong>, Producenci mog\u0105 wcze\u015bnie wykry\u0107 te problemy, zapobiegaj\u0105c kosztownym awariom produkt\u00f3w, wycofywaniu ich z rynku lub uszkodzeniom. Mo\u017cliwo\u015b\u0107 wykrycia tych nieszczelno\u015bci przed wys\u0142aniem opakowania gwarantuje, \u017ce produkty s\u0105 bezpieczne i spe\u0142niaj\u0105 normy prawne.<\/p>\n\n\n\n<h2 class=\"wp-block-heading\"><strong>Korzy\u015bci z u\u017cywania testera szczelno\u015bci brutto<\/strong><\/h2>\n\n\n\n<ol class=\"wp-block-list\">\n<li><strong>Dok\u0142adne wykrywanie nieszczelno\u015bci<\/strong>: The <strong>Tester p\u0119cherzykowy szczelno\u015bci brutto<\/strong> zapewnia identyfikacj\u0119 nawet najmniejszych nieszczelno\u015bci, pomagaj\u0105c poprawi\u0107 og\u00f3ln\u0105 jako\u015b\u0107 opakowa\u0144.<\/li>\n\n\n\n<li><strong>Efektywno\u015b\u0107 kosztowa<\/strong>: Dzi\u0119ki wczesnemu wykrywaniu wad opakowa\u0144 producenci mog\u0105 unikn\u0105\u0107 koszt\u00f3w zwrot\u00f3w, uszkodzonych towar\u00f3w i kar prawnych.<\/li>\n\n\n\n<li><strong>Zwi\u0119kszona wydajno\u015b\u0107 opakowania<\/strong>: Regularne testy zapewniaj\u0105, \u017ce materia\u0142y opakowaniowe zachowuj\u0105 swoj\u0105 integralno\u015b\u0107 pod ci\u015bnieniem, zmniejszaj\u0105c ryzyko wyciek\u00f3w podczas transportu.<\/li>\n\n\n\n<li><strong>Zgodno\u015b\u0107 z normami<\/strong>: Przestrzeganie <strong>ASTM F2096<\/strong> i podobnymi normami zapewnia zgodno\u015b\u0107 z przepisami bran\u017cowymi, zwi\u0119kszaj\u0105c bezpiecze\u0144stwo pakowanego produktu.<\/li>\n<\/ol>\n\n\n\n<p><\/p>\n\n\n\n<p>Dla firm, kt\u00f3re chc\u0105 poprawi\u0107 jako\u015b\u0107 opakowa\u0144, inwestycja w <strong>Tester szczelno\u015bci brutto do testowania opakowa\u0144<\/strong> to m\u0105dra decyzja. Nie tylko pomaga zapewni\u0107 bezpiecze\u0144stwo opakowa\u0144, ale tak\u017ce przyczynia si\u0119 do zgodno\u015bci z przepisami i oszcz\u0119dno\u015bci koszt\u00f3w. W Cell Instruments oferujemy wysokiej jako\u015bci <strong>testery szczelno\u015bci brutto<\/strong> zaprojektowany, aby sprosta\u0107 rygorystycznym wymaganiom test\u00f3w opakowa\u0144.<\/p>\n\n\n\n<p><\/p>","protected":false},"excerpt":{"rendered":"<p>In packaging industries, ensuring the integrity of the packaging material is crucial for product protection during transit and storage. The gross leak bubble tester is an essential tool used to identify significant leaks in packaging, ensuring the airtightness required to protect contents like food, pharmaceuticals, and medical devices. This article provides an in-depth look into [&hellip;]<\/p>","protected":false},"featured_media":1161,"parent":0,"template":"","meta":{"_acf_changed":true},"product-category":[60],"class_list":["post-1160","product","type-product","status-publish","has-post-thumbnail","hentry","product-category-pressurization"],"acf":[],"_links":{"self":[{"href":"https:\/\/www.packtests.com\/pl\/wp-json\/wp\/v2\/product\/1160","targetHints":{"allow":["GET"]}}],"collection":[{"href":"https:\/\/www.packtests.com\/pl\/wp-json\/wp\/v2\/product"}],"about":[{"href":"https:\/\/www.packtests.com\/pl\/wp-json\/wp\/v2\/types\/product"}],"wp:featuredmedia":[{"embeddable":true,"href":"https:\/\/www.packtests.com\/pl\/wp-json\/wp\/v2\/media\/1161"}],"wp:attachment":[{"href":"https:\/\/www.packtests.com\/pl\/wp-json\/wp\/v2\/media?parent=1160"}],"wp:term":[{"taxonomy":"product-category","embeddable":true,"href":"https:\/\/www.packtests.com\/pl\/wp-json\/wp\/v2\/product-category?post=1160"}],"curies":[{"name":"wp","href":"https:\/\/api.w.org\/{rel}","templated":true}]}}