{"id":1171,"date":"2026-03-26T02:24:39","date_gmt":"2026-03-26T02:24:39","guid":{"rendered":"https:\/\/www.packtests.com\/?post_type=product&#038;p=1171"},"modified":"2026-03-26T05:19:53","modified_gmt":"2026-03-26T05:19:53","slug":"pouch-burst-tester","status":"publish","type":"product","link":"https:\/\/www.packtests.com\/pt\/product\/pouch-burst-tester\/","title":{"rendered":"LSST-01 Testador de rutura de bolsa"},"content":{"rendered":"<p>Na ind\u00fastria da embalagem, garantir a integridade e a resist\u00eancia de uma embalagem \u00e9 crucial, especialmente para ind\u00fastrias como a alimentar, a farmac\u00eautica e a dos dispositivos m\u00e9dicos. Um dos m\u00e9todos mais fi\u00e1veis para avaliar a durabilidade de uma embalagem \u00e9 a <strong>testador de rutura de bolsas<\/strong>. Este dispositivo foi concebido para testar a resist\u00eancia ao rebentamento de embalagens flex\u00edveis, assegurando que estas conseguem suportar a press\u00e3o que podem encontrar durante o transporte e o armazenamento.<\/p>\n\n\n\n<p>Este artigo explora as <strong>testador de rutura de bolsas<\/strong>, A sua import\u00e2ncia no controlo da qualidade da embalagem e a sua conformidade com normas como <strong>ASTM F1140<\/strong>. Para al\u00e9m disso, discutiremos a relev\u00e2ncia de <strong>ASTM F2054<\/strong>, <strong>ensaios de rutura de embalagens<\/strong>, e o <strong>ensaio de deteriora\u00e7\u00e3o da press\u00e3o<\/strong> na determina\u00e7\u00e3o do desempenho da embalagem.<\/p>\n\n\n\n<h2 class=\"wp-block-heading\"><strong>O que \u00e9 um testador de rutura de bolsa?<\/strong><\/h2>\n\n\n\n<p>A <strong>testador de rutura de bolsas<\/strong> \u00e9 um aparelho utilizado para determinar a resist\u00eancia ao rebentamento de embalagens flex\u00edveis, incluindo bolsas. Isto \u00e9 conseguido pressurizando a embalagem internamente at\u00e9 ocorrer uma falha. O aparelho de teste foi concebido para simular condi\u00e7\u00f5es do mundo real, tais como altera\u00e7\u00f5es de press\u00e3o durante o transporte ou a esteriliza\u00e7\u00e3o, para avaliar a capacidade da embalagem para resistir \u00e0 rutura.<\/p>\n\n\n\n<p>O aparelho de teste funciona aplicando uma press\u00e3o interna controlada \u00e0 embalagem at\u00e9 esta rebentar. O ponto de falha encontra-se normalmente no selo da embalagem ou em pontos fracos do material. O aparelho de teste mede a press\u00e3o \u00e0 qual a embalagem rebenta, fornecendo dados cruciais sobre a durabilidade e integridade da embalagem.<\/p>\n\n\n\n<h2 class=\"wp-block-heading\"><strong>ASTM F1140: Ensaio de resist\u00eancia \u00e0 pressuriza\u00e7\u00e3o interna<\/strong><\/h2>\n\n\n\n<p><strong>ASTM F1140<\/strong> descreve os m\u00e9todos de ensaio padr\u00e3o para avaliar a resist\u00eancia \u00e0 falha por pressuriza\u00e7\u00e3o interna de embalagens sem restri\u00e7\u00f5es. A norma inclui v\u00e1rios m\u00e9todos de ensaio que avaliam a resist\u00eancia de uma embalagem \u00e0 press\u00e3o interna:<\/p>\n\n\n\n<ul class=\"wp-block-list\">\n<li><strong>M\u00e9todo de ensaio A (ensaio de rutura):<\/strong> Este m\u00e9todo pressuriza a embalagem at\u00e9 \u00e0 rutura, medindo a press\u00e3o m\u00e1xima no ponto de rutura.<\/li>\n\n\n\n<li><strong>M\u00e9todo de ensaio B (ensaio de flu\u00eancia):<\/strong> Este m\u00e9todo aplica uma press\u00e3o espec\u00edfica \u00e0 embalagem e mant\u00e9m-na durante um determinado per\u00edodo de tempo, determinando se a embalagem pode suportar a press\u00e3o sem falhar.<\/li>\n\n\n\n<li><strong>M\u00e9todo de ensaio C (flu\u00eancia at\u00e9 \u00e0 rotura):<\/strong> Este m\u00e9todo continua a pressurizar a embalagem at\u00e9 que esta rebente, registando o tempo necess\u00e1rio para que a falha ocorra.<\/li>\n<\/ul>\n\n\n\n<p>Estes testes ajudam a garantir que a embalagem consegue suportar os diferenciais de press\u00e3o que podem ocorrer durante a esteriliza\u00e7\u00e3o ou o transporte. Eles tamb\u00e9m fornecem dados valiosos para determinar a adequa\u00e7\u00e3o dos materiais de embalagem para produtos espec\u00edficos.<\/p>\n\n\n\n<h2 class=\"wp-block-heading\"><strong>A import\u00e2ncia do teste de rutura para embalagens<\/strong><\/h2>\n\n\n\n<p><strong>Ensaio de rutura<\/strong> \u00e9 um passo crucial no controlo da qualidade das embalagens. Simula condi\u00e7\u00f5es extremas que uma embalagem pode enfrentar durante o seu ciclo de vida. Isto inclui diferenciais de press\u00e3o causados por factores externos, como altera\u00e7\u00f5es de altitude ou temperatura, e factores internos, como o conte\u00fado da embalagem.<\/p>\n\n\n\n<p>Ao utilizar o <strong>testador de rutura de bolsas<\/strong>, Com os testes de rutura, os fabricantes podem garantir que as suas embalagens suportam estas press\u00f5es sem comprometer a integridade do produto no seu interior. Os testes de rutura s\u00e3o essenciais para verificar se os selos e os materiais utilizados na embalagem conseguem suportar as press\u00f5es que ir\u00e3o enfrentar durante o armazenamento, o transporte e o manuseamento.<\/p>\n\n\n\n<h2 class=\"wp-block-heading\"><strong>ASTM F2054: Ensaio de rutura para vedantes de embalagens flex\u00edveis<\/strong><\/h2>\n\n\n\n<p>Outra norma importante para os ensaios de rutura \u00e9 <strong>ASTM F2054<\/strong>, que se centra no ensaio de vedantes de embalagens flex\u00edveis utilizando a pressuriza\u00e7\u00e3o interna de ar dentro de placas de reten\u00e7\u00e3o. Este m\u00e9todo \u00e9 particularmente \u00fatil para testar embalagens flex\u00edveis como bolsas e sacos, onde a rutura ocorre tipicamente na \u00e1rea de veda\u00e7\u00e3o.<\/p>\n\n\n\n<p>Durante <strong>ASTM F2054<\/strong> No teste de veda\u00e7\u00e3o, a embalagem \u00e9 pressurizada at\u00e9 que o selo falhe. O teste pode ser efectuado com a embalagem aberta ou fechada, dependendo do tipo de embalagem e dos requisitos do teste. O principal objetivo deste teste \u00e9 avaliar a resist\u00eancia \u00e0 rutura do selo, que \u00e9 crucial para manter a integridade da embalagem e evitar fugas ou contamina\u00e7\u00e3o.<\/p>\n\n\n\n<h2 class=\"wp-block-heading\"><strong>Teste de decaimento de press\u00e3o: Detetar fugas sem romper a embalagem<\/strong><\/h2>\n\n\n\n<p>Para al\u00e9m do ensaio de rutura, o <strong>ensaio de deteriora\u00e7\u00e3o da press\u00e3o<\/strong> \u00e9 outro m\u00e9todo valioso para testar a integridade da embalagem. Este teste n\u00e3o destrutivo mede a altera\u00e7\u00e3o da press\u00e3o no interior de uma embalagem ao longo do tempo. Uma queda de press\u00e3o indica que existe uma fuga na embalagem.<\/p>\n\n\n\n<p>O <strong>ensaio de deteriora\u00e7\u00e3o da press\u00e3o<\/strong> \u00e9 particularmente \u00fatil para detetar pequenas fugas que podem n\u00e3o ser vis\u00edveis a olho nu. Ao contr\u00e1rio do teste de rebentamento, que provoca a rutura da embalagem, o teste de decaimento da press\u00e3o permite aos fabricantes detetar fugas sem danificar a embalagem, tornando-o um m\u00e9todo ideal para testar produtos sens\u00edveis.<\/p>\n\n\n\n<h2 class=\"wp-block-heading\"><strong>Porqu\u00ea utilizar um testador de rutura de bolsas?<\/strong><\/h2>\n\n\n\n<p>O <strong>testador de rutura de bolsas<\/strong> oferece v\u00e1rias vantagens aos fabricantes que procuram garantir a integridade das suas embalagens:<\/p>\n\n\n\n<ol class=\"wp-block-list\">\n<li><strong>Medi\u00e7\u00e3o exacta da press\u00e3o:<\/strong> O aparelho de teste fornece medi\u00e7\u00f5es precisas da press\u00e3o a que a embalagem falha, ajudando os fabricantes a determinar a resist\u00eancia dos seus materiais de embalagem e vedantes.<\/li>\n\n\n\n<li><strong>Simula\u00e7\u00e3o do mundo real:<\/strong> Ao submeter a embalagem a uma press\u00e3o interna crescente, o aparelho de teste simula as condi\u00e7\u00f5es que a embalagem ir\u00e1 enfrentar em tr\u00e2nsito, garantindo que pode suportar as tens\u00f5es do mundo real.<\/li>\n\n\n\n<li><strong>Testes r\u00e1pidos e eficientes:<\/strong> O aparelho de teste de rutura de bolsas foi concebido para testes r\u00e1pidos e eficientes, permitindo aos fabricantes avaliar um grande n\u00famero de embalagens num curto espa\u00e7o de tempo.<\/li>\n\n\n\n<li><strong>Conformidade com as normas do sector:<\/strong> O aparelho de teste est\u00e1 totalmente em conformidade com <strong>ASTM F1140<\/strong> e <strong>ASTM F2054<\/strong>, A empresa \u00e9 respons\u00e1vel por assegurar que os fabricantes cumprem as normas da ind\u00fastria em mat\u00e9ria de desempenho das embalagens.<\/li>\n<\/ol>\n\n\n\n<p><strong>Conclus\u00e3o<\/strong><\/p>\n\n\n\n<p>O <strong>testador de rutura de bolsas<\/strong> \u00e9 uma ferramenta essencial para avaliar a resist\u00eancia \u00e0 rutura e a integridade de embalagens flex\u00edveis. Utilizando ensaios de rebentamento e ensaios de decaimento da press\u00e3o em conformidade com normas como <strong>ASTM F1140<\/strong> e <strong>ASTM F2054<\/strong>, Se os fabricantes n\u00e3o tiverem uma embalagem de pl\u00e1stico, podem garantir que os seus materiais de embalagem proporcionam uma prote\u00e7\u00e3o adequada aos produtos que cont\u00eam.<\/p>\n\n\n\n<p>Para as empresas de sectores como o alimentar, o farmac\u00eautico e o dos dispositivos m\u00e9dicos, investir numa <strong>testador de rutura de bolsas<\/strong> \u00e9 um passo fundamental para manter uma embalagem de alta qualidade que possa suportar as press\u00f5es da cadeia de abastecimento. Na Cell Instruments, oferecemos solu\u00e7\u00f5es de teste de alto desempenho para atender \u00e0s diversas necessidades da ind\u00fastria de embalagens.<\/p>","protected":false},"excerpt":{"rendered":"<p>In the packaging industry, ensuring the integrity and strength of a package is crucial, especially for industries like food, pharmaceuticals, and medical devices. One of the most reliable methods for evaluating package durability is the pouch burst tester. This device is designed to test the burst strength of flexible packages, ensuring that they can withstand [&hellip;]<\/p>","protected":false},"featured_media":1172,"parent":0,"template":"","meta":{"_acf_changed":true},"product-category":[62],"class_list":["post-1171","product","type-product","status-publish","has-post-thumbnail","hentry","product-category-pressure-decay-test"],"acf":[],"_links":{"self":[{"href":"https:\/\/www.packtests.com\/pt\/wp-json\/wp\/v2\/product\/1171","targetHints":{"allow":["GET"]}}],"collection":[{"href":"https:\/\/www.packtests.com\/pt\/wp-json\/wp\/v2\/product"}],"about":[{"href":"https:\/\/www.packtests.com\/pt\/wp-json\/wp\/v2\/types\/product"}],"wp:featuredmedia":[{"embeddable":true,"href":"https:\/\/www.packtests.com\/pt\/wp-json\/wp\/v2\/media\/1172"}],"wp:attachment":[{"href":"https:\/\/www.packtests.com\/pt\/wp-json\/wp\/v2\/media?parent=1171"}],"wp:term":[{"taxonomy":"product-category","embeddable":true,"href":"https:\/\/www.packtests.com\/pt\/wp-json\/wp\/v2\/product-category?post=1171"}],"curies":[{"name":"wp","href":"https:\/\/api.w.org\/{rel}","templated":true}]}}