{"id":1138,"date":"2026-03-20T07:37:21","date_gmt":"2026-03-20T07:37:21","guid":{"rendered":"https:\/\/www.packtests.com\/?post_type=product&#038;p=1138"},"modified":"2026-03-26T05:10:23","modified_gmt":"2026-03-26T05:10:23","slug":"plastic-tensile-strength-tester","status":"publish","type":"product","link":"https:\/\/www.packtests.com\/ro\/product\/plastic-tensile-strength-tester\/","title":{"rendered":"TST-01 Tester de rezisten\u021b\u0103 la trac\u021biune din plastic"},"content":{"rendered":"<p><br>A <strong>Tester de rezisten\u021b\u0103 la trac\u021biune din plastic<\/strong> este esen\u021bial\u0103 pentru evaluarea propriet\u0103\u021bilor mecanice ale materialelor plastice, \u00een special a capacit\u0103\u021bii acestora de a rezista la for\u021be de trac\u021biune. \u00cencercarea la trac\u021biune furnizeaz\u0103 date valoroase privind rezisten\u021ba, alungirea \u0219i modulul de elasticitate al materialelor plastice, asigur\u00e2nd adecvarea acestora pentru diverse aplica\u021bii industriale. \u00cen acest articol, vom explora semnifica\u021bia testului de <strong>Tester de rezisten\u021b\u0103 la trac\u021biune din plastic<\/strong>, cu accent pe <strong>ASTM D882<\/strong>, <strong>ISO 527<\/strong>, iar <strong>alungire test de trac\u021biune<\/strong> pentru a determina performan\u021bele materialului sub presiune.<\/p>\n\n\n\n<h2 class=\"wp-block-heading\">Rolul testerului de rezisten\u021b\u0103 la trac\u021biune din plastic<\/h2>\n\n\n\n<p>The <strong>Tester de rezisten\u021b\u0103 la trac\u021biune din plastic<\/strong> m\u0103soar\u0103 modul \u00een care materialele plastice se comport\u0103 sub tensiune, oferind informa\u021bii esen\u021biale pentru selectarea materialelor pentru aplica\u021bii specifice. Prin aplicarea unei for\u021be controlate asupra unui specimen de plastic, testerul evalueaz\u0103 rezisten\u021ba la trac\u021biune, alungirea \u0219i modulul de elasticitate. Ace\u0219ti parametri sunt esen\u021biali pentru determinarea capacit\u0103\u021bii materialului de a rezista la stres f\u0103r\u0103 a se rupe, ceea ce este deosebit de important pentru materialele utilizate \u00een ambalaje, industria auto \u0219i alte industrii \u00een care durabilitatea este esen\u021bial\u0103.<\/p>\n\n\n\n<h2 class=\"wp-block-heading\">\u00cen\u021belegerea ASTM D882 pentru propriet\u0103\u021bile de trac\u021biune ale foliilor sub\u021biri de plastic<\/h2>\n\n\n\n<p><strong>ASTM D882<\/strong> este o metod\u0103 de testare standard utilizat\u0103 pentru a evalua propriet\u0103\u021bile la trac\u021biune ale foliilor sub\u021biri de plastic. Aceast\u0103 metod\u0103 implic\u0103 m\u0103surarea for\u021bei \u0219i a alungirii \u00een timpul \u00eencerc\u0103rii probelor de plastic sub tensiune. Rezultatele ob\u021binute din <strong>ASTM D882<\/strong> ajut\u0103 produc\u0103torii s\u0103 determine propriet\u0103\u021bi precum rezisten\u021ba la trac\u021biune, alungirea la rupere \u0219i modulul de elasticitate. Aceste propriet\u0103\u021bi sunt vitale pentru caracterizarea \u0219i specificarea materialelor utilizate \u00een diverse produse.<\/p>\n\n\n\n<ul class=\"wp-block-list\">\n<li><strong>Rezisten\u021ba la trac\u021biune<\/strong>: Indic\u0103 c\u00e2t\u0103 for\u021b\u0103 poate suporta materialul \u00eenainte de a se rupe.<\/li>\n\n\n\n<li><strong>Alungire<\/strong>: M\u0103soar\u0103 c\u00e2t de mult se poate \u00eentinde materialul \u00eenainte ca acesta s\u0103 ating\u0103 punctul de rupere.<\/li>\n\n\n\n<li><strong>Modul de elasticitate<\/strong>: Ofer\u0103 informa\u021bii despre rigiditatea materialului.<\/li>\n<\/ul>\n\n\n\n<p><strong>ASTM D882<\/strong> este utilizat pe scar\u0103 larg\u0103 \u00een industriile \u00een care foliile sub\u021biri din plastic sunt esen\u021biale, cum ar fi \u00een materialele de ambalare, electronice flexibile \u0219i alte aplica\u021bii \u00een care flexibilitatea \u0219i durabilitatea sunt esen\u021biale.<\/p>\n\n\n\n<h2 class=\"wp-block-heading\">ISO 527: Determinarea propriet\u0103\u021bilor de trac\u021biune ale materialelor plastice<\/h2>\n\n\n\n<p><strong>ISO 527<\/strong>, \u00een special <strong>ISO 527-1:2019<\/strong>, este standardul interna\u021bional pentru determinarea propriet\u0103\u021bilor la trac\u021biune ale materialelor plastice. Acest standard define\u0219te principiile generale pentru testarea comportamentului la trac\u021biune al diferitelor materiale plastice, inclusiv termoplastice, termorezistente \u0219i compozite din plastic. \u00cencercarea implic\u0103 aplicarea unei for\u021be de trac\u021biune pe epruvet\u0103 \u0219i \u00eenregistrarea curbei for\u021b\u0103-extensie, care este apoi utilizat\u0103 pentru a calcula rezisten\u021ba la trac\u021biune, alungirea la rupere \u0219i alte propriet\u0103\u021bi de trac\u021biune.<\/p>\n\n\n\n<p><strong>ISO 527<\/strong> se aplic\u0103 la o gam\u0103 larg\u0103 de materiale plastice, inclusiv:<\/p>\n\n\n\n<ul class=\"wp-block-list\">\n<li><strong>Materiale termoplastice rigide \u0219i semi-rigide<\/strong><\/li>\n\n\n\n<li><strong>Materiale plastice termorezistente<\/strong><\/li>\n\n\n\n<li><strong>Compozite din plastic<\/strong><\/li>\n\n\n\n<li><strong>Materiale plastice ranforsate cu fibre<\/strong><\/li>\n<\/ul>\n\n\n\n<p>Standardul ofer\u0103, de asemenea, orient\u0103ri privind preg\u0103tirea epruvetelor \u0219i m\u0103surarea rezultatelor, asigur\u00e2nd condi\u021bii de testare consecvente \u0219i reproductibile pentru diferite materiale \u0219i echipamente de testare.<\/p>\n\n\n\n<h2 class=\"wp-block-heading\">Testul de elasticitate prin alungire: M\u0103surarea \u00eentinderii \u00eenainte de rupere<\/h2>\n\n\n\n<p>The <strong>alungire test de trac\u021biune<\/strong> este o parte esen\u021bial\u0103 a \u00eencerc\u0103rii la trac\u021biune, \u00een special pentru evaluarea ductilit\u0103\u021bii materialelor plastice. Acest test m\u0103soar\u0103 gradul de \u00eentindere la care este supus un material \u00eenainte de a se rupe, ceea ce este esen\u021bial pentru a determina flexibilitatea \u0219i capacitatea acestuia de a absorbi stresul. Materialele cu o alungire mai mare sunt de obicei mai flexibile \u0219i pot suporta o deformare mai mare \u00eenainte de a ceda, ceea ce le face potrivite pentru aplica\u021bii \u00een care este necesar\u0103 flexibilitate.<\/p>\n\n\n\n<p>Alungirea este exprimat\u0103 ca procent din lungimea ini\u021bial\u0103 a materialului \u0219i ofer\u0103 informa\u021bii valoroase cu privire la capacitatea materialului de a rezista la \u00eentindere f\u0103r\u0103 fractur\u0103. Materialele plastice utilizate \u00een aplica\u021bii precum foliile de ambalaj sau componentele auto beneficiaz\u0103 de un echilibru de <strong>rezisten\u021b\u0103 la trac\u021biune<\/strong> \u0219i <strong>alungire<\/strong> pentru a se asigura c\u0103 \u00ee\u0219i men\u021bin integritatea, fiind \u00een acela\u0219i timp flexibili.<\/p>\n\n\n\n<h2 class=\"wp-block-heading\">Avantajele testerului de rezisten\u021b\u0103 la trac\u021biune din plastic pentru analiza materialelor<\/h2>\n\n\n\n<p>Utilizarea unui <strong>Tester de rezisten\u021b\u0103 la trac\u021biune din plastic<\/strong> ofer\u0103 mai multe avantaje produc\u0103torilor \u0219i cercet\u0103torilor \u00een domeniul materialelor:<\/p>\n\n\n\n<ol class=\"wp-block-list\">\n<li><strong>Acurate\u021be \u0219i precizie<\/strong>: Testerul ofer\u0103 rezultate fiabile \u0219i repetabile, permi\u021b\u00e2nd m\u0103surarea precis\u0103 a rezisten\u021bei la trac\u021biune, alungirea \u0219i modulul de elasticitate.<\/li>\n\n\n\n<li><strong>Compararea materialelor<\/strong>: Permite compararea diferitelor materiale plastice \u00een condi\u021bii de testare identice, ajut\u00e2nd produc\u0103torii s\u0103 selecteze cel mai adecvat material pentru aplica\u021bii specifice.<\/li>\n\n\n\n<li><strong>Controlul calit\u0103\u021bii<\/strong>: Prin utilizarea unui tester de trac\u021biune, produc\u0103torii se pot asigura c\u0103 produsele lor din plastic \u00eendeplinesc specifica\u021biile necesare pentru rezisten\u021b\u0103, flexibilitate \u0219i durabilitate.<\/li>\n\n\n\n<li><strong>Conformitatea cu standardele<\/strong>: Testatorul se asigur\u0103 c\u0103 rezultatele sunt conforme cu <strong>ASTM D882<\/strong> \u0219i <strong>ISO 527<\/strong> furniz\u00e2nd date care sunt recunoscute la nivel global \u00een diverse industrii.<\/li>\n<\/ol>\n\n\n\n<h2 class=\"wp-block-heading\">De ce s\u0103 alege\u021bi testerele de trac\u021biune Cell Instruments\u2019?<\/h2>\n\n\n\n<p>Cell Instruments ofer\u0103 tehnologie de ultim\u0103 or\u0103 <strong>Testere de trac\u021biune<\/strong> concepute pentru testarea precis\u0103 \u0219i eficient\u0103 la trac\u021biune a materialelor plastice. Produsele noastre <strong>Testere de rezisten\u021b\u0103 la trac\u021biune din plastic<\/strong> sunt echipate cu caracteristici avansate care asigur\u0103 o precizie \u0219i o repetabilitate ridicate, f\u0103c\u00e2ndu-le ideale pentru laboratoare, cercetare \u0219i dezvoltare \u0219i aplica\u021bii de control al calit\u0103\u021bii.<\/p>\n\n\n\n<ul class=\"wp-block-list\">\n<li><strong>Precizie ridicat\u0103<\/strong>: Testerele noastre ofer\u0103 m\u0103sur\u0103tori precise ale for\u021bei, alungirii \u0219i rezisten\u021bei la trac\u021biune.<\/li>\n\n\n\n<li><strong>Versatilitate<\/strong>: Potrivit pentru testarea unei game largi de materiale, inclusiv materiale plastice, compozite \u0219i elastomeri.<\/li>\n\n\n\n<li><strong>Conformitatea cu standardele<\/strong>: Testerele noastre \u00eendeplinesc standarde globale, cum ar fi <strong>ASTM D882<\/strong> \u0219i <strong>ISO 527<\/strong>, asigur\u00e2ndu-v\u0103 c\u0103 procedurile dvs. de testare sunt conforme cu cerin\u021bele industriei.<\/li>\n<\/ul>\n\n\n\n<h2 class=\"wp-block-heading\">Concluzie<\/h2>\n\n\n\n<p>The <strong>Tester de rezisten\u021b\u0103 la trac\u021biune din plastic<\/strong> este un instrument indispensabil pentru evaluarea propriet\u0103\u021bilor mecanice ale materialelor plastice. Prin aderarea la <strong>ASTM D882<\/strong> \u0219i <strong>ISO 527<\/strong>, produc\u0103torii pot ob\u021bine date precise \u0219i coerente privind rezisten\u021ba la trac\u021biune, alungirea \u0219i modulul de elasticitate al materialelor plastice. Aceste propriet\u0103\u021bi sunt vitale pentru determinarea performan\u021bei materialului \u00een diverse aplica\u021bii, de la folii de ambalaj la componente auto.<\/p>\n\n\n\n<p>Cell Instruments ofer\u0103 \u00eenalt\u0103 calitate <strong>Testere de trac\u021biune<\/strong> care v\u0103 ajut\u0103 s\u0103 asigura\u021bi durabilitatea \u0219i fiabilitatea materialelor dvs. plastice. Fie c\u0103 dezvolta\u021bi produse noi sau asigura\u021bi controlul calit\u0103\u021bii, aparatele noastre de testare v\u0103 ofer\u0103 datele de care ave\u021bi nevoie pentru a lua decizii \u00een cuno\u0219tin\u021b\u0103 de cauz\u0103 \u0219i pentru a respecta standardele din industrie.<\/p>","protected":false},"excerpt":{"rendered":"<p>Un tester de rezisten\u021b\u0103 la trac\u021biune pentru materiale plastice este esen\u021bial pentru evaluarea propriet\u0103\u021bilor mecanice ale materialelor plastice, \u00een special a capacit\u0103\u021bii acestora de a rezista la for\u021be de trac\u021biune. Testarea la trac\u021biune ofer\u0103 date valoroase despre rezisten\u021ba, alungirea \u0219i modulul de elasticitate al materialelor plastice, asigur\u00e2nd adecvarea acestora pentru diverse aplica\u021bii industriale. \u00cen acest articol, vom explora semnifica\u021bia testului de [...]<\/p>","protected":false},"featured_media":1154,"parent":0,"template":"","meta":{"_acf_changed":true},"product-category":[56],"class_list":["post-1138","product","type-product","status-publish","has-post-thumbnail","hentry","product-category-plastic-tensile-strength-test"],"acf":[],"_links":{"self":[{"href":"https:\/\/www.packtests.com\/ro\/wp-json\/wp\/v2\/product\/1138","targetHints":{"allow":["GET"]}}],"collection":[{"href":"https:\/\/www.packtests.com\/ro\/wp-json\/wp\/v2\/product"}],"about":[{"href":"https:\/\/www.packtests.com\/ro\/wp-json\/wp\/v2\/types\/product"}],"wp:featuredmedia":[{"embeddable":true,"href":"https:\/\/www.packtests.com\/ro\/wp-json\/wp\/v2\/media\/1154"}],"wp:attachment":[{"href":"https:\/\/www.packtests.com\/ro\/wp-json\/wp\/v2\/media?parent=1138"}],"wp:term":[{"taxonomy":"product-category","embeddable":true,"href":"https:\/\/www.packtests.com\/ro\/wp-json\/wp\/v2\/product-category?post=1138"}],"curies":[{"name":"wp","href":"https:\/\/api.w.org\/{rel}","templated":true}]}}