{"id":1160,"date":"2026-03-25T07:33:37","date_gmt":"2026-03-25T07:33:37","guid":{"rendered":"https:\/\/www.packtests.com\/?post_type=product&#038;p=1160"},"modified":"2026-03-26T05:21:25","modified_gmt":"2026-03-26T05:21:25","slug":"gross-leak-bubble-tester","status":"publish","type":"product","link":"https:\/\/www.packtests.com\/ro\/product\/gross-leak-bubble-tester\/","title":{"rendered":"GLT-01 Tester cu bule de scurgere brut\u0103"},"content":{"rendered":"<p>\u00cen industria ambalajelor, asigurarea integrit\u0103\u021bii materialului de ambalare este esen\u021bial\u0103 pentru protec\u021bia produselor \u00een timpul transportului \u0219i depozit\u0103rii. Caracteristicile <strong>tester de bule cu scurgeri brute<\/strong> este un instrument esen\u021bial utilizat pentru identificarea scurgerilor semnificative \u00een ambalaje, asigur\u00e2nd etan\u0219eitatea necesar\u0103 pentru protejarea con\u021binutului, cum ar fi produsele alimentare, farmaceutice \u0219i dispozitivele medicale. Acest articol ofer\u0103 o privire aprofundat\u0103 asupra <strong>tester de bule cu scurgeri brute<\/strong>, rolul s\u0103u \u00een <strong>detectarea scurgerilor brute<\/strong>, \u0219i aplica\u021biile sale \u00een <strong>testarea pachetelor<\/strong>. Vom discuta, de asemenea, standardele relevante, cum ar fi <strong>ASTM F2096<\/strong> care ajut\u0103 la evaluarea eficien\u021bei materialelor de ambalare.<\/p>\n\n\n\n<h2 class=\"wp-block-heading\"><strong>Ce este un tester de scurgeri brute cu bule?<\/strong><\/h2>\n\n\n\n<p>A <strong>tester de bule cu scurgeri brute<\/strong> este un dispozitiv utilizat pentru detectarea scurgerilor majore \u00een ambalaje, de obicei prin aplicarea unei presiuni interne \u0219i observarea form\u0103rii de bule. Aceast\u0103 metod\u0103 presupune scufundarea ambalajului \u00eentr-o solu\u021bie, \u00een care se introduce aer sub presiune. Dac\u0103 ambalajul este compromis, acesta va pierde aer, produc\u00e2nd bule vizibile care indic\u0103 zonele de defec\u021biune.<\/p>\n\n\n\n<p>Aceast\u0103 metod\u0103 de testare este eficient\u0103 pentru detectarea scurgerilor at\u00e2t \u00een <strong>ambalaje rigide \u0219i flexibile<\/strong>, asigur\u00e2ndu-se c\u0103 recipientele \u00ee\u0219i men\u021bin integritatea sub presiune. Este utilizat pe scar\u0103 larg\u0103 \u00een industrii precum cea farmaceutic\u0103, alimentar\u0103 \u0219i a ambalajelor medicale, unde sigiliile ermetice sunt esen\u021biale pentru asigurarea siguran\u021bei \u0219i calit\u0103\u021bii produselor.<\/p>\n\n\n\n<h2 class=\"wp-block-heading\"><strong>\u00cen\u021belegerea testului de etan\u0219eitate prin imersie cu bule<\/strong><\/h2>\n\n\n\n<p>The <strong>test de etan\u0219eitate prin imersie cu bule<\/strong> este o metod\u0103 frecvent utilizat\u0103 pentru detectarea scurgerilor grave \u00een ambalaje. \u00cen timpul acestui test, un ambalaj este scufundat \u00een ap\u0103 sau \u00eentr-o alt\u0103 solu\u021bie adecvat\u0103, iar presiunea este aplicat\u0103 pentru a crea presiune intern\u0103 \u00een interiorul ambalajului. Dac\u0103 ambalajul are scurgeri, aerul va ie\u0219i prin aceste defecte, form\u00e2nd bule care pot fi observate cu u\u0219urin\u021b\u0103. Bulele indic\u0103 prezen\u021ba unui punct de defec\u021biune, cum ar fi o gaur\u0103, o fisur\u0103 sau o etan\u0219are necorespunz\u0103toare.<\/p>\n\n\n\n<p>Aceast\u0103 metod\u0103 de testare este preferat\u0103 deoarece este foarte sensibil\u0103 la scurgeri de p\u00e2n\u0103 la 250 microni, \u00een func\u021bie de presiunea utilizat\u0103. Metoda <strong>test de etan\u0219eitate prin imersie cu bule<\/strong> este o modalitate fiabil\u0103 de a verifica calitatea \u0219i siguran\u021ba general\u0103 a materialelor de ambalare \u00eenainte ca acestea s\u0103 fie utilizate pentru a con\u021bine produse sensibile.<\/p>\n\n\n\n<h2 class=\"wp-block-heading\"><strong>ASTM F2096: Metod\u0103 standard de testare pentru detectarea scurgerilor brute<\/strong><\/h2>\n\n\n\n<p><strong>ASTM F2096<\/strong> este metoda standard de testare pentru detectarea <strong>scurgeri brute<\/strong> \u00een ambalaje prin testul cu bule de presurizare intern\u0103. Acest standard prezint\u0103 procedura de identificare a scurgerilor mari \u00een materialele de ambalare rigide \u0219i flexibile. Testul se efectueaz\u0103 prin aplicarea unei presiuni prestabilite asupra ambalajului, care este scufundat \u00een ap\u0103. Dac\u0103 sunt prezente scurgeri, se va observa un flux continuu de bule.<\/p>\n\n\n\n<p>The <strong>ASTM F2096<\/strong> define\u0219te, de asemenea, sensibilitatea testului, care poate detecta scurgeri de p\u00e2n\u0103 la 250 microni cu o probabilitate 81%. Acest lucru \u00eel face un instrument esen\u021bial pentru asigurarea integrit\u0103\u021bii ambalajelor, \u00een special \u00een industriile \u00een care men\u021binerea unor medii sterile sau f\u0103r\u0103 contaminare este crucial\u0103.<\/p>\n\n\n\n<h2 class=\"wp-block-heading\"><strong>Rolul testerului de etan\u0219eitate brut\u0103 \u00een testarea ambalajelor<\/strong><\/h2>\n\n\n\n<p>Utilizarea unui <strong>tester de scurgere brut pentru testarea ambalajelor<\/strong> este esen\u021bial\u0103 pentru a se asigura c\u0103 materialele de ambalare sunt capabile s\u0103 reziste rigorilor transportului \u0219i depozit\u0103rii. Aceast\u0103 metod\u0103 ajut\u0103 la identificarea punctelor slabe ale ambalajului, cum ar fi:<\/p>\n\n\n\n<ul class=\"wp-block-list\">\n<li><strong>G\u0103uri<\/strong><\/li>\n\n\n\n<li><strong>Fisuri<\/strong><\/li>\n\n\n\n<li><strong>Etan\u0219\u0103ri necorespunz\u0103toare<\/strong><\/li>\n<\/ul>\n\n\n\n<p>Prin utilizarea <strong>tester de bule cu scurgeri brute<\/strong>, produc\u0103torii pot detecta aceste probleme din timp, prevenind e\u0219ecuri costisitoare ale produselor, rechem\u0103ri sau deterior\u0103ri. Capacitatea de a detecta aceste scurgeri \u00eenainte ca ambalajul s\u0103 fie expediat garanteaz\u0103 c\u0103 produsele sunt sigure \u0219i \u00eendeplinesc standardele de reglementare.<\/p>\n\n\n\n<h2 class=\"wp-block-heading\"><strong>Beneficiile utiliz\u0103rii unui tester de scurgeri brute<\/strong><\/h2>\n\n\n\n<ol class=\"wp-block-list\">\n<li><strong>Detectarea precis\u0103 a scurgerilor<\/strong>: The <strong>tester de bule cu scurgeri brute<\/strong> asigur\u0103 identificarea chiar \u0219i a celor mai mici scurgeri, contribuind la \u00eembun\u0103t\u0103\u021birea calit\u0103\u021bii generale a ambalajelor.<\/li>\n\n\n\n<li><strong>Eficien\u021ba costurilor<\/strong>: Prin detectarea timpurie a defectelor de ambalare, produc\u0103torii pot evita costul retururilor, al bunurilor deteriorate \u0219i al sanc\u021biunilor de reglementare.<\/li>\n\n\n\n<li><strong>Performan\u021b\u0103 \u00eembun\u0103t\u0103\u021bit\u0103 a ambalajului<\/strong>: Testarea regulat\u0103 asigur\u0103 c\u0103 materialele de ambalare \u00ee\u0219i men\u021bin integritatea sub presiune, reduc\u00e2nd riscul de scurgeri \u00een timpul transportului.<\/li>\n\n\n\n<li><strong>Conformitatea cu standardele<\/strong>: Aderarea la <strong>ASTM F2096<\/strong> \u0219i standarde similare asigur\u0103 conformitatea cu reglement\u0103rile din industrie, \u00eembun\u0103t\u0103\u021bind siguran\u021ba produsului ambalat.<\/li>\n<\/ol>\n\n\n\n<p><\/p>\n\n\n\n<p>Pentru \u00eentreprinderile care doresc s\u0103 \u00eembun\u0103t\u0103\u021beasc\u0103 calitatea ambalajelor, investi\u021bia \u00eentr-un <strong>tester de scurgere brut pentru testarea ambalajelor<\/strong> este o decizie inteligent\u0103. Nu numai c\u0103 ajut\u0103 la asigurarea siguran\u021bei ambalajelor, dar contribuie \u0219i la respectarea reglement\u0103rilor \u0219i la reducerea costurilor. La Cell Instruments, oferim produse de \u00eenalt\u0103 calitate <strong>testere de etan\u0219eitate brute<\/strong> concepute pentru a \u00eendeplini cerin\u021bele riguroase ale test\u0103rii ambalajelor.<\/p>\n\n\n\n<p><\/p>","protected":false},"excerpt":{"rendered":"<p>In packaging industries, ensuring the integrity of the packaging material is crucial for product protection during transit and storage. The gross leak bubble tester is an essential tool used to identify significant leaks in packaging, ensuring the airtightness required to protect contents like food, pharmaceuticals, and medical devices. This article provides an in-depth look into [&hellip;]<\/p>","protected":false},"featured_media":1161,"parent":0,"template":"","meta":{"_acf_changed":true},"product-category":[60],"class_list":["post-1160","product","type-product","status-publish","has-post-thumbnail","hentry","product-category-pressurization"],"acf":[],"_links":{"self":[{"href":"https:\/\/www.packtests.com\/ro\/wp-json\/wp\/v2\/product\/1160","targetHints":{"allow":["GET"]}}],"collection":[{"href":"https:\/\/www.packtests.com\/ro\/wp-json\/wp\/v2\/product"}],"about":[{"href":"https:\/\/www.packtests.com\/ro\/wp-json\/wp\/v2\/types\/product"}],"wp:featuredmedia":[{"embeddable":true,"href":"https:\/\/www.packtests.com\/ro\/wp-json\/wp\/v2\/media\/1161"}],"wp:attachment":[{"href":"https:\/\/www.packtests.com\/ro\/wp-json\/wp\/v2\/media?parent=1160"}],"wp:term":[{"taxonomy":"product-category","embeddable":true,"href":"https:\/\/www.packtests.com\/ro\/wp-json\/wp\/v2\/product-category?post=1160"}],"curies":[{"name":"wp","href":"https:\/\/api.w.org\/{rel}","templated":true}]}}