{"id":1160,"date":"2026-03-25T07:33:37","date_gmt":"2026-03-25T07:33:37","guid":{"rendered":"https:\/\/www.packtests.com\/?post_type=product&#038;p=1160"},"modified":"2026-03-26T05:21:25","modified_gmt":"2026-03-26T05:21:25","slug":"gross-leak-bubble-tester","status":"publish","type":"product","link":"https:\/\/www.packtests.com\/sk\/product\/gross-leak-bubble-tester\/","title":{"rendered":"GLT-01 Hrub\u00fd bublinov\u00fd tester netesnost\u00ed"},"content":{"rendered":"<p>V obalov\u00fdch odvetviach je zabezpe\u010denie neporu\u0161enosti obalov\u00e9ho materi\u00e1lu rozhoduj\u00face pre ochranu v\u00fdrobkov po\u010das prepravy a skladovania. Na str\u00e1nke . <strong>Hrub\u00fd bublinov\u00fd tester \u00faniku<\/strong> je z\u00e1kladn\u00fdm n\u00e1strojom, ktor\u00fd sa pou\u017e\u00edva na identifik\u00e1ciu v\u00fdznamn\u00fdch netesnost\u00ed v obaloch a zabezpe\u010duje vzduchotesnos\u0165 potrebn\u00fa na ochranu obsahu, ako s\u00fa potraviny, lie\u010div\u00e1 a zdravotn\u00edcke pom\u00f4cky. Tento \u010dl\u00e1nok poskytuje podrobn\u00fd poh\u013ead na <strong>Hrub\u00fd bublinov\u00fd tester \u00faniku<\/strong>, jeho \u00faloha v <strong>zis\u0165ovanie hrub\u00fdch \u00fanikov<\/strong>, a jeho aplik\u00e1cie v <strong>testovanie bal\u00edkov<\/strong>. Budeme tie\u017e diskutova\u0165 o pr\u00edslu\u0161n\u00fdch norm\u00e1ch, ako napr. <strong>ASTM F2096<\/strong> ktor\u00e9 pom\u00e1haj\u00fa pri hodnoten\u00ed \u00fa\u010dinnosti obalov\u00fdch materi\u00e1lov.<\/p>\n\n\n\n<h2 class=\"wp-block-heading\"><strong>\u010co je hrub\u00fd bublinov\u00fd tester \u00faniku?<\/strong><\/h2>\n\n\n\n<p>A <strong>Hrub\u00fd bublinov\u00fd tester \u00faniku<\/strong> je zariadenie pou\u017e\u00edvan\u00e9 na zis\u0165ovanie v\u00e4\u010d\u0161\u00edch netesnost\u00ed v obaloch, zvy\u010dajne p\u00f4soben\u00edm vn\u00fatorn\u00e9ho tlaku a pozorovan\u00edm tvorby bubl\u00edn. T\u00e1to met\u00f3da zah\u0155\u0148a ponorenie obalu do roztoku, do ktor\u00e9ho sa pod tlakom vh\u00e1\u0148a vzduch. Ak je obal po\u0161koden\u00fd, unik\u00e1 z neho vzduch, pri\u010dom sa vytv\u00e1raj\u00fa vidite\u013en\u00e9 bubliny, ktor\u00e9 indikuj\u00fa miesta poruchy.<\/p>\n\n\n\n<p>T\u00e1to testovacia met\u00f3da je \u00fa\u010dinn\u00e1 na zis\u0165ovanie \u00fanikov v oboch <strong>pevn\u00e9 a flexibiln\u00e9 obaly<\/strong>, \u010d\u00edm sa zabezpe\u010d\u00ed, \u017ee kontajnery si pod tlakom zachovaj\u00fa svoju integritu. \u0160iroko sa pou\u017e\u00edva v priemyseln\u00fdch odvetviach, ako s\u00fa farmaceutick\u00fd, potravin\u00e1rsky a lek\u00e1rsky priemysel, kde s\u00fa vzduchotesn\u00e9 uz\u00e1very rozhoduj\u00face pre zaistenie bezpe\u010dnosti a kvality v\u00fdrobkov.<\/p>\n\n\n\n<h2 class=\"wp-block-heading\"><strong>Pochopenie testu tesnosti ponoren\u00edm do bubliny<\/strong><\/h2>\n\n\n\n<p>Str\u00e1nka <strong>bublinkov\u00fd test tesnosti<\/strong> je be\u017en\u00e1 met\u00f3da pou\u017e\u00edvan\u00e1 na zis\u0165ovanie hrub\u00fdch netesnost\u00ed v obaloch. Po\u010das tejto sk\u00fa\u0161ky sa obal ponor\u00ed do vody alebo in\u00e9ho vhodn\u00e9ho roztoku a p\u00f4soben\u00edm tlaku sa v obale vytvor\u00ed vn\u00fatorn\u00fd tlak. Ak m\u00e1 balenie nejak\u00e9 netesnosti, vzduch unik\u00e1 cez tieto chyby a vytv\u00e1ra bubliny, ktor\u00e9 mo\u017eno \u013eahko pozorova\u0165. Bublinky nazna\u010duj\u00fa pr\u00edtomnos\u0165 miesta poruchy, napr\u00edklad dierky, trhliny alebo nespr\u00e1vneho tesnenia.<\/p>\n\n\n\n<p>T\u00e1to sk\u00fa\u0161obn\u00e1 met\u00f3da sa uprednost\u0148uje, preto\u017ee je ve\u013emi citliv\u00e1 na \u00faniky s ve\u013ekos\u0165ou a\u017e 250 mikr\u00f3nov v z\u00e1vislosti od pou\u017eit\u00e9ho tlaku. Na str\u00e1nke <strong>bublinkov\u00fd test tesnosti<\/strong> je spo\u013eahliv\u00fd sp\u00f4sob kontroly celkovej kvality a bezpe\u010dnosti obalov\u00fdch materi\u00e1lov pred ich pou\u017eit\u00edm na balenie citliv\u00fdch v\u00fdrobkov.<\/p>\n\n\n\n<h2 class=\"wp-block-heading\"><strong>ASTM F2096: \u0160tandardn\u00e1 sk\u00fa\u0161obn\u00e1 met\u00f3da na zis\u0165ovanie hrub\u00fdch \u00fanikov<\/strong><\/h2>\n\n\n\n<p><strong>ASTM F2096<\/strong> je \u0161tandardn\u00e1 testovacia met\u00f3da na zis\u0165ovanie <strong>hrub\u00e9 \u00faniky<\/strong> v obale pomocou sk\u00fa\u0161ky vn\u00fatorn\u00e9ho tlaku v bublin\u00e1ch. V tejto norme sa uv\u00e1dza postup na identifik\u00e1ciu ve\u013ek\u00fdch netesnost\u00ed v pevn\u00fdch a pru\u017en\u00fdch obalov\u00fdch materi\u00e1loch. Sk\u00fa\u0161ka sa vykon\u00e1va p\u00f4soben\u00edm vopred stanoven\u00e9ho tlaku na obal, ktor\u00fd je ponoren\u00fd do vody. Ak s\u00fa pr\u00edtomn\u00e9 nejak\u00e9 netesnosti, pozoruje sa nepretr\u017eit\u00fd pr\u00fad bubl\u00edn.<\/p>\n\n\n\n<p>Str\u00e1nka <strong>ASTM F2096<\/strong> Norma definuje aj citlivos\u0165 testu, ktor\u00fd dok\u00e1\u017ee odhali\u0165 \u00faniky s pravdepodobnos\u0165ou 81% u\u017e od 250 mikr\u00f3nov. To z neho rob\u00ed z\u00e1kladn\u00fd n\u00e1stroj na zabezpe\u010denie integrity obalov, najm\u00e4 v priemyseln\u00fdch odvetviach, kde je rozhoduj\u00face zachovanie steriln\u00e9ho prostredia alebo prostredia bez kontamin\u00e1cie.<\/p>\n\n\n\n<h2 class=\"wp-block-heading\"><strong>\u00daloha testera hrubej netesnosti pri testovan\u00ed obalov<\/strong><\/h2>\n\n\n\n<p>Pou\u017eitie <strong>Hrub\u00fd tester tesnosti na testovanie obalov<\/strong> je nevyhnutn\u00e9 zabezpe\u010di\u0165, aby obalov\u00e9 materi\u00e1ly vydr\u017eali n\u00e1ro\u010dn\u00e9 podmienky prepravy a skladovania. T\u00e1to met\u00f3da pom\u00e1ha identifikova\u0165 slab\u00e9 miesta obalu, ako s\u00fa napr:<\/p>\n\n\n\n<ul class=\"wp-block-list\">\n<li><strong>Dierky po \u0161pendl\u00edkoch<\/strong><\/li>\n\n\n\n<li><strong>Trhliny<\/strong><\/li>\n\n\n\n<li><strong>Nespr\u00e1vne tesnenia<\/strong><\/li>\n<\/ul>\n\n\n\n<p>Pomocou <strong>Hrub\u00fd bublinov\u00fd tester \u00faniku<\/strong>, m\u00f4\u017eu v\u00fdrobcovia tieto probl\u00e9my v\u010das odhali\u0165 a pred\u00eds\u0165 tak n\u00e1kladn\u00fdm poruch\u00e1m, stiahnutiu v\u00fdrobku z trhu alebo po\u0161kodeniu. Schopnos\u0165 odhali\u0165 tieto netesnosti e\u0161te pred odoslan\u00edm obalu zaru\u010duje, \u017ee v\u00fdrobky s\u00fa bezpe\u010dn\u00e9 a sp\u013a\u0148aj\u00fa regula\u010dn\u00e9 normy.<\/p>\n\n\n\n<h2 class=\"wp-block-heading\"><strong>V\u00fdhody pou\u017e\u00edvania hrub\u00e9ho testera \u00faniku<\/strong><\/h2>\n\n\n\n<ol class=\"wp-block-list\">\n<li><strong>Presn\u00e1 detekcia \u00faniku<\/strong>: Na str\u00e1nke <strong>Hrub\u00fd bublinov\u00fd tester \u00faniku<\/strong> zabezpe\u010duje identifik\u00e1ciu aj t\u00fdch najmen\u0161\u00edch netesnost\u00ed, \u010d\u00edm pom\u00e1ha zlep\u0161ova\u0165 celkov\u00fa kvalitu balenia.<\/li>\n\n\n\n<li><strong>N\u00e1kladov\u00e1 efekt\u00edvnos\u0165<\/strong>: V\u010dasn\u00fdm odhalen\u00edm ch\u00fdb obalov sa v\u00fdrobcovia m\u00f4\u017eu vyhn\u00fa\u0165 n\u00e1kladom na vr\u00e1tenie tovaru, po\u0161koden\u00e9mu tovaru a sankci\u00e1m zo strany regula\u010dn\u00fdch org\u00e1nov.<\/li>\n\n\n\n<li><strong>Vylep\u0161en\u00fd v\u00fdkon obalov<\/strong>: Pravideln\u00e9 testovanie zabezpe\u010duje, \u017ee obalov\u00e9 materi\u00e1ly si zachovaj\u00fa svoju integritu pod tlakom, \u010d\u00edm sa zni\u017euje riziko \u00faniku po\u010das prepravy.<\/li>\n\n\n\n<li><strong>Dodr\u017eiavanie noriem<\/strong>: Dodr\u017eiavanie <strong>ASTM F2096<\/strong> a podobn\u00fdch noriem zabezpe\u010duje s\u00falad s priemyseln\u00fdmi predpismi a zvy\u0161uje bezpe\u010dnos\u0165 balen\u00e9ho v\u00fdrobku.<\/li>\n<\/ol>\n\n\n\n<p><\/p>\n\n\n\n<p>Pre podniky, ktor\u00e9 chc\u00fa zlep\u0161i\u0165 kvalitu obalov, je invest\u00edcia do <strong>Hrub\u00fd tester tesnosti na testovanie obalov<\/strong> je rozumn\u00e9 rozhodnutie. Pom\u00e1ha nielen zaisti\u0165 bezpe\u010dnos\u0165 obalov, ale prispieva aj k dodr\u017eiavaniu pr\u00e1vnych predpisov a \u00faspore n\u00e1kladov. V spolo\u010dnosti Cell Instruments pon\u00fakame vysokokvalitn\u00e9 <strong>Hrub\u00e9 testery tesnosti<\/strong> navrhnut\u00e9 tak, aby sp\u013a\u0148ali pr\u00edsne po\u017eiadavky na testovanie obalov.<\/p>\n\n\n\n<p><\/p>","protected":false},"excerpt":{"rendered":"<p>In packaging industries, ensuring the integrity of the packaging material is crucial for product protection during transit and storage. The gross leak bubble tester is an essential tool used to identify significant leaks in packaging, ensuring the airtightness required to protect contents like food, pharmaceuticals, and medical devices. This article provides an in-depth look into [&hellip;]<\/p>","protected":false},"featured_media":1161,"parent":0,"template":"","meta":{"_acf_changed":true},"product-category":[60],"class_list":["post-1160","product","type-product","status-publish","has-post-thumbnail","hentry","product-category-pressurization"],"acf":[],"_links":{"self":[{"href":"https:\/\/www.packtests.com\/sk\/wp-json\/wp\/v2\/product\/1160","targetHints":{"allow":["GET"]}}],"collection":[{"href":"https:\/\/www.packtests.com\/sk\/wp-json\/wp\/v2\/product"}],"about":[{"href":"https:\/\/www.packtests.com\/sk\/wp-json\/wp\/v2\/types\/product"}],"wp:featuredmedia":[{"embeddable":true,"href":"https:\/\/www.packtests.com\/sk\/wp-json\/wp\/v2\/media\/1161"}],"wp:attachment":[{"href":"https:\/\/www.packtests.com\/sk\/wp-json\/wp\/v2\/media?parent=1160"}],"wp:term":[{"taxonomy":"product-category","embeddable":true,"href":"https:\/\/www.packtests.com\/sk\/wp-json\/wp\/v2\/product-category?post=1160"}],"curies":[{"name":"wp","href":"https:\/\/api.w.org\/{rel}","templated":true}]}}