{"id":1171,"date":"2026-03-26T02:24:39","date_gmt":"2026-03-26T02:24:39","guid":{"rendered":"https:\/\/www.packtests.com\/?post_type=product&#038;p=1171"},"modified":"2026-03-26T05:19:53","modified_gmt":"2026-03-26T05:19:53","slug":"pouch-burst-tester","status":"publish","type":"product","link":"https:\/\/www.packtests.com\/sk\/product\/pouch-burst-tester\/","title":{"rendered":"LSST-01 Tester roztrhnutia vrecka"},"content":{"rendered":"<p>V obalovom priemysle je zabezpe\u010denie celistvosti a pevnosti obalu ve\u013emi d\u00f4le\u017eit\u00e9, najm\u00e4 v odvetviach, ako s\u00fa potraviny, lie\u010div\u00e1 a zdravotn\u00edcke pom\u00f4cky. Jednou z najspo\u013eahlivej\u0161\u00edch met\u00f3d hodnotenia odolnosti obalu je <strong>tester roztrhnutia vrecka<\/strong>. Toto zariadenie je ur\u010den\u00e9 na testovanie pevnosti pru\u017en\u00fdch obalov v roztrhnut\u00ed, \u010d\u00edm sa zabezpe\u010d\u00ed, \u017ee vydr\u017eia tlak, s ktor\u00fdm sa m\u00f4\u017eu stretn\u00fa\u0165 po\u010das prepravy a skladovania.<\/p>\n\n\n\n<p>Tento \u010dl\u00e1nok sa bude zaobera\u0165 <strong>tester roztrhnutia vrecka<\/strong>, jeho v\u00fdznam pri kontrole kvality balenia a jeho s\u00falad s normami, ako napr. <strong>ASTM F1140<\/strong>. Okrem toho budeme diskutova\u0165 o v\u00fdzname <strong>ASTM F2054<\/strong>, <strong>testovanie roztrhnutia pre bal\u00edky<\/strong>, a <strong>sk\u00fa\u0161ka poklesu tlaku<\/strong> pri ur\u010dovan\u00ed v\u00fdkonu bal\u00edka.<\/p>\n\n\n\n<h2 class=\"wp-block-heading\"><strong>\u010co je to tester roztrhnutia vrecka?<\/strong><\/h2>\n\n\n\n<p>A <strong>tester roztrhnutia vrecka<\/strong> je pr\u00edstroj, ktor\u00fd sa pou\u017e\u00edva na stanovenie pevnosti v roztrhnut\u00ed pru\u017en\u00fdch obalov vr\u00e1tane vrec\u00fa\u0161ok. To sa dosiahne vn\u00fatorn\u00fdm stla\u010den\u00edm obalu, a\u017e k\u00fdm ned\u00f4jde k jeho zlyhaniu. Tester je navrhnut\u00fd tak, aby simuloval re\u00e1lne podmienky, ako s\u00fa zmeny tlaku po\u010das prepravy alebo steriliz\u00e1cie, s cie\u013eom vyhodnoti\u0165 schopnos\u0165 obalu odol\u00e1va\u0165 roztrhnutiu.<\/p>\n\n\n\n<p>Tester funguje tak, \u017ee na obal vyv\u00edja kontrolovan\u00fd vn\u00fatorn\u00fd tlak, a\u017e k\u00fdm nepraskne. Bod zlyhania je zvy\u010dajne v mieste tesnenia obalu alebo v slab\u00fdch miestach materi\u00e1lu. Tester meria tlak, pri ktorom balenie praskne, a poskytuje tak d\u00f4le\u017eit\u00e9 \u00fadaje o trvanlivosti a integrite balenia.<\/p>\n\n\n\n<h2 class=\"wp-block-heading\"><strong>ASTM F1140: Testovanie odolnosti vo\u010di vn\u00fatorn\u00e9mu tlaku<\/strong><\/h2>\n\n\n\n<p><strong>ASTM F1140<\/strong> uv\u00e1dza \u0161tandardn\u00e9 sk\u00fa\u0161obn\u00e9 met\u00f3dy na vyhodnotenie odolnosti neusporiadan\u00fdch obalov vo\u010di vn\u00fatorn\u00e9mu tlaku. Norma obsahuje nieko\u013eko sk\u00fa\u0161obn\u00fdch met\u00f3d, ktor\u00fdmi sa hodnot\u00ed odolnos\u0165 obalu vo\u010di vn\u00fatorn\u00e9mu tlaku:<\/p>\n\n\n\n<ul class=\"wp-block-list\">\n<li><strong>Sk\u00fa\u0161obn\u00e1 met\u00f3da A (sk\u00fa\u0161ka roztrhnut\u00edm):<\/strong> Pri tejto met\u00f3de sa bal\u00edk tlakuje, a\u017e k\u00fdm nepraskne, pri\u010dom sa meria maxim\u00e1lny tlak v mieste poruchy.<\/li>\n\n\n\n<li><strong>Sk\u00fa\u0161obn\u00e1 met\u00f3da B (sk\u00fa\u0161ka na te\u010denie):<\/strong> Pri tejto met\u00f3de sa na bal\u00edk aplikuje ur\u010dit\u00fd tlak, ktor\u00fd sa udr\u017eiava po\u010das stanoven\u00e9ho \u010dasu, a zis\u0165uje sa, \u010di bal\u00edk vydr\u017e\u00ed tlak bez poruchy.<\/li>\n\n\n\n<li><strong>Sk\u00fa\u0161obn\u00e1 met\u00f3da C (te\u010denie do poru\u0161enia):<\/strong> Pri tejto met\u00f3de sa bal\u00edk na\u010falej vystavuje tlaku, k\u00fdm nepraskne, pri\u010dom sa zaznamen\u00e1va \u010das, za ktor\u00fd d\u00f4jde k poruche.<\/li>\n<\/ul>\n\n\n\n<p>Tieto testy pom\u00e1haj\u00fa zabezpe\u010di\u0165, aby balenie zvl\u00e1dlo tlakov\u00e9 rozdiely, ktor\u00e9 m\u00f4\u017eu vznikn\u00fa\u0165 po\u010das steriliz\u00e1cie alebo prepravy. Poskytuj\u00fa tie\u017e cenn\u00e9 \u00fadaje na ur\u010denie vhodnosti obalov\u00fdch materi\u00e1lov pre konkr\u00e9tne v\u00fdrobky.<\/p>\n\n\n\n<h2 class=\"wp-block-heading\"><strong>D\u00f4le\u017eitos\u0165 testovania roztrhnutia pre obaly<\/strong><\/h2>\n\n\n\n<p><strong>Testovanie v\u00fdbuchu<\/strong> je k\u013e\u00fa\u010dov\u00fdm krokom pri kontrole kvality balenia. Simuluje extr\u00e9mne podmienky, ktor\u00fdm m\u00f4\u017ee by\u0165 obal vystaven\u00fd po\u010das svojho \u017eivotn\u00e9ho cyklu. Patria sem tlakov\u00e9 rozdiely sp\u00f4soben\u00e9 vonkaj\u0161\u00edmi faktormi, ako s\u00fa zmeny nadmorskej v\u00fd\u0161ky alebo teploty, a vn\u00fatorn\u00e9 faktory, ako je obsah obalu.<\/p>\n\n\n\n<p>Pomocou <strong>tester roztrhnutia vrecka<\/strong>, m\u00f4\u017eu v\u00fdrobcovia zabezpe\u010di\u0165, aby ich obaly vydr\u017eali toto nam\u00e1hanie bez toho, aby sa naru\u0161ila integrita v\u00fdrobku vo vn\u00fatri. Testy na roztrhnutie s\u00fa nevyhnutn\u00e9 na overenie toho, \u010di tesnenia a materi\u00e1ly pou\u017eit\u00e9 v obale zvl\u00e1dnu tlaky, ktor\u00fdm bud\u00fa vystaven\u00e9 po\u010das skladovania, prepravy a manipul\u00e1cie.<\/p>\n\n\n\n<h2 class=\"wp-block-heading\"><strong>ASTM F2054: Testovanie pru\u017en\u00fdch tesnen\u00ed obalov na roztrhnutie<\/strong><\/h2>\n\n\n\n<p>\u010eal\u0161ou d\u00f4le\u017eitou normou pre testovanie roztrhnutia je <strong>ASTM F2054<\/strong>, ktor\u00e1 sa zameriava na testovanie pru\u017en\u00fdch tesnen\u00ed obalov pomocou vn\u00fatorn\u00e9ho stla\u010denia vzduchom vo vn\u00fatri zadr\u017eiavac\u00edch dosiek. T\u00e1to met\u00f3da je obzvl\u00e1\u0161\u0165 u\u017eito\u010dn\u00e1 pri testovan\u00ed pru\u017en\u00fdch obalov, ako s\u00fa vreck\u00e1 a ta\u0161ky, pri ktor\u00fdch zvy\u010dajne doch\u00e1dza k roztrhnutiu v oblasti tesnenia.<\/p>\n\n\n\n<p>Po\u010das <strong>ASTM F2054<\/strong> testovanie, balenie je pod tlakom, k\u00fdm sa nezni\u010d\u00ed tesnenie. Sk\u00fa\u0161ku mo\u017eno vykona\u0165 s otvoren\u00fdm alebo zatvoren\u00fdm obalom v z\u00e1vislosti od typu obalu a po\u017eiadaviek na sk\u00fa\u0161ku. Hlavn\u00fdm cie\u013eom tejto sk\u00fa\u0161ky je vyhodnoti\u0165 pevnos\u0165 tesnenia v roztrhnut\u00ed, ktor\u00e1 je rozhoduj\u00faca pre zachovanie integrity obalu a zabr\u00e1nenie \u00faniku alebo kontamin\u00e1cii.<\/p>\n\n\n\n<h2 class=\"wp-block-heading\"><strong>Sk\u00fa\u0161ka rozpadu tlaku: Zis\u0165ovanie netesnost\u00ed bez roztrhnutia obalu<\/strong><\/h2>\n\n\n\n<p>Okrem testovania trhaviny sa <strong>sk\u00fa\u0161ka poklesu tlaku<\/strong> je \u010fal\u0161ou cennou met\u00f3dou na testovanie integrity bal\u00edka. Tento nede\u0161trukt\u00edvny test meria zmenu tlaku vo vn\u00fatri obalu v priebehu \u010dasu. Pokles tlaku znamen\u00e1, \u017ee v obale je netesnos\u0165.<\/p>\n\n\n\n<p>Str\u00e1nka <strong>sk\u00fa\u0161ka poklesu tlaku<\/strong> je obzvl\u00e1\u0161\u0165 u\u017eito\u010dn\u00e1 na zis\u0165ovanie mal\u00fdch \u00fanikov, ktor\u00e9 nemusia by\u0165 vidite\u013en\u00e9 vo\u013en\u00fdm okom. Na rozdiel od sk\u00fa\u0161ky roztrhnut\u00edm, pri ktorej d\u00f4jde k roztrhnutiu obalu, sk\u00fa\u0161ka rozpadom tlaku umo\u017e\u0148uje v\u00fdrobcom zisti\u0165 netesnosti bez po\u0161kodenia obalu, \u010do z nej rob\u00ed ide\u00e1lnu met\u00f3du na testovanie citliv\u00fdch v\u00fdrobkov.<\/p>\n\n\n\n<h2 class=\"wp-block-heading\"><strong>Pre\u010do pou\u017e\u00edva\u0165 tester roztrhnutia vrecka?<\/strong><\/h2>\n\n\n\n<p>Str\u00e1nka <strong>tester roztrhnutia vrecka<\/strong> pon\u00faka nieko\u013eko v\u00fdhod pre v\u00fdrobcov, ktor\u00ed chc\u00fa zabezpe\u010di\u0165 integritu svojich obalov:<\/p>\n\n\n\n<ol class=\"wp-block-list\">\n<li><strong>Presn\u00e9 meranie tlaku:<\/strong> Tester poskytuje presn\u00e9 merania tlaku, pri ktorom obal zlyh\u00e1, a pom\u00e1ha v\u00fdrobcom ur\u010di\u0165 pevnos\u0165 ich obalov\u00fdch materi\u00e1lov a tesnen\u00ed.<\/li>\n\n\n\n<li><strong>Simul\u00e1cia re\u00e1lneho sveta:<\/strong> T\u00fdm, \u017ee tester vystavuje bal\u00edk zvy\u0161uj\u00facemu sa vn\u00fatorn\u00e9mu tlaku, simuluje podmienky, ktor\u00fdm bude bal\u00edk \u010deli\u0165 pri preprave, a zabezpe\u010duje, aby bal\u00edk odolal skuto\u010dn\u00e9mu nam\u00e1haniu.<\/li>\n\n\n\n<li><strong>R\u00fdchle a efekt\u00edvne testovanie:<\/strong> Tester na roztrhnutie vreciek je navrhnut\u00fd na r\u00fdchle a efekt\u00edvne testovanie, ktor\u00e9 umo\u017e\u0148uje v\u00fdrobcom vyhodnoti\u0165 ve\u013ek\u00fd po\u010det balen\u00ed v kr\u00e1tkom \u010dase.<\/li>\n\n\n\n<li><strong>S\u00falad s priemyseln\u00fdmi normami:<\/strong> Tester je plne v s\u00falade s <strong>ASTM F1140<\/strong> a <strong>ASTM F2054<\/strong>, \u010d\u00edm sa zabezpe\u010d\u00ed, aby v\u00fdrobcovia sp\u013a\u0148ali priemyseln\u00e9 normy pre v\u00fdkonnos\u0165 obalov.<\/li>\n<\/ol>\n\n\n\n<p><strong>Z\u00e1ver<\/strong><\/p>\n\n\n\n<p>Str\u00e1nka <strong>tester roztrhnutia vrecka<\/strong> je z\u00e1kladn\u00fdm n\u00e1strojom na hodnotenie pevnosti v roztrhnut\u00ed a integrity flexibiln\u00fdch obalov. Pomocou sk\u00fa\u0161ok na roztrhnutie a sk\u00fa\u0161ok na rozpad tlaku v s\u00falade s normami, ako napr. <strong>ASTM F1140<\/strong> a <strong>ASTM F2054<\/strong>, m\u00f4\u017eu v\u00fdrobcovia zabezpe\u010di\u0165, aby ich obalov\u00e9 materi\u00e1ly poskytovali primeran\u00fa ochranu v\u00fdrobkov vo vn\u00fatri.<\/p>\n\n\n\n<p>Pre podniky v odvetviach, ako s\u00fa potravin\u00e1rstvo, farmaceutick\u00fd priemysel a zdravotn\u00edcke zariadenia, je investovanie do <strong>tester roztrhnutia vrecka<\/strong> je k\u013e\u00fa\u010dov\u00fdm krokom pri udr\u017eiavan\u00ed vysokej kvality obalov, ktor\u00e9 odol\u00e1vaj\u00fa tlaku dod\u00e1vate\u013esk\u00e9ho re\u0165azca. V spolo\u010dnosti Cell Instruments pon\u00fakame vysoko v\u00fdkonn\u00e9 testovacie rie\u0161enia, ktor\u00e9 sp\u013a\u0148aj\u00fa r\u00f4zne potreby obalov\u00e9ho priemyslu.<\/p>","protected":false},"excerpt":{"rendered":"<p>In the packaging industry, ensuring the integrity and strength of a package is crucial, especially for industries like food, pharmaceuticals, and medical devices. One of the most reliable methods for evaluating package durability is the pouch burst tester. This device is designed to test the burst strength of flexible packages, ensuring that they can withstand [&hellip;]<\/p>","protected":false},"featured_media":1172,"parent":0,"template":"","meta":{"_acf_changed":true},"product-category":[62],"class_list":["post-1171","product","type-product","status-publish","has-post-thumbnail","hentry","product-category-pressure-decay-test"],"acf":[],"_links":{"self":[{"href":"https:\/\/www.packtests.com\/sk\/wp-json\/wp\/v2\/product\/1171","targetHints":{"allow":["GET"]}}],"collection":[{"href":"https:\/\/www.packtests.com\/sk\/wp-json\/wp\/v2\/product"}],"about":[{"href":"https:\/\/www.packtests.com\/sk\/wp-json\/wp\/v2\/types\/product"}],"wp:featuredmedia":[{"embeddable":true,"href":"https:\/\/www.packtests.com\/sk\/wp-json\/wp\/v2\/media\/1172"}],"wp:attachment":[{"href":"https:\/\/www.packtests.com\/sk\/wp-json\/wp\/v2\/media?parent=1171"}],"wp:term":[{"taxonomy":"product-category","embeddable":true,"href":"https:\/\/www.packtests.com\/sk\/wp-json\/wp\/v2\/product-category?post=1171"}],"curies":[{"name":"wp","href":"https:\/\/api.w.org\/{rel}","templated":true}]}}