{"id":1160,"date":"2026-03-25T07:33:37","date_gmt":"2026-03-25T07:33:37","guid":{"rendered":"https:\/\/www.packtests.com\/?post_type=product&#038;p=1160"},"modified":"2026-03-26T05:21:25","modified_gmt":"2026-03-26T05:21:25","slug":"gross-leak-bubble-tester","status":"publish","type":"product","link":"https:\/\/www.packtests.com\/sl\/product\/gross-leak-bubble-tester\/","title":{"rendered":"GLT-01 Tester mehur\u010dkov za grobo pu\u0161\u010danje"},"content":{"rendered":"<p>V embala\u017eni industriji je zagotavljanje celovitosti embala\u017enega materiala klju\u010dnega pomena za za\u0161\u010dito izdelkov med prevozom in skladi\u0161\u010denjem. Spletna stran <strong>tester mehur\u010dkov za bruto pu\u0161\u010danje<\/strong> je osnovno orodje, ki se uporablja za odkrivanje ve\u010djih pu\u0161\u010danj v embala\u017ei in zagotavlja neprepustnost, ki je potrebna za za\u0161\u010dito vsebine, kot so \u017eivila, farmacevtski izdelki in medicinski pripomo\u010dki. Ta \u010dlanek vsebuje poglobljen pregled <strong>tester mehur\u010dkov za bruto pu\u0161\u010danje<\/strong>, njegova vloga v <strong>zaznavanje grobega uhajanja<\/strong>, in njene uporabe v <strong>testiranje paketov<\/strong>. Obravnavali bomo tudi ustrezne standarde, kot so <strong>ASTM F2096<\/strong> ki pomagajo pri ocenjevanju u\u010dinkovitosti embala\u017enih materialov.<\/p>\n\n\n\n<h2 class=\"wp-block-heading\"><strong>Kaj je tester mehur\u010dkov za grobo pu\u0161\u010danje?<\/strong><\/h2>\n\n\n\n<p>A <strong>tester mehur\u010dkov za bruto pu\u0161\u010danje<\/strong> je naprava, ki se uporablja za odkrivanje ve\u010djih pu\u0161\u010danj v embala\u017ei, obi\u010dajno z notranjim pritiskom in opazovanjem nastajanja mehur\u010dkov. Ta metoda vklju\u010duje potopitev embala\u017ee v raztopino, v katero se pod pritiskom vnese zrak. \u010ce je embala\u017ea po\u0161kodovana, za\u010dne pu\u0161\u010dati zrak, pri \u010demer nastanejo vidni mehur\u010dki, ki ozna\u010dujejo obmo\u010dja okvar.<\/p>\n\n\n\n<p>Ta preskusna metoda je u\u010dinkovita za odkrivanje pu\u0161\u010danja v obeh <strong>trda in fleksibilna embala\u017ea<\/strong>, kar zagotavlja, da posode pod pritiskom ohranijo svojo celovitost. \u0160iroko se uporablja v panogah, kot so farmacevtska, \u017eivilska in medicinska embala\u017ea, kjer so zrakotesni pe\u010dati klju\u010dnega pomena za zagotavljanje varnosti in kakovosti izdelkov.<\/p>\n\n\n\n<h2 class=\"wp-block-heading\"><strong>Razumevanje testa pu\u0161\u010danja z potopitvijo v mehur\u010dek<\/strong><\/h2>\n\n\n\n<p>Spletna stran <strong>preskus tesnosti s potopitvijo v mehur\u010dek<\/strong> je obi\u010dajna metoda, ki se uporablja za odkrivanje grobih pu\u0161\u010danj v embala\u017ei. Pri tem preskusu se embala\u017ea potopi v vodo ali drugo primerno raztopino, nato pa se v embala\u017ei ustvari notranji tlak. \u010ce embala\u017ea pu\u0161\u010da, bo skozi te napake uhajal zrak in tvoril mehur\u010dke, ki jih je mogo\u010de zlahka opaziti. Mehur\u010dki ka\u017eejo na prisotnost mesta okvare, kot so luknja, razpoka ali neustrezno tesnilo.<\/p>\n\n\n\n<p>Ta preskusna metoda je najprimernej\u0161a, ker je zelo ob\u010dutljiva na pu\u0161\u010danje, ki je odvisno od uporabljenega tlaka in meri do 250 mikronov. Na spletni strani <strong>preskus tesnosti s potopitvijo v mehur\u010dek<\/strong> je zanesljiv na\u010din za preverjanje splo\u0161ne kakovosti in varnosti embala\u017enih materialov, preden se uporabijo za embala\u017eo ob\u010dutljivih izdelkov.<\/p>\n\n\n\n<h2 class=\"wp-block-heading\"><strong>ASTM F2096: Standardna preskusna metoda za odkrivanje grobih pu\u0161\u010danj<\/strong><\/h2>\n\n\n\n<p><strong>ASTM F2096<\/strong> je standardna preskusna metoda za odkrivanje <strong>groba uhajanja<\/strong> v embala\u017ei s preskusom z mehur\u010dki pod notranjim tlakom. V tem standardu je opisan postopek za ugotavljanje velikih pu\u0161\u010danj v trdih in pro\u017enih embala\u017enih materialih. Preskus se izvede z vnaprej dolo\u010denim pritiskom na embala\u017eo, ki je potopljena v vodo. \u010ce je prisotno kakr\u0161no koli pu\u0161\u010danje, se pojavi neprekinjen tok mehur\u010dkov.<\/p>\n\n\n\n<p>Spletna stran <strong>ASTM F2096<\/strong> standard opredeljuje tudi ob\u010dutljivost testa, ki z verjetnostjo 81% lahko zazna pu\u0161\u010danje \u017ee pri 250 mikronov. Zaradi tega je to bistveno orodje za zagotavljanje celovitosti embala\u017ee, zlasti v panogah, kjer je klju\u010dnega pomena ohranjanje sterilnega okolja ali okolja brez kontaminacije.<\/p>\n\n\n\n<h2 class=\"wp-block-heading\"><strong>Vloga preizku\u0161evalca grobega pu\u0161\u010danja pri presku\u0161anju paketov<\/strong><\/h2>\n\n\n\n<p>Uporaba <strong>bruto tester pu\u0161\u010danja za testiranje paketov<\/strong> je bistvenega pomena za zagotovitev, da so embala\u017eni materiali odporni proti zahtevam pri prevozu in skladi\u0161\u010denju. S to metodo lahko ugotovimo \u0161ibke to\u010dke embala\u017ee, kot so:<\/p>\n\n\n\n<ul class=\"wp-block-list\">\n<li><strong>Drobne luknjice<\/strong><\/li>\n\n\n\n<li><strong>Razpoke<\/strong><\/li>\n\n\n\n<li><strong>Nepravilna tesnila<\/strong><\/li>\n<\/ul>\n\n\n\n<p>Z uporabo <strong>tester mehur\u010dkov za bruto pu\u0161\u010danje<\/strong>, lahko proizvajalci zgodaj odkrijejo te te\u017eave in tako prepre\u010dijo drage okvare, odpoklice ali po\u0161kodbe izdelkov. Zmo\u017enost odkrivanja teh pu\u0161\u010danj pred odpremo embala\u017ee zagotavlja, da so izdelki varni in izpolnjujejo predpisane standarde.<\/p>\n\n\n\n<h2 class=\"wp-block-heading\"><strong>Prednosti uporabe merilnika bruto pu\u0161\u010danja<\/strong><\/h2>\n\n\n\n<ol class=\"wp-block-list\">\n<li><strong>Natan\u010dno odkrivanje pu\u0161\u010danja<\/strong>: Spletna stran <strong>tester mehur\u010dkov za bruto pu\u0161\u010danje<\/strong> zagotavlja, da se odkrijejo tudi najmanj\u0161a pu\u0161\u010danja, kar pripomore k izbolj\u0161anju splo\u0161ne kakovosti embala\u017ee.<\/li>\n\n\n\n<li><strong>Stro\u0161kovna u\u010dinkovitost<\/strong>: Z zgodnjim odkrivanjem napak v embala\u017ei se lahko proizvajalci izognejo stro\u0161kom vra\u010dil, po\u0161kodovanega blaga in zakonskim kaznim.<\/li>\n\n\n\n<li><strong>Izbolj\u0161ana zmogljivost embala\u017ee<\/strong>: Redno testiranje zagotavlja, da embala\u017eni materiali ohranijo svojo celovitost pod pritiskom, kar zmanj\u0161uje tveganje pu\u0161\u010danja med prevozom.<\/li>\n\n\n\n<li><strong>Skladnost s standardi<\/strong>: Upo\u0161tevanje <strong>ASTM F2096<\/strong> in podobnimi standardi zagotavlja skladnost z industrijskimi predpisi ter izbolj\u0161uje varnost pakiranega izdelka.<\/li>\n<\/ol>\n\n\n\n<p><\/p>\n\n\n\n<p>Za podjetja, ki \u017eelijo izbolj\u0161ati kakovost embala\u017ee, je nalo\u017eba v <strong>bruto tester pu\u0161\u010danja za testiranje paketov<\/strong> je pametna odlo\u010ditev. Ne le, da pomaga zagotoviti varnost embala\u017ee, temve\u010d prispeva tudi k skladnosti s predpisi in prihranku stro\u0161kov. V podjetju Cell Instruments ponujamo visokokakovostne <strong>bruto preizku\u0161evalci uhajanja<\/strong> zasnovan tako, da izpolnjuje stroge zahteve testiranja embala\u017ee.<\/p>\n\n\n\n<p><\/p>","protected":false},"excerpt":{"rendered":"<p>In packaging industries, ensuring the integrity of the packaging material is crucial for product protection during transit and storage. The gross leak bubble tester is an essential tool used to identify significant leaks in packaging, ensuring the airtightness required to protect contents like food, pharmaceuticals, and medical devices. This article provides an in-depth look into [&hellip;]<\/p>","protected":false},"featured_media":1161,"parent":0,"template":"","meta":{"_acf_changed":true},"product-category":[60],"class_list":["post-1160","product","type-product","status-publish","has-post-thumbnail","hentry","product-category-pressurization"],"acf":[],"_links":{"self":[{"href":"https:\/\/www.packtests.com\/sl\/wp-json\/wp\/v2\/product\/1160","targetHints":{"allow":["GET"]}}],"collection":[{"href":"https:\/\/www.packtests.com\/sl\/wp-json\/wp\/v2\/product"}],"about":[{"href":"https:\/\/www.packtests.com\/sl\/wp-json\/wp\/v2\/types\/product"}],"wp:featuredmedia":[{"embeddable":true,"href":"https:\/\/www.packtests.com\/sl\/wp-json\/wp\/v2\/media\/1161"}],"wp:attachment":[{"href":"https:\/\/www.packtests.com\/sl\/wp-json\/wp\/v2\/media?parent=1160"}],"wp:term":[{"taxonomy":"product-category","embeddable":true,"href":"https:\/\/www.packtests.com\/sl\/wp-json\/wp\/v2\/product-category?post=1160"}],"curies":[{"name":"wp","href":"https:\/\/api.w.org\/{rel}","templated":true}]}}