{"id":1171,"date":"2026-03-26T02:24:39","date_gmt":"2026-03-26T02:24:39","guid":{"rendered":"https:\/\/www.packtests.com\/?post_type=product&#038;p=1171"},"modified":"2026-03-26T05:19:53","modified_gmt":"2026-03-26T05:19:53","slug":"pouch-burst-tester","status":"publish","type":"product","link":"https:\/\/www.packtests.com\/sl\/product\/pouch-burst-tester\/","title":{"rendered":"LSST-01 Tester za testiranje eksplozije v torbici"},"content":{"rendered":"<p>V industriji pakiranja je zagotavljanje celovitosti in trdnosti embala\u017ee klju\u010dnega pomena, zlasti v panogah, kot so \u017eivilska, farmacevtska in medicinska industrija. Ena od najzanesljivej\u0161ih metod za ocenjevanje trpe\u017enosti embala\u017ee je <strong>preizku\u0161evalec razpo\u010dnosti vre\u010dk<\/strong>. Ta naprava je zasnovana za presku\u0161anje trdnosti pro\u017enih paketov in zagotavlja, da lahko prenesejo pritisk, na katerega lahko naletijo med prevozom in skladi\u0161\u010denjem.<\/p>\n\n\n\n<p>V tem \u010dlanku bomo raziskali <strong>preizku\u0161evalec razpo\u010dnosti vre\u010dk<\/strong>, njegov pomen pri nadzoru kakovosti embala\u017ee in skladnost s standardi, kot so <strong>ASTM F1140<\/strong>. Poleg tega bomo razpravljali o pomenu <strong>ASTM F2054<\/strong>, <strong>testiranje poru\u0161itve za pakete<\/strong>, in <strong>preskus razpadanja tlaka<\/strong> pri dolo\u010danju u\u010dinkovitosti paketa.<\/p>\n\n\n\n<h2 class=\"wp-block-heading\"><strong>Kaj je preizku\u0161evalnik raztrganosti vre\u010dk?<\/strong><\/h2>\n\n\n\n<p>A <strong>preizku\u0161evalec razpo\u010dnosti vre\u010dk<\/strong> je naprava, ki se uporablja za dolo\u010danje trdnosti pro\u017ene embala\u017ee, vklju\u010dno z vre\u010dkami. To dose\u017eemo z notranjim pritiskom na paket, dokler ne pride do okvare. Preizku\u0161evalnik je zasnovan tako, da simulira dejanske pogoje, kot so spremembe tlaka med prevozom ali sterilizacijo, da se oceni sposobnost paketa, da se upre pretrganju.<\/p>\n\n\n\n<p>Preizku\u0161evalnik deluje tako, da na embala\u017eo deluje z nadzorovanim notranjim pritiskom, dokler ne po\u010di. To\u010dka okvare je obi\u010dajno na tesnilu embala\u017ee ali na \u0161ibkih mestih v materialu. Preizku\u0161evalnik izmeri tlak, pri katerem embala\u017ea po\u010di, in tako zagotovi klju\u010dne podatke o trajnosti in celovitosti embala\u017ee.<\/p>\n\n\n\n<h2 class=\"wp-block-heading\"><strong>ASTM F1140: Testiranje odpornosti na notranji tlak<\/strong><\/h2>\n\n\n\n<p><strong>ASTM F1140<\/strong> opisuje standardne preskusne metode za ocenjevanje odpornosti paketov, ki niso obremenjeni z notranjim pritiskom, proti okvari. Standard vklju\u010duje ve\u010d preskusnih metod, s katerimi se ocenjuje odpornost paketa na notranji tlak:<\/p>\n\n\n\n<ul class=\"wp-block-list\">\n<li><strong>Preskusna metoda A (preskus poru\u0161itve):<\/strong> Pri tej metodi se v paketu ustvarja tlak, dokler ne po\u010di, pri \u010demer se izmeri najvi\u0161ji tlak na mestu okvare.<\/li>\n\n\n\n<li><strong>Preskusna metoda B (preskus lezenja):<\/strong> Pri tej metodi se na paket pritisne dolo\u010den tlak, ki se vzdr\u017euje dolo\u010den \u010das, s \u010dimer se ugotovi, ali lahko paket zdr\u017ei pritisk brez okvare.<\/li>\n\n\n\n<li><strong>Preskusna metoda C (lezenje do poru\u0161itve):<\/strong> Pri tej metodi se tlak v paketu vzdr\u017euje, dokler ne po\u010di, pri \u010demer se bele\u017ei \u010das, ki je potreben za nastanek okvare.<\/li>\n<\/ul>\n\n\n\n<p>S temi preskusi zagotovite, da je embala\u017ea kos razlikam v tlaku, ki se lahko pojavijo med sterilizacijo ali prevozom. Zagotavljajo tudi dragocene podatke za dolo\u010danje primernosti embala\u017enih materialov za dolo\u010dene izdelke.<\/p>\n\n\n\n<h2 class=\"wp-block-heading\"><strong>Pomen testiranja poru\u0161itve za pakete<\/strong><\/h2>\n\n\n\n<p><strong>Preizkus poru\u0161itve<\/strong> je klju\u010dni korak pri nadzoru kakovosti embala\u017ee. Simulira ekstremne pogoje, s katerimi se embala\u017ea lahko sre\u010da v svojem \u017eivljenjskem ciklu. To vklju\u010duje razlike v tlaku, ki jih povzro\u010dajo zunanji dejavniki, kot so spremembe nadmorske vi\u0161ine ali temperature, in notranji dejavniki, kot je vsebina embala\u017ee.<\/p>\n\n\n\n<p>Z uporabo <strong>preizku\u0161evalec razpo\u010dnosti vre\u010dk<\/strong>, lahko proizvajalci zagotovijo, da njihova embala\u017ea prenese te obremenitve, ne da bi pri tem ogrozili celovitost izdelka v njej. Preskusi poru\u0161itve so bistveni za preverjanje, ali tesnila in materiali, uporabljeni v embala\u017ei, lahko prenesejo pritiske, s katerimi se bodo soo\u010dali med skladi\u0161\u010denjem, prevozom in ravnanjem.<\/p>\n\n\n\n<h2 class=\"wp-block-heading\"><strong>ASTM F2054: Preizkus poru\u0161itve za pro\u017ena tesnila embala\u017ee<\/strong><\/h2>\n\n\n\n<p>Drug pomemben standard za testiranje poru\u0161itve je <strong>ASTM F2054<\/strong>, ki se osredoto\u010da na presku\u0161anje pro\u017enih tesnil embala\u017ee z uporabo notranjega zra\u010dnega tlaka v omejevalnih plo\u0161\u010dah. Ta metoda je \u0161e posebej uporabna za presku\u0161anje pro\u017enih paketov, kot so vre\u010dke in vre\u010de, pri katerih se razpoka obi\u010dajno pojavi na obmo\u010dju tesnila.<\/p>\n\n\n\n<p>Med <strong>ASTM F2054<\/strong> Pri testiranju se paket pod pritiskom tla\u010di, dokler tesnilo ne odpove. Preskus se lahko izvede z odprtim ali zaprtim paketom, odvisno od vrste paketa in zahtev preskusa. Glavni cilj tega preskusa je oceniti poru\u0161no trdnost tesnila, ki je klju\u010dnega pomena za ohranjanje celovitosti paketa in prepre\u010devanje pu\u0161\u010danja ali kontaminacije.<\/p>\n\n\n\n<h2 class=\"wp-block-heading\"><strong>Preskus razpadanja tlaka: Odkrivanje pu\u0161\u010danja brez pretrganja embala\u017ee<\/strong><\/h2>\n\n\n\n<p>Poleg testiranja poru\u0161itve <strong>preskus razpadanja tlaka<\/strong> je \u0161e ena dragocena metoda za preverjanje celovitosti paketa. Ta nedestruktivni preskus meri spremembo tlaka v embala\u017ei skozi \u010das. Padec tlaka pomeni, da je v paketu pu\u0161\u010danje.<\/p>\n\n\n\n<p>Spletna stran <strong>preskus razpadanja tlaka<\/strong> je \u0161e posebej uporaben za odkrivanje majhnih pu\u0161\u010danj, ki morda niso vidna s prostim o\u010desom. V nasprotju s preskusom poru\u0161itve, pri katerem se embala\u017ea razpo\u010di, lahko proizvajalci s preskusom razpadanja tlaka odkrijejo pu\u0161\u010danje, ne da bi po\u0161kodovali embala\u017eo, zato je to idealna metoda za presku\u0161anje ob\u010dutljivih izdelkov.<\/p>\n\n\n\n<h2 class=\"wp-block-heading\"><strong>Zakaj uporabiti tester za preverjanje raztrganosti vre\u010dk?<\/strong><\/h2>\n\n\n\n<p>Spletna stran <strong>preizku\u0161evalec razpo\u010dnosti vre\u010dk<\/strong> ponuja ve\u010d prednosti za proizvajalce, ki \u017eelijo zagotoviti celovitost svoje embala\u017ee:<\/p>\n\n\n\n<ol class=\"wp-block-list\">\n<li><strong>Natan\u010dno merjenje tlaka:<\/strong> Tester omogo\u010da natan\u010dne meritve tlaka, pri katerem embala\u017ea odpove, kar proizvajalcem pomaga pri dolo\u010danju trdnosti embala\u017enih materialov in tesnil.<\/li>\n\n\n\n<li><strong>Simulacija v resni\u010dnem svetu:<\/strong> S pove\u010danim notranjim pritiskom v paketu tester simulira pogoje, v katerih se bo paket nahajal med prevozom, in tako zagotavlja, da je odporen na obremenitve v resni\u010dnem svetu.<\/li>\n\n\n\n<li><strong>Hitro in u\u010dinkovito testiranje:<\/strong> Tester za testiranje raztrganosti vre\u010dk je zasnovan za hitro in u\u010dinkovito testiranje, ki proizvajalcem omogo\u010da, da v kratkem \u010dasu ocenijo veliko \u0161tevilo paketov.<\/li>\n\n\n\n<li><strong>Skladnost z industrijskimi standardi:<\/strong> Tester je v celoti skladen z <strong>ASTM F1140<\/strong> in . <strong>ASTM F2054<\/strong>, ki zagotavlja, da proizvajalci izpolnjujejo industrijske standarde za u\u010dinkovitost embala\u017ee.<\/li>\n<\/ol>\n\n\n\n<p><strong>Zaklju\u010dek<\/strong><\/p>\n\n\n\n<p>Spletna stran <strong>preizku\u0161evalec razpo\u010dnosti vre\u010dk<\/strong> je bistveno orodje za ocenjevanje poru\u0161ne trdnosti in celovitosti pro\u017enih paketov. Z uporabo preskusov poru\u0161itve in preskusov razpadanja tlaka v skladu s standardi, kot so <strong>ASTM F1140<\/strong> in . <strong>ASTM F2054<\/strong>, lahko proizvajalci zagotovijo, da njihovi embala\u017eni materiali ustrezno \u0161\u010ditijo izdelke v njih.<\/p>\n\n\n\n<p>Za podjetja v panogah, kot so \u017eivilska, farmacevtska in medicinska industrija, je nalo\u017eba v <strong>preizku\u0161evalec razpo\u010dnosti vre\u010dk<\/strong> je klju\u010dni korak pri ohranjanju visokokakovostne embala\u017ee, ki je odporna na pritiske dobavne verige. V podjetju Cell Instruments ponujamo visoko zmogljive re\u0161itve za testiranje, ki izpolnjujejo razli\u010dne potrebe embala\u017ene industrije.<\/p>","protected":false},"excerpt":{"rendered":"<p>In the packaging industry, ensuring the integrity and strength of a package is crucial, especially for industries like food, pharmaceuticals, and medical devices. One of the most reliable methods for evaluating package durability is the pouch burst tester. This device is designed to test the burst strength of flexible packages, ensuring that they can withstand [&hellip;]<\/p>","protected":false},"featured_media":1172,"parent":0,"template":"","meta":{"_acf_changed":true},"product-category":[62],"class_list":["post-1171","product","type-product","status-publish","has-post-thumbnail","hentry","product-category-pressure-decay-test"],"acf":[],"_links":{"self":[{"href":"https:\/\/www.packtests.com\/sl\/wp-json\/wp\/v2\/product\/1171","targetHints":{"allow":["GET"]}}],"collection":[{"href":"https:\/\/www.packtests.com\/sl\/wp-json\/wp\/v2\/product"}],"about":[{"href":"https:\/\/www.packtests.com\/sl\/wp-json\/wp\/v2\/types\/product"}],"wp:featuredmedia":[{"embeddable":true,"href":"https:\/\/www.packtests.com\/sl\/wp-json\/wp\/v2\/media\/1172"}],"wp:attachment":[{"href":"https:\/\/www.packtests.com\/sl\/wp-json\/wp\/v2\/media?parent=1171"}],"wp:term":[{"taxonomy":"product-category","embeddable":true,"href":"https:\/\/www.packtests.com\/sl\/wp-json\/wp\/v2\/product-category?post=1171"}],"curies":[{"name":"wp","href":"https:\/\/api.w.org\/{rel}","templated":true}]}}