{"id":1143,"date":"2026-03-25T03:02:25","date_gmt":"2026-03-25T03:02:25","guid":{"rendered":"https:\/\/www.packtests.com\/?post_type=product&#038;p=1143"},"modified":"2026-03-26T05:17:07","modified_gmt":"2026-03-26T05:17:07","slug":"leak-tester-for-packaging","status":"publish","type":"product","link":"https:\/\/www.packtests.com\/sv\/product\/leak-tester-for-packaging\/","title":{"rendered":"LT-l\u00e4ckagetestare f\u00f6r f\u00f6rpackningar"},"content":{"rendered":"<p>Att s\u00e4kerst\u00e4lla f\u00f6rpackningarnas integritet \u00e4r avg\u00f6rande i olika branscher, s\u00e4rskilt n\u00e4r det g\u00e4ller att uppr\u00e4tth\u00e5lla produkternas s\u00e4kerhet och kvalitet. A <strong>L\u00e4ckagetestare f\u00f6r f\u00f6rpackningar<\/strong> \u00e4r ett viktigt verktyg som anv\u00e4nds f\u00f6r att uppt\u00e4cka l\u00e4ckage i f\u00f6rpackningsbeh\u00e5llare, t.ex. flaskor, burkar och andra styva eller flexibla beh\u00e5llare. Bland de olika typerna av metoder f\u00f6r l\u00e4cktestning \u00e4r <strong>vakuuml\u00e4ckagetestare<\/strong> framst\u00e5r som en p\u00e5litlig och allm\u00e4nt anv\u00e4nd teknik. Denna artikel kommer att fokusera p\u00e5 <strong>vakuuml\u00e4ckagetestare<\/strong>, dess till\u00e4mpning vid f\u00f6rpackningsprovning, och de relevanta <strong>ASTM-standarder<\/strong> som till exempel <strong>ASTM D4991<\/strong> och <strong>ASTM D3078<\/strong>.<\/p>\n\n\n\n<h2 class=\"wp-block-heading\">Vikten av l\u00e4ckagetestning inom f\u00f6rpackningsindustrin<\/h2>\n\n\n\n<p>L\u00e4cktestning \u00e4r en viktig process f\u00f6r kvalitetss\u00e4kring av f\u00f6rpackningar. Den s\u00e4kerst\u00e4ller att produkter, s\u00e4rskilt de som \u00e4r k\u00e4nsliga f\u00f6r milj\u00f6faktorer som fukt eller luft, \u00e4r ordentligt f\u00f6rseglade under transport och lagring. Oavsett om det handlar om l\u00e4kemedel, livsmedelsf\u00f6rpackningar eller farliga material \u00e4r en p\u00e5litlig <strong>L\u00e4ckagetestare f\u00f6r f\u00f6rpackningar<\/strong> \u00e4r avg\u00f6rande f\u00f6r att s\u00e4kerst\u00e4lla att dina f\u00f6rpackningar uppfyller de prestandastandarder som kr\u00e4vs.<\/p>\n\n\n\n<p>L\u00e4ckage i f\u00f6rpackningar kan leda till kontaminering, f\u00f6rst\u00f6relse eller till och med farliga situationer vid transport av farligt material. Genom att anv\u00e4nda en <strong>vakuuml\u00e4ckagetestare<\/strong>, kan tillverkarna uppt\u00e4cka \u00e4ven de minsta l\u00e4ckorna och s\u00e4kerst\u00e4lla produktens s\u00e4kerhet och integritet.<\/p>\n\n\n\n<h2 class=\"wp-block-heading\">Vakuuml\u00e4ckagetestare: Hur den fungerar<\/h2>\n\n\n\n<p>Den <strong>vakuuml\u00e4ckagetestare<\/strong> \u00e4r ett specifikt verktyg som \u00e4r utformat f\u00f6r att testa integriteten hos styva beh\u00e5llare. Processen inneb\u00e4r att beh\u00e5llaren uts\u00e4tts f\u00f6r vakuum f\u00f6r att identifiera l\u00e4ckor genom att observera luftbubblor eller v\u00e4tska som l\u00e4cker ut fr\u00e5n f\u00f6rpackningen. Denna metod anv\u00e4nds ofta p\u00e5 grund av sin precision och f\u00f6rm\u00e5ga att uppt\u00e4cka sm\u00e5 defekter i f\u00f6rpackningsmaterial.<\/p>\n\n\n\n<p>En av de viktigaste f\u00f6rdelarna med <strong>vakuuml\u00e4ckagetestare<\/strong> \u00e4r dess f\u00f6rm\u00e5ga att testa beh\u00e5llare utan att \u00e4ndra deras struktur eller f\u00f6rslutningar. Testet utf\u00f6rs under differenstryck, vilket g\u00f6r det l\u00e4mpligt f\u00f6r f\u00f6rpackningar f\u00f6r luft- och v\u00e4tsketransport. De vanligaste standarderna f\u00f6r vakuuml\u00e4ckagetestning \u00e4r <strong>ASTM D4991<\/strong> och <strong>ASTM D3078<\/strong>.<\/p>\n\n\n\n<h2 class=\"wp-block-heading\">ASTM D4991: Standard testmetod f\u00f6r vakuuml\u00e4ckagetestning av styva beh\u00e5llare<\/h2>\n\n\n\n<p><strong>ASTM D4991<\/strong> beskriver en standardiserad provningsmetod f\u00f6r l\u00e4ckageprovning av tomma styva beh\u00e5llare med hj\u00e4lp av en vakuummetod. Denna standard \u00e4r s\u00e4rskilt anv\u00e4ndbar f\u00f6r provning av beh\u00e5llare som \u00e4r avsedda f\u00f6r transport av farliga v\u00e4tskor, t.ex. de som regleras av <strong>FN:s rekommendationer om transport av farligt gods (UN TDG)<\/strong> och <strong>Internationella civila luftfartsorganisationen (ICAO)<\/strong>.<\/p>\n\n\n\n<h3 class=\"wp-block-heading\">Viktiga aspekter av ASTM D4991:<\/h3>\n\n\n\n<ul class=\"wp-block-list\">\n<li><strong>Testf\u00f6rfarande<\/strong>: Beh\u00e5llaren neds\u00e4nks i en etylenglykol-vattenl\u00f6sning och ett vakuum appliceras f\u00f6r att skapa ett differenstryck p\u00e5 cirka <strong>95 kPa (13,8 psi)<\/strong>.<\/li>\n\n\n\n<li><strong>Detektering av l\u00e4ckage<\/strong>: Beh\u00e5llaren observeras f\u00f6r utstr\u00f6mmande luftbubblor under tryckavlastning eller f\u00f6r v\u00e4tska inuti beh\u00e5llaren efter \u00e5tertryckning.<\/li>\n\n\n\n<li><strong>Testade beh\u00e5llare<\/strong>: Styva beh\u00e5llare, inklusive deras f\u00f6rslutningar, som anv\u00e4nds f\u00f6r transport av farliga material eller v\u00e4tskor provas enligt denna metod.<\/li>\n<\/ul>\n\n\n\n<p>Denna standard hj\u00e4lper till att fastst\u00e4lla den punkt d\u00e4r l\u00e4ckage b\u00f6rjar, vilket ger viktig information f\u00f6r att f\u00f6rb\u00e4ttra f\u00f6rpackningsdesignen f\u00f6r att f\u00f6rhindra l\u00e4ckage.<\/p>\n\n\n\n<h2 class=\"wp-block-heading\">ASTM D3078: Standard testmetod f\u00f6r vakuuml\u00e4ckagetestning av flexibla f\u00f6rpackningar<\/h2>\n\n\n\n<p><strong>ASTM D3078<\/strong> \u00e4r standardprovningsmetoden f\u00f6r vakuuml\u00e4ckagetestning av flexibla f\u00f6rpackningar. Till skillnad fr\u00e5n <strong>ASTM D4991<\/strong>, som \u00e4r inriktat p\u00e5 styva beh\u00e5llare, <strong>ASTM D3078<\/strong> g\u00e4ller flexibla f\u00f6rpackningar som p\u00e5sar eller v\u00e4skor.<\/p>\n\n\n\n<h3 class=\"wp-block-heading\">Viktiga aspekter av ASTM D3078:<\/h3>\n\n\n\n<ul class=\"wp-block-list\">\n<li><strong>Vakuumtestning<\/strong>: F\u00f6rpackningen uts\u00e4tts f\u00f6r vakuum f\u00f6r att simulera de f\u00f6rh\u00e5llanden som den kan uts\u00e4ttas f\u00f6r under transport eller lagring.<\/li>\n\n\n\n<li><strong>Detektering av l\u00e4ckage<\/strong>: Som med <strong>ASTM D4991<\/strong>, N\u00e4r f\u00f6rpackningen har tryckts upp igen uppt\u00e4cks eventuella l\u00e4ckage genom att man observerar luftbubblor eller v\u00e4tska inuti f\u00f6rpackningen.<\/li>\n<\/ul>\n\n\n\n<p>Denna standard anv\u00e4nds ofta inom branscher som livsmedel och l\u00e4kemedel, d\u00e4r f\u00f6rpackningsflexibilitet och l\u00e4ckageskydd \u00e4r avg\u00f6rande f\u00f6r att uppr\u00e4tth\u00e5lla produktkvaliteten.<\/p>\n\n\n\n<h2 class=\"wp-block-heading\">F\u00f6rdelarna med att anv\u00e4nda en l\u00e4ckagetestare f\u00f6r f\u00f6rpackningar<\/h2>\n\n\n\n<p>Anv\u00e4nda en <strong>L\u00e4ckagetestare f\u00f6r f\u00f6rpackningar<\/strong> erbjuder m\u00e5nga f\u00f6rdelar f\u00f6r tillverkarna:<\/p>\n\n\n\n<ol class=\"wp-block-list\">\n<li><strong>F\u00f6rb\u00e4ttrad produktintegritet<\/strong>: L\u00e4ckagetestning s\u00e4kerst\u00e4ller att produkterna f\u00f6rblir s\u00e4kra och skyddade under transport och lagring, vilket f\u00f6rhindrar kontaminering eller f\u00f6rst\u00f6ring.<\/li>\n\n\n\n<li><strong>\u00d6verensst\u00e4mmelse med branschstandarder<\/strong>: Genom att f\u00f6lja standarder som <strong>ASTM D4991<\/strong> och <strong>ASTM D3078<\/strong>, s\u00e4kerst\u00e4ller tillverkarna att deras f\u00f6rpackningar uppfyller de s\u00e4kerhets- och kvalitetsstandarder som kr\u00e4vs inom olika branscher.<\/li>\n\n\n\n<li><strong>Kostnadseffektivt<\/strong>: Att uppt\u00e4cka l\u00e4ckor tidigt i produktionsprocessen kan bidra till att minska avfallet och undvika kostsamma \u00e5terkallelser eller omarbetning av produkter.<\/li>\n\n\n\n<li><strong>F\u00f6rb\u00e4ttrad kundtillfredsst\u00e4llelse<\/strong>: Korrekt l\u00e4ckagetestning s\u00e4kerst\u00e4ller att kunderna f\u00e5r produkter i optimalt skick, vilket leder till \u00f6kat f\u00f6rtroende och n\u00f6jdhet.<\/li>\n<\/ol>\n\n\n\n<h2 class=\"wp-block-heading\">Varf\u00f6r v\u00e4lja Cell Instruments l\u00e4ckagetestare?<\/h2>\n\n\n\n<p>Vid <strong>Cell Instruments<\/strong>, specialiserar vi oss p\u00e5 att tillhandah\u00e5lla h\u00f6gkvalitativa <strong>L\u00e4ckagetestare f\u00f6r f\u00f6rpackningar<\/strong> som \u00e4r utformade f\u00f6r att uppfylla de h\u00f6ga kraven i olika branscher. V\u00e5ra <strong>vakuuml\u00e4ckagetestare<\/strong> \u00f6verensst\u00e4mmer med ASTM-standarder, inklusive <strong>ASTM D4991<\/strong> och <strong>ASTM D3078<\/strong>, vilket s\u00e4kerst\u00e4ller att din f\u00f6rpackningsintegritet testas p\u00e5 ett korrekt och tillf\u00f6rlitligt s\u00e4tt.<\/p>\n\n\n\n<p>V\u00e5r <strong>L\u00e4ckagetestare<\/strong> \u00e4r enkla att anv\u00e4nda, ger exakta resultat och \u00e4r konstruerade f\u00f6r att hantera ett brett spektrum av f\u00f6rpackningstyper, fr\u00e5n styva beh\u00e5llare till flexibla f\u00f6rpackningar. Oavsett om du testar livsmedelsf\u00f6rpackningar, l\u00e4kemedel eller beh\u00e5llare f\u00f6r farligt material, erbjuder v\u00e5ra instrument den h\u00e5llbarhet och noggrannhet som du beh\u00f6ver f\u00f6r effektiv kvalitetskontroll.<\/p>\n\n\n\n<h2 class=\"wp-block-heading\">Slutsats: S\u00e4kra f\u00f6rpackningskvaliteten med l\u00e4ckagetestare<\/h2>\n\n\n\n<p>I f\u00f6rpackningsv\u00e4rlden \u00e4r det avg\u00f6rande f\u00f6r produkts\u00e4kerhet, kvalitet och efterlevnad av branschregler att s\u00e4kerst\u00e4lla att beh\u00e5llarna \u00e4r intakta. F\u00f6r <strong>L\u00e4ckagetestare f\u00f6r f\u00f6rpackningar<\/strong> spelar en avg\u00f6rande roll n\u00e4r det g\u00e4ller att identifiera l\u00e4ckor som kan \u00e4ventyra en produkts integritet under transport eller lagring.<\/p>\n\n\n\n<p>Genom att anv\u00e4nda <strong>vakuuml\u00e4ckagetestare<\/strong> och att f\u00f6lja standarder som <strong>ASTM D4991<\/strong> och <strong>ASTM D3078<\/strong>, kan tillverkare s\u00e4kerst\u00e4lla att deras f\u00f6rpackningar uppfyller de n\u00f6dv\u00e4ndiga kraven p\u00e5 l\u00e4ckages\u00e4kerhet. P\u00e5 <strong>Cell Instruments<\/strong>, Vi erbjuder tillf\u00f6rlitliga l\u00f6sningar f\u00f6r l\u00e4cktestning som hj\u00e4lper dig att uppr\u00e4tth\u00e5lla h\u00f6gsta m\u00f6jliga kvalitets- och s\u00e4kerhetsstandarder i dina f\u00f6rpackningsprocesser.<\/p>\n\n\n\n<p>F\u00f6r mer information om v\u00e5ra <strong>L\u00e4ckagetestare f\u00f6r f\u00f6rpackningar<\/strong>, Kontakta oss redan idag och se till att dina produkter uppfyller branschens b\u00e4sta standarder.<\/p>\n\n\n\n<p><\/p>","protected":false},"excerpt":{"rendered":"<p>Ensuring the integrity of packaging is crucial in various industries, especially when it comes to maintaining the safety and quality of products. A leak tester for packaging is an essential tool used to detect leaks in packaging containers, such as bottles, jars, and other rigid or flexible containers. Among the different types of leak testing [&hellip;]<\/p>","protected":false},"featured_media":1148,"parent":0,"template":"","meta":{"_acf_changed":true},"product-category":[59],"class_list":["post-1143","product","type-product","status-publish","has-post-thumbnail","hentry","product-category-bubble-emission-test"],"acf":[],"_links":{"self":[{"href":"https:\/\/www.packtests.com\/sv\/wp-json\/wp\/v2\/product\/1143","targetHints":{"allow":["GET"]}}],"collection":[{"href":"https:\/\/www.packtests.com\/sv\/wp-json\/wp\/v2\/product"}],"about":[{"href":"https:\/\/www.packtests.com\/sv\/wp-json\/wp\/v2\/types\/product"}],"wp:featuredmedia":[{"embeddable":true,"href":"https:\/\/www.packtests.com\/sv\/wp-json\/wp\/v2\/media\/1148"}],"wp:attachment":[{"href":"https:\/\/www.packtests.com\/sv\/wp-json\/wp\/v2\/media?parent=1143"}],"wp:term":[{"taxonomy":"product-category","embeddable":true,"href":"https:\/\/www.packtests.com\/sv\/wp-json\/wp\/v2\/product-category?post=1143"}],"curies":[{"name":"wp","href":"https:\/\/api.w.org\/{rel}","templated":true}]}}