{"id":1160,"date":"2026-03-25T07:33:37","date_gmt":"2026-03-25T07:33:37","guid":{"rendered":"https:\/\/www.packtests.com\/?post_type=product&#038;p=1160"},"modified":"2026-03-26T05:21:25","modified_gmt":"2026-03-26T05:21:25","slug":"gross-leak-bubble-tester","status":"publish","type":"product","link":"https:\/\/www.packtests.com\/sv\/product\/gross-leak-bubble-tester\/","title":{"rendered":"GLT-01 Bubbeltestare f\u00f6r bruttol\u00e4ckage"},"content":{"rendered":"<p>Inom f\u00f6rpackningsindustrin \u00e4r det avg\u00f6rande att s\u00e4kerst\u00e4lla f\u00f6rpackningsmaterialets integritet f\u00f6r att skydda produkten under transport och lagring. F\u00f6r <strong>bubbelm\u00e4tare f\u00f6r bruttol\u00e4ckage<\/strong> \u00e4r ett viktigt verktyg som anv\u00e4nds f\u00f6r att identifiera betydande l\u00e4ckor i f\u00f6rpackningar och s\u00e4kerst\u00e4lla den luftt\u00e4thet som kr\u00e4vs f\u00f6r att skydda inneh\u00e5ll som livsmedel, l\u00e4kemedel och medicintekniska produkter. Den h\u00e4r artikeln ger en djupg\u00e5ende inblick i <strong>bubbelm\u00e4tare f\u00f6r bruttol\u00e4ckage<\/strong>, dess roll i <strong>grov l\u00e4cks\u00f6kning<\/strong>, och dess till\u00e4mpningar inom <strong>testning av paket<\/strong>. Vi kommer ocks\u00e5 att diskutera relevanta standarder som <strong>ASTM F2096<\/strong> som hj\u00e4lper till att utv\u00e4rdera effektiviteten hos f\u00f6rpackningsmaterial.<\/p>\n\n\n\n<h2 class=\"wp-block-heading\"><strong>Vad \u00e4r en bubbeltestare f\u00f6r bruttol\u00e4ckage?<\/strong><\/h2>\n\n\n\n<p>A <strong>bubbelm\u00e4tare f\u00f6r bruttol\u00e4ckage<\/strong> \u00e4r en anordning som anv\u00e4nds f\u00f6r att uppt\u00e4cka st\u00f6rre l\u00e4ckor i f\u00f6rpackningar, vanligtvis genom att applicera inre tryck och observera bildandet av bubblor. Metoden inneb\u00e4r att f\u00f6rpackningen s\u00e4nks ned i en l\u00f6sning, d\u00e4r luft tillf\u00f6rs under tryck. Om f\u00f6rpackningen \u00e4r skadad kommer den att l\u00e4cka luft, vilket ger synliga bubblor som indikerar felaktiga omr\u00e5den.<\/p>\n\n\n\n<p>Denna testmetod \u00e4r effektiv f\u00f6r att uppt\u00e4cka l\u00e4ckage i b\u00e5de <strong>styva och flexibla f\u00f6rpackningar<\/strong>, och s\u00e4kerst\u00e4ller att beh\u00e5llarna bibeh\u00e5ller sin integritet under tryck. Det anv\u00e4nds ofta inom branscher som l\u00e4kemedel, livsmedel och medicinska f\u00f6rpackningar, d\u00e4r luftt\u00e4ta f\u00f6rseglingar \u00e4r avg\u00f6rande f\u00f6r att s\u00e4kerst\u00e4lla produkts\u00e4kerhet och kvalitet.<\/p>\n\n\n\n<h2 class=\"wp-block-heading\"><strong>F\u00f6rst\u00e5else av l\u00e4ckagetestet med neds\u00e4nkning i bubbla<\/strong><\/h2>\n\n\n\n<p>Den <strong>l\u00e4ckagetest med neds\u00e4nkning i bubblor<\/strong> \u00e4r en vanlig metod som anv\u00e4nds f\u00f6r att uppt\u00e4cka grova l\u00e4ckage i f\u00f6rpackningar. Vid detta test s\u00e4nks f\u00f6rpackningen ned i vatten eller annan l\u00e4mplig l\u00f6sning och ett tryck skapas f\u00f6r att skapa ett inre tryck i f\u00f6rpackningen. Om f\u00f6rpackningen har n\u00e5gra l\u00e4ckor kommer luft att tr\u00e4nga ut genom dessa defekter och bilda bubblor som \u00e4r l\u00e4tta att observera. Bubblorna indikerar att det finns en bristf\u00e4llig punkt, t.ex. ett n\u00e5lh\u00e5l, en spricka eller en felaktig f\u00f6rsegling.<\/p>\n\n\n\n<p>Denna testmetod \u00e4r att f\u00f6redra eftersom den \u00e4r mycket k\u00e4nslig f\u00f6r l\u00e4ckage s\u00e5 sm\u00e5 som 250 mikrometer, beroende p\u00e5 vilket tryck som anv\u00e4nds. Den <strong>l\u00e4ckagetest med neds\u00e4nkning i bubblor<\/strong> \u00e4r ett tillf\u00f6rlitligt s\u00e4tt att kontrollera den \u00f6vergripande kvaliteten och s\u00e4kerheten hos f\u00f6rpackningsmaterial innan de anv\u00e4nds f\u00f6r att inneh\u00e5lla k\u00e4nsliga produkter.<\/p>\n\n\n\n<h2 class=\"wp-block-heading\"><strong>ASTM F2096: Standard testmetod f\u00f6r detektering av bruttol\u00e4ckage<\/strong><\/h2>\n\n\n\n<p><strong>ASTM F2096<\/strong> \u00e4r den standardiserade testmetoden f\u00f6r att detektera <strong>stora l\u00e4ckor<\/strong> i f\u00f6rpackningar genom bubbelprov med inre trycks\u00e4ttning. Denna standard beskriver f\u00f6rfarandet f\u00f6r att identifiera stora l\u00e4ckor i styva och flexibla f\u00f6rpackningsmaterial. Testet utf\u00f6rs genom att ett f\u00f6rutbest\u00e4mt tryck appliceras p\u00e5 f\u00f6rpackningen, som s\u00e4nks ned i vatten. Om det finns n\u00e5gra l\u00e4ckor kommer en kontinuerlig str\u00f6m av bubblor att observeras.<\/p>\n\n\n\n<p>Den <strong>ASTM F2096<\/strong> standarden definierar ocks\u00e5 testk\u00e4nsligheten, som kan uppt\u00e4cka l\u00e4ckor s\u00e5 sm\u00e5 som 250 mikrometer med en 81%-sannolikhet. Detta g\u00f6r det till ett viktigt verktyg f\u00f6r att s\u00e4kerst\u00e4lla f\u00f6rpackningsintegriteten, s\u00e4rskilt i branscher d\u00e4r det \u00e4r avg\u00f6rande att uppr\u00e4tth\u00e5lla sterila eller kontamineringsfria milj\u00f6er.<\/p>\n\n\n\n<h2 class=\"wp-block-heading\"><strong>Gross Leak Testers roll vid provning av f\u00f6rpackningar<\/strong><\/h2>\n\n\n\n<p>Anv\u00e4nda en <strong>Bruttol\u00e4ckagetestare f\u00f6r f\u00f6rpackningstestning<\/strong> \u00e4r avg\u00f6rande f\u00f6r att s\u00e4kerst\u00e4lla att f\u00f6rpackningsmaterialet klarar de p\u00e5frestningar som transport och lagring inneb\u00e4r. Denna metod hj\u00e4lper till att identifiera svaga punkter i f\u00f6rpackningen, t.ex:<\/p>\n\n\n\n<ul class=\"wp-block-list\">\n<li><strong>Pinholes<\/strong><\/li>\n\n\n\n<li><strong>Sprickor<\/strong><\/li>\n\n\n\n<li><strong>Felaktiga t\u00e4tningar<\/strong><\/li>\n<\/ul>\n\n\n\n<p>Genom att anv\u00e4nda <strong>bubbelm\u00e4tare f\u00f6r bruttol\u00e4ckage<\/strong>, Om tillverkarna uppt\u00e4cker dessa problem tidigt kan de f\u00f6rhindra kostsamma produktfel, \u00e5terkallelser eller skador. M\u00f6jligheten att uppt\u00e4cka dessa l\u00e4ckor innan f\u00f6rpackningen skickas ut s\u00e4kerst\u00e4ller att produkterna \u00e4r s\u00e4kra och uppfyller lagstadgade standarder.<\/p>\n\n\n\n<h2 class=\"wp-block-heading\"><strong>F\u00f6rdelar med att anv\u00e4nda en bruttol\u00e4ckagetestare<\/strong><\/h2>\n\n\n\n<ol class=\"wp-block-list\">\n<li><strong>Noggrann l\u00e4ckagedetektering<\/strong>: Den <strong>bubbelm\u00e4tare f\u00f6r bruttol\u00e4ckage<\/strong> s\u00e4kerst\u00e4ller att \u00e4ven de minsta l\u00e4ckorna identifieras, vilket bidrar till att f\u00f6rb\u00e4ttra den \u00f6vergripande kvaliteten p\u00e5 f\u00f6rpackningarna.<\/li>\n\n\n\n<li><strong>Kostnadseffektivitet<\/strong>: Genom att uppt\u00e4cka f\u00f6rpackningsdefekter tidigt kan tillverkarna undvika kostnader f\u00f6r returer, skadade varor och r\u00e4ttsliga p\u00e5f\u00f6ljder.<\/li>\n\n\n\n<li><strong>F\u00f6rb\u00e4ttrad f\u00f6rpackningsprestanda<\/strong>: Regelbunden testning s\u00e4kerst\u00e4ller att f\u00f6rpackningsmaterialen bibeh\u00e5ller sin integritet under tryck, vilket minskar risken f\u00f6r l\u00e4ckage under transporten.<\/li>\n\n\n\n<li><strong>\u00d6verensst\u00e4mmelse med standarder<\/strong>: Att h\u00e5lla sig till <strong>ASTM F2096<\/strong> och liknande standarder s\u00e4kerst\u00e4ller efterlevnad av branschregler, vilket f\u00f6rb\u00e4ttrar s\u00e4kerheten f\u00f6r den f\u00f6rpackade produkten.<\/li>\n<\/ol>\n\n\n\n<p><\/p>\n\n\n\n<p>F\u00f6r f\u00f6retag som vill f\u00f6rb\u00e4ttra f\u00f6rpackningskvaliteten \u00e4r det en god id\u00e9 att investera i en <strong>Bruttol\u00e4ckagetestare f\u00f6r f\u00f6rpackningstestning<\/strong> \u00e4r ett smart beslut. Det hj\u00e4lper inte bara till att garantera f\u00f6rpackningss\u00e4kerheten utan bidrar ocks\u00e5 till regelefterlevnad och kostnadsbesparingar. P\u00e5 Cell Instruments erbjuder vi h\u00f6gkvalitativa <strong>Bruttol\u00e4ckagetestare<\/strong> utformad f\u00f6r att uppfylla de str\u00e4nga kraven vid f\u00f6rpackningstestning.<\/p>\n\n\n\n<p><\/p>","protected":false},"excerpt":{"rendered":"<p>In packaging industries, ensuring the integrity of the packaging material is crucial for product protection during transit and storage. The gross leak bubble tester is an essential tool used to identify significant leaks in packaging, ensuring the airtightness required to protect contents like food, pharmaceuticals, and medical devices. This article provides an in-depth look into [&hellip;]<\/p>","protected":false},"featured_media":1161,"parent":0,"template":"","meta":{"_acf_changed":true},"product-category":[60],"class_list":["post-1160","product","type-product","status-publish","has-post-thumbnail","hentry","product-category-pressurization"],"acf":[],"_links":{"self":[{"href":"https:\/\/www.packtests.com\/sv\/wp-json\/wp\/v2\/product\/1160","targetHints":{"allow":["GET"]}}],"collection":[{"href":"https:\/\/www.packtests.com\/sv\/wp-json\/wp\/v2\/product"}],"about":[{"href":"https:\/\/www.packtests.com\/sv\/wp-json\/wp\/v2\/types\/product"}],"wp:featuredmedia":[{"embeddable":true,"href":"https:\/\/www.packtests.com\/sv\/wp-json\/wp\/v2\/media\/1161"}],"wp:attachment":[{"href":"https:\/\/www.packtests.com\/sv\/wp-json\/wp\/v2\/media?parent=1160"}],"wp:term":[{"taxonomy":"product-category","embeddable":true,"href":"https:\/\/www.packtests.com\/sv\/wp-json\/wp\/v2\/product-category?post=1160"}],"curies":[{"name":"wp","href":"https:\/\/api.w.org\/{rel}","templated":true}]}}