{"id":1171,"date":"2026-03-26T02:24:39","date_gmt":"2026-03-26T02:24:39","guid":{"rendered":"https:\/\/www.packtests.com\/?post_type=product&#038;p=1171"},"modified":"2026-03-26T05:19:53","modified_gmt":"2026-03-26T05:19:53","slug":"pouch-burst-tester","status":"publish","type":"product","link":"https:\/\/www.packtests.com\/sv\/product\/pouch-burst-tester\/","title":{"rendered":"LSST-01 Provare f\u00f6r spr\u00e4ngning av p\u00e5se"},"content":{"rendered":"<p>Inom f\u00f6rpackningsindustrin \u00e4r det avg\u00f6rande att s\u00e4kerst\u00e4lla en f\u00f6rpacknings integritet och styrka, s\u00e4rskilt inom branscher som livsmedel, l\u00e4kemedel och medicintekniska produkter. En av de mest tillf\u00f6rlitliga metoderna f\u00f6r att utv\u00e4rdera f\u00f6rpackningens h\u00e5llbarhet \u00e4r <strong>testare av p\u00e5sens bristning<\/strong>. Denna anordning \u00e4r utformad f\u00f6r att testa spr\u00e4ngstyrkan hos flexibla f\u00f6rpackningar och s\u00e4kerst\u00e4lla att de kan motst\u00e5 det tryck som de kan uts\u00e4ttas f\u00f6r under transport och lagring.<\/p>\n\n\n\n<p>Denna artikel kommer att utforska <strong>testare av p\u00e5sens bristning<\/strong>, dess betydelse f\u00f6r kvalitetskontroll av f\u00f6rpackningar och hur den \u00f6verensst\u00e4mmer med standarder som <strong>ASTM F1140<\/strong>. Dessutom kommer vi att diskutera relevansen av <strong>ASTM F2054<\/strong>, <strong>spr\u00e4ngprovning f\u00f6r f\u00f6rpackningar<\/strong>, och <strong>tryckfallstest<\/strong> f\u00f6r att best\u00e4mma paketets prestanda.<\/p>\n\n\n\n<h2 class=\"wp-block-heading\"><strong>Vad \u00e4r en Pouch Burst Tester?<\/strong><\/h2>\n\n\n\n<p>A <strong>testare av p\u00e5sens bristning<\/strong> \u00e4r en apparat som anv\u00e4nds f\u00f6r att best\u00e4mma spr\u00e4ngstyrkan hos flexibla f\u00f6rpackningar, inklusive p\u00e5sar. Detta uppn\u00e5s genom att f\u00f6rpackningen trycks\u00e4tts internt tills brott uppst\u00e5r. Testaren \u00e4r utformad f\u00f6r att simulera verkliga f\u00f6rh\u00e5llanden, t.ex. tryckf\u00f6r\u00e4ndringar under transport eller sterilisering, f\u00f6r att utv\u00e4rdera f\u00f6rpackningens f\u00f6rm\u00e5ga att motst\u00e5 brott.<\/p>\n\n\n\n<p>Testaren arbetar genom att applicera ett kontrollerat inre tryck p\u00e5 f\u00f6rpackningen tills den spricker. Brottpunkten \u00e4r vanligtvis vid f\u00f6rpackningens f\u00f6rsegling eller svaga punkter i materialet. Testaren m\u00e4ter trycket vid vilket f\u00f6rpackningen brister, vilket ger viktiga data om f\u00f6rpackningens h\u00e5llbarhet och integritet.<\/p>\n\n\n\n<h2 class=\"wp-block-heading\"><strong>ASTM F1140: Test av motst\u00e5nd mot inre trycks\u00e4ttning<\/strong><\/h2>\n\n\n\n<p><strong>ASTM F1140<\/strong> beskriver standardiserade provningsmetoder f\u00f6r att utv\u00e4rdera motst\u00e5ndskraften mot brott vid inre trycks\u00e4ttning hos obegr\u00e4nsade kollin. Standarden inneh\u00e5ller flera provningsmetoder som bed\u00f6mer en f\u00f6rpacknings motst\u00e5ndskraft mot inre tryck:<\/p>\n\n\n\n<ul class=\"wp-block-list\">\n<li><strong>Testmetod A (Burst-test):<\/strong> Med denna metod trycks\u00e4tts f\u00f6rpackningen tills den spricker, varvid det maximala trycket m\u00e4ts vid brottpunkten.<\/li>\n\n\n\n<li><strong>Testmetod B (krypningstest):<\/strong> Denna metod applicerar ett specifikt tryck p\u00e5 f\u00f6rpackningen och uppr\u00e4tth\u00e5ller det under en viss tid f\u00f6r att avg\u00f6ra om f\u00f6rpackningen kan motst\u00e5 trycket utan att g\u00e5 s\u00f6nder.<\/li>\n\n\n\n<li><strong>Provningsmetod C (krypning till brott):<\/strong> Denna metod forts\u00e4tter att trycks\u00e4tta f\u00f6rpackningen tills den spricker och registrerar den tid det tar f\u00f6r felet att uppst\u00e5.<\/li>\n<\/ul>\n\n\n\n<p>Dessa tester bidrar till att s\u00e4kerst\u00e4lla att f\u00f6rpackningen kan hantera tryckskillnader som kan uppst\u00e5 under sterilisering eller transport. De ger ocks\u00e5 v\u00e4rdefulla data f\u00f6r att fastst\u00e4lla f\u00f6rpackningsmaterialets l\u00e4mplighet f\u00f6r specifika produkter.<\/p>\n\n\n\n<h2 class=\"wp-block-heading\"><strong>Vikten av spr\u00e4ngprovning f\u00f6r f\u00f6rpackningar<\/strong><\/h2>\n\n\n\n<p><strong>Burst-testning<\/strong> \u00e4r ett avg\u00f6rande steg i kvalitetskontrollen av f\u00f6rpackningar. Den simulerar extrema f\u00f6rh\u00e5llanden som en f\u00f6rpackning kan uts\u00e4ttas f\u00f6r under sin livscykel. Detta inkluderar tryckskillnader som orsakas av externa faktorer som f\u00f6r\u00e4ndringar i h\u00f6jd eller temperatur, och interna faktorer som inneh\u00e5llet i f\u00f6rpackningen.<\/p>\n\n\n\n<p>Genom att anv\u00e4nda <strong>testare av p\u00e5sens bristning<\/strong>, F\u00f6r att s\u00e4kerst\u00e4lla att f\u00f6rpackningarna klarar dessa p\u00e5frestningar utan att \u00e4ventyra produktens integritet kan tillverkarna anv\u00e4nda sig av bursttester. Spr\u00e4ngningstester \u00e4r viktiga f\u00f6r att verifiera att de t\u00e4tningar och material som anv\u00e4nds i f\u00f6rpackningen klarar de tryck som de uts\u00e4tts f\u00f6r under lagring, transport och hantering.<\/p>\n\n\n\n<h2 class=\"wp-block-heading\"><strong>ASTM F2054: Spr\u00e4ngningstest f\u00f6r flexibla paketf\u00f6rseglingar<\/strong><\/h2>\n\n\n\n<p>En annan viktig standard f\u00f6r burst-testning \u00e4r <strong>ASTM F2054<\/strong>, som fokuserar p\u00e5 provning av flexibla f\u00f6rpackningst\u00e4tningar med hj\u00e4lp av internt lufttryck inom \u00e5terh\u00e5llande plattor. Denna metod \u00e4r s\u00e4rskilt anv\u00e4ndbar f\u00f6r att testa flexibla f\u00f6rpackningar som p\u00e5sar och v\u00e4skor, d\u00e4r bristningen vanligtvis intr\u00e4ffar vid t\u00e4tningsomr\u00e5det.<\/p>\n\n\n\n<p>Under <strong>ASTM F2054<\/strong> Vid provningen trycks\u00e4tts f\u00f6rpackningen tills t\u00e4tningen brister. Testet kan utf\u00f6ras med f\u00f6rpackningen \u00f6ppen eller st\u00e4ngd, beroende p\u00e5 f\u00f6rpackningstyp och testkrav. Det prim\u00e4ra syftet med detta test \u00e4r att utv\u00e4rdera t\u00e4tningens spr\u00e4ngstyrka, vilket \u00e4r avg\u00f6rande f\u00f6r att bibeh\u00e5lla f\u00f6rpackningens integritet och f\u00f6rhindra l\u00e4ckage eller kontaminering.<\/p>\n\n\n\n<h2 class=\"wp-block-heading\"><strong>Tryckfallstest: Detektering av l\u00e4ckor utan att f\u00f6rpackningen spricker<\/strong><\/h2>\n\n\n\n<p>F\u00f6rutom burst-testning \u00e4r <strong>tryckfallstest<\/strong> \u00e4r en annan v\u00e4rdefull metod f\u00f6r att testa f\u00f6rpackningens integritet. Detta icke-destruktiva test m\u00e4ter f\u00f6r\u00e4ndringen i trycket inuti en f\u00f6rpackning \u00f6ver tid. Ett tryckfall indikerar att det finns en l\u00e4cka i f\u00f6rpackningen.<\/p>\n\n\n\n<p>Den <strong>tryckfallstest<\/strong> \u00e4r s\u00e4rskilt anv\u00e4ndbart f\u00f6r att uppt\u00e4cka sm\u00e5 l\u00e4ckor som kanske inte \u00e4r synliga f\u00f6r blotta \u00f6gat. Till skillnad fr\u00e5n spr\u00e4ngprovning, som f\u00e5r f\u00f6rpackningen att brista, g\u00f6r tryckfallsprovningen det m\u00f6jligt f\u00f6r tillverkare att uppt\u00e4cka l\u00e4ckor utan att skada f\u00f6rpackningen, vilket g\u00f6r den till en idealisk metod f\u00f6r provning av k\u00e4nsliga produkter.<\/p>\n\n\n\n<h2 class=\"wp-block-heading\"><strong>Varf\u00f6r anv\u00e4nda en Pouch Burst Tester?<\/strong><\/h2>\n\n\n\n<p>Den <strong>testare av p\u00e5sens bristning<\/strong> erbjuder flera f\u00f6rdelar f\u00f6r tillverkare som vill s\u00e4kerst\u00e4lla integriteten hos sina f\u00f6rpackningar:<\/p>\n\n\n\n<ol class=\"wp-block-list\">\n<li><strong>Noggrann tryckm\u00e4tning:<\/strong> Testaren ger exakta m\u00e4tningar av det tryck vid vilket f\u00f6rpackningen brister, vilket hj\u00e4lper tillverkarna att fastst\u00e4lla styrkan hos deras f\u00f6rpackningsmaterial och t\u00e4tningar.<\/li>\n\n\n\n<li><strong>Simulering i den verkliga v\u00e4rlden:<\/strong> Genom att uts\u00e4tta f\u00f6rpackningen f\u00f6r ett \u00f6kande inre tryck simulerar testaren de f\u00f6rh\u00e5llanden som f\u00f6rpackningen kommer att uts\u00e4ttas f\u00f6r under transport, vilket s\u00e4kerst\u00e4ller att den kan motst\u00e5 p\u00e5frestningar i verkligheten.<\/li>\n\n\n\n<li><strong>Snabb och effektiv testning:<\/strong> P\u00e5sspr\u00e4ngningstestaren \u00e4r utformad f\u00f6r snabb och effektiv testning, vilket g\u00f6r det m\u00f6jligt f\u00f6r tillverkare att utv\u00e4rdera ett stort antal f\u00f6rpackningar p\u00e5 kort tid.<\/li>\n\n\n\n<li><strong>\u00d6verensst\u00e4mmelse med branschstandarder:<\/strong> Testaren \u00e4r helt kompatibel med <strong>ASTM F1140<\/strong> och <strong>ASTM F2054<\/strong>, och s\u00e4kerst\u00e4ller att tillverkarna uppfyller industristandarderna f\u00f6r f\u00f6rpackningarnas prestanda.<\/li>\n<\/ol>\n\n\n\n<p><strong>Slutsats<\/strong><\/p>\n\n\n\n<p>Den <strong>testare av p\u00e5sens bristning<\/strong> \u00e4r ett viktigt verktyg f\u00f6r att utv\u00e4rdera spr\u00e4ngh\u00e5llfastheten och integriteten hos flexibla f\u00f6rpackningar. Genom att anv\u00e4nda spr\u00e4ng- och tryckfallsprov i enlighet med standarder som <strong>ASTM F1140<\/strong> och <strong>ASTM F2054<\/strong>, kan tillverkarna se till att deras f\u00f6rpackningsmaterial ger tillr\u00e4ckligt skydd f\u00f6r de produkter som finns inuti.<\/p>\n\n\n\n<p>F\u00f6r f\u00f6retag inom branscher som livsmedel, l\u00e4kemedel och medicintekniska produkter \u00e4r det viktigt att investera i en <strong>testare av p\u00e5sens bristning<\/strong> \u00e4r ett viktigt steg f\u00f6r att uppr\u00e4tth\u00e5lla h\u00f6gkvalitativa f\u00f6rpackningar som kan motst\u00e5 trycket i leveranskedjan. P\u00e5 Cell Instruments erbjuder vi h\u00f6gpresterande testl\u00f6sningar f\u00f6r att m\u00f6ta f\u00f6rpackningsindustrins olika behov.<\/p>","protected":false},"excerpt":{"rendered":"<p>In the packaging industry, ensuring the integrity and strength of a package is crucial, especially for industries like food, pharmaceuticals, and medical devices. One of the most reliable methods for evaluating package durability is the pouch burst tester. This device is designed to test the burst strength of flexible packages, ensuring that they can withstand [&hellip;]<\/p>","protected":false},"featured_media":1172,"parent":0,"template":"","meta":{"_acf_changed":true},"product-category":[62],"class_list":["post-1171","product","type-product","status-publish","has-post-thumbnail","hentry","product-category-pressure-decay-test"],"acf":[],"_links":{"self":[{"href":"https:\/\/www.packtests.com\/sv\/wp-json\/wp\/v2\/product\/1171","targetHints":{"allow":["GET"]}}],"collection":[{"href":"https:\/\/www.packtests.com\/sv\/wp-json\/wp\/v2\/product"}],"about":[{"href":"https:\/\/www.packtests.com\/sv\/wp-json\/wp\/v2\/types\/product"}],"wp:featuredmedia":[{"embeddable":true,"href":"https:\/\/www.packtests.com\/sv\/wp-json\/wp\/v2\/media\/1172"}],"wp:attachment":[{"href":"https:\/\/www.packtests.com\/sv\/wp-json\/wp\/v2\/media?parent=1171"}],"wp:term":[{"taxonomy":"product-category","embeddable":true,"href":"https:\/\/www.packtests.com\/sv\/wp-json\/wp\/v2\/product-category?post=1171"}],"curies":[{"name":"wp","href":"https:\/\/api.w.org\/{rel}","templated":true}]}}