{"id":1138,"date":"2026-03-20T07:37:21","date_gmt":"2026-03-20T07:37:21","guid":{"rendered":"https:\/\/www.packtests.com\/?post_type=product&#038;p=1138"},"modified":"2026-03-26T05:10:23","modified_gmt":"2026-03-26T05:10:23","slug":"plastic-tensile-strength-tester","status":"publish","type":"product","link":"https:\/\/www.packtests.com\/tr\/product\/plastic-tensile-strength-tester\/","title":{"rendered":"TST-01 Plastik \u00c7ekme Dayan\u0131m\u0131 Test Cihaz\u0131"},"content":{"rendered":"<p><br>A <strong>Plastik \u00c7ekme Dayan\u0131m\u0131 Test Cihaz\u0131<\/strong> plastiklerin mekanik \u00f6zelliklerini, \u00f6zellikle de \u00e7ekme kuvvetlerine dayanma kabiliyetlerini de\u011ferlendirmek i\u00e7in \u00e7ok \u00f6nemlidir. \u00c7ekme testi, plastik malzemelerin mukavemeti, uzamas\u0131 ve elastikiyet mod\u00fcl\u00fc hakk\u0131nda de\u011ferli veriler sa\u011flayarak \u00e7e\u015fitli end\u00fcstriyel uygulamalar i\u00e7in uygunluklar\u0131n\u0131 garanti eder. Bu makalede, \u00e7ekme testinin \u00f6nemini inceleyece\u011fiz. <strong>Plastik \u00c7ekme Dayan\u0131m\u0131 Test Cihaz\u0131<\/strong>, odaklanarak <strong>ASTM D882<\/strong>, <strong>ISO 527<\/strong>, ve <strong>uzama \u00e7ekme testi<\/strong> Malzemenin stres alt\u0131ndaki performans\u0131n\u0131 belirlemek i\u00e7in.<\/p>\n\n\n\n<h2 class=\"wp-block-heading\">Plastik \u00c7ekme Dayan\u0131m\u0131 Test Cihaz\u0131n\u0131n Rol\u00fc<\/h2>\n\n\n\n<p>Bu <strong>Plastik \u00c7ekme Dayan\u0131m\u0131 Test Cihaz\u0131<\/strong> Plastik malzemelerin gerilim alt\u0131nda nas\u0131l davrand\u0131\u011f\u0131n\u0131 \u00f6l\u00e7erek belirli uygulamalar i\u00e7in malzeme se\u00e7iminde \u00f6nemli bilgiler sa\u011flar. Test cihaz\u0131, plastik bir numuneye kontroll\u00fc bir kuvvet uygulayarak gerilme mukavemetini, uzamas\u0131n\u0131 ve elastikiyet mod\u00fcl\u00fcn\u00fc de\u011ferlendirir. Bu parametreler, malzemenin k\u0131r\u0131lmadan gerilime dayanma kabiliyetini belirlemek i\u00e7in gereklidir; bu da \u00f6zellikle ambalaj, otomotiv ve dayan\u0131kl\u0131l\u0131\u011f\u0131n \u00f6nemli oldu\u011fu di\u011fer end\u00fcstrilerde kullan\u0131lan malzemeler i\u00e7in \u00f6nemlidir.<\/p>\n\n\n\n<h2 class=\"wp-block-heading\">\u0130nce Plastik Levhalar\u0131n \u00c7ekme \u00d6zellikleri i\u00e7in ASTM D882'yi Anlama<\/h2>\n\n\n\n<p><strong>ASTM D882<\/strong> ince plastik tabakalar\u0131n \u00e7ekme \u00f6zelliklerini de\u011ferlendirmek i\u00e7in kullan\u0131lan standart bir test y\u00f6ntemidir. Bu y\u00f6ntem, plastik numunelerin gerilim alt\u0131nda test edilmesi s\u0131ras\u0131nda kuvvet ve uzaman\u0131n \u00f6l\u00e7\u00fclmesini i\u00e7erir. Elde edilen sonu\u00e7lar <strong>ASTM D882<\/strong> \u00fcreticilerin gerilme mukavemeti, kopma uzamas\u0131 ve elastikiyet mod\u00fcl\u00fc gibi \u00f6zellikleri belirlemelerine yard\u0131mc\u0131 olur. Bu \u00f6zellikler, \u00e7e\u015fitli \u00fcr\u00fcnlerde kullan\u0131lan malzemelerin karakterizasyonu ve spesifikasyonu i\u00e7in hayati \u00f6nem ta\u015f\u0131r.<\/p>\n\n\n\n<ul class=\"wp-block-list\">\n<li><strong>\u00c7ekme Dayan\u0131m\u0131<\/strong>: Malzemenin k\u0131r\u0131lmadan \u00f6nce ne kadar kuvvete dayanabilece\u011fini g\u00f6sterir.<\/li>\n\n\n\n<li><strong>Uzama<\/strong>: Malzemenin k\u0131r\u0131lma noktas\u0131na ula\u015fmadan \u00f6nce ne kadar esneyebilece\u011fini \u00f6l\u00e7er.<\/li>\n\n\n\n<li><strong>Elastisite Mod\u00fcl\u00fc<\/strong>: Malzemenin sertli\u011fi hakk\u0131nda bilgi sa\u011flar.<\/li>\n<\/ul>\n\n\n\n<p><strong>ASTM D882<\/strong> ambalaj malzemeleri, esnek elektronikler ve esneklik ve dayan\u0131kl\u0131l\u0131\u011f\u0131n gerekli oldu\u011fu di\u011fer uygulamalar gibi ince plastik filmlerin kritik oldu\u011fu end\u00fcstrilerde yayg\u0131n olarak kullan\u0131lmaktad\u0131r.<\/p>\n\n\n\n<h2 class=\"wp-block-heading\">ISO 527: Plastiklerin \u00c7ekme \u00d6zelliklerinin Belirlenmesi<\/h2>\n\n\n\n<p><strong>ISO 527<\/strong>, \u00f6zellikle <strong>ISO 527-1:2019<\/strong>, plastiklerin \u00e7ekme \u00f6zelliklerinin belirlenmesine y\u00f6nelik uluslararas\u0131 standartt\u0131r. Bu standart, termoplastikler, termosetler ve plastik kompozitler dahil olmak \u00fczere \u00e7e\u015fitli plastik malzemelerin \u00e7ekme davran\u0131\u015f\u0131n\u0131 test etmek i\u00e7in genel ilkeleri tan\u0131mlar. Test, numuneye bir \u00e7ekme kuvveti uygulanmas\u0131n\u0131 ve daha sonra \u00e7ekme mukavemetini, kopma uzamas\u0131n\u0131 ve di\u011fer \u00e7ekme \u00f6zelliklerini hesaplamak i\u00e7in kullan\u0131lan kuvvet-uzama e\u011frisinin kaydedilmesini i\u00e7erir.<\/p>\n\n\n\n<p><strong>ISO 527<\/strong> dahil olmak \u00fczere \u00e7ok \u00e7e\u015fitli plastik malzemelere uygulanabilir:<\/p>\n\n\n\n<ul class=\"wp-block-list\">\n<li><strong>Sert ve yar\u0131 sert termoplastikler<\/strong><\/li>\n\n\n\n<li><strong>Termoset plastikler<\/strong><\/li>\n\n\n\n<li><strong>Plastik kompozitler<\/strong><\/li>\n\n\n\n<li><strong>Elyaf takviyeli plastikler<\/strong><\/li>\n<\/ul>\n\n\n\n<p>Standart ayr\u0131ca numunelerin haz\u0131rlanmas\u0131 ve sonu\u00e7lar\u0131n \u00f6l\u00e7\u00fclmesi konusunda rehberlik ederek farkl\u0131 malzemeler ve test ekipmanlar\u0131 aras\u0131nda tutarl\u0131 ve tekrarlanabilir test ko\u015fullar\u0131 sa\u011flar.<\/p>\n\n\n\n<h2 class=\"wp-block-heading\">Uzama \u00c7ekme Testi: Kopma \u00d6ncesi Gerilmenin \u00d6l\u00e7\u00fclmesi<\/h2>\n\n\n\n<p>Bu <strong>uzama \u00e7ekme testi<\/strong> \u00f6zellikle plastik malzemelerin s\u00fcnekli\u011fini de\u011ferlendirmek i\u00e7in \u00e7ekme testinin \u00f6nemli bir par\u00e7as\u0131d\u0131r. Bu test, bir malzemenin k\u0131r\u0131lmadan \u00f6nce maruz kald\u0131\u011f\u0131 esneme miktar\u0131n\u0131 \u00f6l\u00e7er, bu da esnekli\u011fini ve gerilimi emme yetene\u011fini belirlemek i\u00e7in \u00e7ok \u00f6nemlidir. Daha y\u00fcksek uzamaya sahip malzemeler tipik olarak daha esnektir ve bozulmadan \u00f6nce daha fazla deformasyona dayanabilir, bu da onlar\u0131 esnekli\u011fin gerekli oldu\u011fu uygulamalar i\u00e7in uygun hale getirir.<\/p>\n\n\n\n<p>Uzama, malzemenin orijinal uzunlu\u011funun bir y\u00fczdesi olarak ifade edilir ve malzemenin k\u0131r\u0131lmadan esnemeye dayanma kapasitesi hakk\u0131nda de\u011ferli bilgiler sa\u011flar. Ambalaj filmleri veya otomotiv bile\u015fenleri gibi uygulamalarda kullan\u0131lan plastikler, a\u015fa\u011f\u0131dakilerin dengesinden yararlan\u0131r <strong>\u00c7ekme Dayan\u0131m\u0131<\/strong> ve <strong>uzama<\/strong> esnek olurken b\u00fct\u00fcnl\u00fcklerini korumalar\u0131n\u0131 sa\u011flamak i\u00e7in.<\/p>\n\n\n\n<h2 class=\"wp-block-heading\">Malzeme Analizi i\u00e7in Plastik \u00c7ekme Dayan\u0131m\u0131 Test Cihaz\u0131n\u0131n Faydalar\u0131<\/h2>\n\n\n\n<p>Kullanmak <strong>Plastik \u00c7ekme Dayan\u0131m\u0131 Test Cihaz\u0131<\/strong> \u00fcreticiler ve malzeme bilimciler i\u00e7in \u00e7e\u015fitli avantajlar sunar:<\/p>\n\n\n\n<ol class=\"wp-block-list\">\n<li><strong>Do\u011fruluk ve Hassasiyet<\/strong>: Test cihaz\u0131, gerilme mukavemeti, uzama ve elastikiyet mod\u00fcl\u00fcn\u00fcn hassas bir \u015fekilde \u00f6l\u00e7\u00fclmesine olanak tan\u0131yan g\u00fcvenilir, tekrarlanabilir sonu\u00e7lar sa\u011flar.<\/li>\n\n\n\n<li><strong>Malzeme Kar\u015f\u0131la\u015ft\u0131rmas\u0131<\/strong>: Farkl\u0131 plastik malzemelerin ayn\u0131 test ko\u015fullar\u0131 alt\u0131nda kar\u015f\u0131la\u015ft\u0131r\u0131lmas\u0131n\u0131 sa\u011flayarak \u00fcreticilerin belirli uygulamalar i\u00e7in en uygun malzemeyi se\u00e7mesine yard\u0131mc\u0131 olur.<\/li>\n\n\n\n<li><strong>Kalite Kontrol<\/strong>: \u00dcreticiler bir \u00e7ekme test cihaz\u0131 kullanarak plastik \u00fcr\u00fcnlerinin mukavemet, esneklik ve dayan\u0131kl\u0131l\u0131k i\u00e7in gerekli \u00f6zellikleri kar\u015f\u0131lad\u0131\u011f\u0131ndan emin olabilirler.<\/li>\n\n\n\n<li><strong>Standartlara Uygunluk<\/strong>: Test uzman\u0131, sonu\u00e7lar\u0131n a\u015fa\u011f\u0131dakilere uygun olmas\u0131n\u0131 sa\u011flar <strong>ASTM D882<\/strong> ve <strong>ISO 527<\/strong> standartlar\u0131, \u00e7e\u015fitli sekt\u00f6rlerde k\u00fcresel olarak tan\u0131nan veriler sa\u011flar.<\/li>\n<\/ol>\n\n\n\n<h2 class=\"wp-block-heading\">Neden Cell Instruments\u2019 \u00c7ekme Test Cihazlar\u0131n\u0131 Se\u00e7melisiniz?<\/h2>\n\n\n\n<p>Cell Instruments en son teknolojiyi sa\u011flar <strong>\u00c7ekme Test Cihazlar\u0131<\/strong> plastiklerin do\u011fru ve verimli \u00e7ekme testi i\u00e7in tasarlanm\u0131\u015ft\u0131r. Bizim <strong>Plastik \u00c7ekme Dayan\u0131m\u0131 Test Cihazlar\u0131<\/strong> y\u00fcksek hassasiyet ve tekrarlanabilirlik sa\u011flayan geli\u015fmi\u015f \u00f6zelliklerle donat\u0131lm\u0131\u015ft\u0131r, bu da onlar\u0131 laboratuvarlar, ara\u015ft\u0131rma ve geli\u015ftirme ve kalite kontrol uygulamalar\u0131 i\u00e7in ideal hale getirir.<\/p>\n\n\n\n<ul class=\"wp-block-list\">\n<li><strong>Y\u00fcksek Hassasiyet<\/strong>: Test cihazlar\u0131m\u0131z kuvvet, uzama ve gerilme mukavemetinin hassas \u00f6l\u00e7\u00fcmlerini sunar.<\/li>\n\n\n\n<li><strong>\u00c7ok Y\u00f6nl\u00fcl\u00fck<\/strong>: Plastikler, kompozitler ve elastomerler dahil olmak \u00fczere \u00e7ok \u00e7e\u015fitli malzemeleri test etmek i\u00e7in uygundur.<\/li>\n\n\n\n<li><strong>Standartlara Uygunluk<\/strong>: Test uzmanlar\u0131m\u0131z a\u015fa\u011f\u0131daki gibi k\u00fcresel standartlar\u0131 kar\u015f\u0131lamaktad\u0131r <strong>ASTM D882<\/strong> ve <strong>ISO 527<\/strong>, Test prosed\u00fcrlerinizin sekt\u00f6rle uyumlu olmas\u0131n\u0131 sa\u011flamak.<\/li>\n<\/ul>\n\n\n\n<h2 class=\"wp-block-heading\">Sonu\u00e7<\/h2>\n\n\n\n<p>Bu <strong>Plastik \u00c7ekme Dayan\u0131m\u0131 Test Cihaz\u0131<\/strong> plastik malzemelerin mekanik \u00f6zelliklerini de\u011ferlendirmek i\u00e7in vazge\u00e7ilmez bir ara\u00e7t\u0131r. A\u015fa\u011f\u0131dakilere ba\u011fl\u0131 kalarak <strong>ASTM D882<\/strong> ve <strong>ISO 527<\/strong>, \u00fcreticiler plastiklerin gerilme mukavemeti, uzamas\u0131 ve elastikiyet mod\u00fcl\u00fc hakk\u0131nda do\u011fru ve tutarl\u0131 veriler elde edebilir. Bu \u00f6zellikler, ambalaj filmlerinden otomotiv bile\u015fenlerine kadar \u00e7e\u015fitli uygulamalarda malzemenin performans\u0131n\u0131 belirlemek i\u00e7in hayati \u00f6nem ta\u015f\u0131r.<\/p>\n\n\n\n<p>Cell Instruments y\u00fcksek kaliteli <strong>\u00c7ekme Test Cihazlar\u0131<\/strong> plastik malzemelerinizin dayan\u0131kl\u0131l\u0131\u011f\u0131n\u0131 ve g\u00fcvenilirli\u011fini sa\u011flaman\u0131za yard\u0131mc\u0131 olur. \u0130ster yeni \u00fcr\u00fcnler geli\u015ftiriyor ister kalite kontrol sa\u011fl\u0131yor olun, test cihazlar\u0131m\u0131z bilin\u00e7li kararlar vermek ve end\u00fcstri standartlar\u0131n\u0131 kar\u015f\u0131lamak i\u00e7in ihtiya\u00e7 duydu\u011funuz verileri sa\u011flar.<\/p>","protected":false},"excerpt":{"rendered":"<p>A Plastic Tensile Strength Tester is crucial for evaluating the mechanical properties of plastics, especially their ability to withstand tensile forces. Tensile testing provides valuable data about the strength, elongation, and modulus of elasticity of plastic materials, ensuring their suitability for various industrial applications. In this article, we will explore the significance of the Plastic [&hellip;]<\/p>","protected":false},"featured_media":1154,"parent":0,"template":"","meta":{"_acf_changed":true},"product-category":[56],"class_list":["post-1138","product","type-product","status-publish","has-post-thumbnail","hentry","product-category-plastic-tensile-strength-test"],"acf":[],"_links":{"self":[{"href":"https:\/\/www.packtests.com\/tr\/wp-json\/wp\/v2\/product\/1138","targetHints":{"allow":["GET"]}}],"collection":[{"href":"https:\/\/www.packtests.com\/tr\/wp-json\/wp\/v2\/product"}],"about":[{"href":"https:\/\/www.packtests.com\/tr\/wp-json\/wp\/v2\/types\/product"}],"wp:featuredmedia":[{"embeddable":true,"href":"https:\/\/www.packtests.com\/tr\/wp-json\/wp\/v2\/media\/1154"}],"wp:attachment":[{"href":"https:\/\/www.packtests.com\/tr\/wp-json\/wp\/v2\/media?parent=1138"}],"wp:term":[{"taxonomy":"product-category","embeddable":true,"href":"https:\/\/www.packtests.com\/tr\/wp-json\/wp\/v2\/product-category?post=1138"}],"curies":[{"name":"wp","href":"https:\/\/api.w.org\/{rel}","templated":true}]}}