{"id":1166,"date":"2026-03-26T01:17:05","date_gmt":"2026-03-26T01:17:05","guid":{"rendered":"https:\/\/www.packtests.com\/?post_type=product&#038;p=1166"},"modified":"2026-03-26T05:14:30","modified_gmt":"2026-03-26T05:14:30","slug":"packaging-vacuum-decay-tester","status":"publish","type":"product","link":"https:\/\/www.packtests.com\/tr\/product\/packaging-vacuum-decay-tester\/","title":{"rendered":"MLT-01 Ambalaj Vakum \u00c7\u00fcr\u00fcme Test Cihaz\u0131"},"content":{"rendered":"<p>Ambalaj end\u00fcstrisinde, \u00f6zellikle g\u0131da, ila\u00e7 ve t\u0131bbi cihaz gibi sekt\u00f6rlerde ambalaj\u0131n b\u00fct\u00fcnl\u00fc\u011f\u00fcn\u00fcn sa\u011flanmas\u0131 kritik \u00f6nem ta\u015f\u0131r. Ambalajda tahribats\u0131z s\u0131z\u0131nt\u0131 tespiti i\u00e7in en etkili y\u00f6ntemlerden biri <strong>ambalaj vakum \u00e7\u00fcr\u00fcme test cihaz\u0131<\/strong>. Bu ara\u00e7, zaman i\u00e7inde vakum seviyelerindeki d\u00fc\u015f\u00fc\u015f\u00fc \u00f6l\u00e7erek s\u0131z\u0131nt\u0131lar\u0131 tespit etmek i\u00e7in tasarlanm\u0131\u015ft\u0131r. \u00dcreticilerin \u00fcr\u00fcnlerinin ambalaj b\u00fct\u00fcnl\u00fc\u011f\u00fcne ili\u015fkin kat\u0131 standartlar\u0131 kar\u015f\u0131lamas\u0131na yard\u0131mc\u0131 olur. Bu makale, vakum <strong>ambalaj vakum \u00e7\u00fcr\u00fcme test cihaz\u0131<\/strong>, \u00f6nemi, ve <strong>ASTM F2338<\/strong> standard\u0131 ve bu standard\u0131n <strong>sert konteyner b\u00fct\u00fcnl\u00fck testi<\/strong>.<\/p>\n\n\n\n<h2 class=\"wp-block-heading\"><strong>Ambalaj Vakum \u00c7\u00fcr\u00fcme Test Cihaz\u0131 Nedir?<\/strong><\/h2>\n\n\n\n<p>A <strong>ambalaj vakum \u00e7\u00fcr\u00fcme test cihaz\u0131<\/strong> ambalajlardaki s\u0131z\u0131nt\u0131lar\u0131 tespit etmek i\u00e7in kullan\u0131lan tahribats\u0131z bir test y\u00f6ntemidir. Test cihaz\u0131, ambalaj haznesinin i\u00e7ine vakum uygulayarak, vakum seviyelerini izleyerek ve s\u0131z\u0131nt\u0131lar\u0131n neden oldu\u011fu de\u011fi\u015fiklikleri tespit ederek \u00e7al\u0131\u015f\u0131r. Vakum azald\u0131k\u00e7a, ambalajdan ka\u00e7an herhangi bir gaz veya buhar bas\u0131nc\u0131 etkileyecek ve test cihaz\u0131n\u0131n s\u0131z\u0131nt\u0131n\u0131n yerini ve \u015fiddetini belirlemesini sa\u011flayacakt\u0131r.<\/p>\n\n\n\n<p>Bu test y\u00f6ntemi son derece hassas ve h\u0131zl\u0131d\u0131r, bu da onu y\u00fcksek hacimli \u00fcretim ortamlar\u0131 i\u00e7in uygun hale getirir. \u00d6zellikle ta\u015f\u0131ma ve depolama s\u0131ras\u0131nda \u00fcr\u00fcn g\u00fcvenli\u011fi ve kalitesini sa\u011flamak i\u00e7in hassas s\u0131zd\u0131rmazl\u0131k gerektiren sert kaplar\u0131n test edilmesi i\u00e7in kullan\u0131\u015fl\u0131d\u0131r.<\/p>\n\n\n\n<h2 class=\"wp-block-heading\"><strong>ASTM F2338'i Anlamak: Vakum \u00c7\u00fcr\u00fcme Testi Standard\u0131<\/strong><\/h2>\n\n\n\n<p><strong>ASTM F2338<\/strong> vakum bozunma y\u00f6ntemi kullan\u0131larak ambalajlarda tahribats\u0131z s\u0131z\u0131nt\u0131 tespiti i\u00e7in standart test y\u00f6ntemidir. Bu standarda g\u00f6re, bir test paketi vakum bas\u0131nc\u0131n\u0131n uyguland\u0131\u011f\u0131 bir vakum odas\u0131n\u0131n i\u00e7ine yerle\u015ftirilir. Oda vakum kayna\u011f\u0131ndan izole edilir ve i\u00e7indeki bas\u0131n\u00e7 zaman i\u00e7inde izlenir. E\u011fer bir s\u0131z\u0131nt\u0131 varsa, vakum \u00f6l\u00e7\u00fclebilir bir oranda azal\u0131r ve bu da s\u0131z\u0131nt\u0131lar\u0131 tespit etmek i\u00e7in izlenebilir.<\/p>\n\n\n\n<p>Bu <strong>ASTM F2338<\/strong> y\u00f6ntemi, \u00fcr\u00fcnden \u00f6d\u00fcn vermeden ambalajdaki s\u0131z\u0131nt\u0131lar\u0131 tespit etmek i\u00e7in hassas ve g\u00fcvenilir bir yol sa\u011flad\u0131\u011f\u0131 i\u00e7in de\u011ferlidir. Genellikle t\u0131bbi cihazlar\u0131n, g\u0131da ambalajlar\u0131n\u0131n ve farmas\u00f6tik \u00fcr\u00fcnlerin test edilmesinde kullan\u0131l\u0131r, s\u0131zd\u0131rmaz kalmalar\u0131n\u0131 ve kirletici madde i\u00e7ermemelerini sa\u011flar.<\/p>\n\n\n\n<h2 class=\"wp-block-heading\"><strong>Ambalaj Vakum \u00c7\u00fcr\u00fcme Test Cihaz\u0131 Nas\u0131l \u00c7al\u0131\u015f\u0131r?<\/strong><\/h2>\n\n\n\n<p>Bu <strong>ambalaj vakum \u00e7\u00fcr\u00fcme test cihaz\u0131<\/strong> test odas\u0131na kontroll\u00fc bir vakum uygulayarak \u00e7al\u0131\u015f\u0131r. Test edilen paket haznenin i\u00e7ine yerle\u015ftirilir ve sistem vakum seviyelerini izlemeye ba\u015flar. Zamanla, paketteki herhangi bir s\u0131z\u0131nt\u0131, vakum seviyesinin d\u00fc\u015fmesine neden olarak bir s\u0131z\u0131nt\u0131n\u0131n a\u00e7\u0131k bir g\u00f6stergesini sa\u011flayacakt\u0131r.<\/p>\n\n\n\n<h3 class=\"wp-block-heading\"><strong>Vakum \u00c7\u00fcr\u00fcme Testinin Ad\u0131mlar\u0131:<\/strong><\/h3>\n\n\n\n<ol class=\"wp-block-list\">\n<li><strong>Vakum Uygulamas\u0131:<\/strong> Test paketi hazneye yerle\u015ftirilir ve vakum uygulan\u0131r.<\/li>\n\n\n\n<li><strong>Vakum \u00c7\u00fcr\u00fcmesi \u0130zleme:<\/strong> Hazne i\u00e7indeki bas\u0131n\u00e7 de\u011fi\u015fikliklere kar\u015f\u0131 izlenir.<\/li>\n\n\n\n<li><strong>S\u0131z\u0131nt\u0131 Tespiti:<\/strong> Bir s\u0131z\u0131nt\u0131 varsa, paketten \u00e7\u0131kan gaz veya buhar nedeniyle vakum azalacak ve bir ar\u0131zan\u0131n varl\u0131\u011f\u0131n\u0131 g\u00f6sterecektir.<\/li>\n<\/ol>\n\n\n\n<p>Bu y\u00f6ntem, \u00f6zellikle \u00fcr\u00fcn b\u00fct\u00fcnl\u00fc\u011f\u00fcn\u00fc tehlikeye atan k\u00fc\u00e7\u00fck veya tespit edilmesi zor s\u0131z\u0131nt\u0131lar\u0131n olabilece\u011fi sert kaplarda, g\u00f6r\u00fcn\u00fcr olmayan s\u0131z\u0131nt\u0131lar\u0131 tespit etmek i\u00e7in olduk\u00e7a etkilidir.<\/p>\n\n\n\n<h2 class=\"wp-block-heading\"><strong>Tahribats\u0131z Ka\u00e7ak Tespitinin \u00d6nemi<\/strong><\/h2>\n\n\n\n<p><strong>Tahribats\u0131z s\u0131z\u0131nt\u0131 tespiti<\/strong> ambalaj end\u00fcstrisinde \u00fcr\u00fcnlerin kalitesini ve g\u00fcvenli\u011fini korumak i\u00e7in hayati \u00f6nem ta\u015f\u0131r. \u00dcr\u00fcne veya ambalaja zarar verebilen geleneksel s\u0131z\u0131nt\u0131 tespit y\u00f6ntemlerinin aksine, vakum \u00e7\u00fcr\u00fctme y\u00f6ntemi tamamen non-invazivdir. Bu, ambalaj\u0131n tehlikeye at\u0131lmadan test edilebilmesini sa\u011flar, bu da \u00f6zellikle steril t\u0131bbi cihazlar veya g\u0131da \u00fcr\u00fcnleri i\u00e7in \u00f6nemlidir.<\/p>\n\n\n\n<p>Kullanarak <strong>ambalaj vakum \u00e7\u00fcr\u00fcme test cihaz\u0131<\/strong>, \u00fcreticiler yapabilir:<\/p>\n\n\n\n<ul class=\"wp-block-list\">\n<li>Paketlerin d\u00fczg\u00fcn bir \u015fekilde kapat\u0131ld\u0131\u011f\u0131ndan emin olun.<\/li>\n\n\n\n<li>\u00dcr\u00fcnlerin kirlenmesini veya bozulmas\u0131n\u0131 \u00f6nleyin.<\/li>\n\n\n\n<li>Hava ge\u00e7irmez contalar\u0131 koruyarak \u00fcr\u00fcn\u00fcn raf \u00f6mr\u00fcn\u00fc art\u0131r\u0131n.<\/li>\n\n\n\n<li>A\u015fa\u011f\u0131dakiler gibi end\u00fcstri standartlar\u0131na uyun <strong>ASTM F2338<\/strong>.<\/li>\n<\/ul>\n\n\n\n<h2 class=\"wp-block-heading\"><strong>Ambalaj Vakum Bozunma Test Cihaz\u0131n\u0131n Sert Konteyner B\u00fct\u00fcnl\u00fck Testindeki Rol\u00fc<\/strong><\/h2>\n\n\n\n<p><strong>Sert konteyner b\u00fct\u00fcnl\u00fck testi<\/strong> kontaminasyonu \u00f6nlemek i\u00e7in g\u00fc\u00e7l\u00fc, hava ge\u00e7irmez contalar gerektiren \u00fcr\u00fcnler i\u00e7in \u00e7ok \u00f6nemlidir. Bu <strong>ambalaj vakum \u00e7\u00fcr\u00fcme test cihaz\u0131<\/strong> \u00fcr\u00fcn\u00fcn b\u00fct\u00fcnl\u00fc\u011f\u00fcn\u00fc tehlikeye atabilecek s\u0131z\u0131nt\u0131lar\u0131 tespit ederek bu s\u00fcre\u00e7te \u00f6nemli bir rol oynar. Bu, s\u0131z\u0131nt\u0131lar\u0131n zararl\u0131 maddelere maruz kalmaya neden olabilece\u011fi ila\u00e7 veya kontaminasyonun \u00fcr\u00fcn\u00fc bozabilece\u011fi g\u0131da ambalaj\u0131 gibi sekt\u00f6rlerde \u00f6zellikle \u00f6nemlidir.<\/p>\n\n\n\n<p>En k\u00fc\u00e7\u00fck s\u0131z\u0131nt\u0131lar\u0131 bile tespit edebilme yetene\u011fi, \u00fcreticilerin y\u00fcksek kalite standartlar\u0131n\u0131 koruyabilmelerini ve maliyetli geri \u00e7a\u011f\u0131rmalar\u0131 veya itibarlar\u0131n\u0131n zarar g\u00f6rmesini \u00f6nlemelerini sa\u011flar. Bu <strong>vakum bozunma testi<\/strong> ambalaj\u0131n standartlara uygun oldu\u011funu ve i\u00e7indekilerin g\u00fcvenli ve emniyetli kald\u0131\u011f\u0131n\u0131 garanti etmek i\u00e7in h\u0131zl\u0131 ve etkili bir y\u00f6ntemdir.<\/p>\n\n\n\n<h3 class=\"wp-block-heading\"><strong>Ambalaj Vakum \u00c7\u00fcr\u00fcme Test Cihaz\u0131 Kullanman\u0131n Faydalar\u0131<\/strong><\/h3>\n\n\n\n<ol class=\"wp-block-list\">\n<li><strong>Tahribats\u0131z Muayene:<\/strong> Ambalaj vakum \u00e7\u00fcr\u00fcme test cihaz\u0131, ambalajlar\u0131n hasar g\u00f6rmeden test edilmesini ve daha sonraki kullan\u0131mlar i\u00e7in b\u00fct\u00fcnl\u00fcklerinin korunmas\u0131n\u0131 sa\u011flar.<\/li>\n\n\n\n<li><strong>Y\u00fcksek Hassasiyet:<\/strong> Bu y\u00f6ntem \u00e7ok k\u00fc\u00e7\u00fck s\u0131z\u0131nt\u0131lar\u0131 tespit edebilir ve en k\u00fc\u00e7\u00fck kusurlar\u0131n bile belirlenmesini sa\u011flar.<\/li>\n\n\n\n<li><strong>H\u0131z ve Verimlilik:<\/strong> Vakum bozunma testi h\u0131zl\u0131d\u0131r ve otomatikle\u015ftirilebilir, bu da \u00fcreticilerin b\u00fcy\u00fck \u00fcr\u00fcn gruplar\u0131n\u0131 k\u0131sa s\u00fcrede test etmesine olanak tan\u0131r.<\/li>\n\n\n\n<li><strong>\u0130yile\u015ftirilmi\u015f Uyumluluk:<\/strong> A\u015fa\u011f\u0131daki gibi standartlara ba\u011fl\u0131 kalarak <strong>ASTM F2338<\/strong>, \u00fcreticiler, \u00fcr\u00fcnlerinin yasal gereklilikleri ve end\u00fcstri standartlar\u0131n\u0131 kar\u015f\u0131lamas\u0131n\u0131 sa\u011flar.<\/li>\n<\/ol>\n\n\n\n<h2 class=\"wp-block-heading\"><strong>Sonu\u00e7<\/strong><\/h2>\n\n\n\n<p>Bu <strong>ambalaj vakum \u00e7\u00fcr\u00fcme test cihaz\u0131<\/strong> tahribats\u0131z s\u0131z\u0131nt\u0131 tespiti i\u00e7in \u00f6nemli bir ara\u00e7t\u0131r ve ambalaj malzemelerinin b\u00fct\u00fcnl\u00fc\u011f\u00fcn\u00fc sa\u011flar. \u0130ster g\u0131da, ister t\u0131bbi cihaz veya ila\u00e7 testleri olsun, bu y\u00f6ntem \u00fcr\u00fcne zarar vermeden s\u0131z\u0131nt\u0131lar\u0131 tespit etmek i\u00e7in g\u00fcvenilir bir yol sa\u011flar. Y\u00fcksek hassasiyeti ve h\u0131zl\u0131 test yetenekleriyle, \u00fcreticilerin \u00fcr\u00fcn kalitesini ve g\u00fcvenli\u011fini korumas\u0131na yard\u0131mc\u0131 olurken a\u015fa\u011f\u0131daki gibi end\u00fcstri standartlar\u0131na uymalar\u0131n\u0131 sa\u011flar <strong>ASTM F2338<\/strong>.<\/p>\n\n\n\n<p>Ambalaj kalitesini art\u0131rmak ve yasal gereklilikleri kar\u015f\u0131lamak isteyen i\u015fletmeler i\u00e7in <strong>ambalaj vakum \u00e7\u00fcr\u00fcme test cihaz\u0131<\/strong> \u00fcr\u00fcn g\u00fcvenli\u011fini art\u0131racak, riskleri azaltacak ve m\u00fc\u015fteri g\u00fcvenini art\u0131racak ak\u0131ll\u0131ca bir karard\u0131r. Cell Instruments'de, \u00e7e\u015fitli sekt\u00f6rlerin ihtiya\u00e7lar\u0131n\u0131 kar\u015f\u0131lamak i\u00e7in \u00f6zel olarak tasarlanm\u0131\u015f y\u00fcksek kaliteli test \u00e7\u00f6z\u00fcmleri sunuyoruz.<\/p>\n\n\n\n<p><\/p>","protected":false},"excerpt":{"rendered":"<p>In the packaging industry, ensuring the integrity of packaging is critical, particularly for industries like food, pharmaceuticals, and medical devices. One of the most effective methods for non-destructive leak detection in packaging is using the packaging vacuum decay tester. This tool is designed to identify leaks by measuring the decay in vacuum levels over time. [&hellip;]<\/p>","protected":false},"featured_media":1167,"parent":0,"template":"","meta":{"_acf_changed":true},"product-category":[61],"class_list":["post-1166","product","type-product","status-publish","has-post-thumbnail","hentry","product-category-vacuum-decay-test"],"acf":[],"_links":{"self":[{"href":"https:\/\/www.packtests.com\/tr\/wp-json\/wp\/v2\/product\/1166","targetHints":{"allow":["GET"]}}],"collection":[{"href":"https:\/\/www.packtests.com\/tr\/wp-json\/wp\/v2\/product"}],"about":[{"href":"https:\/\/www.packtests.com\/tr\/wp-json\/wp\/v2\/types\/product"}],"wp:featuredmedia":[{"embeddable":true,"href":"https:\/\/www.packtests.com\/tr\/wp-json\/wp\/v2\/media\/1167"}],"wp:attachment":[{"href":"https:\/\/www.packtests.com\/tr\/wp-json\/wp\/v2\/media?parent=1166"}],"wp:term":[{"taxonomy":"product-category","embeddable":true,"href":"https:\/\/www.packtests.com\/tr\/wp-json\/wp\/v2\/product-category?post=1166"}],"curies":[{"name":"wp","href":"https:\/\/api.w.org\/{rel}","templated":true}]}}