{"id":1171,"date":"2026-03-26T02:24:39","date_gmt":"2026-03-26T02:24:39","guid":{"rendered":"https:\/\/www.packtests.com\/?post_type=product&#038;p=1171"},"modified":"2026-03-26T05:19:53","modified_gmt":"2026-03-26T05:19:53","slug":"pouch-burst-tester","status":"publish","type":"product","link":"https:\/\/www.packtests.com\/tr\/product\/pouch-burst-tester\/","title":{"rendered":"LSST-01 Po\u015fet Patlama Test Cihaz\u0131"},"content":{"rendered":"<p>Ambalaj end\u00fcstrisinde, \u00f6zellikle g\u0131da, ila\u00e7 ve t\u0131bbi cihazlar gibi sekt\u00f6rler i\u00e7in bir ambalaj\u0131n b\u00fct\u00fcnl\u00fc\u011f\u00fcn\u00fcn ve dayan\u0131kl\u0131l\u0131\u011f\u0131n\u0131n sa\u011flanmas\u0131 \u00e7ok \u00f6nemlidir. Ambalaj dayan\u0131kl\u0131l\u0131\u011f\u0131n\u0131 de\u011ferlendirmek i\u00e7in en g\u00fcvenilir y\u00f6ntemlerden biri <strong>po\u015fet patlama test cihaz\u0131<\/strong>. Bu cihaz, esnek ambalajlar\u0131n patlama mukavemetini test etmek, nakliye ve depolama s\u0131ras\u0131nda kar\u015f\u0131la\u015fabilecekleri bas\u0131nca dayanabilmelerini sa\u011flamak i\u00e7in tasarlanm\u0131\u015ft\u0131r.<\/p>\n\n\n\n<p>Bu makale a\u015fa\u011f\u0131daki konular\u0131 inceleyecektir <strong>po\u015fet patlama test cihaz\u0131<\/strong>, ambalaj kalite kontrol\u00fcndeki \u00f6nemi ve a\u015fa\u011f\u0131daki gibi standartlara nas\u0131l uydu\u011fu <strong>ASTM F1140<\/strong>. Buna ek olarak, \u015fu konular\u0131n \u00f6nemini tart\u0131\u015faca\u011f\u0131z <strong>ASTM F2054<\/strong>, <strong>paketler i\u00e7in patlama testi<\/strong>, ve <strong>bas\u0131n\u00e7 bozunma testi<\/strong> paket performans\u0131n\u0131n belirlenmesinde.<\/p>\n\n\n\n<h2 class=\"wp-block-heading\"><strong>Torba Patlama Test Cihaz\u0131 nedir?<\/strong><\/h2>\n\n\n\n<p>A <strong>po\u015fet patlama test cihaz\u0131<\/strong> po\u015fetler de dahil olmak \u00fczere esnek ambalajlar\u0131n patlama mukavemetini belirlemek i\u00e7in kullan\u0131lan bir aparatt\u0131r. Bu, ar\u0131za meydana gelene kadar paketin dahili olarak bas\u0131n\u00e7land\u0131r\u0131lmas\u0131yla elde edilir. Test cihaz\u0131, nakliye veya sterilizasyon s\u0131ras\u0131ndaki bas\u0131n\u00e7 de\u011fi\u015fiklikleri gibi ger\u00e7ek d\u00fcnya ko\u015fullar\u0131n\u0131 sim\u00fcle ederek paketin y\u0131rt\u0131lmaya kar\u015f\u0131 koyma kabiliyetini de\u011ferlendirmek \u00fczere tasarlanm\u0131\u015ft\u0131r.<\/p>\n\n\n\n<p>Test cihaz\u0131, patlayana kadar ambalaja kontroll\u00fc i\u00e7 bas\u0131n\u00e7 uygulayarak \u00e7al\u0131\u015f\u0131r. Ar\u0131za noktas\u0131 tipik olarak paket contas\u0131nda veya malzemedeki zay\u0131f noktalardad\u0131r. Test cihaz\u0131, ambalaj\u0131n patlad\u0131\u011f\u0131 bas\u0131nc\u0131 \u00f6l\u00e7erek ambalaj\u0131n dayan\u0131kl\u0131l\u0131\u011f\u0131 ve b\u00fct\u00fcnl\u00fc\u011f\u00fc hakk\u0131nda \u00f6nemli veriler sa\u011flar.<\/p>\n\n\n\n<h2 class=\"wp-block-heading\"><strong>ASTM F1140: \u0130\u00e7 Bas\u0131n\u00e7land\u0131rma Direncinin Test Edilmesi<\/strong><\/h2>\n\n\n\n<p><strong>ASTM F1140<\/strong> s\u0131n\u0131rland\u0131r\u0131lmam\u0131\u015f paketlerin i\u00e7 bas\u0131n\u00e7 hatas\u0131 direncini de\u011ferlendirmek i\u00e7in standart test y\u00f6ntemlerini \u00f6zetlemektedir. Standart, bir paketin i\u00e7 bas\u0131nca kar\u015f\u0131 direncini de\u011ferlendiren \u00e7e\u015fitli test y\u00f6ntemleri i\u00e7erir:<\/p>\n\n\n\n<ul class=\"wp-block-list\">\n<li><strong>Test Y\u00f6ntemi A (Patlama Testi):<\/strong> Bu y\u00f6ntem, paketi patlayana kadar bas\u0131n\u00e7land\u0131r\u0131r ve ar\u0131za noktas\u0131ndaki maksimum bas\u0131nc\u0131 \u00f6l\u00e7er.<\/li>\n\n\n\n<li><strong>Test Y\u00f6ntemi B (S\u00fcnme Testi):<\/strong> Bu y\u00f6ntem pakete belirli bir bas\u0131n\u00e7 uygular ve bu bas\u0131nc\u0131 belirli bir s\u00fcre boyunca muhafaza ederek paketin ar\u0131zalanmadan bas\u0131nca dayan\u0131p dayanamayaca\u011f\u0131n\u0131 belirler.<\/li>\n\n\n\n<li><strong>Test Y\u00f6ntemi C (Ar\u0131zaya S\u00fcr\u00fcnme):<\/strong> Bu y\u00f6ntem, paketi patlayana kadar bas\u0131n\u00e7land\u0131rmaya devam ederek ar\u0131zan\u0131n meydana gelmesi i\u00e7in ge\u00e7en s\u00fcreyi kaydeder.<\/li>\n<\/ul>\n\n\n\n<p>Bu testler, paketin sterilizasyon veya nakliye s\u0131ras\u0131nda olu\u015fabilecek bas\u0131n\u00e7 farkl\u0131l\u0131klar\u0131n\u0131 kald\u0131rabilmesini sa\u011flamaya yard\u0131mc\u0131 olur. Ayr\u0131ca ambalaj malzemelerinin belirli \u00fcr\u00fcnlere uygunlu\u011funu belirlemek i\u00e7in de\u011ferli veriler sa\u011flarlar.<\/p>\n\n\n\n<h2 class=\"wp-block-heading\"><strong>Paketler i\u00e7in Patlama Testinin \u00d6nemi<\/strong><\/h2>\n\n\n\n<p><strong>Patlama testi<\/strong> ambalaj kalite kontrol\u00fcnde \u00e7ok \u00f6nemli bir ad\u0131md\u0131r. Bir ambalaj\u0131n ya\u015fam d\u00f6ng\u00fcs\u00fc boyunca kar\u015f\u0131la\u015fabilece\u011fi a\u015f\u0131r\u0131 ko\u015fullar\u0131 sim\u00fcle eder. Bu, rak\u0131m veya s\u0131cakl\u0131k de\u011fi\u015fiklikleri gibi d\u0131\u015f fakt\u00f6rlerin neden oldu\u011fu bas\u0131n\u00e7 farkl\u0131l\u0131klar\u0131n\u0131 ve ambalaj\u0131n i\u00e7eri\u011fi gibi i\u00e7 fakt\u00f6rleri i\u00e7erir.<\/p>\n\n\n\n<p>Kullanarak <strong>po\u015fet patlama test cihaz\u0131<\/strong>, \u00fcreticiler, ambalajlar\u0131n\u0131n i\u00e7indeki \u00fcr\u00fcn\u00fcn b\u00fct\u00fcnl\u00fc\u011f\u00fcnden \u00f6d\u00fcn vermeden bu bask\u0131lara dayanabilmesini sa\u011flayabilir. Patlama testleri, ambalajda kullan\u0131lan contalar\u0131n ve malzemelerin depolama, nakliye ve elle\u00e7leme s\u0131ras\u0131nda kar\u015f\u0131la\u015facaklar\u0131 bas\u0131n\u00e7lar\u0131 kald\u0131rabilece\u011fini do\u011frulamak i\u00e7in gereklidir.<\/p>\n\n\n\n<h2 class=\"wp-block-heading\"><strong>ASTM F2054: Esnek Paket Contalar\u0131 i\u00e7in Patlama Testi<\/strong><\/h2>\n\n\n\n<p>Patlama testi i\u00e7in bir di\u011fer \u00f6nemli standart ise <strong>ASTM F2054<\/strong>, Bu y\u00f6ntem, s\u0131n\u0131rlama plakalar\u0131 i\u00e7inde dahili hava bas\u0131nc\u0131 kullanarak esnek paket contalar\u0131n\u0131 test etmeye odaklanmaktad\u0131r. Bu y\u00f6ntem, patlaman\u0131n tipik olarak s\u0131zd\u0131rmazl\u0131k alan\u0131nda meydana geldi\u011fi po\u015fet ve torba gibi esnek ambalajlar\u0131n test edilmesi i\u00e7in \u00f6zellikle kullan\u0131\u015fl\u0131d\u0131r.<\/p>\n\n\n\n<p>S\u0131ras\u0131nda <strong>ASTM F2054<\/strong> testinde paket, s\u0131zd\u0131rmazl\u0131k bozulana kadar bas\u0131n\u00e7land\u0131r\u0131l\u0131r. Test, paketin t\u00fcr\u00fcne ve test gereksinimlerine ba\u011fl\u0131 olarak paket a\u00e7\u0131k veya kapal\u0131yken ger\u00e7ekle\u015ftirilebilir. Bu testin birincil amac\u0131, paket b\u00fct\u00fcnl\u00fc\u011f\u00fcn\u00fc korumak ve s\u0131z\u0131nt\u0131lar\u0131 veya kontaminasyonu \u00f6nlemek i\u00e7in \u00e7ok \u00f6nemli olan contan\u0131n patlama mukavemetini de\u011ferlendirmektir.<\/p>\n\n\n\n<h2 class=\"wp-block-heading\"><strong>Bas\u0131n\u00e7 \u00c7\u00fcr\u00fcme Testi: Paketi Y\u0131rtmadan S\u0131z\u0131nt\u0131lar\u0131 Tespit Etme<\/strong><\/h2>\n\n\n\n<p>Patlama testine ek olarak <strong>bas\u0131n\u00e7 bozunma testi<\/strong> ambalaj b\u00fct\u00fcnl\u00fc\u011f\u00fcn\u00fc test etmek i\u00e7in bir ba\u015fka de\u011ferli y\u00f6ntemdir. Bu tahribats\u0131z test, bir paketin i\u00e7indeki bas\u0131nc\u0131n zaman i\u00e7indeki de\u011fi\u015fimini \u00f6l\u00e7er. Bas\u0131n\u00e7 d\u00fc\u015f\u00fc\u015f\u00fc, pakette bir s\u0131z\u0131nt\u0131 oldu\u011funu g\u00f6sterir.<\/p>\n\n\n\n<p>Bu <strong>bas\u0131n\u00e7 bozunma testi<\/strong> \u00f6zellikle \u00e7\u0131plak g\u00f6zle g\u00f6r\u00fclemeyen k\u00fc\u00e7\u00fck s\u0131z\u0131nt\u0131lar\u0131 tespit etmek i\u00e7in kullan\u0131\u015fl\u0131d\u0131r. Ambalaj\u0131n y\u0131rt\u0131lmas\u0131na neden olan patlama testinin aksine, bas\u0131n\u00e7 bozunma testi \u00fcreticilerin ambalaja zarar vermeden s\u0131z\u0131nt\u0131lar\u0131 tespit etmesine olanak tan\u0131yarak hassas \u00fcr\u00fcnlerin test edilmesi i\u00e7in ideal bir y\u00f6ntemdir.<\/p>\n\n\n\n<h2 class=\"wp-block-heading\"><strong>Neden Po\u015fet Patlama Test Cihaz\u0131 Kullan\u0131lmal\u0131?<\/strong><\/h2>\n\n\n\n<p>Bu <strong>po\u015fet patlama test cihaz\u0131<\/strong> ambalajlar\u0131n\u0131n b\u00fct\u00fcnl\u00fc\u011f\u00fcn\u00fc sa\u011flamak isteyen \u00fcreticiler i\u00e7in \u00e7e\u015fitli avantajlar sunar:<\/p>\n\n\n\n<ol class=\"wp-block-list\">\n<li><strong>Do\u011fru Bas\u0131n\u00e7 \u00d6l\u00e7\u00fcm\u00fc:<\/strong> Test cihaz\u0131, ambalaj\u0131n ba\u015far\u0131s\u0131z oldu\u011fu bas\u0131nc\u0131n hassas \u00f6l\u00e7\u00fcmlerini sa\u011flayarak \u00fcreticilerin ambalaj malzemelerinin ve contalar\u0131n\u0131n g\u00fcc\u00fcn\u00fc belirlemelerine yard\u0131mc\u0131 olur.<\/li>\n\n\n\n<li><strong>Ger\u00e7ek D\u00fcnya Sim\u00fclasyonu:<\/strong> Test cihaz\u0131, paketi artan i\u00e7 bas\u0131nca maruz b\u0131rakarak, paketin ta\u015f\u0131ma s\u0131ras\u0131nda kar\u015f\u0131la\u015faca\u011f\u0131 ko\u015fullar\u0131 sim\u00fcle eder ve ger\u00e7ek d\u00fcnyadaki streslere dayanabilmesini sa\u011flar.<\/li>\n\n\n\n<li><strong>H\u0131zl\u0131 ve Etkili Test:<\/strong> Po\u015fet patlama test cihaz\u0131, h\u0131zl\u0131 ve verimli testler i\u00e7in tasarlanm\u0131\u015ft\u0131r ve \u00fcreticilerin \u00e7ok say\u0131da ambalaj\u0131 k\u0131sa s\u00fcrede de\u011ferlendirmesini sa\u011flar.<\/li>\n\n\n\n<li><strong>End\u00fcstri Standartlar\u0131na Uygunluk:<\/strong> Test cihaz\u0131 a\u015fa\u011f\u0131dakilerle tamamen uyumludur <strong>ASTM F1140<\/strong> ve <strong>ASTM F2054<\/strong>, \u00dcreticilerin ambalaj performans\u0131 i\u00e7in end\u00fcstri standartlar\u0131n\u0131 kar\u015f\u0131lamas\u0131n\u0131 sa\u011flamak.<\/li>\n<\/ol>\n\n\n\n<p><strong>Sonu\u00e7<\/strong><\/p>\n\n\n\n<p>Bu <strong>po\u015fet patlama test cihaz\u0131<\/strong> esnek ambalajlar\u0131n patlama mukavemetini ve b\u00fct\u00fcnl\u00fc\u011f\u00fcn\u00fc de\u011ferlendirmek i\u00e7in \u00f6nemli bir ara\u00e7t\u0131r. Patlama testleri ve bas\u0131n\u00e7 bozunma testlerini a\u015fa\u011f\u0131daki gibi standartlara uygun olarak kullanarak <strong>ASTM F1140<\/strong> ve <strong>ASTM F2054<\/strong>, \u00fcreticiler, ambalaj malzemelerinin i\u00e7indeki \u00fcr\u00fcnler i\u00e7in yeterli koruma sa\u011flad\u0131\u011f\u0131ndan emin olabilirler.<\/p>\n\n\n\n<p>G\u0131da, ila\u00e7 ve t\u0131bbi cihaz gibi sekt\u00f6rlerde faaliyet g\u00f6steren i\u015fletmeler i\u00e7in <strong>po\u015fet patlama test cihaz\u0131<\/strong> tedarik zincirinin bask\u0131lar\u0131na dayanabilecek y\u00fcksek kaliteli ambalajlar\u0131n korunmas\u0131nda \u00f6nemli bir ad\u0131md\u0131r. Cell Instruments'de, ambalaj end\u00fcstrisinin \u00e7e\u015fitli ihtiya\u00e7lar\u0131n\u0131 kar\u015f\u0131lamak i\u00e7in y\u00fcksek performansl\u0131 test \u00e7\u00f6z\u00fcmleri sunuyoruz.<\/p>","protected":false},"excerpt":{"rendered":"<p>In the packaging industry, ensuring the integrity and strength of a package is crucial, especially for industries like food, pharmaceuticals, and medical devices. One of the most reliable methods for evaluating package durability is the pouch burst tester. This device is designed to test the burst strength of flexible packages, ensuring that they can withstand [&hellip;]<\/p>","protected":false},"featured_media":1172,"parent":0,"template":"","meta":{"_acf_changed":true},"product-category":[62],"class_list":["post-1171","product","type-product","status-publish","has-post-thumbnail","hentry","product-category-pressure-decay-test"],"acf":[],"_links":{"self":[{"href":"https:\/\/www.packtests.com\/tr\/wp-json\/wp\/v2\/product\/1171","targetHints":{"allow":["GET"]}}],"collection":[{"href":"https:\/\/www.packtests.com\/tr\/wp-json\/wp\/v2\/product"}],"about":[{"href":"https:\/\/www.packtests.com\/tr\/wp-json\/wp\/v2\/types\/product"}],"wp:featuredmedia":[{"embeddable":true,"href":"https:\/\/www.packtests.com\/tr\/wp-json\/wp\/v2\/media\/1172"}],"wp:attachment":[{"href":"https:\/\/www.packtests.com\/tr\/wp-json\/wp\/v2\/media?parent=1171"}],"wp:term":[{"taxonomy":"product-category","embeddable":true,"href":"https:\/\/www.packtests.com\/tr\/wp-json\/wp\/v2\/product-category?post=1171"}],"curies":[{"name":"wp","href":"https:\/\/api.w.org\/{rel}","templated":true}]}}